{"id":7896,"date":"2020-10-13T15:39:33","date_gmt":"2020-10-13T18:39:33","guid":{"rendered":"http:\/\/ambrosioeletro.com.br\/v20\/?post_type=product&#038;p=7896"},"modified":"2026-03-25T16:28:55","modified_gmt":"2026-03-25T19:28:55","slug":"purificador-de-agua-colormaq-premium-branco-127v-cpuhfba1","status":"publish","type":"product","link":"http:\/\/ambrosioeletro.com.br\/v20\/produto\/purificador-de-agua-colormaq-premium-branco-127v-cpuhfba1\/","title":{"rendered":"Purificador de \u00c1gua Colormaq Premium Branco 127V CPUHFBA1"},"content":{"rendered":"<p>Tenha sa\u00fade em sua casa com Purificador de \u00c1gua Refrigerado por Compressor Colormaq Premium! Desenvolvido com design moderno e funcional, conta com capacidade de 2,3 litros de \u00e1gua gelada e sistema de compress\u00e3o, que garante efici\u00eancia e economia de energia. Com isso, \u00e9 poss\u00edvel obter \u00e1gua filtrada e na temperatura ideal em curto espa\u00e7o de tempo, em menos de 40 minutos. Possui 2 torneiras para uso, com a possibilidade de tratamento para \u00e1gua gelada ou natural. Este purificador conta com sistema de higieniza\u00e7\u00e3o por filtro de cartucho de polipropileno, que ajuda a reter melhor as impurezas, como cloro, odores e sabores estranhos. Disp\u00f5e de regulagem de temperatura em at\u00e9 7 n\u00edveis, sendo ajustado de acordo com a necessidade.<\/p>\n<p>Modelo:Colormaq Premium<br \/>\nPN:CPUHFBA1<br \/>\nReservatorio de \u00c1gua:2,3 litros de \u00e1gua gelada<br \/>\nTorneiras:2<br \/>\nSistema de Filtragem:Cartucho de polipropileno<\/p>\n<p>Outras Caracter\u00edsticas do Produto:<br \/>\nMais estabilidade<br \/>\nModerno e funcional<br \/>\nEconomia de energia<\/p>\n<p>Recursos:<br \/>\nSistema de compress\u00e3o: conjunto integrado entre motor, serpentina e condensador, proporcionando uma melhor efici\u00eancia do produto<br \/>\nPingadeira limpa f\u00e1cil<br \/>\nTermostato com 7 n\u00edveis de refrigera\u00e7\u00e3o<br \/>\nFacilidade na higieniza\u00e7\u00e3o<\/p>\n<p>Temperatura da \u00e1gua: Natural e gelada<br \/>\nInstala\u00e7\u00e3o: Mesa e Gabinete<br \/>\nSistema refrigera\u00e7\u00e3o: Compressor<br \/>\nConsumo de Energia: 9,12kWh\/m\u00eas<br \/>\nVaz\u00e3o nominal: 48l\/h<br \/>\nVaz\u00e3o m\u00ednima: 30l\/h<br \/>\nDispensa uso de gal\u00f5es: Sim<br \/>\nLigado na rede de \u00e1gua: Sim<\/p>\n<p>Conte\u00fado da Embalagem:<br \/>\n01 x Purificador<br \/>\n01 x Filtro<br \/>\n01 x Manual de Instru\u00e7\u00f5es<\/p>\n","protected":false},"excerpt":{"rendered":"<p>Tenha sa\u00fade em sua casa com Purificador de \u00c1gua Refrigerado por Compressor Colormaq Premium! Desenvolvido com design moderno e funcional, conta com capacidade de 2,3 litros de \u00e1gua gelada e<\/p>\n","protected":false},"featured_media":7897,"comment_status":"open","ping_status":"closed","template":"","meta":[],"product_brand":[],"product_cat":[232,226],"product_tag":[],"class_list":{"0":"post-7896","1":"product","2":"type-product","3":"status-publish","4":"has-post-thumbnail","6":"product_cat-cozinha","7":"product_cat-eletrodomesticos","8":"product_shipping_class-pac","10":"first","11":"instock","12":"shipping-taxable","13":"purchasable","14":"product-type-simple"},"_links":{"self":[{"href":"http:\/\/ambrosioeletro.com.br\/v20\/wp-json\/wp\/v2\/product\/7896","targetHints":{"allow":["GET"]}}],"collection":[{"href":"http:\/\/ambrosioeletro.com.br\/v20\/wp-json\/wp\/v2\/product"}],"about":[{"href":"http:\/\/ambrosioeletro.com.br\/v20\/wp-json\/wp\/v2\/types\/product"}],"replies":[{"embeddable":true,"href":"http:\/\/ambrosioeletro.com.br\/v20\/wp-json\/wp\/v2\/comments?post=7896"}],"wp:featuredmedia":[{"embeddable":true,"href":"http:\/\/ambrosioeletro.com.br\/v20\/wp-json\/wp\/v2\/media\/7897"}],"wp:attachment":[{"href":"http:\/\/ambrosioeletro.com.br\/v20\/wp-json\/wp\/v2\/media?parent=7896"}],"wp:term":[{"taxonomy":"product_brand","embeddable":true,"href":"http:\/\/ambrosioeletro.com.br\/v20\/wp-json\/wp\/v2\/product_brand?post=7896"},{"taxonomy":"product_cat","embeddable":true,"href":"http:\/\/ambrosioeletro.com.br\/v20\/wp-json\/wp\/v2\/product_cat?post=7896"},{"taxonomy":"product_tag","embeddable":true,"href":"http:\/\/ambrosioeletro.com.br\/v20\/wp-json\/wp\/v2\/product_tag?post=7896"}],"curies":[{"name":"wp","href":"https:\/\/api.w.org\/{rel}","templated":true}]}}