{"id":7900,"date":"2020-10-13T16:52:06","date_gmt":"2020-10-13T19:52:06","guid":{"rendered":"http:\/\/ambrosioeletro.com.br\/v20\/?post_type=product&#038;p=7900"},"modified":"2026-03-25T16:29:42","modified_gmt":"2026-03-25T19:29:42","slug":"aspirador-de-po-e-liquido-20-litros-1400w-nt-2000-karcher","status":"publish","type":"product","link":"http:\/\/ambrosioeletro.com.br\/v20\/produto\/aspirador-de-po-e-liquido-20-litros-1400w-nt-2000-karcher\/","title":{"rendered":"ASPIRADOR DE P\u00d3 E L\u00cdQUIDO 20 LITROS 1400W &#8211; NT 2000 KARCHER"},"content":{"rendered":"<p>Aspirador ideal para limpezas intensivas e profissionais. O suporte de mangueira proporciona um armazenamento mais pr\u00e1tico. Seus acess\u00f3rios permitem versatilidade nos diversos tipos de limpeza e podem ser guardados no porta acess\u00f3rios do para-choque. Ideal para limpeza em hot\u00e9is, condom\u00ednios, ind\u00fastrias, pr\u00e9dios, lojas, escrit\u00f3rios, postos, limpeza de autom\u00f3veis e utiliza\u00e7\u00e3o em empresas de limpeza. Possui o filtro lav\u00e1vel que permite ser reutilizado, proporcionando mais economia. A fun\u00e7\u00e3o soprador permite retirar sujeira de cantos de dif\u00edcil acesso, encher infl\u00e1veis, acender churrasqueira e soprar folhas. Com tanque inox para mais durabilidade.<br \/>\nSuporte para mangueira: muito mais pr\u00e1tico para guardar.<br \/>\nFiltro lav\u00e1vel: pode ser reutilizado ap\u00f3s cada uso!<br \/>\nPorta acess\u00f3rios no para-choque: tudo organizado.<\/p>\n<p><strong>Informa\u00e7\u00f5es T\u00e9cnicas:<\/strong><br \/>\nMarca: KARCHER<br \/>\nModelo: NT 2000<br \/>\nPot\u00eancia m\u00e1xima: 1.400 W<br \/>\nSuc\u00e7\u00e3o: 170 mbar<br \/>\nReservat\u00f3rio: 20 L<br \/>\nTamanho do cabo el\u00e9trico: 3,5 m<br \/>\nPeso: 6 kg<br \/>\nDimens\u00f5es (mm) (C x L x A): 330 x 368 x 468<br \/>\nGarantia de 1 ano do fabricante<\/p>\n<p><strong>Itens inclusos:<\/strong><br \/>\n1 Mangueira de 2 metros<br \/>\n2 Tubos Prolongadores Pl\u00e1sticos de Suc\u00e7\u00e3o<br \/>\n1 Filtro de Tecido<br \/>\n1 Filtro de Espuma<br \/>\n1 Bocal de Pisos<br \/>\n1 Bocal de Cantos<br \/>\n1 Manual de Instru\u00e7\u00f5es<\/p>\n","protected":false},"excerpt":{"rendered":"<p>Aspirador ideal para limpezas intensivas e profissionais. O suporte de mangueira proporciona um armazenamento mais pr\u00e1tico. Seus acess\u00f3rios permitem versatilidade nos diversos tipos de limpeza e podem ser guardados no<\/p>\n","protected":false},"featured_media":7901,"comment_status":"open","ping_status":"closed","template":"","meta":[],"product_brand":[],"product_cat":[233,226],"product_tag":[],"class_list":{"0":"post-7900","1":"product","2":"type-product","3":"status-publish","4":"has-post-thumbnail","6":"product_cat-area-de-servico","7":"product_cat-eletrodomesticos","8":"product_shipping_class-pac","10":"first","11":"instock","12":"shipping-taxable","13":"purchasable","14":"product-type-simple"},"_links":{"self":[{"href":"http:\/\/ambrosioeletro.com.br\/v20\/wp-json\/wp\/v2\/product\/7900","targetHints":{"allow":["GET"]}}],"collection":[{"href":"http:\/\/ambrosioeletro.com.br\/v20\/wp-json\/wp\/v2\/product"}],"about":[{"href":"http:\/\/ambrosioeletro.com.br\/v20\/wp-json\/wp\/v2\/types\/product"}],"replies":[{"embeddable":true,"href":"http:\/\/ambrosioeletro.com.br\/v20\/wp-json\/wp\/v2\/comments?post=7900"}],"wp:featuredmedia":[{"embeddable":true,"href":"http:\/\/ambrosioeletro.com.br\/v20\/wp-json\/wp\/v2\/media\/7901"}],"wp:attachment":[{"href":"http:\/\/ambrosioeletro.com.br\/v20\/wp-json\/wp\/v2\/media?parent=7900"}],"wp:term":[{"taxonomy":"product_brand","embeddable":true,"href":"http:\/\/ambrosioeletro.com.br\/v20\/wp-json\/wp\/v2\/product_brand?post=7900"},{"taxonomy":"product_cat","embeddable":true,"href":"http:\/\/ambrosioeletro.com.br\/v20\/wp-json\/wp\/v2\/product_cat?post=7900"},{"taxonomy":"product_tag","embeddable":true,"href":"http:\/\/ambrosioeletro.com.br\/v20\/wp-json\/wp\/v2\/product_tag?post=7900"}],"curies":[{"name":"wp","href":"https:\/\/api.w.org\/{rel}","templated":true}]}}