{"id":7915,"date":"2020-10-17T11:46:39","date_gmt":"2020-10-17T14:46:39","guid":{"rendered":"http:\/\/ambrosioeletro.com.br\/v20\/?post_type=product&#038;p=7915"},"modified":"2026-03-25T16:30:07","modified_gmt":"2026-03-25T19:30:07","slug":"cadeira-plastica-branca-antares","status":"publish","type":"product","link":"http:\/\/ambrosioeletro.com.br\/v20\/produto\/cadeira-plastica-branca-antares\/","title":{"rendered":"Cadeira Pl\u00e1stica Branca &#8211; ANTARES"},"content":{"rendered":"<table class=\"std-table\">\n<tbody>\n<tr>\n<td>Produto<\/td>\n<td>Poltrona<\/td>\n<\/tr>\n<tr>\n<td>Cor<\/td>\n<td>Branco<\/td>\n<\/tr>\n<tr>\n<td>Capacidade<\/td>\n<td>120Kg<\/td>\n<\/tr>\n<tr>\n<td>Fabricante<\/td>\n<td>Antares<\/td>\n<\/tr>\n<tr>\n<td>Refer\u00eancia fornecedor<\/td>\n<td>01010101001<\/td>\n<\/tr>\n<tr>\n<td>Garantia do fabricante<\/td>\n<td>Contra defeito de fabrica\u00e7\u00e3o<\/td>\n<\/tr>\n<\/tbody>\n<\/table>\n","protected":false},"excerpt":{"rendered":"<p>Produto Poltrona Cor Branco Capacidade 120Kg Fabricante Antares Refer\u00eancia fornecedor 01010101001 Garantia do fabricante Contra defeito de fabrica\u00e7\u00e3o<\/p>\n","protected":false},"featured_media":7916,"comment_status":"open","ping_status":"closed","template":"","meta":[],"product_brand":[],"product_cat":[227],"product_tag":[],"class_list":{"0":"post-7915","1":"product","2":"type-product","3":"status-publish","4":"has-post-thumbnail","6":"product_cat-moveis","7":"product_shipping_class-retirar-no-local","9":"first","10":"instock","11":"shipping-taxable","12":"purchasable","13":"product-type-simple"},"_links":{"self":[{"href":"http:\/\/ambrosioeletro.com.br\/v20\/wp-json\/wp\/v2\/product\/7915","targetHints":{"allow":["GET"]}}],"collection":[{"href":"http:\/\/ambrosioeletro.com.br\/v20\/wp-json\/wp\/v2\/product"}],"about":[{"href":"http:\/\/ambrosioeletro.com.br\/v20\/wp-json\/wp\/v2\/types\/product"}],"replies":[{"embeddable":true,"href":"http:\/\/ambrosioeletro.com.br\/v20\/wp-json\/wp\/v2\/comments?post=7915"}],"wp:featuredmedia":[{"embeddable":true,"href":"http:\/\/ambrosioeletro.com.br\/v20\/wp-json\/wp\/v2\/media\/7916"}],"wp:attachment":[{"href":"http:\/\/ambrosioeletro.com.br\/v20\/wp-json\/wp\/v2\/media?parent=7915"}],"wp:term":[{"taxonomy":"product_brand","embeddable":true,"href":"http:\/\/ambrosioeletro.com.br\/v20\/wp-json\/wp\/v2\/product_brand?post=7915"},{"taxonomy":"product_cat","embeddable":true,"href":"http:\/\/ambrosioeletro.com.br\/v20\/wp-json\/wp\/v2\/product_cat?post=7915"},{"taxonomy":"product_tag","embeddable":true,"href":"http:\/\/ambrosioeletro.com.br\/v20\/wp-json\/wp\/v2\/product_tag?post=7915"}],"curies":[{"name":"wp","href":"https:\/\/api.w.org\/{rel}","templated":true}]}}