{"id":8025,"date":"2020-11-16T16:01:23","date_gmt":"2020-11-16T19:01:23","guid":{"rendered":"http:\/\/ambrosioeletro.com.br\/v20\/?post_type=product&#038;p=8025"},"modified":"2025-09-22T15:53:24","modified_gmt":"2025-09-22T18:53:24","slug":"colchao-casal-molas-ensacadas-luckspuma-caribe-pillow-in-one-side-138x188x24","status":"publish","type":"product","link":"http:\/\/ambrosioeletro.com.br\/v20\/produto\/colchao-casal-molas-ensacadas-luckspuma-caribe-pillow-in-one-side-138x188x24\/","title":{"rendered":"Colch\u00e3o Casal Molas Ensacadas Luckspuma Caribe Pillow In One Side 138x188x24"},"content":{"rendered":"<p>Colch\u00e3o Casal Molas Ensacadas Luckspuma Caribe Pillow In One Side 138x188x24<br \/>\nSinta o conforto do Colch\u00e3o Casal com molas ensacadas Caribe. Com tecido ecol\u00f3gico feito de fibras naturais de bamboo biodegrad\u00e1veis, com propriedades hipoalerg\u00eanicas e 100% Natural. Com n\u00edvel de conforto Intermedi\u00e1rio. Suporta at\u00e9 120 Kilos. Molas Tipo &#8220;Barril&#8221; ensacadas individualmente com tecido de polipropileno (TNT). Certificado pelo INER (Instituto Nacional de Estudos do Repouso) levando o selo Pr\u00f3 Espuma Qualidade e tamb\u00e9m a certifica\u00e7\u00e3o do INMETRO conforme portaria 349\/2015<br \/>\nCaracter\u00edsticas:<br \/>\n&#8211; Cor: Marrom<br \/>\n&#8211; Tamanho: Casal<br \/>\n&#8211; Modelo: Caribe<br \/>\n&#8211; Peso Suportado: At\u00e9 120 Kg<br \/>\n&#8211; N\u00edvel de conforto: Intermedi\u00e1rio<br \/>\n&#8211; Revestimento Malha Bamboo<br \/>\n&#8211; Estofamento em molas ensacadas.<br \/>\n&#8211; Certificado pelo INMETRO<br \/>\n&#8211; Certificado pelo INER &#8211; Institu\u00eddo Nacional de Estudo do Repouso<br \/>\n&#8211; Possui Pillow Top<br \/>\n&#8211; Tratamento anti\u00e1caro, antifungo e antial\u00e9rgico, prote\u00e7\u00e3o higi\u00eanica completa e duradoura.<br \/>\nGarantia do Produto:<br \/>\n&#8211; 12 Meses<br \/>\nConte\u00fado da Embalagem:<br \/>\n&#8211; 1 Colch\u00e3o Lukspuma 138x188x24<br \/>\nInforma\u00e7\u00f5es Importantes:<br \/>\n&#8211; As cores do produto podem variar de acordo com o monitor, a ilumina\u00e7\u00e3o do ambiente e a sua percep\u00e7\u00e3o visual.<br \/>\n&#8211; Confira as dimens\u00f5es do produto e certifique-se de que passar\u00e1 normalmente por supostos elevadores, portas, escadas e\/ou corredores de sua resid\u00eancia<br \/>\nCuidados com o produto:<br \/>\n&#8211; N\u00e3o coloque seu colch\u00e3o sobre estrado inteiri\u00e7o exceto se utilizado sobre um box.<br \/>\n&#8211; Mensalmente escove e aspire seu colch\u00e3o, mantendo-o sempre limpo.<br \/>\n&#8211; N\u00e3o utilize ferro de passar roupas, secador de cabelos e outra fonte de calor ou vapor sobre o colch\u00e3o.<br \/>\n&#8211; Para melhor conserva\u00e7\u00e3o do produto utilize sempre um protetor de colch\u00e3o.<br \/>\n&#8211; Nunca dobre ou amasse o colch\u00e3o.<br \/>\n&#8211; A cada 3 meses gire o colch\u00e3o lateralmente e de baixo para cima (com excess\u00e3o dos colch\u00f5es com tecnologia No Turn).<br \/>\nInforma\u00e7\u00f5es complementares<br \/>\nMarca Luckspuma<br \/>\nPeso Suportado 120 kg<br \/>\nTipo Mola<\/p>\n","protected":false},"excerpt":{"rendered":"<p>Colch\u00e3o Casal Molas Ensacadas Luckspuma Caribe Pillow In One Side 138x188x24 Sinta o conforto do Colch\u00e3o Casal com molas ensacadas Caribe. Com tecido ecol\u00f3gico feito de fibras naturais de bamboo<\/p>\n","protected":false},"featured_media":8026,"comment_status":"open","ping_status":"closed","template":"","meta":[],"product_brand":[],"product_cat":[234],"product_tag":[],"class_list":{"0":"post-8025","1":"product","2":"type-product","3":"status-publish","4":"has-post-thumbnail","6":"product_cat-colchoes","7":"product_shipping_class-retirar-no-local","9":"first","10":"instock","11":"shipping-taxable","12":"purchasable","13":"product-type-simple"},"_links":{"self":[{"href":"http:\/\/ambrosioeletro.com.br\/v20\/wp-json\/wp\/v2\/product\/8025","targetHints":{"allow":["GET"]}}],"collection":[{"href":"http:\/\/ambrosioeletro.com.br\/v20\/wp-json\/wp\/v2\/product"}],"about":[{"href":"http:\/\/ambrosioeletro.com.br\/v20\/wp-json\/wp\/v2\/types\/product"}],"replies":[{"embeddable":true,"href":"http:\/\/ambrosioeletro.com.br\/v20\/wp-json\/wp\/v2\/comments?post=8025"}],"wp:featuredmedia":[{"embeddable":true,"href":"http:\/\/ambrosioeletro.com.br\/v20\/wp-json\/wp\/v2\/media\/8026"}],"wp:attachment":[{"href":"http:\/\/ambrosioeletro.com.br\/v20\/wp-json\/wp\/v2\/media?parent=8025"}],"wp:term":[{"taxonomy":"product_brand","embeddable":true,"href":"http:\/\/ambrosioeletro.com.br\/v20\/wp-json\/wp\/v2\/product_brand?post=8025"},{"taxonomy":"product_cat","embeddable":true,"href":"http:\/\/ambrosioeletro.com.br\/v20\/wp-json\/wp\/v2\/product_cat?post=8025"},{"taxonomy":"product_tag","embeddable":true,"href":"http:\/\/ambrosioeletro.com.br\/v20\/wp-json\/wp\/v2\/product_tag?post=8025"}],"curies":[{"name":"wp","href":"https:\/\/api.w.org\/{rel}","templated":true}]}}