{"id":8326,"date":"2021-02-25T16:20:42","date_gmt":"2021-02-25T19:20:42","guid":{"rendered":"http:\/\/ambrosioeletro.com.br\/v20\/?post_type=product&#038;p=8326"},"modified":"2026-03-12T16:11:30","modified_gmt":"2026-03-12T19:11:30","slug":"depurador-colormaq-cook-80cm-3v-cde80mbpan-preto-127v","status":"publish","type":"product","link":"http:\/\/ambrosioeletro.com.br\/v20\/produto\/depurador-colormaq-cook-80cm-3v-cde80mbpan-preto-127v\/","title":{"rendered":"Depurador Colormaq Cook 80cm 3V CDE80MBPAN Preto &#8211; 127V"},"content":{"rendered":"<h2 class=\"description__product-title\">Depurador Colormaq Cook 80cm 3V CDE80MBPAN Preto &#8211; 127V<\/h2>\n<p class=\"description__text\">\n<p>Depurador Colormaq Cook 80cm 3V CDE80MBPAN Preto &#8211; 127V Ean: 7897016831819 Marca: Colormaq Modelo: CDE80MBPBN\/AN Cor: Preto Tipo: Parede Tipo de Fog\u00e3o: 6 Bocas Velocidade de Suc\u00e7\u00e3o: 3 Funciona sem sa\u00edda de Ar: N\u00e3o Fun\u00e7\u00e3o Depurador: Sim Fun\u00e7\u00e3o Exaustor: N\u00e3o Tipo de Filtro: Carv\u00e3o Filtro Lav\u00e1vel: N\u00e3o Ilumina\u00e7\u00e3o: sim Regulador de Altura: N\u00e3o Baixo N\u00edvel de Ru\u00eddo: N\u00e3o Voltagem: 127V Pot\u00eancia(W): 150W Itens Inclusos: 1 Depurador Colomarq 1 Manual do Produto Dimens\u00f5es da Embalagem: Altura: 58cm Largura: 84cm Profundidade: 19cm Peso: 6,600kg Garantia: 12 Meses<\/p>\n","protected":false},"excerpt":{"rendered":"<p>Depurador Colormaq Cook 80cm 3V CDE80MBPAN Preto &#8211; 127V Depurador Colormaq Cook 80cm 3V CDE80MBPAN Preto &#8211; 127V Ean: 7897016831819 Marca: Colormaq Modelo: CDE80MBPBN\/AN Cor: Preto Tipo: Parede Tipo de<\/p>\n","protected":false},"featured_media":8327,"comment_status":"open","ping_status":"closed","template":"","meta":[],"product_brand":[],"product_cat":[232,226],"product_tag":[],"class_list":{"0":"post-8326","1":"product","2":"type-product","3":"status-publish","4":"has-post-thumbnail","6":"product_cat-cozinha","7":"product_cat-eletrodomesticos","8":"product_shipping_class-pac","10":"first","11":"instock","12":"shipping-taxable","13":"purchasable","14":"product-type-simple"},"_links":{"self":[{"href":"http:\/\/ambrosioeletro.com.br\/v20\/wp-json\/wp\/v2\/product\/8326","targetHints":{"allow":["GET"]}}],"collection":[{"href":"http:\/\/ambrosioeletro.com.br\/v20\/wp-json\/wp\/v2\/product"}],"about":[{"href":"http:\/\/ambrosioeletro.com.br\/v20\/wp-json\/wp\/v2\/types\/product"}],"replies":[{"embeddable":true,"href":"http:\/\/ambrosioeletro.com.br\/v20\/wp-json\/wp\/v2\/comments?post=8326"}],"wp:featuredmedia":[{"embeddable":true,"href":"http:\/\/ambrosioeletro.com.br\/v20\/wp-json\/wp\/v2\/media\/8327"}],"wp:attachment":[{"href":"http:\/\/ambrosioeletro.com.br\/v20\/wp-json\/wp\/v2\/media?parent=8326"}],"wp:term":[{"taxonomy":"product_brand","embeddable":true,"href":"http:\/\/ambrosioeletro.com.br\/v20\/wp-json\/wp\/v2\/product_brand?post=8326"},{"taxonomy":"product_cat","embeddable":true,"href":"http:\/\/ambrosioeletro.com.br\/v20\/wp-json\/wp\/v2\/product_cat?post=8326"},{"taxonomy":"product_tag","embeddable":true,"href":"http:\/\/ambrosioeletro.com.br\/v20\/wp-json\/wp\/v2\/product_tag?post=8326"}],"curies":[{"name":"wp","href":"https:\/\/api.w.org\/{rel}","templated":true}]}}