{"id":8851,"date":"2021-12-23T18:40:20","date_gmt":"2021-12-23T21:40:20","guid":{"rendered":"http:\/\/ambrosioeletro.com.br\/v20\/?post_type=product&#038;p=8851"},"modified":"2026-01-10T08:46:11","modified_gmt":"2026-01-10T11:46:11","slug":"ferro-de-passar-a-vapor-e-a-seco-electrolux-esi10","status":"publish","type":"product","link":"http:\/\/ambrosioeletro.com.br\/v20\/produto\/ferro-de-passar-a-vapor-e-a-seco-electrolux-esi10\/","title":{"rendered":"Ferro de Passar a Vapor e a Seco Electrolux ESI10"},"content":{"rendered":"<h2 class=\"description__product-title\">Ferro de Passar a Vapor e a Seco Electrolux ESI10<\/h2>\n<p class=\"description__text\">\n<p>Ferro de Passar a Vapor e a Seco Electrolux ESI10<\/p>\n<p>A roupa diz muito sobre voc\u00ea, seu estilo de vida sua personalidade a imagem que voc\u00ea quer passa a seu respeita. E para passar uma boa apar\u00eancia e fundamental que sua roupas esteja bem cuidadas e bem passadas, e o Ferro de Passar a vapor e a seco da Electrolux ESI10 \u00e9 perfeito. Confira mais detalhes:<\/p>\n<p>Cuidado com suas roupas<br \/>\nCom uma Base Antiderapante permite um deslizar suave que garante um resultado perfeito. O Vapor Extra tira as rugas mais dif\u00edceis. Sem falar na Borda Salva-bot\u00f5es proporcionando uma maior precis\u00e3o no acabamento das roupas.<\/p>\n<p>Praticidade<br \/>\nCom o Vapor vertical uma tecnologia que oferece jatos de vapor fortes na posi\u00e7\u00e3o vertical para desamassar roupa at\u00e9 mesmo no cabide. O ESI10 funciona tanto no modo seco quanto no vapor, permitindo um controle na hora de passar a roupa. Tendo dois n\u00edveis de vapor no modo vapor e o modo seca para deixar sua roupas engomada.<\/p>\n<p>Sobre a marca: qualidade Electrolux<br \/>\nElectrolux, uma empresa centen\u00e1ria que passou todo esse tempo com um \u00fanico objetivo: Facilitar a vida das pessoas atrav\u00e9s de produtos com design diferenciado, inovadores e tecnol\u00f3gicos. Mundialmente conhecida, a empresa conquistou clientes proporcionando experi\u00eancias \u00fanicas focadas no bem estar e qualidade de vida. De l\u00e1 pra c\u00e1 a Electrolux cresceu, se fortaleceu e se solidificou no mercado de eletrodom\u00e9sticos, sendo pioneira no desenvolvimento e lan\u00e7amento de produtos para todos os ambientes da casa&#8230; e para fora dela tamb\u00e9m. Com sede por inovar ela segue lan\u00e7ando tend\u00eancias, como o app Electrolux + (Home Plus) para Android e iOS que conecta todos os produtos da linha smart control com um simples toque no seu smartphone. A proposta da Electrolux para o futuro \u00e9 clara, contribuir para a melhoria da vida de forma sustent\u00e1vel em todo o mundo.<\/p>\n<p>Caracter\u00edsticas:<br \/>\nMarca: Electrolux<br \/>\nModelo: ESI10<br \/>\nTipo: Ferro a vapor e a seco<br \/>\nBase: Antiaderente<br \/>\nReservat\u00f3rio de \u00e1gua: Sim<br \/>\nLuz indicadora de funcionamento: Sim<br \/>\nIndicador de n\u00edvel de \u00e1gua: Sim<br \/>\nSpray: Sim<br \/>\nSalva-bot\u00f5es: Sim<br \/>\nCord\u00e3o el\u00e9trico girat\u00f3rio: Sim<br \/>\nComprimento do cabo: 1,35 m<br \/>\nCapacidade de \u00e1gua: 200 ml<br \/>\nPot\u00eancia 127V: 1200W &#8211; 220V: 1500W<br \/>\nFrequ\u00eancia 60Hz<\/p>\n<p>Conte\u00fado da embalagem<br \/>\n01 ferro de Passar e manual de instru\u00e7\u00f5es<\/p>\n<p>Dimens\u00f5es:<br \/>\nAltura: 12,4 cm<br \/>\nLargura: 24,9 cm<br \/>\nProfundidade: 11,2 cm<br \/>\nPeso: 0,79 kg<\/p>\n<p>Garantia do Fornecedor: 12 meses<\/p>\n","protected":false},"excerpt":{"rendered":"<p>Ferro de Passar a Vapor e a Seco Electrolux ESI10 Ferro de Passar a Vapor e a Seco Electrolux ESI10 A roupa diz muito sobre voc\u00ea, seu estilo de vida<\/p>\n","protected":false},"featured_media":8853,"comment_status":"open","ping_status":"closed","template":"","meta":[],"product_brand":[],"product_cat":[233,226],"product_tag":[],"class_list":{"0":"post-8851","1":"product","2":"type-product","3":"status-publish","4":"has-post-thumbnail","6":"product_cat-area-de-servico","7":"product_cat-eletrodomesticos","8":"product_shipping_class-pac","10":"first","11":"instock","12":"shipping-taxable","13":"purchasable","14":"product-type-simple"},"_links":{"self":[{"href":"http:\/\/ambrosioeletro.com.br\/v20\/wp-json\/wp\/v2\/product\/8851","targetHints":{"allow":["GET"]}}],"collection":[{"href":"http:\/\/ambrosioeletro.com.br\/v20\/wp-json\/wp\/v2\/product"}],"about":[{"href":"http:\/\/ambrosioeletro.com.br\/v20\/wp-json\/wp\/v2\/types\/product"}],"replies":[{"embeddable":true,"href":"http:\/\/ambrosioeletro.com.br\/v20\/wp-json\/wp\/v2\/comments?post=8851"}],"wp:featuredmedia":[{"embeddable":true,"href":"http:\/\/ambrosioeletro.com.br\/v20\/wp-json\/wp\/v2\/media\/8853"}],"wp:attachment":[{"href":"http:\/\/ambrosioeletro.com.br\/v20\/wp-json\/wp\/v2\/media?parent=8851"}],"wp:term":[{"taxonomy":"product_brand","embeddable":true,"href":"http:\/\/ambrosioeletro.com.br\/v20\/wp-json\/wp\/v2\/product_brand?post=8851"},{"taxonomy":"product_cat","embeddable":true,"href":"http:\/\/ambrosioeletro.com.br\/v20\/wp-json\/wp\/v2\/product_cat?post=8851"},{"taxonomy":"product_tag","embeddable":true,"href":"http:\/\/ambrosioeletro.com.br\/v20\/wp-json\/wp\/v2\/product_tag?post=8851"}],"curies":[{"name":"wp","href":"https:\/\/api.w.org\/{rel}","templated":true}]}}