{"id":9020,"date":"2022-02-09T16:57:58","date_gmt":"2022-02-09T19:57:58","guid":{"rendered":"http:\/\/ambrosioeletro.com.br\/v20\/?post_type=product&#038;p=9020"},"modified":"2026-02-09T13:13:02","modified_gmt":"2026-02-09T16:13:02","slug":"ferro-de-passar-agratto-facile-ff-01-127","status":"publish","type":"product","link":"http:\/\/ambrosioeletro.com.br\/v20\/produto\/ferro-de-passar-agratto-facile-ff-01-127\/","title":{"rendered":"Ferro de Passar Agratto Facile Ff-01 127"},"content":{"rendered":"<h2 class=\"description__product-title\">Ferro de Passar Facile 127v Ff-01 6057 Azul &#8211; Agratto &#8211; Ventisol Ind\u00fastria e Com\u00e9rcio S.a.<\/h2>\n<p class=\"description__text\">\n<p>A linha de Ferros de Passar Agratto veio para completar sua casa. Todas as bases s\u00e3o antiaderentes, os cabos possuem refor\u00e7o e a al\u00e7a \u00e9 ergon\u00f4mica.<\/p>\n<p>DETALHAMENTO:<\/p>\n<p>Estrutura :<br \/>\n&#8212;&#8212;&#8212;&#8212;&#8212;&#8212;&#8212;&#8212;&#8212;&#8212;&#8212;&#8212;&#8212;&#8212;-<br \/>\nMaterial da Estrutura: Pl\u00e1stico<\/p>\n<p>Instala\u00e7\u00e3o :<br \/>\n&#8212;&#8212;&#8212;&#8212;&#8212;&#8212;&#8212;&#8212;&#8212;&#8212;&#8212;&#8212;&#8212;&#8212;-<br \/>\nNecessita de Montagem: N\u00e3o<br \/>\nSistema de Montagem: N\u00e3o se aplica<br \/>\nGrau de Dificuldade da Montagem: N\u00e3o Possui Montagem<\/p>\n<p>Outras Informa\u00e7\u00f5es :<br \/>\n&#8212;&#8212;&#8212;&#8212;&#8212;&#8212;&#8212;&#8212;&#8212;&#8212;&#8212;&#8212;&#8212;&#8212;-<br \/>\nGarantia (dias): 90<br \/>\nIndica\u00e7\u00e3o de Uso: Lavanderia<br \/>\nObserva\u00e7\u00e3o: Objetos decorativos que aparecem nas imagens, n\u00e3o acompanham o produto<br \/>\nRevestimento\/Acabamento: Pl\u00e1stico<\/p>\n<p>Eletro :<br \/>\n&#8212;&#8212;&#8212;&#8212;&#8212;&#8212;&#8212;&#8212;&#8212;&#8212;&#8212;&#8212;&#8212;&#8212;-<br \/>\nPot\u00eancia (W): 1250W<br \/>\nMaterial de Composi\u00e7\u00e3o: PVC<br \/>\nNacional ou Importado: Importado<\/p>\n<p>Geral :<br \/>\n&#8212;&#8212;&#8212;&#8212;&#8212;&#8212;&#8212;&#8212;&#8212;&#8212;&#8212;&#8212;&#8212;&#8212;-<br \/>\nCor: Azul<br \/>\nSKU Panorama M\u00f3veis: 23422<\/p>\n<p>Tamanho\/Peso :<br \/>\n&#8212;&#8212;&#8212;&#8212;&#8212;&#8212;&#8212;&#8212;&#8212;&#8212;&#8212;&#8212;&#8212;&#8212;-<br \/>\nAltura: 12,5cm<br \/>\nLargura: 10,5cm<br \/>\nProfundidade: 22,5cm<br \/>\nPeso: 0,57kg<\/p>\n","protected":false},"excerpt":{"rendered":"<p>Ferro de Passar Facile 127v Ff-01 6057 Azul &#8211; Agratto &#8211; Ventisol Ind\u00fastria e Com\u00e9rcio S.a. A linha de Ferros de Passar Agratto veio para completar sua casa. Todas as<\/p>\n","protected":false},"featured_media":9024,"comment_status":"open","ping_status":"closed","template":"","meta":[],"product_brand":[],"product_cat":[233,226],"product_tag":[],"class_list":{"0":"post-9020","1":"product","2":"type-product","3":"status-publish","4":"has-post-thumbnail","6":"product_cat-area-de-servico","7":"product_cat-eletrodomesticos","8":"product_shipping_class-pac","10":"first","11":"instock","12":"shipping-taxable","13":"purchasable","14":"product-type-simple"},"_links":{"self":[{"href":"http:\/\/ambrosioeletro.com.br\/v20\/wp-json\/wp\/v2\/product\/9020","targetHints":{"allow":["GET"]}}],"collection":[{"href":"http:\/\/ambrosioeletro.com.br\/v20\/wp-json\/wp\/v2\/product"}],"about":[{"href":"http:\/\/ambrosioeletro.com.br\/v20\/wp-json\/wp\/v2\/types\/product"}],"replies":[{"embeddable":true,"href":"http:\/\/ambrosioeletro.com.br\/v20\/wp-json\/wp\/v2\/comments?post=9020"}],"wp:featuredmedia":[{"embeddable":true,"href":"http:\/\/ambrosioeletro.com.br\/v20\/wp-json\/wp\/v2\/media\/9024"}],"wp:attachment":[{"href":"http:\/\/ambrosioeletro.com.br\/v20\/wp-json\/wp\/v2\/media?parent=9020"}],"wp:term":[{"taxonomy":"product_brand","embeddable":true,"href":"http:\/\/ambrosioeletro.com.br\/v20\/wp-json\/wp\/v2\/product_brand?post=9020"},{"taxonomy":"product_cat","embeddable":true,"href":"http:\/\/ambrosioeletro.com.br\/v20\/wp-json\/wp\/v2\/product_cat?post=9020"},{"taxonomy":"product_tag","embeddable":true,"href":"http:\/\/ambrosioeletro.com.br\/v20\/wp-json\/wp\/v2\/product_tag?post=9020"}],"curies":[{"name":"wp","href":"https:\/\/api.w.org\/{rel}","templated":true}]}}