{"id":9025,"date":"2022-02-09T17:38:17","date_gmt":"2022-02-09T20:38:17","guid":{"rendered":"http:\/\/ambrosioeletro.com.br\/v20\/?post_type=product&#038;p=9025"},"modified":"2025-02-01T09:33:53","modified_gmt":"2025-02-01T12:33:53","slug":"coifa-vidro-curvo-90cm-cpv90-01-127v-agratto","status":"publish","type":"product","link":"http:\/\/ambrosioeletro.com.br\/v20\/produto\/coifa-vidro-curvo-90cm-cpv90-01-127v-agratto\/","title":{"rendered":"Coifa Vidro Curvo 90CM CPV90-01 127V Agratto"},"content":{"rendered":"<h2 class=\"description__product-title\">Coifa Vidro Curvo 90CM CPV90-01 127V Agratto<\/h2>\n<p class=\"description__text\">\n<p>Coifa Parede 90cm Inox e VIdro Ilumina\u00e7\u00e3o Led 127v &#8211; AGRATTO Coifa de Parede 90cm Inox e Vidro 127V Agratto A Coifa de Parede Agratto vai deixar sua cozinha com um ambiente mais limpo, higienizada e bonita. \u00c9 ideal para sua resid\u00eancia, com design moderno e elegante A Coifa de Parede Agratto com o filtro de alum\u00ednio com carv\u00e3o ativado e o Sistema Antirretorno de Gases, pode ser usada como coifa ou como depurador. O filtro de carv\u00e3o ativado ajuda a retirar as impurezas e poluente do ar que passa pela coifa. A Coifa de Parede Agratto cont\u00e9m Vidro Curvado Temperado e o filtro remov\u00edvel e lav\u00e1vel. Possui 3 n\u00edveis de velocidade, e \u00e9 super silenciosa. Abrangendo a melhor visualiza\u00e7\u00e3o ela cont\u00e9m uma linda ilumina\u00e7\u00e3o em LED. As Coifas de Parede Agratto possuem o seu Duto de Inox Expans\u00edvel, e tamb\u00e9m com suas l\u00e2minas que se fecham no duto de sa\u00edda quando o aparelho \u00e9 desligado, impedindo que fuma\u00e7a ou odores retornem para o ambiente. Marca: Agratto. Modelo: CPV90 \u2013 01. Voltagem: 127V. Pot\u00eancia: 230W. Peso: 19.700 kg. Frequ\u00eancia: 60Hz. Disjuntor Termomagn\u00e9tico: 10a. Comprimento: 90cm. Largura:89,5cm. Profundidade: 47cm. As Medidas da Coifa est\u00e3o presente nas fotos do an\u00fancio As cores dos objetos podem sofrer altera\u00e7\u00f5es devido a luminosidade, configura\u00e7\u00f5es do monitor e at\u00e9 mesmo a percep\u00e7\u00e3o do usu\u00e1rio Garantia Todos os nossos produtos possuem Garantia e Nota Fiscal, proporcionando maior seguran\u00e7a para a sua compra. Este produto possui garantia de f\u00e1brica de 90 dias. Nome Comercial COIFA INOX E VIDRO &#8211; 90CM Linha de Produtos Coifa Parede Destina\u00e7\u00e3o de Uso Residencial Caracter\u00edstica Prim\u00e1ria 1 IDEAL PARA COZINHAS RESID\u00caNCIAIS Descri\u00e7\u00e3o Com design moderno e elegante \u00e9 perfeita para cozinhas requintadas. Caracter\u00edstica Prim\u00e1ria 2 COIFA OU DEPURADOR Descri\u00e7\u00e3o Funciona como coifa, fazendo a instala\u00e7\u00e3o do duto em local adequado, ou como depurador. Caracter\u00edstica Prim\u00e1ria 3 VIDRO TEMPERADO E FILTRO DE ALUMINIO Descri\u00e7\u00e3o Vidro curvado temperado e filtro de alum\u00ednio remov\u00edvel e lav\u00e1vel. Caracter\u00edstica Secund\u00e1ria 1 FILTRO DE CARV\u00c3O ATIVADO INSTALADO Descri\u00e7\u00e3o Um filtro de carv\u00e3o ativado ajuda a retirar as impurezas e poluente do ar que passa pela coifa. Caracter\u00edstica Secund\u00e1ria 2 SISTEMA ANTIRRETORNO Descri\u00e7\u00e3o As l\u00e2minas se fecham no duto de sa\u00edda quando o aparelho \u00e9 desligado, impedindo que fuma\u00e7a ou odores retornem para o ambiente. Caracter\u00edstica Secund\u00e1ria 3 ACESS\u00d3RIOS PARA COIFA Descri\u00e7\u00e3o Filtro de carv\u00e3o ativado instalado, conex\u00e3o para duto flexivel, duto de inox decorativo. Caracter\u00edstica Secund\u00e1ria 4 ILUMINA\u00c7\u00c3O DE LED Descri\u00e7\u00e3o Dois spots em LED<\/p>\n","protected":false},"excerpt":{"rendered":"<p>Coifa Vidro Curvo 90CM CPV90-01 127V Agratto Coifa Parede 90cm Inox e VIdro Ilumina\u00e7\u00e3o Led 127v &#8211; AGRATTO Coifa de Parede 90cm Inox e Vidro 127V Agratto A Coifa de<\/p>\n","protected":false},"featured_media":9027,"comment_status":"open","ping_status":"closed","template":"","meta":[],"product_brand":[],"product_cat":[232,226],"product_tag":[],"class_list":{"0":"post-9025","1":"product","2":"type-product","3":"status-publish","4":"has-post-thumbnail","6":"product_cat-cozinha","7":"product_cat-eletrodomesticos","8":"product_shipping_class-retirar-no-local","10":"first","11":"instock","12":"shipping-taxable","13":"purchasable","14":"product-type-simple"},"_links":{"self":[{"href":"http:\/\/ambrosioeletro.com.br\/v20\/wp-json\/wp\/v2\/product\/9025","targetHints":{"allow":["GET"]}}],"collection":[{"href":"http:\/\/ambrosioeletro.com.br\/v20\/wp-json\/wp\/v2\/product"}],"about":[{"href":"http:\/\/ambrosioeletro.com.br\/v20\/wp-json\/wp\/v2\/types\/product"}],"replies":[{"embeddable":true,"href":"http:\/\/ambrosioeletro.com.br\/v20\/wp-json\/wp\/v2\/comments?post=9025"}],"wp:featuredmedia":[{"embeddable":true,"href":"http:\/\/ambrosioeletro.com.br\/v20\/wp-json\/wp\/v2\/media\/9027"}],"wp:attachment":[{"href":"http:\/\/ambrosioeletro.com.br\/v20\/wp-json\/wp\/v2\/media?parent=9025"}],"wp:term":[{"taxonomy":"product_brand","embeddable":true,"href":"http:\/\/ambrosioeletro.com.br\/v20\/wp-json\/wp\/v2\/product_brand?post=9025"},{"taxonomy":"product_cat","embeddable":true,"href":"http:\/\/ambrosioeletro.com.br\/v20\/wp-json\/wp\/v2\/product_cat?post=9025"},{"taxonomy":"product_tag","embeddable":true,"href":"http:\/\/ambrosioeletro.com.br\/v20\/wp-json\/wp\/v2\/product_tag?post=9025"}],"curies":[{"name":"wp","href":"https:\/\/api.w.org\/{rel}","templated":true}]}}