{"id":9033,"date":"2022-02-11T10:11:02","date_gmt":"2022-02-11T13:11:02","guid":{"rendered":"http:\/\/ambrosioeletro.com.br\/v20\/?post_type=product&#038;p=9033"},"modified":"2026-02-24T15:47:09","modified_gmt":"2026-02-24T18:47:09","slug":"panela-eletrica-multifuncional-7-copos-easyline-rcb50-electrolux","status":"publish","type":"product","link":"http:\/\/ambrosioeletro.com.br\/v20\/produto\/panela-eletrica-multifuncional-7-copos-easyline-rcb50-electrolux\/","title":{"rendered":"Panela El\u00e9trica Multifuncional 7 Copos Easyline RCB50 &#8211; Electrolux"},"content":{"rendered":"<h2 class=\"description__product-title\">Panela El\u00e9trica Multifuncional 7 Copos Easyline RCB50 &#8211; Electrolux<\/h2>\n<p class=\"description__text\">\n<p>Facilite o seu dia a dia na cozinha com essa panela el\u00e9trica Electrolux. O modelo possui Fun\u00e7\u00e3o Cozinhar que deixa o arroz pronto em apenas 20 minutos. Voc\u00ea pode preparar ainda muitos outros pratos, basta selecionar a fun\u00e7\u00e3o de acordo com a receita. Durante o cozimento, n\u00e3o precisa se preocupar, pois ela conta com desligamento autom\u00e1tico. Pr\u00e1tica, a panela possui tampa de vidro remov\u00edvel e revestimento interno antiaderente.<\/p>\n<p>A panela el\u00e9trica Easyline RCB50 permite o arroz ficar cozido e soltinho em apenas 20 minutos. Desligamento autom\u00e1tico e fun\u00e7\u00e3o de aquecimento que facilita manter as receitas quentinhas e deliciosas.<br \/>\nA tampa de vidro \u00e8 um diferencial no mercado, que possibilita o acompanhamento no preparo das recitas em tempo real.<\/p>\n<p>Benef\u00edcios:<br \/>\nCapacidade \u00e9 de 1,3 litros (7 xicaras de arroz)<br \/>\nRecipiente interna antiaderente, remov\u00edvel que facilita e limpeza<br \/>\nTem como acess\u00f3rios esp\u00e1tula e copo medidor<br \/>\nTampa de vidro<\/p>\n<p>Especif\u00edca\u00e7\u00f5es T\u00e9cnicas:<br \/>\nDisponibilidade de tens\u00e3o: 127v e 220v.<br \/>\nPot\u00eancia: 500W (127V) e 450W (220V).<br \/>\nComprimento do cabo el\u00e9trico: 1,2<\/p>\n<p>Dimens\u00f5es:<br \/>\nAltura: 23.9 cm<br \/>\nLargura: 27.8 cm<br \/>\nProfundidade: 22.6 cm<br \/>\nPeso: 1.8 kg<\/p>\n","protected":false},"excerpt":{"rendered":"<p>Panela El\u00e9trica Multifuncional 7 Copos Easyline RCB50 &#8211; Electrolux Facilite o seu dia a dia na cozinha com essa panela el\u00e9trica Electrolux. O modelo possui Fun\u00e7\u00e3o Cozinhar que deixa o<\/p>\n","protected":false},"featured_media":9036,"comment_status":"open","ping_status":"closed","template":"","meta":[],"product_brand":[],"product_cat":[232,226],"product_tag":[],"class_list":{"0":"post-9033","1":"product","2":"type-product","3":"status-publish","4":"has-post-thumbnail","6":"product_cat-cozinha","7":"product_cat-eletrodomesticos","8":"product_shipping_class-pac","10":"first","11":"instock","12":"shipping-taxable","13":"purchasable","14":"product-type-simple"},"_links":{"self":[{"href":"http:\/\/ambrosioeletro.com.br\/v20\/wp-json\/wp\/v2\/product\/9033","targetHints":{"allow":["GET"]}}],"collection":[{"href":"http:\/\/ambrosioeletro.com.br\/v20\/wp-json\/wp\/v2\/product"}],"about":[{"href":"http:\/\/ambrosioeletro.com.br\/v20\/wp-json\/wp\/v2\/types\/product"}],"replies":[{"embeddable":true,"href":"http:\/\/ambrosioeletro.com.br\/v20\/wp-json\/wp\/v2\/comments?post=9033"}],"wp:featuredmedia":[{"embeddable":true,"href":"http:\/\/ambrosioeletro.com.br\/v20\/wp-json\/wp\/v2\/media\/9036"}],"wp:attachment":[{"href":"http:\/\/ambrosioeletro.com.br\/v20\/wp-json\/wp\/v2\/media?parent=9033"}],"wp:term":[{"taxonomy":"product_brand","embeddable":true,"href":"http:\/\/ambrosioeletro.com.br\/v20\/wp-json\/wp\/v2\/product_brand?post=9033"},{"taxonomy":"product_cat","embeddable":true,"href":"http:\/\/ambrosioeletro.com.br\/v20\/wp-json\/wp\/v2\/product_cat?post=9033"},{"taxonomy":"product_tag","embeddable":true,"href":"http:\/\/ambrosioeletro.com.br\/v20\/wp-json\/wp\/v2\/product_tag?post=9033"}],"curies":[{"name":"wp","href":"https:\/\/api.w.org\/{rel}","templated":true}]}}