{"id":9114,"date":"2022-02-24T17:36:46","date_gmt":"2022-02-24T20:36:46","guid":{"rendered":"http:\/\/ambrosioeletro.com.br\/v20\/?post_type=product&#038;p=9114"},"modified":"2025-11-17T11:40:15","modified_gmt":"2025-11-17T14:40:15","slug":"purificador-de-agua-colormaq-compressor-grafito","status":"publish","type":"product","link":"http:\/\/ambrosioeletro.com.br\/v20\/produto\/purificador-de-agua-colormaq-compressor-grafito\/","title":{"rendered":"Purificador de \u00c1gua Colormaq Compressor Grafito"},"content":{"rendered":"<p><strong>Purificador de \u00c1gua Colormaq CPUHELAGAN Grafite &#8211; 127V<\/strong><\/p>\n<p>O novo Purificador da Colormaq possui design moderno, al\u00e9m de contar com eficiente sistema de refrigera\u00e7\u00e3o que permite selecionar duas temperaturas, natural e gelada.<\/p>\n<p>Caracter\u00edsticas:<br \/>\nEAN: 7897016837682<br \/>\nMarca: Colormaq<br \/>\nModelo: CPUHELAGAN<br \/>\nCor: Grafite<br \/>\nVoltagem: 127V<br \/>\nPot\u00eancia: 105W<br \/>\nFiltro Troca F\u00e1cil<br \/>\nDesign Compacto<br \/>\nLED Para Troca do Filtro<br \/>\nEspa\u00e7o Para Jarra<br \/>\nBandeja Remov\u00edvel<br \/>\nNovo Design<br \/>\nDimens\u00f5es da Embalagem:<br \/>\nAltura: 42cm<br \/>\nLargura: 37cm<br \/>\nProfundidade: 29cm<br \/>\nPeso: 10,900Kg<br \/>\nGarantia: 12 Meses<\/p>\n<p>&nbsp;<\/p>\n<div class=\"wrapT1\">\n<p><img decoding=\"async\" src=\"https:\/\/loja.colormaq.com.br\/tema\/colormaq\/img\/layout-produtos\/15\/7.jpg\" alt=\"Reservat\u00f3rio para 1,4 litros\" \/><\/p>\n<h2 class=\"lp-descricao-txt-t1\">Reservat\u00f3rio para 1,4 litros<\/h2>\n<\/div>\n<p class=\"lp-descricao-txt-info\">De f\u00e1cil acionamento para \u00e1gua, possui amplo espa\u00e7o para\u00a0<strong>jarras de at\u00e9 2 litros. A bandeja \u00e9 remov\u00edvel<\/strong>, f\u00e1cil de tirar e lavar, e acomoda com seguran\u00e7a diversos tipos de recipientes. Possui\u00a0<strong>reservat\u00f3rio<\/strong>\u00a0com capacidade para\u00a0<strong>1,4 litros de \u00e1gua<\/strong>.<\/p>\n","protected":false},"excerpt":{"rendered":"<p>Purificador de \u00c1gua Colormaq CPUHELAGAN Grafite &#8211; 127V O novo Purificador da Colormaq possui design moderno, al\u00e9m de contar com eficiente sistema de refrigera\u00e7\u00e3o que permite selecionar duas temperaturas, natural<\/p>\n","protected":false},"featured_media":9117,"comment_status":"open","ping_status":"closed","template":"","meta":[],"product_brand":[],"product_cat":[232,226],"product_tag":[],"class_list":{"0":"post-9114","1":"product","2":"type-product","3":"status-publish","4":"has-post-thumbnail","6":"product_cat-cozinha","7":"product_cat-eletrodomesticos","8":"product_shipping_class-retirar-no-local","10":"first","11":"instock","12":"shipping-taxable","13":"purchasable","14":"product-type-simple"},"_links":{"self":[{"href":"http:\/\/ambrosioeletro.com.br\/v20\/wp-json\/wp\/v2\/product\/9114","targetHints":{"allow":["GET"]}}],"collection":[{"href":"http:\/\/ambrosioeletro.com.br\/v20\/wp-json\/wp\/v2\/product"}],"about":[{"href":"http:\/\/ambrosioeletro.com.br\/v20\/wp-json\/wp\/v2\/types\/product"}],"replies":[{"embeddable":true,"href":"http:\/\/ambrosioeletro.com.br\/v20\/wp-json\/wp\/v2\/comments?post=9114"}],"wp:featuredmedia":[{"embeddable":true,"href":"http:\/\/ambrosioeletro.com.br\/v20\/wp-json\/wp\/v2\/media\/9117"}],"wp:attachment":[{"href":"http:\/\/ambrosioeletro.com.br\/v20\/wp-json\/wp\/v2\/media?parent=9114"}],"wp:term":[{"taxonomy":"product_brand","embeddable":true,"href":"http:\/\/ambrosioeletro.com.br\/v20\/wp-json\/wp\/v2\/product_brand?post=9114"},{"taxonomy":"product_cat","embeddable":true,"href":"http:\/\/ambrosioeletro.com.br\/v20\/wp-json\/wp\/v2\/product_cat?post=9114"},{"taxonomy":"product_tag","embeddable":true,"href":"http:\/\/ambrosioeletro.com.br\/v20\/wp-json\/wp\/v2\/product_tag?post=9114"}],"curies":[{"name":"wp","href":"https:\/\/api.w.org\/{rel}","templated":true}]}}