{"id":9153,"date":"2022-04-11T15:51:42","date_gmt":"2022-04-11T18:51:42","guid":{"rendered":"http:\/\/ambrosioeletro.com.br\/v20\/?post_type=product&#038;p=9153"},"modified":"2026-03-26T09:45:19","modified_gmt":"2026-03-26T12:45:19","slug":"maquina-de-lavar-electrolux-essential-care-14-kg-automatica-cesto-inox-led14","status":"publish","type":"product","link":"http:\/\/ambrosioeletro.com.br\/v20\/produto\/maquina-de-lavar-electrolux-essential-care-14-kg-automatica-cesto-inox-led14\/","title":{"rendered":"Lavadora M\u00e1quina de Lavar Electrolux Essential Care 14 kg Autom\u00e1tica Cesto Inox LED14"},"content":{"rendered":"<h2 class=\"description__product-title\">M\u00e1quina de Lavar Electrolux Essential Care 14 kg Autom\u00e1tica Cesto Inox LED14<\/h2>\n<p class=\"description__text\">\n<p>M\u00e1quina de Lavar Electrolux Essential Care 14 kg Autom\u00e1tica Cesto Inox LED14<br \/>\nCom a M\u00e1quina de Lavar da Electrolux voc\u00ea vai ter muito mais praticidade e agilidade na hora de lavar suas roupas!<\/p>\n<p>Caracter\u00edsticas:<br \/>\nModelo: LED14<br \/>\nCapacidade de lavagem: 14 kg<br \/>\nProgramas: 11 programas<br \/>\nMaterial do cesto: Inox<br \/>\nDisplay: Digital<br \/>\nVisualizador de etapas de lavagem: Sim<br \/>\nAbertura da tampa: Superior<br \/>\nFun\u00e7\u00f5es: Ciclo r\u00e1pido, limpeza de cesto, avan\u00e7a etapas, turbo agita\u00e7\u00e3o, secagem e reutiliza\u00e7\u00e3o de \u00e1gua<br \/>\nP\u00e9s niveladores: Sim<br \/>\nDispenser para alvejante: Sim<br \/>\nDispenser para sab\u00e3o em p\u00f3: Sim<br \/>\nDispenser para amaciante: Sim<br \/>\nDesligamento autom\u00e1tico: Sim<br \/>\nEnxague: Sim<br \/>\n\u00c1gua quente: N\u00e3o<br \/>\nMolho: Sim<br \/>\nDilui\u00e7\u00e3o anti-manchas: Sim<br \/>\nFiltro de fiapos: Sim<br \/>\nEfici\u00eancia energ\u00e9tica: A<br \/>\nConsumo: 0,43 kWh\/ciclo<br \/>\nFrequ\u00eancia: 60 Hz<br \/>\nInmetro: Sim<\/p>\n<p>Dimens\u00f5es do produto:<br \/>\nAltura: 105,2 cm<br \/>\nLargura: 59,1 cm<br \/>\nProfundidade: 66,5 cm<br \/>\nPeso: 40 kg<\/p>\n<p>Garantia do fornecedor: 12 meses<\/p>\n","protected":false},"excerpt":{"rendered":"<p>M\u00e1quina de Lavar Electrolux Essential Care 14 kg Autom\u00e1tica Cesto Inox LED14 M\u00e1quina de Lavar Electrolux Essential Care 14 kg Autom\u00e1tica Cesto Inox LED14 Com a M\u00e1quina de Lavar da<\/p>\n","protected":false},"featured_media":9158,"comment_status":"open","ping_status":"closed","template":"","meta":[],"product_brand":[],"product_cat":[233,226],"product_tag":[],"class_list":{"0":"post-9153","1":"product","2":"type-product","3":"status-publish","4":"has-post-thumbnail","6":"product_cat-area-de-servico","7":"product_cat-eletrodomesticos","8":"product_shipping_class-retirar-no-local","10":"first","11":"instock","12":"shipping-taxable","13":"purchasable","14":"product-type-simple"},"_links":{"self":[{"href":"http:\/\/ambrosioeletro.com.br\/v20\/wp-json\/wp\/v2\/product\/9153","targetHints":{"allow":["GET"]}}],"collection":[{"href":"http:\/\/ambrosioeletro.com.br\/v20\/wp-json\/wp\/v2\/product"}],"about":[{"href":"http:\/\/ambrosioeletro.com.br\/v20\/wp-json\/wp\/v2\/types\/product"}],"replies":[{"embeddable":true,"href":"http:\/\/ambrosioeletro.com.br\/v20\/wp-json\/wp\/v2\/comments?post=9153"}],"wp:featuredmedia":[{"embeddable":true,"href":"http:\/\/ambrosioeletro.com.br\/v20\/wp-json\/wp\/v2\/media\/9158"}],"wp:attachment":[{"href":"http:\/\/ambrosioeletro.com.br\/v20\/wp-json\/wp\/v2\/media?parent=9153"}],"wp:term":[{"taxonomy":"product_brand","embeddable":true,"href":"http:\/\/ambrosioeletro.com.br\/v20\/wp-json\/wp\/v2\/product_brand?post=9153"},{"taxonomy":"product_cat","embeddable":true,"href":"http:\/\/ambrosioeletro.com.br\/v20\/wp-json\/wp\/v2\/product_cat?post=9153"},{"taxonomy":"product_tag","embeddable":true,"href":"http:\/\/ambrosioeletro.com.br\/v20\/wp-json\/wp\/v2\/product_tag?post=9153"}],"curies":[{"name":"wp","href":"https:\/\/api.w.org\/{rel}","templated":true}]}}