{"id":9206,"date":"2022-04-22T12:58:29","date_gmt":"2022-04-22T15:58:29","guid":{"rendered":"http:\/\/ambrosioeletro.com.br\/v20\/?post_type=product&#038;p=9206"},"modified":"2026-02-25T08:43:09","modified_gmt":"2026-02-25T11:43:09","slug":"espremedor-de-frutas-mondial-e-01-eletrico-25w-branco","status":"publish","type":"product","link":"http:\/\/ambrosioeletro.com.br\/v20\/produto\/espremedor-de-frutas-mondial-e-01-eletrico-25w-branco\/","title":{"rendered":"Espremedor de Frutas Mondial E-01 El\u00e9trico &#8211; 25W Branco"},"content":{"rendered":"<h2 class=\"description__product-title\">Espremedor de Frutas Mondial E-01 El\u00e9trico &#8211; 25W Branco<\/h2>\n<p class=\"description__text\">\n<p>Espremedor autom\u00e1tico com jarra de 1,25 litro. Possui 1 velocidade, tampa, peneira, bico e prote\u00e7\u00e3o contra poeira. \u00c9 desmont\u00e1vel para facilitar a limpeza e para seguran\u00e7a da sua fam\u00edlia possui trava!<\/p>\n","protected":false},"excerpt":{"rendered":"<p>Espremedor de Frutas Mondial E-01 El\u00e9trico &#8211; 25W Branco Espremedor autom\u00e1tico com jarra de 1,25 litro. Possui 1 velocidade, tampa, peneira, bico e prote\u00e7\u00e3o contra poeira. \u00c9 desmont\u00e1vel para facilitar<\/p>\n","protected":false},"featured_media":9207,"comment_status":"open","ping_status":"closed","template":"","meta":[],"product_brand":[],"product_cat":[232,226],"product_tag":[],"class_list":{"0":"post-9206","1":"product","2":"type-product","3":"status-publish","4":"has-post-thumbnail","6":"product_cat-cozinha","7":"product_cat-eletrodomesticos","8":"product_shipping_class-pac","10":"first","11":"instock","12":"shipping-taxable","13":"purchasable","14":"product-type-simple"},"_links":{"self":[{"href":"http:\/\/ambrosioeletro.com.br\/v20\/wp-json\/wp\/v2\/product\/9206","targetHints":{"allow":["GET"]}}],"collection":[{"href":"http:\/\/ambrosioeletro.com.br\/v20\/wp-json\/wp\/v2\/product"}],"about":[{"href":"http:\/\/ambrosioeletro.com.br\/v20\/wp-json\/wp\/v2\/types\/product"}],"replies":[{"embeddable":true,"href":"http:\/\/ambrosioeletro.com.br\/v20\/wp-json\/wp\/v2\/comments?post=9206"}],"wp:featuredmedia":[{"embeddable":true,"href":"http:\/\/ambrosioeletro.com.br\/v20\/wp-json\/wp\/v2\/media\/9207"}],"wp:attachment":[{"href":"http:\/\/ambrosioeletro.com.br\/v20\/wp-json\/wp\/v2\/media?parent=9206"}],"wp:term":[{"taxonomy":"product_brand","embeddable":true,"href":"http:\/\/ambrosioeletro.com.br\/v20\/wp-json\/wp\/v2\/product_brand?post=9206"},{"taxonomy":"product_cat","embeddable":true,"href":"http:\/\/ambrosioeletro.com.br\/v20\/wp-json\/wp\/v2\/product_cat?post=9206"},{"taxonomy":"product_tag","embeddable":true,"href":"http:\/\/ambrosioeletro.com.br\/v20\/wp-json\/wp\/v2\/product_tag?post=9206"}],"curies":[{"name":"wp","href":"https:\/\/api.w.org\/{rel}","templated":true}]}}