{"id":9213,"date":"2022-04-22T13:06:54","date_gmt":"2022-04-22T16:06:54","guid":{"rendered":"http:\/\/ambrosioeletro.com.br\/v20\/?post_type=product&#038;p=9213"},"modified":"2025-12-31T16:25:51","modified_gmt":"2025-12-31T19:25:51","slug":"espremedor-de-frutas-mondial-e-02-premium-eletrico-30w-125l-automatico","status":"publish","type":"product","link":"http:\/\/ambrosioeletro.com.br\/v20\/produto\/espremedor-de-frutas-mondial-e-02-premium-eletrico-30w-125l-automatico\/","title":{"rendered":"Espremedor de Frutas Mondial E-02 Premium &#8211; El\u00e9trico 30W 1,25L Autom\u00e1tico"},"content":{"rendered":"<h2 class=\"description__product-title\">Espremedor de Frutas Mondial E-02 Premium &#8211; El\u00e9trico 30W 1,25L Autom\u00e1tico<\/h2>\n<p>Este espremedor de frutas possui alto padr\u00e3o de efici\u00eancia e qualidade, garantindo o preparo de deliciosos sucos. Possui jarra graduada com capacidade para 1,25 litro, acionamento autom\u00e1tico, bastando pressionar a fruta sobre o cone, motor revers\u00edvel que funciona nos 2 sentidos, e porta-fio na base que permite ajustar o tamanho do cabo para o uso, facilitando tamb\u00e9m seu armazenamento.<\/p>\n","protected":false},"excerpt":{"rendered":"<p>Espremedor de Frutas Mondial E-02 Premium &#8211; El\u00e9trico 30W 1,25L Autom\u00e1tico Este espremedor de frutas possui alto padr\u00e3o de efici\u00eancia e qualidade, garantindo o preparo de deliciosos sucos. Possui jarra<\/p>\n","protected":false},"featured_media":9214,"comment_status":"open","ping_status":"closed","template":"","meta":[],"product_brand":[],"product_cat":[232,226],"product_tag":[],"class_list":{"0":"post-9213","1":"product","2":"type-product","3":"status-publish","4":"has-post-thumbnail","6":"product_cat-cozinha","7":"product_cat-eletrodomesticos","8":"product_shipping_class-pac","10":"first","11":"instock","12":"shipping-taxable","13":"purchasable","14":"product-type-simple"},"_links":{"self":[{"href":"http:\/\/ambrosioeletro.com.br\/v20\/wp-json\/wp\/v2\/product\/9213","targetHints":{"allow":["GET"]}}],"collection":[{"href":"http:\/\/ambrosioeletro.com.br\/v20\/wp-json\/wp\/v2\/product"}],"about":[{"href":"http:\/\/ambrosioeletro.com.br\/v20\/wp-json\/wp\/v2\/types\/product"}],"replies":[{"embeddable":true,"href":"http:\/\/ambrosioeletro.com.br\/v20\/wp-json\/wp\/v2\/comments?post=9213"}],"wp:featuredmedia":[{"embeddable":true,"href":"http:\/\/ambrosioeletro.com.br\/v20\/wp-json\/wp\/v2\/media\/9214"}],"wp:attachment":[{"href":"http:\/\/ambrosioeletro.com.br\/v20\/wp-json\/wp\/v2\/media?parent=9213"}],"wp:term":[{"taxonomy":"product_brand","embeddable":true,"href":"http:\/\/ambrosioeletro.com.br\/v20\/wp-json\/wp\/v2\/product_brand?post=9213"},{"taxonomy":"product_cat","embeddable":true,"href":"http:\/\/ambrosioeletro.com.br\/v20\/wp-json\/wp\/v2\/product_cat?post=9213"},{"taxonomy":"product_tag","embeddable":true,"href":"http:\/\/ambrosioeletro.com.br\/v20\/wp-json\/wp\/v2\/product_tag?post=9213"}],"curies":[{"name":"wp","href":"https:\/\/api.w.org\/{rel}","templated":true}]}}