{"id":9250,"date":"2022-05-06T14:33:27","date_gmt":"2022-05-06T17:33:27","guid":{"rendered":"http:\/\/ambrosioeletro.com.br\/v20\/?post_type=product&#038;p=9250"},"modified":"2026-04-22T12:15:38","modified_gmt":"2026-04-22T15:15:38","slug":"cortador-de-cabelos-britania-18w-titanium-bcr18t","status":"publish","type":"product","link":"http:\/\/ambrosioeletro.com.br\/v20\/produto\/cortador-de-cabelos-britania-18w-titanium-bcr18t\/","title":{"rendered":"Cortador de Cabelos Brit\u00e2nia 18W Titanium BCR18T"},"content":{"rendered":"<p>18W de pot\u00eancia<\/p>\n<p>9 acess\u00f3rios: 4 pentes de corte com 3, 6, 9 e 12mm,Tesoura, pente, protetor de l\u00e2minas, \u00f3leo para lubrifica\u00e7\u00e3o e escova para limpeza<\/p>\n<p>L\u00e2minas em a\u00e7o<\/p>\n<p>Al\u00e7a para pendurar<\/p>\n<p>Bot\u00e3o liga\/desliga<\/p>\n","protected":false},"excerpt":{"rendered":"<p>18W de pot\u00eancia 9 acess\u00f3rios: 4 pentes de corte com 3, 6, 9 e 12mm,Tesoura, pente, protetor de l\u00e2minas, \u00f3leo para lubrifica\u00e7\u00e3o e escova para limpeza L\u00e2minas em a\u00e7o Al\u00e7a<\/p>\n","protected":false},"featured_media":9251,"comment_status":"open","ping_status":"closed","template":"","meta":[],"product_brand":[],"product_cat":[238,235],"product_tag":[],"class_list":{"0":"post-9250","1":"product","2":"type-product","3":"status-publish","4":"has-post-thumbnail","6":"product_cat-corte-de-cabelo","7":"product_cat-cuidados-pessoais","8":"product_shipping_class-pac","10":"first","11":"instock","12":"shipping-taxable","13":"purchasable","14":"product-type-simple"},"_links":{"self":[{"href":"http:\/\/ambrosioeletro.com.br\/v20\/wp-json\/wp\/v2\/product\/9250","targetHints":{"allow":["GET"]}}],"collection":[{"href":"http:\/\/ambrosioeletro.com.br\/v20\/wp-json\/wp\/v2\/product"}],"about":[{"href":"http:\/\/ambrosioeletro.com.br\/v20\/wp-json\/wp\/v2\/types\/product"}],"replies":[{"embeddable":true,"href":"http:\/\/ambrosioeletro.com.br\/v20\/wp-json\/wp\/v2\/comments?post=9250"}],"wp:featuredmedia":[{"embeddable":true,"href":"http:\/\/ambrosioeletro.com.br\/v20\/wp-json\/wp\/v2\/media\/9251"}],"wp:attachment":[{"href":"http:\/\/ambrosioeletro.com.br\/v20\/wp-json\/wp\/v2\/media?parent=9250"}],"wp:term":[{"taxonomy":"product_brand","embeddable":true,"href":"http:\/\/ambrosioeletro.com.br\/v20\/wp-json\/wp\/v2\/product_brand?post=9250"},{"taxonomy":"product_cat","embeddable":true,"href":"http:\/\/ambrosioeletro.com.br\/v20\/wp-json\/wp\/v2\/product_cat?post=9250"},{"taxonomy":"product_tag","embeddable":true,"href":"http:\/\/ambrosioeletro.com.br\/v20\/wp-json\/wp\/v2\/product_tag?post=9250"}],"curies":[{"name":"wp","href":"https:\/\/api.w.org\/{rel}","templated":true}]}}