{"id":9337,"date":"2022-06-02T17:30:53","date_gmt":"2022-06-02T20:30:53","guid":{"rendered":"http:\/\/ambrosioeletro.com.br\/v20\/?post_type=product&#038;p=9337"},"modified":"2026-02-24T16:02:49","modified_gmt":"2026-02-24T19:02:49","slug":"cabeceira-belize-casal-140-bege-la-estofados","status":"publish","type":"product","link":"http:\/\/ambrosioeletro.com.br\/v20\/produto\/cabeceira-belize-casal-140-bege-la-estofados\/","title":{"rendered":"Cabeceira Belize Casal 1,40 L&#038;A Estofados"},"content":{"rendered":"<p><strong>Cabeceira Belize Casal 1,40 L&amp;A Estofados<\/strong><\/p>\n<p><strong>Caracter\u00edsticas:<\/strong><\/p>\n<p>Espuma D20<br \/>\nP\u00e9s de madeira<br \/>\nEstrutura de madeira de eucalipto reflorestada<br \/>\nTecido Suede Liso<\/p>\n<p><strong>Especifica\u00e7\u00f5es:<\/strong><\/p>\n<p>Altura: 123 cm<br \/>\nLargura: 140 cm<br \/>\nProfundidade: 14 cm<\/p>\n","protected":false},"excerpt":{"rendered":"<p>Cabeceira Belize Casal 1,40 L&amp;A Estofados Caracter\u00edsticas: Espuma D20 P\u00e9s de madeira Estrutura de madeira de eucalipto reflorestada Tecido Suede Liso Especifica\u00e7\u00f5es: Altura: 123 cm Largura: 140 cm Profundidade: 14<\/p>\n","protected":false},"featured_media":9340,"comment_status":"open","ping_status":"closed","template":"","meta":[],"product_brand":[],"product_cat":[227,241],"product_tag":[],"class_list":{"0":"post-9337","1":"product","2":"type-product","3":"status-publish","4":"has-post-thumbnail","6":"product_cat-moveis","7":"product_cat-quarto","8":"product_shipping_class-retirar-no-local","10":"first","11":"instock","12":"shipping-taxable","13":"purchasable","14":"product-type-variable"},"_links":{"self":[{"href":"http:\/\/ambrosioeletro.com.br\/v20\/wp-json\/wp\/v2\/product\/9337","targetHints":{"allow":["GET"]}}],"collection":[{"href":"http:\/\/ambrosioeletro.com.br\/v20\/wp-json\/wp\/v2\/product"}],"about":[{"href":"http:\/\/ambrosioeletro.com.br\/v20\/wp-json\/wp\/v2\/types\/product"}],"replies":[{"embeddable":true,"href":"http:\/\/ambrosioeletro.com.br\/v20\/wp-json\/wp\/v2\/comments?post=9337"}],"wp:featuredmedia":[{"embeddable":true,"href":"http:\/\/ambrosioeletro.com.br\/v20\/wp-json\/wp\/v2\/media\/9340"}],"wp:attachment":[{"href":"http:\/\/ambrosioeletro.com.br\/v20\/wp-json\/wp\/v2\/media?parent=9337"}],"wp:term":[{"taxonomy":"product_brand","embeddable":true,"href":"http:\/\/ambrosioeletro.com.br\/v20\/wp-json\/wp\/v2\/product_brand?post=9337"},{"taxonomy":"product_cat","embeddable":true,"href":"http:\/\/ambrosioeletro.com.br\/v20\/wp-json\/wp\/v2\/product_cat?post=9337"},{"taxonomy":"product_tag","embeddable":true,"href":"http:\/\/ambrosioeletro.com.br\/v20\/wp-json\/wp\/v2\/product_tag?post=9337"}],"curies":[{"name":"wp","href":"https:\/\/api.w.org\/{rel}","templated":true}]}}