{"id":9342,"date":"2022-06-02T17:40:13","date_gmt":"2022-06-02T20:40:13","guid":{"rendered":"http:\/\/ambrosioeletro.com.br\/v20\/?post_type=product&#038;p=9342"},"modified":"2026-03-26T10:10:08","modified_gmt":"2026-03-26T13:10:08","slug":"ferro-de-passar-a-seco-blackdecker-vfa1110-preto-e-cromado","status":"publish","type":"product","link":"http:\/\/ambrosioeletro.com.br\/v20\/produto\/ferro-de-passar-a-seco-blackdecker-vfa1110-preto-e-cromado\/","title":{"rendered":"Ferro de Passar a Seco Black+Decker VFA1110 Preto e Cromado"},"content":{"rendered":"<p><span class=\"sc-hKwDye dGECku\" data-testid=\"product-detail-title\">Ferro de Passar a Seco Black+Decker VFA1110 Preto e Cromado<\/span><\/p>\n<div class=\"sc-jRQBWg idUzab sc-ejUSkt cYoYEd\" data-testid=\"product-detail-description\">\n<div>H\u00e1 mais de 60 anos acompanhando a fam\u00edlia brasileira, o tradicional ferro a seco VFA da Black+Decker \u00e9 um cl\u00e1ssico no Brasil. Com o VFA The Classic da Black+Decker, passar suas roupas ser\u00e1 muito mais r\u00e1pido e f\u00e1cil. A al\u00e7a ergon\u00f4mica traz muito mais conforto ao passar suas roupas e a combina\u00e7\u00e3o da maior temperatura do mercado com o seletor de temperatura e a tabela de indica\u00e7\u00e3o de tecidos tornar\u00e3o todo o processo mais pr\u00e1tico ao passar diversos tipos de tecidos. Temperaturas ideais para cada tipo de tecido O ferro VFA pode proporcionar a maior temperatura da categoria para desamassar at\u00e9 os tecidos mais dif\u00edceis. J\u00e1 para os tecidos mais delicados, voc\u00ea pode escolher uma das 7 temperaturas dispon\u00edveis atrav\u00e9s do controle frontal. Al\u00e9m disso, passar as roupas se torna mais f\u00e1cil e confort\u00e1vel com o poupa bot\u00f5es em ambos os lados do ferro.<\/div>\n<\/div>\n","protected":false},"excerpt":{"rendered":"<p>Ferro de Passar a Seco Black+Decker VFA1110 Preto e Cromado H\u00e1 mais de 60 anos acompanhando a fam\u00edlia brasileira, o tradicional ferro a seco VFA da Black+Decker \u00e9 um cl\u00e1ssico<\/p>\n","protected":false},"featured_media":9347,"comment_status":"open","ping_status":"closed","template":"","meta":[],"product_brand":[],"product_cat":[233,226],"product_tag":[],"class_list":{"0":"post-9342","1":"product","2":"type-product","3":"status-publish","4":"has-post-thumbnail","6":"product_cat-area-de-servico","7":"product_cat-eletrodomesticos","8":"product_shipping_class-pac","10":"first","11":"instock","12":"shipping-taxable","13":"purchasable","14":"product-type-simple"},"_links":{"self":[{"href":"http:\/\/ambrosioeletro.com.br\/v20\/wp-json\/wp\/v2\/product\/9342","targetHints":{"allow":["GET"]}}],"collection":[{"href":"http:\/\/ambrosioeletro.com.br\/v20\/wp-json\/wp\/v2\/product"}],"about":[{"href":"http:\/\/ambrosioeletro.com.br\/v20\/wp-json\/wp\/v2\/types\/product"}],"replies":[{"embeddable":true,"href":"http:\/\/ambrosioeletro.com.br\/v20\/wp-json\/wp\/v2\/comments?post=9342"}],"wp:featuredmedia":[{"embeddable":true,"href":"http:\/\/ambrosioeletro.com.br\/v20\/wp-json\/wp\/v2\/media\/9347"}],"wp:attachment":[{"href":"http:\/\/ambrosioeletro.com.br\/v20\/wp-json\/wp\/v2\/media?parent=9342"}],"wp:term":[{"taxonomy":"product_brand","embeddable":true,"href":"http:\/\/ambrosioeletro.com.br\/v20\/wp-json\/wp\/v2\/product_brand?post=9342"},{"taxonomy":"product_cat","embeddable":true,"href":"http:\/\/ambrosioeletro.com.br\/v20\/wp-json\/wp\/v2\/product_cat?post=9342"},{"taxonomy":"product_tag","embeddable":true,"href":"http:\/\/ambrosioeletro.com.br\/v20\/wp-json\/wp\/v2\/product_tag?post=9342"}],"curies":[{"name":"wp","href":"https:\/\/api.w.org\/{rel}","templated":true}]}}