{"id":9398,"date":"2022-06-14T15:23:10","date_gmt":"2022-06-14T18:23:10","guid":{"rendered":"http:\/\/ambrosioeletro.com.br\/v20\/?post_type=product&#038;p=9398"},"modified":"2026-02-25T09:01:13","modified_gmt":"2026-02-25T12:01:13","slug":"geladeira-panasonic-frost-free-387l-nr-bt41pd1wa-branco","status":"publish","type":"product","link":"http:\/\/ambrosioeletro.com.br\/v20\/produto\/geladeira-panasonic-frost-free-387l-nr-bt41pd1wa-branco\/","title":{"rendered":"Geladeira Panasonic  Frost Free 387L &#8211; NR-BT41PD1WA &#8211; Branco"},"content":{"rendered":"<p style=\"font-weight: 400;\"><b><strong>Produto: Geladeira Panasonic A+++ Frost Free 387L &#8211; NR-BT41PD1WA &#8211; Branco<\/strong><\/b><\/p>\n<p style=\"font-weight: 400;\"><b><strong>Categoria:\u00a0<a href=\"https:\/\/www.zema.com\/categoria\/refrigeradores\/refrigeradores_1\">Refrigeradores<\/a><\/strong><\/b><\/p>\n<p style=\"font-weight: 400;\"><span style=\"font-weight: 400;\">A Geladeira BT41 Panasonic tem baixo consumo de energia e, por isso, possui classifica\u00e7\u00e3o A+++ na tabela de efici\u00eancia energ\u00e9tica do Inmetro. Uma economia de mais de 30% que voc\u00ea v\u00ea refletida na sua conta de luz.<\/span><\/p>\n<p style=\"font-weight: 400;\"><span style=\"font-weight: 400;\">\u00a0<\/span><\/p>\n<p style=\"font-weight: 400;\"><span style=\"font-weight: 400;\"><b><strong>PAINEL ELETR\u00d4NICO\u00a0<\/strong><\/b>A sua geladeira d\u00faplex tem controle de temperatura do turbo freezer no novo painel externo e design inovador minimalista.<\/span><\/p>\n<p style=\"font-weight: 400;\"><span style=\"font-weight: 400;\">\u00a0<\/span><\/p>\n<p style=\"font-weight: 400;\"><span style=\"font-weight: 400;\"><b><strong>MAIS ESPA\u00c7O NO FREEZER\u00a0<\/strong><\/b>Com a geladeira top freezer BT41, espa\u00e7o \u00e9 o que n\u00e3o vai faltar. Al\u00e9m de prateleiras profundas para potes de sorvete de 2L, esta geladeira tamb\u00e9m conta com um freezer que comporta at\u00e9 95L de alimentos.<\/span><\/p>\n<p style=\"font-weight: 400;\"><span style=\"font-weight: 400;\"><b><strong>\u00a0<\/strong><\/b><\/span><\/p>\n<p style=\"font-weight: 400;\"><span style=\"font-weight: 400;\"><b><strong>GELADEIRA LIVRE DE BACT\u00c9RIAS COM SISTEMA ANTIBACTERIA AG\u00a0<\/strong><\/b>Mantenha sua geladeira e os alimentos livres de bact\u00e9rias com o sistema Antibacteria Ag. Por meio da combina\u00e7\u00e3o entre um filtro de carbono e \u00edons de prata, que age dentro do duto durante a circula\u00e7\u00e3o de ar, a geladeira Panasonic elimina 99,9% das bact\u00e9rias.<\/span><\/p>\n","protected":false},"excerpt":{"rendered":"<p>Produto: Geladeira Panasonic A+++ Frost Free 387L &#8211; NR-BT41PD1WA &#8211; Branco Categoria:\u00a0Refrigeradores A Geladeira BT41 Panasonic tem baixo consumo de energia e, por isso, possui classifica\u00e7\u00e3o A+++ na tabela de<\/p>\n","protected":false},"featured_media":9403,"comment_status":"open","ping_status":"closed","template":"","meta":[],"product_brand":[],"product_cat":[232,226],"product_tag":[],"class_list":{"0":"post-9398","1":"product","2":"type-product","3":"status-publish","4":"has-post-thumbnail","6":"product_cat-cozinha","7":"product_cat-eletrodomesticos","8":"product_shipping_class-retirar-no-local","10":"first","11":"instock","12":"shipping-taxable","13":"purchasable","14":"product-type-simple"},"_links":{"self":[{"href":"http:\/\/ambrosioeletro.com.br\/v20\/wp-json\/wp\/v2\/product\/9398","targetHints":{"allow":["GET"]}}],"collection":[{"href":"http:\/\/ambrosioeletro.com.br\/v20\/wp-json\/wp\/v2\/product"}],"about":[{"href":"http:\/\/ambrosioeletro.com.br\/v20\/wp-json\/wp\/v2\/types\/product"}],"replies":[{"embeddable":true,"href":"http:\/\/ambrosioeletro.com.br\/v20\/wp-json\/wp\/v2\/comments?post=9398"}],"wp:featuredmedia":[{"embeddable":true,"href":"http:\/\/ambrosioeletro.com.br\/v20\/wp-json\/wp\/v2\/media\/9403"}],"wp:attachment":[{"href":"http:\/\/ambrosioeletro.com.br\/v20\/wp-json\/wp\/v2\/media?parent=9398"}],"wp:term":[{"taxonomy":"product_brand","embeddable":true,"href":"http:\/\/ambrosioeletro.com.br\/v20\/wp-json\/wp\/v2\/product_brand?post=9398"},{"taxonomy":"product_cat","embeddable":true,"href":"http:\/\/ambrosioeletro.com.br\/v20\/wp-json\/wp\/v2\/product_cat?post=9398"},{"taxonomy":"product_tag","embeddable":true,"href":"http:\/\/ambrosioeletro.com.br\/v20\/wp-json\/wp\/v2\/product_tag?post=9398"}],"curies":[{"name":"wp","href":"https:\/\/api.w.org\/{rel}","templated":true}]}}