{"id":9549,"date":"2022-07-13T13:43:18","date_gmt":"2022-07-13T16:43:18","guid":{"rendered":"http:\/\/ambrosioeletro.com.br\/v20\/?post_type=product&#038;p=9549"},"modified":"2026-02-25T08:57:09","modified_gmt":"2026-02-25T11:57:09","slug":"lavadora-12-kg-brastemp-bwk12abana","status":"publish","type":"product","link":"http:\/\/ambrosioeletro.com.br\/v20\/produto\/lavadora-12-kg-brastemp-bwk12abana\/","title":{"rendered":"Lavadora 12 Kg Brastemp Bwk12abana"},"content":{"rendered":"<p><span class=\"sc-kDTinF cVybho\" data-testid=\"product-detail-title\">Lavadora 12 Kg Brastemp Bwk12abana<\/span><\/p>\n<div class=\"sc-hKwDye hgwTDs sc-epmkiF fRFExf\" data-testid=\"product-detail-description\">\n<div>Marca: Brastemp<br \/>\nNome do Produto: M\u00e1quina de Lavar Brastemp 12kg Branca Com Ciclo Tira Manchas Advanced e Ciclo Antibolinha<br \/>\nDescri\u00e7\u00e3o Curta: a Nova M\u00e1quina de Lavar Brastemp 12kg Conta Com Design Moderno e Exclusivo e a Alta Performance do Ciclo Tira-manchas Advanced para Retirar Mais de 40 Manchas, Incluindo Gordura e Canetinha. e para o M\u00e1ximo Cuidado Com Suas Roupas, a Lavadora Possui o Ciclo Antibolinhas<br \/>\nCaracter\u00edsticas B\u00e1sicas:<br \/>\nCapacidade(kg):12<br \/>\nCor Principal (vis\u00e3o Frontal): Branco<br \/>\nM\u00e9todo de Preparo: 1<br \/>\nAbertura: Superior<br \/>\nPainel de Controle: Digital (tact)<br \/>\n\u00c1gua Quente: N\u00e3o<br \/>\nPlugue e Tomada: 10 a<br \/>\nDiferenciais do Produto:<br \/>\nTira Manchas Advanced<br \/>\nCiclo Tira Manchas Advanced Remove Mais de 40 Tipos de Manchas1, Desde as Mais Frequentes At\u00e9 as Mais Dif\u00edceis, Como Gordura e Canetinha, Sem Danificar os Tecidos.<br \/>\nCiclo Edredom<br \/>\nCama, Banho, Jeans, Casaco&#8230; At\u00e9 Edredom Pode Ser Lavado Sem Preocupa\u00e7\u00e3o e Sem Esfor\u00e7o!2<br \/>\nCiclo Antibolinhas<br \/>\nCiclo Com Lavagem Especial Que Previne a Forma\u00e7\u00e3o de Bolinhas na Roupa Durante o Processo de Lavagem, Mantendo-as Com Apar\u00eancia de Novas por Mais Tempo.<br \/>\nEnx\u00e1gue Antial\u00e9rgico<br \/>\nEtapas Adicionais de Enx\u00e1gue Promovem a Remo\u00e7\u00e3o de Res\u00edduos de Amaciante e Sab\u00e3o de Forma Mais Eficiente, Minimizando Riscos de Irrita\u00e7\u00e3o na Pele.<br \/>\nCiclo Roupas Delicadas<br \/>\nCuidado Extra na Lavagem de Tecidos Delicados, Atrav\u00e9s da Suavidade de Agita\u00e7\u00e3o.<br \/>\nCiclo Cores Duradouras<br \/>\nCiclo Especial Que Previne o Desbotamento das Roupas Coloridas Durante a Lavagem, Mantendo as Cores Originais do Tecido.<br \/>\nCestos Resistentes<br \/>\nToda Modernidade do Acabamento Inox no Interior da Sua Lavadora.<br \/>\nFuncionalidades:<br \/>\nPainel de Controle: Digital (tact)<br \/>\nProgramas de Lavagem: Dia a Dia, Tira Manchas, Cores Duradouras, Brancas, Cama e Banho, Edredom, Pesado e Jeans, Delicadas \/ Roupas \u00cdntimas, R\u00e1pido, Antial\u00e9rgico, Roupas de Beb\u00ea e Anti Bolinhas<br \/>\nCiclos de Lavagem: 12<br \/>\nFun\u00e7\u00e3o Ciclo R\u00e1pido: Sim<br \/>\nN\u00edveis de \u00c1gua: 4<br \/>\nN\u00edvel Autom\u00e1tico de \u00c1gua: N\u00e3o<br \/>\nFun\u00e7\u00e3o Esteriliza\u00e7\u00e3o: N\u00e3o<br \/>\n\u00c1gua Quente: N\u00e3o<br \/>\nReutiliza\u00e7\u00e3o de \u00c1gua: N\u00e3o<br \/>\nDesligamento Autom\u00e1tico: Sim<br \/>\nPr\u00e9-lavagem: N\u00e3o<br \/>\nSele\u00e7\u00e3o por Tipo de Roupa: Sim<br \/>\nTrava de Seguran\u00e7a: N\u00e3o<br \/>\nMolho: Sim<br \/>\nSeca Edredon<br \/>\nDilui\u00e7\u00e3o Anti-mancha: Sim<br \/>\nFun\u00e7\u00e3o Tira Manchas: Sim<br \/>\nFun\u00e7\u00e3o N\u00edvel de Sujeira: N\u00e3o<br \/>\nFiltro Elimina Fiapos: Sim<br \/>\nFun\u00e7\u00e3o Agita\u00e7\u00e3o Delicada: Sim<br \/>\nFun\u00e7\u00e3o Turbo Lavagem: Sim<br \/>\nFun\u00e7\u00e3o Autolimpeza: N\u00e3o<br \/>\nSele\u00e7\u00e3o por Cor de Roup: Sim<br \/>\nLava Edredon: Sim<br \/>\nAcompanhamento das Etapas: Sim<br \/>\nAvan\u00e7a Etapas: Sim<br \/>\nAdiar In\u00edcio: N\u00e3o<br \/>\nPausa: N\u00e3o<br \/>\nN\u00famero de Enx\u00e1gues: 2<br \/>\nEnx\u00e1gue Antialergico :sim<br \/>\nEconomia de Sab\u00e3o: N\u00e3o<br \/>\nCiclo para Amaciante: Sim<br \/>\nTipos de Centrifuga\u00e7\u00e3o: 1<br \/>\nVelocidade de Centrifuga\u00e7\u00e3o (rpm): 750<\/p>\n<p>Dimens\u00f5es:<br \/>\nAltura: 107 cm<br \/>\nLargura: 63 cm<br \/>\nProfundidade: 71 cm<br \/>\nPeso: 38 kg<\/p>\n<p>Garantia do fornecedor de 12 Meses<\/p><\/div>\n<\/div>\n","protected":false},"excerpt":{"rendered":"<p>Lavadora 12 Kg Brastemp Bwk12abana Marca: Brastemp Nome do Produto: M\u00e1quina de Lavar Brastemp 12kg Branca Com Ciclo Tira Manchas Advanced e Ciclo Antibolinha Descri\u00e7\u00e3o Curta: a Nova M\u00e1quina de<\/p>\n","protected":false},"featured_media":9550,"comment_status":"open","ping_status":"closed","template":"","meta":[],"product_brand":[],"product_cat":[232,226],"product_tag":[],"class_list":{"0":"post-9549","1":"product","2":"type-product","3":"status-publish","4":"has-post-thumbnail","6":"product_cat-cozinha","7":"product_cat-eletrodomesticos","8":"product_shipping_class-retirar-no-local","10":"first","11":"instock","12":"shipping-taxable","13":"purchasable","14":"product-type-simple"},"_links":{"self":[{"href":"http:\/\/ambrosioeletro.com.br\/v20\/wp-json\/wp\/v2\/product\/9549","targetHints":{"allow":["GET"]}}],"collection":[{"href":"http:\/\/ambrosioeletro.com.br\/v20\/wp-json\/wp\/v2\/product"}],"about":[{"href":"http:\/\/ambrosioeletro.com.br\/v20\/wp-json\/wp\/v2\/types\/product"}],"replies":[{"embeddable":true,"href":"http:\/\/ambrosioeletro.com.br\/v20\/wp-json\/wp\/v2\/comments?post=9549"}],"wp:featuredmedia":[{"embeddable":true,"href":"http:\/\/ambrosioeletro.com.br\/v20\/wp-json\/wp\/v2\/media\/9550"}],"wp:attachment":[{"href":"http:\/\/ambrosioeletro.com.br\/v20\/wp-json\/wp\/v2\/media?parent=9549"}],"wp:term":[{"taxonomy":"product_brand","embeddable":true,"href":"http:\/\/ambrosioeletro.com.br\/v20\/wp-json\/wp\/v2\/product_brand?post=9549"},{"taxonomy":"product_cat","embeddable":true,"href":"http:\/\/ambrosioeletro.com.br\/v20\/wp-json\/wp\/v2\/product_cat?post=9549"},{"taxonomy":"product_tag","embeddable":true,"href":"http:\/\/ambrosioeletro.com.br\/v20\/wp-json\/wp\/v2\/product_tag?post=9549"}],"curies":[{"name":"wp","href":"https:\/\/api.w.org\/{rel}","templated":true}]}}