{"id":9846,"date":"2022-08-25T15:01:22","date_gmt":"2022-08-25T18:01:22","guid":{"rendered":"http:\/\/ambrosioeletro.com.br\/v20\/?post_type=product&#038;p=9846"},"modified":"2026-04-17T09:09:10","modified_gmt":"2026-04-17T12:09:10","slug":"home-nt1080-para-tv-de-55-notavel-com-espelho","status":"publish","type":"product","link":"http:\/\/ambrosioeletro.com.br\/v20\/produto\/home-nt1080-para-tv-de-55-notavel-com-espelho\/","title":{"rendered":"Home Nt1080 Para Tv de 55&#8243; Not\u00e1vel com espelho"},"content":{"rendered":"<h2>Painel Home Not\u00e1Vel Nt 1080 Com Espelho Para Tv De 55 Polegadas<\/h2>\n<p>O Painel Home NT 1080 foi projetado para pessoas que possuem bom gosto e adere \u00e0 produtos da atualidade. Indicado especialmente para TVs de 55 polegadas, com um espa\u00e7o no painel de 1005&#215;1356 deixando a TV no lugar certo.<\/p>\n<p>Um modelo bem sofisticado que d\u00e1 praticidade e voc\u00ea pode deixa-lo do seu estilo, ele possui uma prateleira superior com duas luzes de LED que possibilita por objetos decorativos para dar aquele charme, possui detalhes frisados nas laterais, possui um nicho sem reparti\u00e7\u00f5es ideal para aparelhos eletroeletr\u00f4nicos ou at\u00e9 mesmo livros, o material dos p\u00e9s possui um diferencial que s\u00e3o produzidos de metal num formato quadrado.<\/p>\n<p>Al\u00e9m desses \u00f3timos espa\u00e7os, o Painel NT 1080 possui duas gavetas com espa\u00e7os bem amplos e com espelhos de 3mm de espessura na parte frontal deixando o produto mais elaborado, as gavetas possuem corredi\u00e7as telesc\u00f3picas fazendo com que deslizem mais suavemente evitando aberturas mais bruscas, dando mais durabilidade ao produto.<\/p>\n<p>Produto produzido em MDP e MDF \u00f3tima qualidade.<\/p>\n<p>Caracter\u00edsticas do Produto:<\/p>\n<p>Material da Estrutura: MDP e MDF<br \/>\nEspessura do Material da Estrutura: 15 e 25mm<br \/>\nTipo de Pintura: Pintura Ultravioleta U.V.<br \/>\nAcabamento da Pintura: Fosco\/Brilho<br \/>\nMaterial do Puxador: Pl\u00e1stico<br \/>\nN\u00famero de Gavetas: 2<br \/>\nTipo de Corredi\u00e7a: Telesc\u00f3pica<br \/>\nN\u00famero de Prateleiras: 2 fixas<br \/>\nEspelho: 3mm<br \/>\nN\u00famero de P\u00e9s: 3<br \/>\nMaterial dos P\u00e9s: Metal<br \/>\nN\u00fameros de L\u00e2mpadas: 2 LED<br \/>\nVolts da L\u00e2mpada: Bivolt<br \/>\nPeso M\u00e1ximo Suportado: 11 kg<br \/>\nNecessita de Montagem: Sim<\/p>\n<p>Sistema de Montagem: Parafuso, cavilha e minifix<br \/>\nPara maior durabilidade, recomenda-se que a limpeza dos m\u00f3veis seja feita da seguinte forma: Nas partes externas (portas, laterais e frente de gaveta) e internas, a limpeza dever\u00e1 ser feita com pano limpo e levemente umedecido em \u00e1gua e sab\u00e3o neutro. Em seguida, dever\u00e1 ser passado um pano limpo e seco.<\/p>\n<p>Dimens\u00f5es do Produto:<\/p>\n<p>Altura: 185,6 cm<br \/>\nLargura: 205 cm<br \/>\nProfundidade: 44,5 cm<br \/>\nPeso: 101,7kg<\/p>\n","protected":false},"excerpt":{"rendered":"<p>Painel Home Not\u00e1Vel Nt 1080 Com Espelho Para Tv De 55 Polegadas O Painel Home NT 1080 foi projetado para pessoas que possuem bom gosto e adere \u00e0 produtos da<\/p>\n","protected":false},"featured_media":15379,"comment_status":"open","ping_status":"closed","template":"","meta":[],"product_brand":[],"product_cat":[227,242],"product_tag":[],"class_list":{"0":"post-9846","1":"product","2":"type-product","3":"status-publish","4":"has-post-thumbnail","6":"product_cat-moveis","7":"product_cat-sala","8":"product_shipping_class-retirar-no-local","10":"first","11":"instock","12":"shipping-taxable","13":"purchasable","14":"product-type-simple"},"_links":{"self":[{"href":"http:\/\/ambrosioeletro.com.br\/v20\/wp-json\/wp\/v2\/product\/9846","targetHints":{"allow":["GET"]}}],"collection":[{"href":"http:\/\/ambrosioeletro.com.br\/v20\/wp-json\/wp\/v2\/product"}],"about":[{"href":"http:\/\/ambrosioeletro.com.br\/v20\/wp-json\/wp\/v2\/types\/product"}],"replies":[{"embeddable":true,"href":"http:\/\/ambrosioeletro.com.br\/v20\/wp-json\/wp\/v2\/comments?post=9846"}],"wp:featuredmedia":[{"embeddable":true,"href":"http:\/\/ambrosioeletro.com.br\/v20\/wp-json\/wp\/v2\/media\/15379"}],"wp:attachment":[{"href":"http:\/\/ambrosioeletro.com.br\/v20\/wp-json\/wp\/v2\/media?parent=9846"}],"wp:term":[{"taxonomy":"product_brand","embeddable":true,"href":"http:\/\/ambrosioeletro.com.br\/v20\/wp-json\/wp\/v2\/product_brand?post=9846"},{"taxonomy":"product_cat","embeddable":true,"href":"http:\/\/ambrosioeletro.com.br\/v20\/wp-json\/wp\/v2\/product_cat?post=9846"},{"taxonomy":"product_tag","embeddable":true,"href":"http:\/\/ambrosioeletro.com.br\/v20\/wp-json\/wp\/v2\/product_tag?post=9846"}],"curies":[{"name":"wp","href":"https:\/\/api.w.org\/{rel}","templated":true}]}}