{"id":9887,"date":"2022-09-05T12:42:26","date_gmt":"2022-09-05T15:42:26","guid":{"rendered":"http:\/\/ambrosioeletro.com.br\/v20\/?post_type=product&#038;p=9887"},"modified":"2026-03-21T09:55:39","modified_gmt":"2026-03-21T12:55:39","slug":"penteadeira-condessa-com-espelho-3-gavetas-branco-fiorello","status":"publish","type":"product","link":"http:\/\/ambrosioeletro.com.br\/v20\/produto\/penteadeira-condessa-com-espelho-3-gavetas-branco-fiorello\/","title":{"rendered":"Penteadeira Condessa Com Espelho 3 Gavetas Branco &#8211; Fiorello"},"content":{"rendered":"<p>Penteadeira Condessa<br \/>\nGosta de caprichar no visual antes de sair de casa? Ent\u00e3o, o seu quarto s\u00f3 ficar\u00e1 completo com a presen\u00e7a da Penteadeira Condessa! O m\u00f3vel conta com diversas caracter\u00edsticas que ajudam a aprimorar esse momento. Vai fazer a diferen\u00e7a no dia a dia!<\/p>\n<p>Dimens\u00f5es:<br \/>\n-Altura: 1,45 cm<br \/>\n-Largura: 1,10 cm<br \/>\n-Profundidade: 0,41 cm<\/p>\n<p>Informa\u00e7\u00f5es Complementares:<br \/>\n&#8211; Material: mdp<br \/>\n&#8211; Revestimento: Pintura uv.<br \/>\n&#8211; Corredi\u00e7as da gaveta: Met\u00e1licas.<br \/>\n&#8211; Peso suportado por gavetas. 5Kg<\/p>\n<p>Conte\u00fado da embalagem:<br \/>\n&#8211; 1 Penteadeira.<br \/>\n&#8211; 1 Manual de montagem.<\/p>\n<p>Cuidados Com o Produto:<br \/>\n-Mant\u00ea-lo em lugar livre de umidade e\/ou exposi\u00e7\u00e3o direta ao sol.<br \/>\n-Recomenda-se limpar o produto com flanela ou pano macio seco, n\u00e3o utilizar produtos abrasivos, desengordurantes, \u00e1lcool ou solvente.<\/p>\n","protected":false},"excerpt":{"rendered":"<p>Penteadeira Condessa Gosta de caprichar no visual antes de sair de casa? Ent\u00e3o, o seu quarto s\u00f3 ficar\u00e1 completo com a presen\u00e7a da Penteadeira Condessa! O m\u00f3vel conta com diversas<\/p>\n","protected":false},"featured_media":15134,"comment_status":"open","ping_status":"closed","template":"","meta":[],"product_brand":[],"product_cat":[227,241],"product_tag":[],"class_list":{"0":"post-9887","1":"product","2":"type-product","3":"status-publish","4":"has-post-thumbnail","6":"product_cat-moveis","7":"product_cat-quarto","8":"product_shipping_class-retirar-no-local","10":"first","11":"instock","12":"shipping-taxable","13":"purchasable","14":"product-type-simple"},"_links":{"self":[{"href":"http:\/\/ambrosioeletro.com.br\/v20\/wp-json\/wp\/v2\/product\/9887","targetHints":{"allow":["GET"]}}],"collection":[{"href":"http:\/\/ambrosioeletro.com.br\/v20\/wp-json\/wp\/v2\/product"}],"about":[{"href":"http:\/\/ambrosioeletro.com.br\/v20\/wp-json\/wp\/v2\/types\/product"}],"replies":[{"embeddable":true,"href":"http:\/\/ambrosioeletro.com.br\/v20\/wp-json\/wp\/v2\/comments?post=9887"}],"wp:featuredmedia":[{"embeddable":true,"href":"http:\/\/ambrosioeletro.com.br\/v20\/wp-json\/wp\/v2\/media\/15134"}],"wp:attachment":[{"href":"http:\/\/ambrosioeletro.com.br\/v20\/wp-json\/wp\/v2\/media?parent=9887"}],"wp:term":[{"taxonomy":"product_brand","embeddable":true,"href":"http:\/\/ambrosioeletro.com.br\/v20\/wp-json\/wp\/v2\/product_brand?post=9887"},{"taxonomy":"product_cat","embeddable":true,"href":"http:\/\/ambrosioeletro.com.br\/v20\/wp-json\/wp\/v2\/product_cat?post=9887"},{"taxonomy":"product_tag","embeddable":true,"href":"http:\/\/ambrosioeletro.com.br\/v20\/wp-json\/wp\/v2\/product_tag?post=9887"}],"curies":[{"name":"wp","href":"https:\/\/api.w.org\/{rel}","templated":true}]}}