{"id":9891,"date":"2022-09-05T13:15:44","date_gmt":"2022-09-05T16:15:44","guid":{"rendered":"http:\/\/ambrosioeletro.com.br\/v20\/?post_type=product&#038;p=9891"},"modified":"2026-04-18T09:24:09","modified_gmt":"2026-04-18T12:24:09","slug":"armario-aereo-para-cozinha-bela-dakar-com-branco-moveis-fiorello","status":"publish","type":"product","link":"http:\/\/ambrosioeletro.com.br\/v20\/produto\/armario-aereo-para-cozinha-bela-dakar-com-branco-moveis-fiorello\/","title":{"rendered":"Arm\u00e1rio A\u00e9reo para Cozinha Bela- M\u00f3veis Fiorello"},"content":{"rendered":"<ul class=\"ListaDescricao\">\n<li><span style=\"font-family: Arial;\">Perfeito para contribuir com a organiza\u00e7\u00e3o e estilo da sua cozinha, o\u00a0<strong>Arm\u00e1rio A\u00e9reo Bela &#8211; M\u00f3veis Fiorello<\/strong>, possui um desing que ir\u00e1 se adaptar a diversos estilos de decora\u00e7\u00e3o, conta com duas portas e dois nichos que podem ser utilizados para apoio de itens decorativos ou at\u00e9 mesmo temperos.<br \/>\n<\/span><span style=\"font-family: Arial;\"><strong>Dimens\u00f5es do Produto montado:<br \/>\n<\/strong>Altura: 60 cm<br \/>\nLargura: 120 cm<br \/>\nProfundidade: 29 cm<br \/>\n<\/span><span style=\"font-family: Arial;\"><strong>Observa\u00e7\u00f5es:<br \/>\n<\/strong>&#8211; 2 portas articuladas;<br \/>\n&#8211; 2 nichos;<br \/>\n&#8211; Puxadores cromados;<br \/>\n&#8211; Pintura Ultravioleta com\u00a0<strong>acabamento brilho na cor branco<\/strong>;<br \/>\n&#8211; Pintura Ultravioleta com\u00a0<strong>acabamento amadeirado na cor dakar<\/strong>.<\/span><\/li>\n<\/ul>\n","protected":false},"excerpt":{"rendered":"<p>Perfeito para contribuir com a organiza\u00e7\u00e3o e estilo da sua cozinha, o\u00a0Arm\u00e1rio A\u00e9reo Bela &#8211; M\u00f3veis Fiorello, possui um desing que ir\u00e1 se adaptar a diversos estilos de decora\u00e7\u00e3o, conta<\/p>\n","protected":false},"featured_media":9895,"comment_status":"open","ping_status":"closed","template":"","meta":[],"product_brand":[],"product_cat":[243,227],"product_tag":[],"class_list":{"0":"post-9891","1":"product","2":"type-product","3":"status-publish","4":"has-post-thumbnail","6":"product_cat-cozinha-moveis","7":"product_cat-moveis","8":"product_shipping_class-retirar-no-local","10":"first","11":"instock","12":"shipping-taxable","13":"purchasable","14":"product-type-simple"},"_links":{"self":[{"href":"http:\/\/ambrosioeletro.com.br\/v20\/wp-json\/wp\/v2\/product\/9891","targetHints":{"allow":["GET"]}}],"collection":[{"href":"http:\/\/ambrosioeletro.com.br\/v20\/wp-json\/wp\/v2\/product"}],"about":[{"href":"http:\/\/ambrosioeletro.com.br\/v20\/wp-json\/wp\/v2\/types\/product"}],"replies":[{"embeddable":true,"href":"http:\/\/ambrosioeletro.com.br\/v20\/wp-json\/wp\/v2\/comments?post=9891"}],"wp:featuredmedia":[{"embeddable":true,"href":"http:\/\/ambrosioeletro.com.br\/v20\/wp-json\/wp\/v2\/media\/9895"}],"wp:attachment":[{"href":"http:\/\/ambrosioeletro.com.br\/v20\/wp-json\/wp\/v2\/media?parent=9891"}],"wp:term":[{"taxonomy":"product_brand","embeddable":true,"href":"http:\/\/ambrosioeletro.com.br\/v20\/wp-json\/wp\/v2\/product_brand?post=9891"},{"taxonomy":"product_cat","embeddable":true,"href":"http:\/\/ambrosioeletro.com.br\/v20\/wp-json\/wp\/v2\/product_cat?post=9891"},{"taxonomy":"product_tag","embeddable":true,"href":"http:\/\/ambrosioeletro.com.br\/v20\/wp-json\/wp\/v2\/product_tag?post=9891"}],"curies":[{"name":"wp","href":"https:\/\/api.w.org\/{rel}","templated":true}]}}