{"id":9919,"date":"2022-09-09T11:12:53","date_gmt":"2022-09-09T14:12:53","guid":{"rendered":"http:\/\/ambrosioeletro.com.br\/v20\/?post_type=product&#038;p=9919"},"modified":"2026-04-16T17:39:06","modified_gmt":"2026-04-16T20:39:06","slug":"cozinha-4-pecas-zafira-valdemoveis","status":"publish","type":"product","link":"http:\/\/ambrosioeletro.com.br\/v20\/produto\/cozinha-4-pecas-zafira-valdemoveis\/","title":{"rendered":"Cozinha 4 pe\u00e7as Zafira Valdemoveis"},"content":{"rendered":"<p><span class=\"sc-kDTinF cVybho\" data-testid=\"product-detail-title\">Cozinha 4 pe\u00e7as Zafira Valdemoveis<\/span><\/p>\n<div class=\"sc-hKwDye hgwTDs sc-gwNMUz bPzsrD\" data-testid=\"product-detail-description\">\n<div>Dados T\u00e9cnicos<br \/>\nDimens\u00f5es:<br \/>\nLargura: 2500 mm<br \/>\nAltura: 2060 mm<br \/>\nProf.: 430 mm<br \/>\nPeso: 82,6 kg<br \/>\nCubagem: 0,174 m3<br \/>\nVolumes: 4 caixas<br \/>\nInforma\u00e7\u00f5es complementares<br \/>\nMaterial MDP 12mm<br \/>\nAcabamento Pintura UV<br \/>\nCor lateral e interior Cinamomo<br \/>\nEstilo da cor lateral e interior Liso<br \/>\nEscala da cor lateral e interior Fosco<br \/>\nCor frontal Off White<br \/>\nEstilo da cor frontal Acetinado<br \/>\nEscala da cor frontal Fosco<br \/>\nP\u00e9s 10<br \/>\nMaterial do p\u00e9 Pl\u00e1stico<br \/>\nP\u00e9s niveladores Sim<br \/>\nPrateleiras 3<br \/>\nMDP 12mm<br \/>\nNichos sim<br \/>\nGavetas sim<br \/>\nTipo de puxador da gaveta externo<br \/>\nTipo da corredi\u00e7a da gaveta met\u00e1lica<br \/>\nMaterial do puxador da gaveta ABS<br \/>\nPortas 9 MDP\/ 2 com vidros<br \/>\nTipo de porta Bater<br \/>\nTipo de puxador da porta Externo<br \/>\nTipo de dobradi\u00e7a da porta Met\u00e1lica de press\u00e3o<br \/>\nMaterial do puxador da porta ABS<br \/>\nEspa\u00e7o para micro-ondas Sim<br \/>\nVidros 2<br \/>\nTipo de vidro Refl\u00e9cta<br \/>\nPassa cabos N\u00e3o<br \/>\nEspa\u00e7o para garrafas Sim<br \/>\nBandeja para talheres N\u00e3o<br \/>\nPist\u00e3o a g\u00e1s 1 porta b\u00e1scula geladeira<br \/>\nAmbiente Cozinha<br \/>\nItens inclusos 1 Paneleiro c\/ nicho Zafira 1 A\u00e9reo 1200 c\/vidro Zafira 1 Arm\u00e1rio geladeira Zafira 1 Balc\u00e3o 1200 Zafira 1 manual de montagem 1 certificado de garantiaObserva\u00e7\u00f5es:<br \/>\n&#8211; Todos os produtos t\u00eam tr\u00eas (03) meses de garantia fornecida pelo fornecedor<br \/>\n&#8211; As imagens s\u00e3o meramente ilustrativas, os objetos que ambientam as fotos n\u00e3o acompanham o produto.<br \/>\n&#8211; Pode haver alguma diferen\u00e7a de tonalidade entre a foto e o produto, devido ao tratamento de imagens e a calibra\u00e7\u00e3o do monitor<br \/>\n&#8211; Em caso de diverg\u00eancias de informa\u00e7\u00f5es, o pre\u00e7o v\u00e1lido ser\u00e1 o informado no carrinho de compras<br \/>\n&#8211; A entrega \u00e9 realizada por transportadora, n\u00e3o nos responsabilizamos, no ato da entrega por desmontagens, subir escadas\/elevadores ou transporte por guincho para apartamentos<br \/>\n&#8211; Eventuais despesas s\u00e3o de responsabilidade do cliente<br \/>\n&#8211; Confira as dimens\u00f5es dos volumes e certifique-se de que passar\u00e1 normalmente por supostos elevadores, portas, escadas ou corredores<br \/>\n&#8211; Ao receber a mercadoria, verifique as condi\u00e7\u00f5es da embalagem, caso haja alguma avaria, entre em contato com nosso SAC<br \/>\n&#8211; Nossa empresa n\u00e3o se responsabiliza pela montagem dos produtos, mas todos os produtos possuem manual de montagem. Recomendamos que a montagem seja feita por profissional de sua confian\u00e7a.<\/p>\n<\/div>\n<\/div>\n","protected":false},"excerpt":{"rendered":"<p>Cozinha 4 pe\u00e7as Zafira Valdemoveis Dados T\u00e9cnicos Dimens\u00f5es: Largura: 2500 mm Altura: 2060 mm Prof.: 430 mm Peso: 82,6 kg Cubagem: 0,174 m3 Volumes: 4 caixas Informa\u00e7\u00f5es complementares Material MDP<\/p>\n","protected":false},"featured_media":9921,"comment_status":"open","ping_status":"closed","template":"","meta":[],"product_brand":[],"product_cat":[243,227],"product_tag":[],"class_list":{"0":"post-9919","1":"product","2":"type-product","3":"status-publish","4":"has-post-thumbnail","6":"product_cat-cozinha-moveis","7":"product_cat-moveis","8":"product_shipping_class-retirar-no-local","10":"first","11":"instock","12":"shipping-taxable","13":"purchasable","14":"product-type-simple"},"_links":{"self":[{"href":"http:\/\/ambrosioeletro.com.br\/v20\/wp-json\/wp\/v2\/product\/9919","targetHints":{"allow":["GET"]}}],"collection":[{"href":"http:\/\/ambrosioeletro.com.br\/v20\/wp-json\/wp\/v2\/product"}],"about":[{"href":"http:\/\/ambrosioeletro.com.br\/v20\/wp-json\/wp\/v2\/types\/product"}],"replies":[{"embeddable":true,"href":"http:\/\/ambrosioeletro.com.br\/v20\/wp-json\/wp\/v2\/comments?post=9919"}],"wp:featuredmedia":[{"embeddable":true,"href":"http:\/\/ambrosioeletro.com.br\/v20\/wp-json\/wp\/v2\/media\/9921"}],"wp:attachment":[{"href":"http:\/\/ambrosioeletro.com.br\/v20\/wp-json\/wp\/v2\/media?parent=9919"}],"wp:term":[{"taxonomy":"product_brand","embeddable":true,"href":"http:\/\/ambrosioeletro.com.br\/v20\/wp-json\/wp\/v2\/product_brand?post=9919"},{"taxonomy":"product_cat","embeddable":true,"href":"http:\/\/ambrosioeletro.com.br\/v20\/wp-json\/wp\/v2\/product_cat?post=9919"},{"taxonomy":"product_tag","embeddable":true,"href":"http:\/\/ambrosioeletro.com.br\/v20\/wp-json\/wp\/v2\/product_tag?post=9919"}],"curies":[{"name":"wp","href":"https:\/\/api.w.org\/{rel}","templated":true}]}}