{"id":9923,"date":"2022-09-09T15:27:22","date_gmt":"2022-09-09T18:27:22","guid":{"rendered":"http:\/\/ambrosioeletro.com.br\/v20\/?post_type=product&#038;p=9923"},"modified":"2026-02-26T11:14:59","modified_gmt":"2026-02-26T14:14:59","slug":"churrasqueira-eletrica-ch2-01-127v-agratto","status":"publish","type":"product","link":"http:\/\/ambrosioeletro.com.br\/v20\/produto\/churrasqueira-eletrica-ch2-01-127v-agratto\/","title":{"rendered":"Churrasqueira el\u00e9trica ch2-01 127v agratto"},"content":{"rendered":"<p><span class=\"sc-kDTinF cVybho\" data-testid=\"product-detail-title\">Churrasqueira el\u00e9trica ch2-01 127v agratto- 9970<\/span><\/p>\n<div class=\"sc-hKwDye hgwTDs sc-gwNMUz bPzsrD\" data-testid=\"product-detail-description\">\n<div>Churrasqueira El\u00e9trica Mr. Cheffe CH2-01 1800W 127V Agratto<\/p>\n<p>Assados deliciosos na comodidade da sua casa.<\/p>\n<p>Pr\u00e1tica na hora de preparar diversas op\u00e7\u00f5es de grelhados: carnes, aves, peixes e legumes.<\/p>\n<p>A Churrasqueira El\u00e9trica Agratto \u00e9 ideal para sua resid\u00eancia.<\/p>\n<p>Com o ajuste de temperatura e a grelha com regulagem de altura voc\u00ea prepara diversos tipos de alimentos.<\/p>\n<p>Caracter\u00edsticas do Produto:<\/p>\n<p>Ideal para sua resid\u00eancia:<\/p>\n<p>Assa carnes, aves, peixes, legumes e muito mais.<\/p>\n<p>F\u00e1cil e pr\u00e1tica de usar:<\/p>\n<p>Basta adicionar \u00e1gua na bandeja, ligar e escolher a temperatura.<\/p>\n<p>N\u00e3o necessita carv\u00e3o:<\/p>\n<p>Pode ser usada em diversos ambientes pois faz menos fuma\u00e7a.<\/p>\n<p>Regulagem de altura e temperatura:<\/p>\n<p>Grelha com regulagem de altura e termostato com ajuste de temperatura.<\/p>\n<p>Resist\u00eancia e grelha remov\u00edveis:<\/p>\n<p>Resist\u00eancia e grelha podem ser removidos para facilitar a limpeza.<\/p><\/div>\n<\/div>\n","protected":false},"excerpt":{"rendered":"<p>Churrasqueira el\u00e9trica ch2-01 127v agratto- 9970 Churrasqueira El\u00e9trica Mr. Cheffe CH2-01 1800W 127V Agratto Assados deliciosos na comodidade da sua casa. Pr\u00e1tica na hora de preparar diversas op\u00e7\u00f5es de grelhados:<\/p>\n","protected":false},"featured_media":9927,"comment_status":"open","ping_status":"closed","template":"","meta":[],"product_brand":[],"product_cat":[232,226],"product_tag":[],"class_list":{"0":"post-9923","1":"product","2":"type-product","3":"status-publish","4":"has-post-thumbnail","6":"product_cat-cozinha","7":"product_cat-eletrodomesticos","8":"product_shipping_class-pac","10":"first","11":"instock","12":"shipping-taxable","13":"purchasable","14":"product-type-simple"},"_links":{"self":[{"href":"http:\/\/ambrosioeletro.com.br\/v20\/wp-json\/wp\/v2\/product\/9923","targetHints":{"allow":["GET"]}}],"collection":[{"href":"http:\/\/ambrosioeletro.com.br\/v20\/wp-json\/wp\/v2\/product"}],"about":[{"href":"http:\/\/ambrosioeletro.com.br\/v20\/wp-json\/wp\/v2\/types\/product"}],"replies":[{"embeddable":true,"href":"http:\/\/ambrosioeletro.com.br\/v20\/wp-json\/wp\/v2\/comments?post=9923"}],"wp:featuredmedia":[{"embeddable":true,"href":"http:\/\/ambrosioeletro.com.br\/v20\/wp-json\/wp\/v2\/media\/9927"}],"wp:attachment":[{"href":"http:\/\/ambrosioeletro.com.br\/v20\/wp-json\/wp\/v2\/media?parent=9923"}],"wp:term":[{"taxonomy":"product_brand","embeddable":true,"href":"http:\/\/ambrosioeletro.com.br\/v20\/wp-json\/wp\/v2\/product_brand?post=9923"},{"taxonomy":"product_cat","embeddable":true,"href":"http:\/\/ambrosioeletro.com.br\/v20\/wp-json\/wp\/v2\/product_cat?post=9923"},{"taxonomy":"product_tag","embeddable":true,"href":"http:\/\/ambrosioeletro.com.br\/v20\/wp-json\/wp\/v2\/product_tag?post=9923"}],"curies":[{"name":"wp","href":"https:\/\/api.w.org\/{rel}","templated":true}]}}