{"id":9965,"date":"2022-10-18T15:05:32","date_gmt":"2022-10-18T18:05:32","guid":{"rendered":"http:\/\/ambrosioeletro.com.br\/v20\/?post_type=product&#038;p=9965"},"modified":"2026-02-26T11:07:15","modified_gmt":"2026-02-26T14:07:15","slug":"freezer-horizontal-philco-pfh205b-199l","status":"publish","type":"product","link":"http:\/\/ambrosioeletro.com.br\/v20\/produto\/freezer-horizontal-philco-pfh205b-199l\/","title":{"rendered":"Freezer Horizontal Philco PFH205B 199L"},"content":{"rendered":"<p>O\u00a0<strong>Freezer Horizontal Philco 199 Litros 1 Porta Branco PFH205B &#8211; 127 Volts,\u00a0<\/strong>\u00e9 2 em 1, freezer e refrigerador. Perfeito para quem busca um local extra para guardar os congelados. Compacto, tem um super espa\u00e7o interno, ideal para pequenos ambientes e cesto aramado. Ele pode ser utilizado como congelador ou refrigerador, se adapta a sua necessidade. Mais econ\u00f4mico, classifica\u00e7\u00e3o \u201cA\u201d pela procel e livre de CFC, Ecofrendly, n\u00e3o agride a Camada de Oz\u00f4nio. Praticidade e versatilidade pra voc\u00ea!<\/p>\n<ul>\n<li>Sistema Dupla Fun\u00e7\u00e3o: Pode operar na fun\u00e7\u00e3o freezer e refrigerador;<\/li>\n<li>Maior Capacidade e melhor aproveitamento de espa\u00e7o;<\/li>\n<li>Controle de temperatura ajust\u00e1vel no painel frontal;<\/li>\n<li>Sistema de refrigera\u00e7\u00e3o por compressor;<\/li>\n<li>Classifica\u00e7\u00e3o energ\u00e9tica A;<\/li>\n<li>G\u00e1s refrigerante R600a;<\/li>\n<li>Rod\u00edzios para deslocamento, facilitando a movimenta\u00e7\u00e3o do produto;<\/li>\n<li>Dreno frontal, facilitando o degelo e limpeza do produto;<\/li>\n<li>Degelo Manual;<\/li>\n<li>Volume Interno 199 litros;<\/li>\n<li>Chave de Seguran\u00e7a, permite trancar o freezer se necess\u00e1rio;<\/li>\n<\/ul>\n","protected":false},"excerpt":{"rendered":"<p>O\u00a0Freezer Horizontal Philco 199 Litros 1 Porta Branco PFH205B &#8211; 127 Volts,\u00a0\u00e9 2 em 1, freezer e refrigerador. Perfeito para quem busca um local extra para guardar os congelados. Compacto,<\/p>\n","protected":false},"featured_media":9966,"comment_status":"open","ping_status":"closed","template":"","meta":[],"product_brand":[],"product_cat":[232,226],"product_tag":[],"class_list":{"0":"post-9965","1":"product","2":"type-product","3":"status-publish","4":"has-post-thumbnail","6":"product_cat-cozinha","7":"product_cat-eletrodomesticos","8":"product_shipping_class-retirar-no-local","10":"first","11":"instock","12":"shipping-taxable","13":"purchasable","14":"product-type-simple"},"_links":{"self":[{"href":"http:\/\/ambrosioeletro.com.br\/v20\/wp-json\/wp\/v2\/product\/9965","targetHints":{"allow":["GET"]}}],"collection":[{"href":"http:\/\/ambrosioeletro.com.br\/v20\/wp-json\/wp\/v2\/product"}],"about":[{"href":"http:\/\/ambrosioeletro.com.br\/v20\/wp-json\/wp\/v2\/types\/product"}],"replies":[{"embeddable":true,"href":"http:\/\/ambrosioeletro.com.br\/v20\/wp-json\/wp\/v2\/comments?post=9965"}],"wp:featuredmedia":[{"embeddable":true,"href":"http:\/\/ambrosioeletro.com.br\/v20\/wp-json\/wp\/v2\/media\/9966"}],"wp:attachment":[{"href":"http:\/\/ambrosioeletro.com.br\/v20\/wp-json\/wp\/v2\/media?parent=9965"}],"wp:term":[{"taxonomy":"product_brand","embeddable":true,"href":"http:\/\/ambrosioeletro.com.br\/v20\/wp-json\/wp\/v2\/product_brand?post=9965"},{"taxonomy":"product_cat","embeddable":true,"href":"http:\/\/ambrosioeletro.com.br\/v20\/wp-json\/wp\/v2\/product_cat?post=9965"},{"taxonomy":"product_tag","embeddable":true,"href":"http:\/\/ambrosioeletro.com.br\/v20\/wp-json\/wp\/v2\/product_tag?post=9965"}],"curies":[{"name":"wp","href":"https:\/\/api.w.org\/{rel}","templated":true}]}}