{"id":6848,"date":"2020-06-22T14:56:52","date_gmt":"2020-06-22T17:56:52","guid":{"rendered":"http:\/\/ambrosioeletro.com.br\/v20\/?page_id=6848"},"modified":"2023-02-18T11:37:45","modified_gmt":"2023-02-18T14:37:45","slug":"entrega-regional-gratis","status":"publish","type":"page","link":"https:\/\/ambrosioeletro.com.br\/v20\/entrega-regional-gratis\/","title":{"rendered":"Casamento"},"content":{"rendered":"<p>Em breve disponibilizamos informa\u00e7\u00f5es sobre de como ter entrega regional gr\u00e1tis.<\/p><figure class=\"wp-block-image size-large\"><img decoding=\"async\" src=\"http:\/\/ambrosioeletro.com.br\/v20\/wp-content\/uploads\/2023\/02\/Casamento-1024x718.jpg\" alt=\"\" class=\"wp-image-10404\"\/><\/figure>","protected":false},"excerpt":{"rendered":"<p>Em breve disponibilizamos informa\u00e7\u00f5es sobre de como ter entrega regional gr\u00e1tis.<\/p>\n","protected":false},"author":1,"featured_media":0,"parent":0,"menu_order":0,"comment_status":"closed","ping_status":"closed","template":"","meta":{"footnotes":""},"class_list":["post-6848","page","type-page","status-publish","hentry"],"_links":{"self":[{"href":"https:\/\/ambrosioeletro.com.br\/v20\/wp-json\/wp\/v2\/pages\/6848","targetHints":{"allow":["GET"]}}],"collection":[{"href":"https:\/\/ambrosioeletro.com.br\/v20\/wp-json\/wp\/v2\/pages"}],"about":[{"href":"https:\/\/ambrosioeletro.com.br\/v20\/wp-json\/wp\/v2\/types\/page"}],"author":[{"embeddable":true,"href":"https:\/\/ambrosioeletro.com.br\/v20\/wp-json\/wp\/v2\/users\/1"}],"replies":[{"embeddable":true,"href":"https:\/\/ambrosioeletro.com.br\/v20\/wp-json\/wp\/v2\/comments?post=6848"}],"version-history":[{"count":2,"href":"https:\/\/ambrosioeletro.com.br\/v20\/wp-json\/wp\/v2\/pages\/6848\/revisions"}],"predecessor-version":[{"id":10461,"href":"https:\/\/ambrosioeletro.com.br\/v20\/wp-json\/wp\/v2\/pages\/6848\/revisions\/10461"}],"wp:attachment":[{"href":"https:\/\/ambrosioeletro.com.br\/v20\/wp-json\/wp\/v2\/media?parent=6848"}],"curies":[{"name":"wp","href":"https:\/\/api.w.org\/{rel}","templated":true}]}}