{"id":10029,"date":"2022-11-08T17:28:59","date_gmt":"2022-11-08T20:28:59","guid":{"rendered":"http:\/\/ambrosioeletro.com.br\/v20\/?post_type=product&#038;p=10029"},"modified":"2026-02-10T10:43:22","modified_gmt":"2026-02-10T13:43:22","slug":"liquidificador-15l-forza-850w-leitoso-agratto-lqlf-pr","status":"publish","type":"product","link":"https:\/\/ambrosioeletro.com.br\/v20\/produto\/liquidificador-15l-forza-850w-leitoso-agratto-lqlf-pr\/","title":{"rendered":"Liquidificador 1,5L Forza 850W Leitoso Agratto LQLF PR"},"content":{"rendered":"<p>Certifica\u00e7\u00e3o Inmetro:<br \/>\nnbr 13910-1:1997<br \/>\nnbr 13910-2:1998<br \/>\nN\u00ba da licen\u00e7a do Ibama: 1542\/2019<\/p>\n<p>Alta pot\u00eancia pra preparar todas as suas receitas. Ideal para o preparo de receitas variadas, como sucos, batidas, vitaminas, molhos, cremes e mais.<br \/>\nMotor de 850W: Alta pot\u00eancia para rota\u00e7\u00e3o e tritura\u00e7\u00e3o de alimentos;<br \/>\n2 velocidades e pulsar: Para processar diversos tipos de alimentos;<br \/>\nJarra de 1,5L: Com aletas que impulsionam o alimento para a l\u00e2mina;<br \/>\nQuatro l\u00e2minas: Para picar e triturar com mais facilidade;<br \/>\nSistema de trava: Encaixe da jarra na base mais seguro;<br \/>\nPorta cabo: O cabo fica guardado dentro da base do liquidificador;<br \/>\nBase antiderrapante: Base mais est\u00e1vel.<\/p>\n<p>Altura: 37cm<br \/>\nLargura: 16cm<br \/>\nComprimento: 18cm<br \/>\nCapacidade: 1,5L<br \/>\nModelo: Forza<br \/>\nVoltagem: 127v<br \/>\nPot\u00eancia: 850w<br \/>\nMarca: Agratto<\/p>\n","protected":false},"excerpt":{"rendered":"<p>Certifica\u00e7\u00e3o Inmetro: nbr 13910-1:1997 nbr 13910-2:1998 N\u00ba da licen\u00e7a do Ibama: 1542\/2019 Alta pot\u00eancia pra preparar todas as suas receitas. Ideal para o preparo de receitas variadas, como sucos, batidas,<\/p>\n","protected":false},"featured_media":10033,"comment_status":"open","ping_status":"closed","template":"","meta":[],"product_brand":[],"product_cat":[232,226],"product_tag":[],"class_list":{"0":"post-10029","1":"product","2":"type-product","3":"status-publish","4":"has-post-thumbnail","6":"product_cat-cozinha","7":"product_cat-eletrodomesticos","9":"first","10":"instock","11":"shipping-taxable","12":"purchasable","13":"product-type-simple"},"_links":{"self":[{"href":"https:\/\/ambrosioeletro.com.br\/v20\/wp-json\/wp\/v2\/product\/10029","targetHints":{"allow":["GET"]}}],"collection":[{"href":"https:\/\/ambrosioeletro.com.br\/v20\/wp-json\/wp\/v2\/product"}],"about":[{"href":"https:\/\/ambrosioeletro.com.br\/v20\/wp-json\/wp\/v2\/types\/product"}],"replies":[{"embeddable":true,"href":"https:\/\/ambrosioeletro.com.br\/v20\/wp-json\/wp\/v2\/comments?post=10029"}],"wp:featuredmedia":[{"embeddable":true,"href":"https:\/\/ambrosioeletro.com.br\/v20\/wp-json\/wp\/v2\/media\/10033"}],"wp:attachment":[{"href":"https:\/\/ambrosioeletro.com.br\/v20\/wp-json\/wp\/v2\/media?parent=10029"}],"wp:term":[{"taxonomy":"product_brand","embeddable":true,"href":"https:\/\/ambrosioeletro.com.br\/v20\/wp-json\/wp\/v2\/product_brand?post=10029"},{"taxonomy":"product_cat","embeddable":true,"href":"https:\/\/ambrosioeletro.com.br\/v20\/wp-json\/wp\/v2\/product_cat?post=10029"},{"taxonomy":"product_tag","embeddable":true,"href":"https:\/\/ambrosioeletro.com.br\/v20\/wp-json\/wp\/v2\/product_tag?post=10029"}],"curies":[{"name":"wp","href":"https:\/\/api.w.org\/{rel}","templated":true}]}}