{"id":10536,"date":"2023-03-03T12:43:15","date_gmt":"2023-03-03T15:43:15","guid":{"rendered":"http:\/\/ambrosioeletro.com.br\/v20\/?post_type=product&#038;p=10536"},"modified":"2026-02-26T11:18:49","modified_gmt":"2026-02-26T14:18:49","slug":"ventilador-2-em-1-arno-turbo-force-preto-vf42","status":"publish","type":"product","link":"https:\/\/ambrosioeletro.com.br\/v20\/produto\/ventilador-2-em-1-arno-turbo-force-preto-vf42\/","title":{"rendered":"Ventilador 2 em 1 Arno Turbo Force Preto VF42"},"content":{"rendered":"<p><strong>Na mesa ou na parede, deixe os ambientes da sua casa muito mais agrad\u00e1veis, refrescantes e silenciosos com o novo Ventilador Arno Turbo Force 2 em 1, superforte e silencioso.<\/strong><\/p>\n<p>Este produto \u00e9 perfeito para qualquer tipo de ambiente pois possui 6 p\u00e1s para um potente fluxo de ar, inclina\u00e7\u00e3o acionada por um bot\u00e3o lateral, grades aerodin\u00e2micas e seguras para crian\u00e7as, e uma oscila\u00e7\u00e3o horizontal de 80 graus para uma \u00f3tima distribui\u00e7\u00e3o de ar. Al\u00e9m disso, o\u00a0 Ventilador Arno Turbo Force 2 em 1, apresenta tecnologia Power Zone, uma \u00e1rea concentrada que garante o m\u00e1ximo de vento direcionado, oferecendo performance superior e controle para que voc\u00ea n\u00e3o se preocupe com mais nada e pare de sofrer com o calor.<\/p>\n","protected":false},"excerpt":{"rendered":"<p>Na mesa ou na parede, deixe os ambientes da sua casa muito mais agrad\u00e1veis, refrescantes e silenciosos com o novo Ventilador Arno Turbo Force 2 em 1, superforte e silencioso.<\/p>\n","protected":false},"featured_media":12286,"comment_status":"open","ping_status":"closed","template":"","meta":[],"product_brand":[],"product_cat":[226,270],"product_tag":[],"class_list":{"0":"post-10536","1":"product","2":"type-product","3":"status-publish","4":"has-post-thumbnail","6":"product_cat-eletrodomesticos","7":"product_cat-ventiladores","8":"product_shipping_class-retirar-no-local","10":"first","11":"instock","12":"shipping-taxable","13":"purchasable","14":"product-type-simple"},"_links":{"self":[{"href":"https:\/\/ambrosioeletro.com.br\/v20\/wp-json\/wp\/v2\/product\/10536","targetHints":{"allow":["GET"]}}],"collection":[{"href":"https:\/\/ambrosioeletro.com.br\/v20\/wp-json\/wp\/v2\/product"}],"about":[{"href":"https:\/\/ambrosioeletro.com.br\/v20\/wp-json\/wp\/v2\/types\/product"}],"replies":[{"embeddable":true,"href":"https:\/\/ambrosioeletro.com.br\/v20\/wp-json\/wp\/v2\/comments?post=10536"}],"wp:featuredmedia":[{"embeddable":true,"href":"https:\/\/ambrosioeletro.com.br\/v20\/wp-json\/wp\/v2\/media\/12286"}],"wp:attachment":[{"href":"https:\/\/ambrosioeletro.com.br\/v20\/wp-json\/wp\/v2\/media?parent=10536"}],"wp:term":[{"taxonomy":"product_brand","embeddable":true,"href":"https:\/\/ambrosioeletro.com.br\/v20\/wp-json\/wp\/v2\/product_brand?post=10536"},{"taxonomy":"product_cat","embeddable":true,"href":"https:\/\/ambrosioeletro.com.br\/v20\/wp-json\/wp\/v2\/product_cat?post=10536"},{"taxonomy":"product_tag","embeddable":true,"href":"https:\/\/ambrosioeletro.com.br\/v20\/wp-json\/wp\/v2\/product_tag?post=10536"}],"curies":[{"name":"wp","href":"https:\/\/api.w.org\/{rel}","templated":true}]}}