{"id":10568,"date":"2023-03-08T15:24:27","date_gmt":"2023-03-08T18:24:27","guid":{"rendered":"http:\/\/ambrosioeletro.com.br\/v20\/?post_type=product&#038;p=10568"},"modified":"2026-02-26T11:38:18","modified_gmt":"2026-02-26T14:38:18","slug":"cabeceira-belize-casal-160-la-estofados","status":"publish","type":"product","link":"https:\/\/ambrosioeletro.com.br\/v20\/produto\/cabeceira-belize-casal-160-la-estofados\/","title":{"rendered":"Cabeceira Belize Casal 1,60 L&#038;A Estofados"},"content":{"rendered":"<p><strong>Cabeceira Belize Casal 1.60 L&amp;A Estofados<\/strong><\/p>\n<p><strong>Caracter\u00edsticas:<\/strong><\/p>\n<p>Espuma D20<br \/>\nP\u00e9s de madeira<br \/>\nEstrutura de madeira de eucalipto reflorestada<br \/>\nTecido Suede Liso<\/p>\n<p><strong>Especifica\u00e7\u00f5es:<\/strong><\/p>\n<p>Altura: 123 cm<br \/>\nLargura: 160cm<br \/>\nProfundidade: 14 cm<\/p>\n","protected":false},"excerpt":{"rendered":"<p>Cabeceira Belize Casal 1.60 L&amp;A Estofados Caracter\u00edsticas: Espuma D20 P\u00e9s de madeira Estrutura de madeira de eucalipto reflorestada Tecido Suede Liso Especifica\u00e7\u00f5es: Altura: 123 cm Largura: 160cm Profundidade: 14 cm<\/p>\n","protected":false},"featured_media":10564,"comment_status":"open","ping_status":"closed","template":"","meta":[],"product_brand":[],"product_cat":[227,241],"product_tag":[],"class_list":{"0":"post-10568","1":"product","2":"type-product","3":"status-publish","4":"has-post-thumbnail","6":"product_cat-moveis","7":"product_cat-quarto","8":"product_shipping_class-retirar-no-local","10":"first","11":"instock","12":"shipping-taxable","13":"purchasable","14":"product-type-variable"},"_links":{"self":[{"href":"https:\/\/ambrosioeletro.com.br\/v20\/wp-json\/wp\/v2\/product\/10568","targetHints":{"allow":["GET"]}}],"collection":[{"href":"https:\/\/ambrosioeletro.com.br\/v20\/wp-json\/wp\/v2\/product"}],"about":[{"href":"https:\/\/ambrosioeletro.com.br\/v20\/wp-json\/wp\/v2\/types\/product"}],"replies":[{"embeddable":true,"href":"https:\/\/ambrosioeletro.com.br\/v20\/wp-json\/wp\/v2\/comments?post=10568"}],"wp:featuredmedia":[{"embeddable":true,"href":"https:\/\/ambrosioeletro.com.br\/v20\/wp-json\/wp\/v2\/media\/10564"}],"wp:attachment":[{"href":"https:\/\/ambrosioeletro.com.br\/v20\/wp-json\/wp\/v2\/media?parent=10568"}],"wp:term":[{"taxonomy":"product_brand","embeddable":true,"href":"https:\/\/ambrosioeletro.com.br\/v20\/wp-json\/wp\/v2\/product_brand?post=10568"},{"taxonomy":"product_cat","embeddable":true,"href":"https:\/\/ambrosioeletro.com.br\/v20\/wp-json\/wp\/v2\/product_cat?post=10568"},{"taxonomy":"product_tag","embeddable":true,"href":"https:\/\/ambrosioeletro.com.br\/v20\/wp-json\/wp\/v2\/product_tag?post=10568"}],"curies":[{"name":"wp","href":"https:\/\/api.w.org\/{rel}","templated":true}]}}