{"id":10604,"date":"2023-03-09T10:27:30","date_gmt":"2023-03-09T13:27:30","guid":{"rendered":"http:\/\/ambrosioeletro.com.br\/v20\/?post_type=product&#038;p=10604"},"modified":"2025-12-18T17:08:37","modified_gmt":"2025-12-18T20:08:37","slug":"freezer-vertical-philco-pfv205b-2-em-1-201l-dupla-funcao","status":"publish","type":"product","link":"https:\/\/ambrosioeletro.com.br\/v20\/produto\/freezer-vertical-philco-pfv205b-2-em-1-201l-dupla-funcao\/","title":{"rendered":"Freezer Vertical Philco PFV205B 2 em 1 201L Dupla Fun\u00e7\u00e3o"},"content":{"rendered":"<div class=\"product-description__item item--description__textual is-active \" data-anchor=\"description-textual\" data-title=\"Descri\u00e7\u00e3o\">\n<div class=\"product-description__item-content \">\n<div>O Freezer Vertical Philco PFV205B vai tornar sua cozinha ainda mais completa! O freezer conta com 201 Litros, maior capacidade e melhor aproveitamento de espa\u00e7o. Ele tem v\u00e1rios compartimentos, para armazenamento de refei\u00e7\u00f5es prontas e carnes, prateleiras de vidro que facilitam a limpeza e armazenamento e gavet\u00e3o para frutos do mar, evitando que os outros alimentos peguem cheiro. Dupla fun\u00e7\u00e3o, sim \u00e9 2 em 1! Ele \u00e9 Freezer e Refrigerador em um \u00fanico produto, para voc\u00ea utiliz\u00e1-lo como quiser. E conta com porta \u00e9 revers\u00edvel, permite abertura para esquerda ou direita. Com rod\u00edzios para deslocamento, podendo mov\u00ea-lo e sem arrastar e estragar o piso. Sua classifica\u00e7\u00e3o energ\u00e9tica A+, mais que econ\u00f4mico, e o g\u00e1s livre de CFC garantem a preserva\u00e7\u00e3o tamb\u00e9m da natureza. Lindo, pr\u00e1tico e adapt\u00e1vel \u00e9 o Freezer e refrigerador Philco! Sistema Dupla Fun\u00e7\u00e3o: Pode operar na fun\u00e7\u00e3o freezer ou refrigerador; Maior Capacidade e melhor aproveitamento de espa\u00e7o; Controle de temperatura mec\u00e2nico na divis\u00f3ria interna; Sistema de refrigera\u00e7\u00e3o por compressor; Classifica\u00e7\u00e3o energ\u00e9tica A+; G\u00e1s refrigerante R290; Rod\u00edzios para deslocamento (2), facilitando a movimenta\u00e7\u00e3o do produto; Degelo Manual; Volume Interno 201 litros; Divis\u00e3o interna: 5 prateleiras e 1 gaveta; Dispon\u00edvel em 127V e ;<\/div>\n<\/div>\n<\/div>\n<div class=\"product-description__item item--description__specification \" data-anchor=\"specification\" data-title=\"Especifica\u00e7\u00f5es\">\n<h2 class=\"product-description__item-title \">Especifica\u00e7\u00f5es<\/h2>\n<div class=\"product-description__item-content \">\n<ul class=\"specification-items\">\n<li class=\"specification-item\"><span class=\"item-term\">Altura<\/span><span class=\"item-definition\">1,43m<\/span><\/li>\n<li class=\"specification-item\"><span class=\"item-term\">Largura<\/span><span class=\"item-definition\">55,00cm<\/span><\/li>\n<li class=\"specification-item\"><span class=\"item-term\">Profundidade<\/span><span class=\"item-definition\">45,00cm<\/span><\/li>\n<li class=\"specification-item\"><span class=\"item-term\">Peso<\/span><span class=\"item-definition\">46,62Kg<\/span><\/li>\n<li class=\"specification-item specification-btn-group\"><a class=\"btn\" href=\"http:\/\/philco.vteximg.com.br\/arquivos\/Manual_FREEZER_VERTICAL_PFV205B_127V_56751001.pdf\" target=\"_blank\" rel=\"noopener noreferrer\">Manual de Instru\u00e7\u00f5es<\/a><\/li>\n<\/ul>\n<\/div>\n<\/div>\n<div class=\"product-description__item item--description__feature \" data-anchor=\"feature\" data-title=\"Caracter\u00edsticas\">\n<h2 class=\"product-description__item-title \">Caracter\u00edsticas<\/h2>\n<div class=\"product-description__item-content \">\n<ul>\n<li class=\"specification-item\"><span class=\"item-term\">Capacidade (L)<\/span><span class=\"item-definition\">201 Litros<\/span><\/li>\n<li class=\"specification-item\"><span class=\"item-term\">Garantia (Dias)<\/span><span class=\"item-definition\">360<\/span><\/li>\n<li class=\"specification-item\"><span class=\"item-term\">Defrost<\/span><span class=\"item-definition\">N\u00e3o<\/span><\/li>\n<li class=\"specification-item\"><span class=\"item-term\">Estado<\/span><span class=\"item-definition\">Novo<\/span><\/li>\n<li class=\"specification-item\"><span class=\"item-term\">Descri\u00e7\u00e3o Complementar<\/span><span class=\"item-definition\">Freezer e Refrigerador Porta revers\u00edvel, abre para esquerda ou direita<\/span><\/li>\n<li class=\"specification-item\"><span class=\"item-term\">Tipo<\/span><span class=\"item-definition\">Vertical<\/span><\/li>\n<li class=\"specification-item\"><span class=\"item-term\">Marca<\/span><span class=\"item-definition\">Philco<\/span><\/li>\n<li class=\"specification-item\"><span class=\"item-term\">Modelo<\/span><span class=\"item-definition\">&#8211;<\/span><\/li>\n<\/ul>\n<\/div>\n<\/div>\n","protected":false},"excerpt":{"rendered":"<p>O Freezer Vertical Philco PFV205B vai tornar sua cozinha ainda mais completa! O freezer conta com 201 Litros, maior capacidade e melhor aproveitamento de espa\u00e7o. Ele tem v\u00e1rios compartimentos, para<\/p>\n","protected":false},"featured_media":10610,"comment_status":"open","ping_status":"closed","template":"","meta":[],"product_brand":[],"product_cat":[232,226],"product_tag":[],"class_list":{"0":"post-10604","1":"product","2":"type-product","3":"status-publish","4":"has-post-thumbnail","6":"product_cat-cozinha","7":"product_cat-eletrodomesticos","8":"product_shipping_class-retirar-no-local","10":"first","11":"instock","12":"shipping-taxable","13":"purchasable","14":"product-type-simple"},"_links":{"self":[{"href":"https:\/\/ambrosioeletro.com.br\/v20\/wp-json\/wp\/v2\/product\/10604","targetHints":{"allow":["GET"]}}],"collection":[{"href":"https:\/\/ambrosioeletro.com.br\/v20\/wp-json\/wp\/v2\/product"}],"about":[{"href":"https:\/\/ambrosioeletro.com.br\/v20\/wp-json\/wp\/v2\/types\/product"}],"replies":[{"embeddable":true,"href":"https:\/\/ambrosioeletro.com.br\/v20\/wp-json\/wp\/v2\/comments?post=10604"}],"wp:featuredmedia":[{"embeddable":true,"href":"https:\/\/ambrosioeletro.com.br\/v20\/wp-json\/wp\/v2\/media\/10610"}],"wp:attachment":[{"href":"https:\/\/ambrosioeletro.com.br\/v20\/wp-json\/wp\/v2\/media?parent=10604"}],"wp:term":[{"taxonomy":"product_brand","embeddable":true,"href":"https:\/\/ambrosioeletro.com.br\/v20\/wp-json\/wp\/v2\/product_brand?post=10604"},{"taxonomy":"product_cat","embeddable":true,"href":"https:\/\/ambrosioeletro.com.br\/v20\/wp-json\/wp\/v2\/product_cat?post=10604"},{"taxonomy":"product_tag","embeddable":true,"href":"https:\/\/ambrosioeletro.com.br\/v20\/wp-json\/wp\/v2\/product_tag?post=10604"}],"curies":[{"name":"wp","href":"https:\/\/api.w.org\/{rel}","templated":true}]}}