{"id":11075,"date":"2023-07-03T15:50:33","date_gmt":"2023-07-03T18:50:33","guid":{"rendered":"http:\/\/ambrosioeletro.com.br\/v20\/?post_type=product&#038;p=11075"},"modified":"2026-02-19T08:31:10","modified_gmt":"2026-02-19T11:31:10","slug":"lavadora-de-alta-pressao-karcher-k2-plus-turbo-1740psi-1400w","status":"publish","type":"product","link":"https:\/\/ambrosioeletro.com.br\/v20\/produto\/lavadora-de-alta-pressao-karcher-k2-plus-turbo-1740psi-1400w\/","title":{"rendered":"Lavadora de Alta Press\u00e3o Karcher K2 Plus Turbo 1740PSI 1400W"},"content":{"rendered":"<p><span class=\"sc-kpDqfm qhIEo\" data-testid=\"product-detail-title\">Lavadora de Alta Press\u00e3o Karcher K2 Plus Turbo 1740PSI 1400W<\/span><\/p>\n<div class=\"sc-fqkvVR heuZyN sc-foEvvu gdoEqN\" data-testid=\"product-detail-description\">\n<div class=\"sc-fqkvVR hlqElk sc-iyLcWo dCFrVo\" data-testid=\"rich-content-container\">A lavadora de alta press\u00e3o K2 Plus TURBO \u00e9 ideal para as tarefas do dia-a-dia, proporcionando uma limpeza profunda, r\u00e1pida e sem<br \/>\nesfor\u00e7o com \u00f3timo custo-benef\u00edcio. A m\u00e1quina possui uma al\u00e7a longa e rodas que trazem maior facilidade no transporte.A K2 Plus Turbo possui uma exclusiva lan\u00e7a de jato turbo que remove as sujeiras mais dif\u00edceis e \u00e9 perfeita para a limpeza de quintais,<br \/>\nparedes, cal\u00e7adas e muito mais, com economia de tempo, esfor\u00e7o e \u00e1gua se comparada com as mangueiras convencionais.<\/p>\n<p>Descri\u00e7\u00e3o de diferenciais:<\/p>\n<p>&#8211; Lan\u00e7a turbo rotativa: Jato reto e rotativo que aumenta a efici\u00eancia na limpeza removendo as sujeiras mais incrustadas.<br \/>\n&#8211; Mangueira para su\u00e7\u00e3o de detergente: A \u00fanica do mercado que possui mangueira para suc\u00e7\u00e3o de detergente integrada \u00e0<br \/>\nm\u00e1quina, sem a necessidade de acess\u00f3rio adicional para aplica\u00e7\u00e3o.<br \/>\n&#8211; Bomba com cabe\u00e7ote de alum\u00ednio: Alta resist\u00eancia e maior durabilidade.<br \/>\n&#8211; Al\u00e7a longa e rodas: Maior praticidade durante o uso e facilidade no transporte.<br \/>\n&#8211; Economia de \u00e1gua: Em compara\u00e7\u00e3o com uma mangueira de jardim, a lavadora garante a economia de \u00e1gua em at\u00e9 80%.<br \/>\n&#8211; Lavadora ergon\u00f4mica: As lavadoras K\u00e4rcher s\u00e3o as mais ergon\u00f4micas do mercado, com design pensado para trazer<br \/>\nconforto e praticidade.<br \/>\n&#8211; Compatibilidade de acess\u00f3rios: Os acess\u00f3rios exclusivos da K\u00e4rcher s\u00e3o compat\u00edveis entre lavadoras da mesma<br \/>\ncategoria.<br \/>\n&#8211; Leve e compacta: F\u00e1cil de usar, limpar e guardar, ocupando pouco espa\u00e7o.<br \/>\n&#8211; Plug and Play: F\u00e1cil de montar e desmontar o produto para uso ou armazenamento r\u00e1pido, sem a necessidade da utiliza\u00e7\u00e3o<br \/>\nde ferramentas.<\/p>\n<p>Acess\u00f3rios inclusos para uma limpeza din\u00e2mica:<br \/>\n1 lavadora de alta press\u00e3o K2 Plus TURBO<br \/>\n1 lan\u00e7a de jato leque (regul\u00e1vel) ideal para limpeza de rotina. O alto poder de arraste da sujeira cobre uma \u00e1rea maior, agilizando<br \/>\na opera\u00e7\u00e3o.<br \/>\n1 lan\u00e7a de jato turbo rotativo de alta pot\u00eancia, ideal para sujeitas de dif\u00edcil remo\u00e7\u00e3o em grandes \u00e1reas.<br \/>\n1 pistola K\u00e4rcher G145.<br \/>\n1 mangueira de alta press\u00e3o de 3 metros.<br \/>\n1 engate r\u00e1pido.<br \/>\n1 manual de instru\u00e7\u00f5es.<\/p>\n<\/div>\n<\/div>\n","protected":false},"excerpt":{"rendered":"<p>Lavadora de Alta Press\u00e3o Karcher K2 Plus Turbo 1740PSI 1400W A lavadora de alta press\u00e3o K2 Plus TURBO \u00e9 ideal para as tarefas do dia-a-dia, proporcionando uma limpeza profunda, r\u00e1pida<\/p>\n","protected":false},"featured_media":11086,"comment_status":"open","ping_status":"closed","template":"","meta":[],"product_brand":[],"product_cat":[15],"product_tag":[],"class_list":{"0":"post-11075","1":"product","2":"type-product","3":"status-publish","4":"has-post-thumbnail","6":"product_cat-produtos","8":"first","9":"instock","10":"shipping-taxable","11":"purchasable","12":"product-type-simple"},"_links":{"self":[{"href":"https:\/\/ambrosioeletro.com.br\/v20\/wp-json\/wp\/v2\/product\/11075","targetHints":{"allow":["GET"]}}],"collection":[{"href":"https:\/\/ambrosioeletro.com.br\/v20\/wp-json\/wp\/v2\/product"}],"about":[{"href":"https:\/\/ambrosioeletro.com.br\/v20\/wp-json\/wp\/v2\/types\/product"}],"replies":[{"embeddable":true,"href":"https:\/\/ambrosioeletro.com.br\/v20\/wp-json\/wp\/v2\/comments?post=11075"}],"wp:featuredmedia":[{"embeddable":true,"href":"https:\/\/ambrosioeletro.com.br\/v20\/wp-json\/wp\/v2\/media\/11086"}],"wp:attachment":[{"href":"https:\/\/ambrosioeletro.com.br\/v20\/wp-json\/wp\/v2\/media?parent=11075"}],"wp:term":[{"taxonomy":"product_brand","embeddable":true,"href":"https:\/\/ambrosioeletro.com.br\/v20\/wp-json\/wp\/v2\/product_brand?post=11075"},{"taxonomy":"product_cat","embeddable":true,"href":"https:\/\/ambrosioeletro.com.br\/v20\/wp-json\/wp\/v2\/product_cat?post=11075"},{"taxonomy":"product_tag","embeddable":true,"href":"https:\/\/ambrosioeletro.com.br\/v20\/wp-json\/wp\/v2\/product_tag?post=11075"}],"curies":[{"name":"wp","href":"https:\/\/api.w.org\/{rel}","templated":true}]}}