{"id":11106,"date":"2023-07-07T14:09:48","date_gmt":"2023-07-07T17:09:48","guid":{"rendered":"http:\/\/ambrosioeletro.com.br\/v20\/?post_type=product&#038;p=11106"},"modified":"2026-02-26T12:10:32","modified_gmt":"2026-02-26T15:10:32","slug":"tenda-gazebo-atrio-azul-dobravel-3x3x25m-es363","status":"publish","type":"product","link":"https:\/\/ambrosioeletro.com.br\/v20\/produto\/tenda-gazebo-atrio-azul-dobravel-3x3x25m-es363\/","title":{"rendered":"Tenda Gazebo Atrio Azul Dobr\u00e1vel 3x3x2,5m &#8211; ES363"},"content":{"rendered":"<div class=\"sc-fqkvVR clbOvz sc-fCqsqp RvlHu\" data-testid=\"product-detail\">\n<div class=\"sc-fqkvVR heuZyN sc-foEvvu gdoEqN\" data-testid=\"product-detail-description\">\n<div class=\"sc-fqkvVR hlqElk sc-iyLcWo dCFrVo\" data-testid=\"rich-content-container\">\n<p>Tenda Gazebo Atrio Azul Dobr\u00e1vel 3x3x2,5m &#8211; ES363<\/p>\n<p>Aproveite mais os momentos ao ar livre com a Tenda Gazebo Azul Dobr\u00e1vel da Atrio. Seja na praia, piscina, jardim de casa ou camping, a prote\u00e7\u00e3o \u00e9 garantida.<\/p>\n<p>Caracter\u00edsticas:<\/p>\n<p>EAN: 7898149184537<\/p>\n<p>Marca: Atrio<\/p>\n<p>Modelo: ES363<\/p>\n<p>Cor: Azul<\/p>\n<p>Revestimento Anticorrosivo.<br \/>\nProte\u00e7\u00e3o solar UV de 100 FPS.<br \/>\nTeto de poli\u00e9ster.<br \/>\nMaterial de alta resist\u00eancia.<br \/>\nEstrutura de a\u00e7o refor\u00e7ada.<\/p>\n<p>Bolsa para Guardar.<\/p>\n<p>Modelo Articulado<br \/>\nDimens\u00f5es: 3m x 3m x 2,5m<br \/>\nAcompanha instru\u00e7\u00f5es de montagem.<br \/>\nDimens\u00f5es da Embalagem:<\/p>\n<p>Altura: 22cm<\/p>\n<p>Largura: 120cm<\/p>\n<p>Profundidade: 20cm<\/p>\n<p>Peso: 12,200Kg<\/p>\n<p>Garantia: 3 Meses<\/p>\n<\/div>\n<\/div>\n<\/div>\n<div class=\"sc-fqkvVR dESRav sc-kgvGAC dzzmpv\">\n<table class=\"sc-fqkvVR dUvaSJ sc-ezreuY fICHEO\">\n<tbody>\n<tr>\n<td class=\"sc-boZgaH fVwlHU\">Informa\u00e7\u00f5es complementares<\/td>\n<td class=\"sc-jwZKMi hwNyaj\">\n<table class=\"sc-dChVcU jQnasd\">\n<tbody>\n<tr>\n<td class=\"sc-gJCZQp fQBhhr\">Cor<\/td>\n<td>Azul<\/td>\n<\/tr>\n<tr>\n<td class=\"sc-gJCZQp fQBhhr\">Tipo<\/td>\n<td>Gazebo<\/td>\n<\/tr>\n<\/tbody>\n<\/table>\n<\/td>\n<\/tr>\n<\/tbody>\n<\/table>\n<\/div>\n","protected":false},"excerpt":{"rendered":"<p>Tenda Gazebo Atrio Azul Dobr\u00e1vel 3x3x2,5m &#8211; ES363 Aproveite mais os momentos ao ar livre com a Tenda Gazebo Azul Dobr\u00e1vel da Atrio. Seja na praia, piscina, jardim de casa<\/p>\n","protected":false},"featured_media":11109,"comment_status":"open","ping_status":"closed","template":"","meta":[],"product_brand":[],"product_cat":[15],"product_tag":[],"class_list":{"0":"post-11106","1":"product","2":"type-product","3":"status-publish","4":"has-post-thumbnail","6":"product_cat-produtos","7":"product_shipping_class-retirar-no-local","9":"first","10":"instock","11":"shipping-taxable","12":"purchasable","13":"product-type-simple"},"_links":{"self":[{"href":"https:\/\/ambrosioeletro.com.br\/v20\/wp-json\/wp\/v2\/product\/11106","targetHints":{"allow":["GET"]}}],"collection":[{"href":"https:\/\/ambrosioeletro.com.br\/v20\/wp-json\/wp\/v2\/product"}],"about":[{"href":"https:\/\/ambrosioeletro.com.br\/v20\/wp-json\/wp\/v2\/types\/product"}],"replies":[{"embeddable":true,"href":"https:\/\/ambrosioeletro.com.br\/v20\/wp-json\/wp\/v2\/comments?post=11106"}],"wp:featuredmedia":[{"embeddable":true,"href":"https:\/\/ambrosioeletro.com.br\/v20\/wp-json\/wp\/v2\/media\/11109"}],"wp:attachment":[{"href":"https:\/\/ambrosioeletro.com.br\/v20\/wp-json\/wp\/v2\/media?parent=11106"}],"wp:term":[{"taxonomy":"product_brand","embeddable":true,"href":"https:\/\/ambrosioeletro.com.br\/v20\/wp-json\/wp\/v2\/product_brand?post=11106"},{"taxonomy":"product_cat","embeddable":true,"href":"https:\/\/ambrosioeletro.com.br\/v20\/wp-json\/wp\/v2\/product_cat?post=11106"},{"taxonomy":"product_tag","embeddable":true,"href":"https:\/\/ambrosioeletro.com.br\/v20\/wp-json\/wp\/v2\/product_tag?post=11106"}],"curies":[{"name":"wp","href":"https:\/\/api.w.org\/{rel}","templated":true}]}}