{"id":11418,"date":"2023-12-18T15:31:45","date_gmt":"2023-12-18T18:31:45","guid":{"rendered":"http:\/\/ambrosioeletro.com.br\/v20\/?post_type=product&#038;p=11418"},"modified":"2026-04-17T15:37:04","modified_gmt":"2026-04-17T18:37:04","slug":"armario-aereo-120-mila-fr-graf-fiorello","status":"publish","type":"product","link":"https:\/\/ambrosioeletro.com.br\/v20\/produto\/armario-aereo-120-mila-fr-graf-fiorello\/","title":{"rendered":"ARMARIO AEREO 120 MILA \u2013 FIORELLO"},"content":{"rendered":"<p><b>FIORELLO : ARM AEREO 120 MILA<\/b><\/p>\n<p><b>Medidas (cm): A X L X P<\/b><br \/>\n54X120X28.3cm<\/p>\n<p><b>Descri\u00e7\u00e3o T\u00e9cnica:<\/b><br \/>\n\u2013 Acabamento interno e externo em pintura UV<br \/>\n\u2013 Dobradi\u00e7as met\u00e1licas de press\u00e3o 26mm;<br \/>\n\u2013 Possui uma gaveta com corredi\u00e7as met\u00e1licas<br \/>\n\u2013 P\u00e9s em PVC com regulagem<br \/>\nPuxadores em ABS.\u201d<\/p>\n","protected":false},"excerpt":{"rendered":"<p>FIORELLO : ARM AEREO 120 MILA Medidas (cm): A X L X P 54X120X28.3cm Descri\u00e7\u00e3o T\u00e9cnica: \u2013 Acabamento interno e externo em pintura UV \u2013 Dobradi\u00e7as met\u00e1licas de press\u00e3o 26mm;<\/p>\n","protected":false},"featured_media":11422,"comment_status":"open","ping_status":"closed","template":"","meta":[],"product_brand":[],"product_cat":[243,227],"product_tag":[],"class_list":{"0":"post-11418","1":"product","2":"type-product","3":"status-publish","4":"has-post-thumbnail","6":"product_cat-cozinha-moveis","7":"product_cat-moveis","8":"product_shipping_class-retirar-no-local","10":"first","11":"instock","12":"shipping-taxable","13":"purchasable","14":"product-type-simple"},"_links":{"self":[{"href":"https:\/\/ambrosioeletro.com.br\/v20\/wp-json\/wp\/v2\/product\/11418","targetHints":{"allow":["GET"]}}],"collection":[{"href":"https:\/\/ambrosioeletro.com.br\/v20\/wp-json\/wp\/v2\/product"}],"about":[{"href":"https:\/\/ambrosioeletro.com.br\/v20\/wp-json\/wp\/v2\/types\/product"}],"replies":[{"embeddable":true,"href":"https:\/\/ambrosioeletro.com.br\/v20\/wp-json\/wp\/v2\/comments?post=11418"}],"wp:featuredmedia":[{"embeddable":true,"href":"https:\/\/ambrosioeletro.com.br\/v20\/wp-json\/wp\/v2\/media\/11422"}],"wp:attachment":[{"href":"https:\/\/ambrosioeletro.com.br\/v20\/wp-json\/wp\/v2\/media?parent=11418"}],"wp:term":[{"taxonomy":"product_brand","embeddable":true,"href":"https:\/\/ambrosioeletro.com.br\/v20\/wp-json\/wp\/v2\/product_brand?post=11418"},{"taxonomy":"product_cat","embeddable":true,"href":"https:\/\/ambrosioeletro.com.br\/v20\/wp-json\/wp\/v2\/product_cat?post=11418"},{"taxonomy":"product_tag","embeddable":true,"href":"https:\/\/ambrosioeletro.com.br\/v20\/wp-json\/wp\/v2\/product_tag?post=11418"}],"curies":[{"name":"wp","href":"https:\/\/api.w.org\/{rel}","templated":true}]}}