{"id":11452,"date":"2024-01-15T10:38:33","date_gmt":"2024-01-15T13:38:33","guid":{"rendered":"http:\/\/ambrosioeletro.com.br\/v20\/?post_type=product&#038;p=11452"},"modified":"2026-03-27T11:05:18","modified_gmt":"2026-03-27T14:05:18","slug":"ventilador-de-coluna-britania-bvt450-maxx-force-160w","status":"publish","type":"product","link":"https:\/\/ambrosioeletro.com.br\/v20\/produto\/ventilador-de-coluna-britania-bvt450-maxx-force-160w\/","title":{"rendered":"Ventilador de Coluna Brit\u00e2nia BVT450 Maxx Force 160W"},"content":{"rendered":"<p>Cansado de passar calor? Conte com o Ventilador de Coluna Brit\u00e2nia BVT450 Maxx Force 160W e refresque-se onde quiser! \u00c9 muito poder de ventila\u00e7\u00e3o com a Tecnologia Maxx Force! H\u00e9lice de 6 p\u00e1s com 40cm, leva muita vaz\u00e3o de ar e o melhor, consumindo pouca energia, j\u00e1 que possui classifica\u00e7\u00e3o energ\u00e9tica \u201cA\u201d e com o m\u00ednimo de ru\u00eddos. Flex\u00edvel e pr\u00e1tico, ajuste-o de modo que mais se adapte a sua necessidade. Com a oscila\u00e7\u00e3o vertical, regulagem da altura da coluna e oscila\u00e7\u00e3o horizontal autom\u00e1tica, voc\u00ea pode deixar seus ambientes muito mais agrad\u00e1veis! Sua seguran\u00e7a em primeiro lugar! O Ventilador de Coluna Brit\u00e2nia BVT450 Maxx Force 160W \u00e9 equipado de um motor com sistema de interrup\u00e7\u00e3o autom\u00e1tica em caso de superaquecimento do produto. Ventilador de Coluna Brit\u00e2nia BVT450 Maxx Force 160W, a melhor op\u00e7\u00e3o para o seu ver\u00e3o! \u2022 3 velocidades \u2022 H\u00e9lice de 6 p\u00e1s de 40cm \u2022 Pot\u00eancia de 160W \u2022 Grade que obedece \u00e0s normas de seguran\u00e7a (contato com partes m\u00f3veis) \u2022 Oscila\u00e7\u00e3o horizontal autom\u00e1tica com novo sistema de acionamento (bot\u00e3o integrado \u00e0 carca\u00e7a) \u2022 Sistema de articula\u00e7\u00e3o para ajuste da inclina\u00e7\u00e3o vertical \u2022 Porta-fio \u2022 Novo sistema de travamento entre grade frontal e traseira \u2022 Sistema Oscilante \u2022 Baixo consumo de energia el\u00e9trica \u2022 Baixo n\u00edvel de ru\u00eddo.<\/p>\n<table class=\"britania-store-theme-A1poUjIF-FCVZVZdMvzBW\" cellspacing=\"0\" cellpadding=\"0\">\n<tbody>\n<tr>\n<td>Altura do produto<\/td>\n<td>162,5 cm<\/td>\n<\/tr>\n<tr>\n<td>Largura do produto<\/td>\n<td>48 cm<\/td>\n<\/tr>\n<tr>\n<td>Comprimento do produto<\/td>\n<td>45,5 cm<\/td>\n<\/tr>\n<tr>\n<td>Peso do produto<\/td>\n<td>5,76 kg<\/td>\n<\/tr>\n<\/tbody>\n<\/table>\n<div class=\"britania-store-theme-3ualAl1qVjppHTxQ34ju4 britania-store-theme-3t7G3ek6WkcsS6ksgdsTbH\">\n<p>Dimens\u00f5es de envio do produto<\/p>\n<\/div>\n<table class=\"britania-store-theme-A1poUjIF-FCVZVZdMvzBW\" cellspacing=\"0\" cellpadding=\"0\">\n<tbody>\n<tr>\n<td>Altura com embalagem<\/td>\n<td>59,2 cm<\/td>\n<\/tr>\n<tr>\n<td>Largura com embalagem<\/td>\n<td>48 cm<\/td>\n<\/tr>\n<tr>\n<td>Comprimento com embalagem<\/td>\n<td>21 cm<\/td>\n<\/tr>\n<tr>\n<td>Peso com embalagem<\/td>\n<td>6,531 kg<\/td>\n<\/tr>\n<\/tbody>\n<\/table>\n","protected":false},"excerpt":{"rendered":"<p>Cansado de passar calor? Conte com o Ventilador de Coluna Brit\u00e2nia BVT450 Maxx Force 160W e refresque-se onde quiser! \u00c9 muito poder de ventila\u00e7\u00e3o com a Tecnologia Maxx Force! H\u00e9lice<\/p>\n","protected":false},"featured_media":12519,"comment_status":"open","ping_status":"closed","template":"","meta":[],"product_brand":[],"product_cat":[226,270],"product_tag":[],"class_list":{"0":"post-11452","1":"product","2":"type-product","3":"status-publish","4":"has-post-thumbnail","6":"product_cat-eletrodomesticos","7":"product_cat-ventiladores","8":"product_shipping_class-pac","10":"first","11":"instock","12":"shipping-taxable","13":"purchasable","14":"product-type-simple"},"_links":{"self":[{"href":"https:\/\/ambrosioeletro.com.br\/v20\/wp-json\/wp\/v2\/product\/11452","targetHints":{"allow":["GET"]}}],"collection":[{"href":"https:\/\/ambrosioeletro.com.br\/v20\/wp-json\/wp\/v2\/product"}],"about":[{"href":"https:\/\/ambrosioeletro.com.br\/v20\/wp-json\/wp\/v2\/types\/product"}],"replies":[{"embeddable":true,"href":"https:\/\/ambrosioeletro.com.br\/v20\/wp-json\/wp\/v2\/comments?post=11452"}],"wp:featuredmedia":[{"embeddable":true,"href":"https:\/\/ambrosioeletro.com.br\/v20\/wp-json\/wp\/v2\/media\/12519"}],"wp:attachment":[{"href":"https:\/\/ambrosioeletro.com.br\/v20\/wp-json\/wp\/v2\/media?parent=11452"}],"wp:term":[{"taxonomy":"product_brand","embeddable":true,"href":"https:\/\/ambrosioeletro.com.br\/v20\/wp-json\/wp\/v2\/product_brand?post=11452"},{"taxonomy":"product_cat","embeddable":true,"href":"https:\/\/ambrosioeletro.com.br\/v20\/wp-json\/wp\/v2\/product_cat?post=11452"},{"taxonomy":"product_tag","embeddable":true,"href":"https:\/\/ambrosioeletro.com.br\/v20\/wp-json\/wp\/v2\/product_tag?post=11452"}],"curies":[{"name":"wp","href":"https:\/\/api.w.org\/{rel}","templated":true}]}}