{"id":11989,"date":"2024-07-05T13:52:06","date_gmt":"2024-07-05T16:52:06","guid":{"rendered":"http:\/\/ambrosioeletro.com.br\/v20\/?post_type=product&#038;p=11989"},"modified":"2026-02-26T17:11:49","modified_gmt":"2026-02-26T20:11:49","slug":"conjunto-de-panelas-mta-florence-7-pecas-chocolate-5675","status":"publish","type":"product","link":"https:\/\/ambrosioeletro.com.br\/v20\/produto\/conjunto-de-panelas-mta-florence-7-pecas-chocolate-5675\/","title":{"rendered":"CONJUNTO DE PANELAS MTA FLORENCE 7 PE\u00c7AS CHOCOLATE 5675"},"content":{"rendered":"<div class=\"section-box description\" data-tab-id=\"#descricao\">\n<div class=\"board_htm\">\n<p><em>Deixe sua cozinha ainda mais vers\u00e1til, funcional e com alto desempenho com os Conjuntos de panelas Supra MTA em Alum\u00ednio com Revestimento interno e Externo Antiaderente Superflon Ultra e suas exclusivas 7 camadas de antiaderente! Al\u00e9m de lindas, as pe\u00e7as s\u00e3o essenciais para quem busca praticidade no preparo alimentar, garantem um cozimento r\u00e1pido e uniforme dos alimentos e evita que eles grudem em sua superf\u00edcie. Para que suas receitas sejam ainda melhor elaboradas, seus componentes acompanham tampas de vidro temperado com sa\u00edda de vapor que proporcionam uma utiliza\u00e7\u00e3o ainda mais pr\u00e1tica e eficiente, pois permitem a visualiza\u00e7\u00e3o da comida durante o preparo. E como seguran\u00e7a n\u00e3o pode faltar, suas al\u00e7as e cabos s\u00e3o produzidas em baquelite antit\u00e9rmico, reduzindo a propaga\u00e7\u00e3o de calor. Al\u00e9m disso, elas podem ser utilizadas em fog\u00f5es a g\u00e1s, el\u00e9tricos e vitrocer\u00e2micos (resist\u00eancia el\u00e9trica) e ir a m\u00e1quina de lavar lou\u00e7as, agregando maior efici\u00eancia ao seu dia a dia.<\/em><\/p>\n<\/div>\n<\/div>\n<div id=\"ficha\" class=\"section-box\">\n<div class=\"title\">FICHA T\u00c9CNICA<\/div>\n<div class=\"board_htm\">\n<div class=\"table-overflow\">\n<table>\n<tbody>\n<tr>\n<td>C\u00f3digo<\/td>\n<td>5675<\/td>\n<\/tr>\n<tr>\n<td>C\u00f3digo de barras<\/td>\n<td>7897186656755<\/td>\n<\/tr>\n<tr>\n<td>Modelo<\/td>\n<td>FLORENCE<\/td>\n<\/tr>\n<tr>\n<td>Categoria<\/td>\n<td>Conjunto 7 Pe\u00e7as<\/td>\n<\/tr>\n<tr>\n<td>Garantia<\/td>\n<td>90 dias ap\u00f3s o recebimento do produto<\/td>\n<\/tr>\n<\/tbody>\n<\/table>\n<\/div>\n<\/div>\n<\/div>\n<div class=\"section-box properties\" data-tab-id=\"#caracteristicas\">\n<div class=\"title\">CARACTER\u00cdSTICAS<\/div>\n<div class=\"board_htm\">\n<div>\n<ul>\n<li>Com revestimento antiaderente: Sim<\/li>\n<\/ul>\n<\/div>\n<\/div>\n<\/div>\n","protected":false},"excerpt":{"rendered":"<p>Deixe sua cozinha ainda mais vers\u00e1til, funcional e com alto desempenho com os Conjuntos de panelas Supra MTA em Alum\u00ednio com Revestimento interno e Externo Antiaderente Superflon Ultra e suas<\/p>\n","protected":false},"featured_media":11990,"comment_status":"open","ping_status":"closed","template":"","meta":[],"product_brand":[],"product_cat":[387],"product_tag":[],"class_list":{"0":"post-11989","1":"product","2":"type-product","3":"status-publish","4":"has-post-thumbnail","6":"product_cat-jogo-de-panelas","7":"product_shipping_class-retirar-no-local","9":"first","10":"instock","11":"shipping-taxable","12":"purchasable","13":"product-type-simple"},"_links":{"self":[{"href":"https:\/\/ambrosioeletro.com.br\/v20\/wp-json\/wp\/v2\/product\/11989","targetHints":{"allow":["GET"]}}],"collection":[{"href":"https:\/\/ambrosioeletro.com.br\/v20\/wp-json\/wp\/v2\/product"}],"about":[{"href":"https:\/\/ambrosioeletro.com.br\/v20\/wp-json\/wp\/v2\/types\/product"}],"replies":[{"embeddable":true,"href":"https:\/\/ambrosioeletro.com.br\/v20\/wp-json\/wp\/v2\/comments?post=11989"}],"wp:featuredmedia":[{"embeddable":true,"href":"https:\/\/ambrosioeletro.com.br\/v20\/wp-json\/wp\/v2\/media\/11990"}],"wp:attachment":[{"href":"https:\/\/ambrosioeletro.com.br\/v20\/wp-json\/wp\/v2\/media?parent=11989"}],"wp:term":[{"taxonomy":"product_brand","embeddable":true,"href":"https:\/\/ambrosioeletro.com.br\/v20\/wp-json\/wp\/v2\/product_brand?post=11989"},{"taxonomy":"product_cat","embeddable":true,"href":"https:\/\/ambrosioeletro.com.br\/v20\/wp-json\/wp\/v2\/product_cat?post=11989"},{"taxonomy":"product_tag","embeddable":true,"href":"https:\/\/ambrosioeletro.com.br\/v20\/wp-json\/wp\/v2\/product_tag?post=11989"}],"curies":[{"name":"wp","href":"https:\/\/api.w.org\/{rel}","templated":true}]}}