{"id":12037,"date":"2024-07-18T13:23:41","date_gmt":"2024-07-18T16:23:41","guid":{"rendered":"http:\/\/ambrosioeletro.com.br\/v20\/?post_type=product&#038;p=12037"},"modified":"2026-03-27T11:50:43","modified_gmt":"2026-03-27T14:50:43","slug":"fogao-5-bocas-preto-com-mesa-de-inox-dako-magister-bivolt","status":"publish","type":"product","link":"https:\/\/ambrosioeletro.com.br\/v20\/produto\/fogao-5-bocas-preto-com-mesa-de-inox-dako-magister-bivolt\/","title":{"rendered":"Fog\u00e3o 5 Bocas Preto com Mesa de Inox Dako Magister Bivolt"},"content":{"rendered":"<div class=\"product-info-stock-handle\">\n<div class=\"product-info-stock-sku\">\n<div class=\"stock available\" title=\"Disponibilidade\">Produto em estoque<\/div>\n<\/div>\n<div class=\"product attribute overview\">\n<div class=\"value\">\n<p><strong>Fog\u00e3o 5 Bocas Preto com Mesa de Inox Dako Magister: design que chama a aten\u00e7\u00e3o, inova\u00e7\u00e3o que faz a diferen\u00e7a<\/strong><\/p>\n<p>O Magister inox foi criado para os apaixonados por design e modernidade que querem um produto sofisticado e repleto de recursos.<\/p>\n<p>O design \u00e9 um espet\u00e1culo \u00e0 parte. Impec\u00e1vel e elegante, ele conta com uma porta toda em vidro, cantoneiras em inox e um puxador em alum\u00ednio escovado. Esses detalhes d\u00e3o ao fog\u00e3o um visual moderno e luxuoso, que chama a aten\u00e7\u00e3o de qualquer um.<\/p>\n<p>Com a Tripla Chama na vers\u00e3o com 5 queimadores e o acendimento autom\u00e1tico voc\u00ea poder\u00e1 preparar receitas de forma mais r\u00e1pida, sobrando mais tempo para aproveitar as pessoas queridas.<\/p>\n<p>Por falar em receitas, o forno de grande capacidade conta com duas prateleiras, sendo uma auto deslizante e outra deslizante.<\/p>\n<p>E n\u00e3o \u00e9 s\u00f3! Suas grades duplas s\u00e3o de piatina, muita robustas, que trazem ainda mais seguran\u00e7a ao movimentar suas panelas.<\/p>\n<p>A vers\u00e3o 5 bocas conta com 2 queimadores Semirr\u00e1pido de 1,7kW, 2 queimadores R\u00e1pido de 2,0kW, 1 queimador Tripla Chama de 3,3kW e forno com capacidade de 100 litros.<\/p>\n<\/div>\n<\/div>\n<div class=\"product-info-price\">\n<ul class=\"list\">\n<li class=\"item height\">\n<div class=\"attribute-container\"><span class=\"icon\"><img decoding=\"async\" src=\"https:\/\/www.dako.com.br\/static\/version1720015328\/frontend\/DigitalHub\/Dako\/pt_BR\/images\/icones\/icone-altura.png\" alt=\"icon\" \/><\/span><strong>96<\/strong>altura<\/div>\n<\/li>\n<li class=\"item width\">\n<div class=\"attribute-container\"><span class=\"icon\"><img decoding=\"async\" src=\"https:\/\/www.dako.com.br\/static\/version1720015328\/frontend\/DigitalHub\/Dako\/pt_BR\/images\/icones\/icone-largura.png\" alt=\"icon\" \/><\/span><strong>76<\/strong>largura<\/div>\n<\/li>\n<li class=\"item depth\">\n<div class=\"attribute-container\"><span class=\"icon\"><img decoding=\"async\" src=\"https:\/\/www.dako.com.br\/static\/version1720015328\/frontend\/DigitalHub\/Dako\/pt_BR\/images\/icones\/icone-profundidade.png\" alt=\"icon\" \/><\/span><strong>63,3<\/strong>profundidade<\/div>\n<\/li>\n<li class=\"item weight\">\n<div class=\"attribute-container\"><span class=\"icon\"><img decoding=\"async\" src=\"https:\/\/www.dako.com.br\/static\/version1720015328\/frontend\/DigitalHub\/Dako\/pt_BR\/images\/icones\/icone-peso.png\" alt=\"icon\" \/><\/span><strong>37<\/strong>peso<\/div>\n<\/li>\n<\/ul>\n<\/div>\n<\/div>\n<div class=\"product-social-links\"><\/div>\n","protected":false},"excerpt":{"rendered":"<p>Produto em estoque Fog\u00e3o 5 Bocas Preto com Mesa de Inox Dako Magister: design que chama a aten\u00e7\u00e3o, inova\u00e7\u00e3o que faz a diferen\u00e7a O Magister inox foi criado para os<\/p>\n","protected":false},"featured_media":12040,"comment_status":"open","ping_status":"closed","template":"","meta":[],"product_brand":[],"product_cat":[232,226],"product_tag":[],"class_list":{"0":"post-12037","1":"product","2":"type-product","3":"status-publish","4":"has-post-thumbnail","6":"product_cat-cozinha","7":"product_cat-eletrodomesticos","8":"product_shipping_class-retirar-no-local","10":"first","11":"instock","12":"shipping-taxable","13":"purchasable","14":"product-type-simple"},"_links":{"self":[{"href":"https:\/\/ambrosioeletro.com.br\/v20\/wp-json\/wp\/v2\/product\/12037","targetHints":{"allow":["GET"]}}],"collection":[{"href":"https:\/\/ambrosioeletro.com.br\/v20\/wp-json\/wp\/v2\/product"}],"about":[{"href":"https:\/\/ambrosioeletro.com.br\/v20\/wp-json\/wp\/v2\/types\/product"}],"replies":[{"embeddable":true,"href":"https:\/\/ambrosioeletro.com.br\/v20\/wp-json\/wp\/v2\/comments?post=12037"}],"wp:featuredmedia":[{"embeddable":true,"href":"https:\/\/ambrosioeletro.com.br\/v20\/wp-json\/wp\/v2\/media\/12040"}],"wp:attachment":[{"href":"https:\/\/ambrosioeletro.com.br\/v20\/wp-json\/wp\/v2\/media?parent=12037"}],"wp:term":[{"taxonomy":"product_brand","embeddable":true,"href":"https:\/\/ambrosioeletro.com.br\/v20\/wp-json\/wp\/v2\/product_brand?post=12037"},{"taxonomy":"product_cat","embeddable":true,"href":"https:\/\/ambrosioeletro.com.br\/v20\/wp-json\/wp\/v2\/product_cat?post=12037"},{"taxonomy":"product_tag","embeddable":true,"href":"https:\/\/ambrosioeletro.com.br\/v20\/wp-json\/wp\/v2\/product_tag?post=12037"}],"curies":[{"name":"wp","href":"https:\/\/api.w.org\/{rel}","templated":true}]}}