{"id":12447,"date":"2024-10-17T15:22:55","date_gmt":"2024-10-17T18:22:55","guid":{"rendered":"http:\/\/ambrosioeletro.com.br\/v20\/?post_type=product&#038;p=12447"},"modified":"2026-02-11T09:28:54","modified_gmt":"2026-02-11T12:28:54","slug":"smart-tv-32-philco-ptv32k34rkgb-roku-tv-led-dolby-audio","status":"publish","type":"product","link":"https:\/\/ambrosioeletro.com.br\/v20\/produto\/smart-tv-32-philco-ptv32k34rkgb-roku-tv-led-dolby-audio\/","title":{"rendered":"Smart Tv 32 Philco Ptv32k34rkgb Roku Tv Led Dolby Audio"},"content":{"rendered":"<div class=\"sc-iGgWBj hZQAA-D sc-dELsrf hkFgAS\" data-testid=\"product-detail\"><span class=\"sc-dcJsrY jZKEso\" data-testid=\"product-detail-title\">Smart Tv 32 Philco Ptv32k34rkgb Roku Tv Led Dolby Audio<\/span><\/p>\n<div class=\"sc-iGgWBj jEOEJZ sc-iCbVgq gMqAUE\" data-testid=\"product-detail-description\">\n<div class=\"sc-iGgWBj eWtIHQ sc-kodNMj dCOsrq\" data-testid=\"rich-content-container\">\n<p>DESCRI\u00c7\u00c3O RESUMIDA<\/p>\n<p>Eleve seu entretenimento com a Smart TV Philco 32&#8243; LED Roku TV. Com sistema Quadcore, ela oferece acesso r\u00e1pido e intuitivo a seus aplicativos favoritos, como Netflix, YouTube e muito mais. A resolu\u00e7\u00e3o HD proporciona uma imagem clara e vibrante, ideal para assistir a filmes e s\u00e9ries com qualidade. Compacta e cheia de funcionalidades, \u00e9 perfeita para qualquer ambiente da casa.<\/p>\n<p>Caracter\u00edsticas:<\/p>\n<p>Marca: Philco<\/p>\n<p>Modelo: PTV32K34RKGB<\/p>\n<p>Especifica\u00e7\u00f5es:<\/p>\n<p>Tamanho da tela: 32\u201d<\/p>\n<p>Resolu\u00e7\u00e3o: HD (1366 x 768)<\/p>\n<p>Tipo de painel: LED<\/p>\n<p>Frequ\u00eancia: 60 Hz<\/p>\n<p>Sistema Operacional: Roku TV<\/p>\n<p>Processador: QuadCore<\/p>\n<p>Conversor digital integrado<\/p>\n<p>Loja de Aplicativos<\/p>\n<p>Espelhamento de tela via Midiacast<\/p>\n<p>Compat\u00edvel com Alexa e Google Assistente<\/p>\n<p>Dobly Audio<\/p>\n<p>2 Sa\u00eddas de \u00e1udio<\/p>\n<p>Surround sound<\/p>\n<p>WiFi<\/p>\n<p>Conectividade: 2 HDMI, 1 USB, 1 LAN, 1 RF, 1 Sa\u00edda Digital \u00d3ptica<\/p>\n<p>Dimens\u00f5es: 47x76x10 cm (AxLxP)<\/p>\n<p>Garantia:<\/p>\n<p>12 meses<\/p>\n<p>Conte\u00fado da embalagem:<\/p>\n<p>1 x Smart TV 32\u201d<\/p>\n<p>1 x Controle remoto<\/p>\n<p>1 x Cabo de for\u00e7a<\/p>\n<p>1 x Base<\/p>\n<p>1 x Manual de instru\u00e7\u00f5es<\/p>\n<p>Peso:<\/p>\n<p>3,8 kg<\/p>\n<\/div>\n<\/div>\n<\/div>\n<div class=\"sc-iGgWBj eWtIHQ\" data-testid=\"lazyload-container\">\n<div class=\"sc-bpUBKd iMekvN\" data-testid=\"mod-y\"><\/div>\n<\/div>\n<div class=\"sc-iGgWBj hODtov sc-iAsoUh esWXqN\">\n<table class=\"sc-iGgWBj iCEidV sc-eBwKMn kTdlzO\">\n<tbody>\n<tr>\n<td class=\"sc-bHnlcS dUJHzp\">Informa\u00e7\u00f5es complementares<\/td>\n<td class=\"sc-cKXybt eHjdkg\">\n<table class=\"sc-fatcLD dnJluC\">\n<tbody>\n<tr>\n<td class=\"sc-lgjHQU lnpdFz\">Assistente Virtual<\/td>\n<td>Alexa e Google Assistente<\/td>\n<\/tr>\n<tr>\n<td class=\"sc-lgjHQU lnpdFz\">Conectividade<\/td>\n<td>2 HDMI, 1 USB, 1 LAN, 1 RF, 1 Sa\u00edda Digital \u00d3ptica<\/td>\n<\/tr>\n<tr>\n<td class=\"sc-lgjHQU lnpdFz\">Marca<\/td>\n<td><a class=\"sc-JrDLc gkEUmz sc-cgjDci gWnanE sc-cgjDci gWnanE\" href=\"https:\/\/www.magazineluiza.com.br\/marcas\/philco\/\" data-testid=\"link\">Philco<\/a><\/td>\n<\/tr>\n<tr>\n<td class=\"sc-lgjHQU lnpdFz\">Polegadas<\/td>\n<td>32<\/td>\n<\/tr>\n<tr>\n<td class=\"sc-lgjHQU lnpdFz\">Resolu\u00e7\u00e3o<\/td>\n<td>HD (1366 x 768)<\/td>\n<\/tr>\n<tr>\n<td class=\"sc-lgjHQU lnpdFz\">Sistema Operacional<\/td>\n<td>Roku TV<\/td>\n<\/tr>\n<tr>\n<td class=\"sc-lgjHQU lnpdFz\">Tecnologia<\/td>\n<td>LED<\/td>\n<\/tr>\n<tr>\n<td class=\"sc-lgjHQU lnpdFz\">Tipo de Painel<\/td>\n<td>led<\/td>\n<\/tr>\n<\/tbody>\n<\/table>\n<\/td>\n<\/tr>\n<\/tbody>\n<\/table>\n<\/div>\n","protected":false},"excerpt":{"rendered":"<p>Smart Tv 32 Philco Ptv32k34rkgb Roku Tv Led Dolby Audio DESCRI\u00c7\u00c3O RESUMIDA Eleve seu entretenimento com a Smart TV Philco 32&#8243; LED Roku TV. Com sistema Quadcore, ela oferece acesso<\/p>\n","protected":false},"featured_media":12449,"comment_status":"open","ping_status":"closed","template":"","meta":[],"product_brand":[],"product_cat":[228,266],"product_tag":[],"class_list":{"0":"post-12447","1":"product","2":"type-product","3":"status-publish","4":"has-post-thumbnail","6":"product_cat-eletroeletronicos","7":"product_cat-tvs","8":"product_shipping_class-retirar-no-local","10":"first","11":"instock","12":"shipping-taxable","13":"purchasable","14":"product-type-simple"},"_links":{"self":[{"href":"https:\/\/ambrosioeletro.com.br\/v20\/wp-json\/wp\/v2\/product\/12447","targetHints":{"allow":["GET"]}}],"collection":[{"href":"https:\/\/ambrosioeletro.com.br\/v20\/wp-json\/wp\/v2\/product"}],"about":[{"href":"https:\/\/ambrosioeletro.com.br\/v20\/wp-json\/wp\/v2\/types\/product"}],"replies":[{"embeddable":true,"href":"https:\/\/ambrosioeletro.com.br\/v20\/wp-json\/wp\/v2\/comments?post=12447"}],"wp:featuredmedia":[{"embeddable":true,"href":"https:\/\/ambrosioeletro.com.br\/v20\/wp-json\/wp\/v2\/media\/12449"}],"wp:attachment":[{"href":"https:\/\/ambrosioeletro.com.br\/v20\/wp-json\/wp\/v2\/media?parent=12447"}],"wp:term":[{"taxonomy":"product_brand","embeddable":true,"href":"https:\/\/ambrosioeletro.com.br\/v20\/wp-json\/wp\/v2\/product_brand?post=12447"},{"taxonomy":"product_cat","embeddable":true,"href":"https:\/\/ambrosioeletro.com.br\/v20\/wp-json\/wp\/v2\/product_cat?post=12447"},{"taxonomy":"product_tag","embeddable":true,"href":"https:\/\/ambrosioeletro.com.br\/v20\/wp-json\/wp\/v2\/product_tag?post=12447"}],"curies":[{"name":"wp","href":"https:\/\/api.w.org\/{rel}","templated":true}]}}