{"id":12769,"date":"2025-02-25T09:41:28","date_gmt":"2025-02-25T12:41:28","guid":{"rendered":"https:\/\/ambrosioeletro.com.br\/v20\/?post_type=product&#038;p=12769"},"modified":"2026-03-28T09:58:57","modified_gmt":"2026-03-28T12:58:57","slug":"ventilador-britania-2-em-1-tecnologia-maxx-force-60w-bvt301","status":"publish","type":"product","link":"https:\/\/ambrosioeletro.com.br\/v20\/produto\/ventilador-britania-2-em-1-tecnologia-maxx-force-60w-bvt301\/","title":{"rendered":"Ventilador Brit\u00e2nia 2 em 1 Tecnologia Maxx Force 60W BVT301"},"content":{"rendered":"<p>Os dias de ver\u00e3o n\u00e3o ser\u00e3o mais os mesmos com o Ventilador Brit\u00e2nia 2 em 1 Tecnologia Maxx Force 60W BVT301! Ele ir\u00e1 agradar e refrescar esses dias de calor mais intenso! O ventilador tem 3 velocidades sendo, suave, moderada e intensa. Portanto, voc\u00ea s\u00f3 precisa escolher a intensidade ideal para cada momento. A alta vaz\u00e3o de ar atua com \u00f3timo direcionamento e distribui\u00e7\u00e3o do ar, tudo isso, com baixo consumo de energia e com excelente performance, gra\u00e7as a sua classifica\u00e7\u00e3o energ\u00e9tica A! J\u00e1 o motor \u00e9 equipado com sistema que interrompe o funcionamento do produto quando houver superaquecimento e sistema de trava das grades. Outro recurso \u00e9 a incr\u00edvel tecnologia Maxx Force do BVT301, conta com H\u00e9lice de 6 p\u00e1s com 30 cm e alt\u00edssimo desempenho e poder de ventila\u00e7\u00e3o. Por ser 2 em 1, pode ser utilizado na mesa, bancadas ou como ventilador de parede. Al\u00e9m disso, a grade com 36cm proporciona grande praticidade. F\u00e1cil de montar, desmontar e limpar! Para um ambiente refrescante, longe do clima quente e abafado, conte com o Ventilador Brit\u00e2nia 2 em 1 Tecnologia Maxx Force 60W BVT301! \u2022 3 velocidades \u2022 H\u00e9lice com 6 p\u00e1s \u2022 Grade que obedece \u00e0s normas de seguran\u00e7a (contato com partes m\u00f3veis) \u2022 Oscila\u00e7\u00e3o horizontal autom\u00e1tica com novo sistema de acionamento (bot\u00e3o integrado \u00e0 carca\u00e7a) \u2022 Novo sistema de articula\u00e7\u00e3o para ajuste da inclina\u00e7\u00e3o vertical (sem borboleta) \u2022 Porta-fio \u2022 Novo sistema de travamento entre grade frontal e traseira \u2022 Remo\u00e7\u00e3o da grade frontal que atende as normas de seguran\u00e7a \u2022 Motor com fus\u00edvel t\u00e9rmico de seguran\u00e7a \u2022 Al\u00e7a na grade traseira para transportar o aparelho \u2022 Possui classifica\u00e7\u00e3o A na efici\u00eancia energ\u00e9tica.<\/p>\n<div class=\"britania-store-theme-3ualAl1qVjppHTxQ34ju4 britania-store-theme-1swtAlTgtZ6ezegcUmJbp4\">\n<p>Dimens\u00f5es do produto<\/p>\n<\/div>\n<table class=\"britania-store-theme-A1poUjIF-FCVZVZdMvzBW\" cellspacing=\"0\" cellpadding=\"0\">\n<tbody>\n<tr>\n<td>Altura do produto<\/td>\n<td>55,8 cm<\/td>\n<\/tr>\n<tr>\n<td>Largura do produto<\/td>\n<td>36 cm<\/td>\n<\/tr>\n<tr>\n<td>Comprimento do produto<\/td>\n<td>30 cm<\/td>\n<\/tr>\n<tr>\n<td>Peso do produto<\/td>\n<td>1,723 kg<\/td>\n<\/tr>\n<\/tbody>\n<\/table>\n<div class=\"britania-store-theme-3ualAl1qVjppHTxQ34ju4 britania-store-theme-3t7G3ek6WkcsS6ksgdsTbH\">\n<p>Dimens\u00f5es de envio do produto<\/p>\n<\/div>\n<table class=\"britania-store-theme-A1poUjIF-FCVZVZdMvzBW\" cellspacing=\"0\" cellpadding=\"0\">\n<tbody>\n<tr>\n<td>Altura com embalagem<\/td>\n<td>35,1 cm<\/td>\n<\/tr>\n<tr>\n<td>Largura com embalagem<\/td>\n<td>38,4 cm<\/td>\n<\/tr>\n<tr>\n<td>Comprimento com embalagem<\/td>\n<td>23,3 cm<\/td>\n<\/tr>\n<tr>\n<td>Peso com embalagem<\/td>\n<td>2,074 kg<\/td>\n<\/tr>\n<\/tbody>\n<\/table>\n","protected":false},"excerpt":{"rendered":"<p>Os dias de ver\u00e3o n\u00e3o ser\u00e3o mais os mesmos com o Ventilador Brit\u00e2nia 2 em 1 Tecnologia Maxx Force 60W BVT301! Ele ir\u00e1 agradar e refrescar esses dias de calor<\/p>\n","protected":false},"featured_media":12770,"comment_status":"open","ping_status":"closed","template":"","meta":[],"product_brand":[],"product_cat":[226,270],"product_tag":[],"class_list":{"0":"post-12769","1":"product","2":"type-product","3":"status-publish","4":"has-post-thumbnail","6":"product_cat-eletrodomesticos","7":"product_cat-ventiladores","8":"product_shipping_class-pac","10":"first","11":"instock","12":"shipping-taxable","13":"purchasable","14":"product-type-simple"},"_links":{"self":[{"href":"https:\/\/ambrosioeletro.com.br\/v20\/wp-json\/wp\/v2\/product\/12769","targetHints":{"allow":["GET"]}}],"collection":[{"href":"https:\/\/ambrosioeletro.com.br\/v20\/wp-json\/wp\/v2\/product"}],"about":[{"href":"https:\/\/ambrosioeletro.com.br\/v20\/wp-json\/wp\/v2\/types\/product"}],"replies":[{"embeddable":true,"href":"https:\/\/ambrosioeletro.com.br\/v20\/wp-json\/wp\/v2\/comments?post=12769"}],"wp:featuredmedia":[{"embeddable":true,"href":"https:\/\/ambrosioeletro.com.br\/v20\/wp-json\/wp\/v2\/media\/12770"}],"wp:attachment":[{"href":"https:\/\/ambrosioeletro.com.br\/v20\/wp-json\/wp\/v2\/media?parent=12769"}],"wp:term":[{"taxonomy":"product_brand","embeddable":true,"href":"https:\/\/ambrosioeletro.com.br\/v20\/wp-json\/wp\/v2\/product_brand?post=12769"},{"taxonomy":"product_cat","embeddable":true,"href":"https:\/\/ambrosioeletro.com.br\/v20\/wp-json\/wp\/v2\/product_cat?post=12769"},{"taxonomy":"product_tag","embeddable":true,"href":"https:\/\/ambrosioeletro.com.br\/v20\/wp-json\/wp\/v2\/product_tag?post=12769"}],"curies":[{"name":"wp","href":"https:\/\/api.w.org\/{rel}","templated":true}]}}