{"id":12837,"date":"2025-03-06T17:45:36","date_gmt":"2025-03-06T20:45:36","guid":{"rendered":"https:\/\/ambrosioeletro.com.br\/v20\/?post_type=product&#038;p=12837"},"modified":"2025-11-25T17:23:00","modified_gmt":"2025-11-25T20:23:00","slug":"smart-tv-50-led-4k-ultra-hd-semp-tcl-s61-google-tv-hdr-hdmi-2-1","status":"publish","type":"product","link":"https:\/\/ambrosioeletro.com.br\/v20\/produto\/smart-tv-50-led-4k-ultra-hd-semp-tcl-s61-google-tv-hdr-hdmi-2-1\/","title":{"rendered":"Smart TV 50&#8243; LED 4K Ultra HD Semp TCL 50S61, Google TV, HDR, HDMI 2.1"},"content":{"rendered":"<div class=\"sc-iGgWBj hZQAA-D sc-dlObkE kcHhtj\" data-testid=\"product-detail\"><span class=\"sc-dcJsrY jZKEso\" data-testid=\"product-detail-title\">Smart TV 50&#8243; LED 4K Ultra HD Semp TCL S61, Google TV, HDR, HDMI 2.1<\/span><\/p>\n<div class=\"sc-iGgWBj jEOEJZ sc-cmCCYV PXDNd\" data-testid=\"product-detail-description\">\n<div class=\"sc-iGgWBj eWtIHQ sc-kCoybQ iBrdoy\" data-testid=\"rich-content-container\">HDR: Veja o detalhes em detalhesHigh Dynamic Range (HDR) oferece uma experi\u00eancia superior com brilho marcante, detalhes excepcionais nas sombras e cores vibrantes. Permita-se apreciar detalhes incr\u00edveis de imagem exatamente como os cineastas pretendiam.Processador com Intelig\u00eancia ArtificialO processador AiPQ permite que o algoritmo processe o conte\u00fado com 4K est\u00e1vel e de alta qualidade. \u00c9 hora de desfrutar de uma aut\u00eantica noite de cinema.Detalhes excepcionais nas telasT-SCREEN oferece um aumento de contraste de 3x, reduz o consumo de energia e proporciona um \u00e2ngulo de visualiza\u00e7\u00e3o de 178o. \u00c9 o complemento ideal para a sua experi\u00eancia de TV.Especifica\u00e7\u00f5es T\u00e9cnicas:Marca Semp TCLModelo S61Cor PretoTamanho da tela 50&#8243;Tipo de painel LEDResolu\u00e7\u00e3o 3840 x 2160 (4K UHD)Formato da tela WideScreen 16:9Processador AiPQSistema Operacional Google TVHDR SimPot\u00eancia de sa\u00edda de \u00e1udio 20 W RMS ( 2*10W RMS)Dolby Audio SimHDMI 2.1 SimCertificado Anatel 04527-22-06714Consumo 125WVoltagem BivoltPeso 9 kgDimens\u00f5es (A x L x P) 76 x 122 x 1 cm, Conte\u00fado da embalagem 1 Smart TV 50&#8243;, Cabo de for\u00e7a, Controle RemotoGarantia 12 meses com o fornecedor<\/div>\n<\/div>\n<\/div>\n<div class=\"sc-iGgWBj eWtIHQ\" data-testid=\"lazyload-container\">\n<div class=\"sc-bpUBKd iMekvN\" data-testid=\"mod-z\"><\/div>\n<\/div>\n<div class=\"sc-iGgWBj hODtov sc-hmMbRg etXaoj\">\n<table class=\"sc-iGgWBj iCEidV sc-dBFDNq cBaKYh\">\n<tbody>\n<tr>\n<td class=\"sc-ggqIjW ihJCKE\">Certificado de homologa\u00e7\u00e3o da ANATEL<\/td>\n<td class=\"sc-djVXDX hyYAsv\">\n<table class=\"sc-btwKTd lVIGE\">\n<tbody>\n<tr>\n<td>045272206714<\/td>\n<\/tr>\n<\/tbody>\n<\/table>\n<\/td>\n<\/tr>\n<tr>\n<td class=\"sc-ggqIjW ihJCKE\">Informa\u00e7\u00f5es complementares<\/td>\n<td class=\"sc-djVXDX hyYAsv\">\n<table class=\"sc-btwKTd lVIGE\">\n<tbody>\n<tr>\n<td class=\"sc-epRvzc gNpdle\">Certificado Homologado pela Anatel N\u00famero<\/td>\n<td>04527-22-06714<\/td>\n<\/tr>\n<tr>\n<td class=\"sc-epRvzc gNpdle\">Conectividade<\/td>\n<td>HDMI<\/td>\n<\/tr>\n<tr>\n<td class=\"sc-epRvzc gNpdle\">Conex\u00f5es<\/td>\n<td>HDMI 2.1<\/td>\n<\/tr>\n<tr>\n<td class=\"sc-epRvzc gNpdle\">Consumo Aproximado de Energia<\/td>\n<td>125W<\/td>\n<\/tr>\n<tr>\n<td class=\"sc-epRvzc gNpdle\">Conte\u00fado da Embalagem<\/td>\n<td>1 Smart TV 50&#8243;, Cabo de for\u00e7a, Controle Remoto<\/td>\n<\/tr>\n<tr>\n<td class=\"sc-epRvzc gNpdle\">Controle Remoto<\/td>\n<td>Sim<\/td>\n<\/tr>\n<tr>\n<td class=\"sc-epRvzc gNpdle\">Dimens\u00f5es do Produto<\/td>\n<td>76 x 122 x 1 cm<\/td>\n<\/tr>\n<tr>\n<td class=\"sc-epRvzc gNpdle\">Formato da Tela<\/td>\n<td>4K UHD<\/td>\n<\/tr>\n<tr>\n<td class=\"sc-epRvzc gNpdle\">Linha<\/td>\n<td>S61<\/td>\n<\/tr>\n<tr>\n<td class=\"sc-epRvzc gNpdle\">Marca<\/td>\n<td><a class=\"sc-JrDLc gkEUmz sc-gFnajm hGdeGR sc-gFnajm hGdeGR\" href=\"https:\/\/www.magazineluiza.com.br\/marcas\/semp-tcl\/\" data-testid=\"link\">Semp TCL<\/a><\/td>\n<\/tr>\n<tr>\n<td class=\"sc-epRvzc gNpdle\">Modelo<\/td>\n<td>S61<\/td>\n<\/tr>\n<tr>\n<td class=\"sc-epRvzc gNpdle\">Peso do Produto<\/td>\n<td>9 kg<\/td>\n<\/tr>\n<tr>\n<td class=\"sc-epRvzc gNpdle\">Polegadas<\/td>\n<td>50<\/td>\n<\/tr>\n<tr>\n<td class=\"sc-epRvzc gNpdle\">Prazo de Garantia<\/td>\n<td>12 meses<\/td>\n<\/tr>\n<tr>\n<td class=\"sc-epRvzc gNpdle\">Processador<\/td>\n<td>AiPQ<\/td>\n<\/tr>\n<tr>\n<td class=\"sc-epRvzc gNpdle\">Resolu\u00e7\u00e3o<\/td>\n<td>3840 x 2160<\/td>\n<\/tr>\n<tr>\n<td class=\"sc-epRvzc gNpdle\">Sistema Operacional<\/td>\n<td>Google TV<\/td>\n<\/tr>\n<tr>\n<td class=\"sc-epRvzc gNpdle\">Tecnologia da TV<\/td>\n<td>LED<\/td>\n<\/tr>\n<tr>\n<td class=\"sc-epRvzc gNpdle\">Tipo de Display<\/td>\n<td>LED<\/td>\n<\/tr>\n<tr>\n<td class=\"sc-epRvzc gNpdle\">Tipo de Painel<\/td>\n<td>led<\/td>\n<\/tr>\n<tr>\n<td class=\"sc-epRvzc gNpdle\">Tipo de TV<\/td>\n<td>Smart TV<\/td>\n<\/tr>\n<tr>\n<td class=\"sc-epRvzc gNpdle\">Voltagem<\/td>\n<td>Bivolt<\/td>\n<\/tr>\n<tr>\n<td class=\"sc-epRvzc gNpdle\">\u00c2ngulo de Vis\u00e3o<\/td>\n<td>178o<\/td>\n<\/tr>\n<\/tbody>\n<\/table>\n<\/td>\n<\/tr>\n<\/tbody>\n<\/table>\n<\/div>\n","protected":false},"excerpt":{"rendered":"<p>Smart TV 50&#8243; LED 4K Ultra HD Semp TCL S61, Google TV, HDR, HDMI 2.1 HDR: Veja o detalhes em detalhesHigh Dynamic Range (HDR) oferece uma experi\u00eancia superior com brilho<\/p>\n","protected":false},"featured_media":12839,"comment_status":"open","ping_status":"closed","template":"","meta":[],"product_brand":[],"product_cat":[228,266],"product_tag":[],"class_list":{"0":"post-12837","1":"product","2":"type-product","3":"status-publish","4":"has-post-thumbnail","6":"product_cat-eletroeletronicos","7":"product_cat-tvs","8":"product_shipping_class-retirar-no-local","10":"first","11":"instock","12":"shipping-taxable","13":"purchasable","14":"product-type-simple"},"_links":{"self":[{"href":"https:\/\/ambrosioeletro.com.br\/v20\/wp-json\/wp\/v2\/product\/12837","targetHints":{"allow":["GET"]}}],"collection":[{"href":"https:\/\/ambrosioeletro.com.br\/v20\/wp-json\/wp\/v2\/product"}],"about":[{"href":"https:\/\/ambrosioeletro.com.br\/v20\/wp-json\/wp\/v2\/types\/product"}],"replies":[{"embeddable":true,"href":"https:\/\/ambrosioeletro.com.br\/v20\/wp-json\/wp\/v2\/comments?post=12837"}],"wp:featuredmedia":[{"embeddable":true,"href":"https:\/\/ambrosioeletro.com.br\/v20\/wp-json\/wp\/v2\/media\/12839"}],"wp:attachment":[{"href":"https:\/\/ambrosioeletro.com.br\/v20\/wp-json\/wp\/v2\/media?parent=12837"}],"wp:term":[{"taxonomy":"product_brand","embeddable":true,"href":"https:\/\/ambrosioeletro.com.br\/v20\/wp-json\/wp\/v2\/product_brand?post=12837"},{"taxonomy":"product_cat","embeddable":true,"href":"https:\/\/ambrosioeletro.com.br\/v20\/wp-json\/wp\/v2\/product_cat?post=12837"},{"taxonomy":"product_tag","embeddable":true,"href":"https:\/\/ambrosioeletro.com.br\/v20\/wp-json\/wp\/v2\/product_tag?post=12837"}],"curies":[{"name":"wp","href":"https:\/\/api.w.org\/{rel}","templated":true}]}}