{"id":12899,"date":"2025-03-17T17:22:12","date_gmt":"2025-03-17T20:22:12","guid":{"rendered":"https:\/\/ambrosioeletro.com.br\/v20\/?post_type=product&#038;p=12899"},"modified":"2025-03-17T17:46:37","modified_gmt":"2025-03-17T20:46:37","slug":"smart-tv-philco-50-polegadas-led-4k-roku-tv-ptv50va4regb","status":"publish","type":"product","link":"https:\/\/ambrosioeletro.com.br\/v20\/produto\/smart-tv-philco-50-polegadas-led-4k-roku-tv-ptv50va4regb\/","title":{"rendered":"Smart TV Philco 50 Polegadas LED 4K Roku TV PTV50VA4REGB"},"content":{"rendered":"<div class=\"sc-iGgWBj hZQAA-D sc-kjGiqv izjtyg\" data-testid=\"product-detail\">\n<p><span class=\"sc-dcJsrY jZKEso\" data-testid=\"product-detail-title\">Smart TV Philco 50 Polegadas LED 4K Roku TV PTV50VA4REGB<\/span><\/p>\n<div class=\"sc-iGgWBj jEOEJZ sc-kibuJE hSzPQm\" data-testid=\"product-detail-description\">\n<div class=\"sc-iGgWBj eWtIHQ sc-liRGCe LcHql\" data-testid=\"rich-content-container\">\n<p>Descubra a experi\u00eancia completa de entretenimento com a Smart TV 50 Philco PTV50VA4REGB Roku TV LED! Com resolu\u00e7\u00e3o 4K UHD e tecnologia HDR10, aproveite imagens ultran\u00edtidas, contrastes aprimorados e cores vibrantes. Conecte-se \u00e0 internet e acesse mais de 100.000 filmes e epis\u00f3dios de TV em canais como Netflix e YouTube. A Busca Inteligente facilita encontrar seus conte\u00fados favoritos rapidamente, enquanto o Dolby Audio oferece som imersivo em qualidade 5.1 canais. Controle sua TV com o APP Mobile, conecte dispositivos via entradas HDMI e USB, e aproveite a velocidade do Processador Quad-Core para performance impec\u00e1vel. Atualiza\u00e7\u00f5es autom\u00e1ticas garantem que sua TV esteja sempre atualizada!<\/p>\n<p>Caracter\u00edsticas:<br \/>\nSmart TV<br \/>\nTamanho da tela &#8211; 50 polegadas<br \/>\nSistema Operacional &#8211; Roku Tv<br \/>\nProcessador &#8211; Quad Core<br \/>\nResolu\u00e7\u00e3o &#8211; UHD (3840 X 2160)<br \/>\nTipo de Painel &#8211; DLED<br \/>\nConversor digital integrado<br \/>\nWifi<br \/>\nLoja de Aplicativos<br \/>\nEspelhamento de tela &#8211; Midiacast<br \/>\nAplicativos instalados &#8211; Netflix, Disney+, Youtube, Prime V\u00eddeo e Apple TV<br \/>\nConex\u00e3o com Google Assistente e Alexa<br \/>\nDolby \u00c1udio<br \/>\nCanais &#8211; 2.0<br \/>\nSurround sound<br \/>\nEqualiza\u00e7\u00e3o de Som<br \/>\nPot\u00eancia do alto-falante &#8211; 12Wrms x 2<br \/>\n3 Entradas HDMI<br \/>\n2 Entradas USB<br \/>\n1 Ethernet (LAN)<br \/>\n1 Entrada de antena RF<br \/>\n1 Sa\u00edda Digital \u00d3ptica<br \/>\nInmetro &#8211; 000403\/2018<br \/>\nHomologa\u00e7\u00e3o Anatel &#8211; 01577-22-11928<br \/>\nMedidas sem base (AxLxP) &#8211; 64,3 x 111 x 7 cm<\/p>\n<p>Dimens\u00f5es:<br \/>\nAltura: 69 cm<br \/>\nLargura: 111 cm<br \/>\nProfundidade: 25,5 cm<br \/>\nPeso: 8,60 kg<\/p>\n<p>Garantia do fornecedor de 12 meses<\/p>\n<\/div>\n<\/div>\n<\/div>\n<div class=\"sc-iGgWBj eWtIHQ\" data-testid=\"lazyload-container\">\n<div class=\"sc-bpUBKd iMekvN\" data-testid=\"mod-z\"><\/div>\n<\/div>\n<div class=\"sc-iGgWBj hODtov sc-kyOVhw buMXwc\">\n<table class=\"sc-iGgWBj iCEidV sc-dBFDNq cBaKYh\">\n<tbody>\n<tr>\n<td class=\"sc-ggqIjW ihJCKE\">Modelo<\/td>\n<td class=\"sc-djVXDX hyYAsv\">\n<table class=\"sc-btwKTd lVIGE\">\n<tbody>\n<tr>\n<td>PTV50VA4REGB<\/td>\n<\/tr>\n<\/tbody>\n<\/table>\n<\/td>\n<\/tr>\n<tr>\n<td class=\"sc-ggqIjW ihJCKE\">Garantia<\/td>\n<td class=\"sc-djVXDX hyYAsv\">\n<table class=\"sc-btwKTd lVIGE\">\n<tbody>\n<tr>\n<td>12 meses<\/td>\n<\/tr>\n<\/tbody>\n<\/table>\n<\/td>\n<\/tr>\n<tr>\n<td class=\"sc-ggqIjW ihJCKE\">Smart TV<\/td>\n<td class=\"sc-djVXDX hyYAsv\">\n<table class=\"sc-btwKTd lVIGE\">\n<tbody>\n<tr>\n<td>Com Fun??o Smart TV<\/td>\n<\/tr>\n<\/tbody>\n<\/table>\n<\/td>\n<\/tr>\n<tr>\n<td class=\"sc-ggqIjW ihJCKE\">Resolu\u00e7\u00e3o<\/td>\n<td class=\"sc-djVXDX hyYAsv\">\n<table class=\"sc-btwKTd lVIGE\">\n<tbody>\n<tr>\n<td>4K<\/td>\n<\/tr>\n<\/tbody>\n<\/table>\n<\/td>\n<\/tr>\n<tr>\n<td class=\"sc-ggqIjW ihJCKE\">Tamanho da Tela<\/td>\n<td class=\"sc-djVXDX hyYAsv\">\n<table class=\"sc-btwKTd lVIGE\">\n<tbody>\n<tr>\n<td>50 Polegadas<\/td>\n<\/tr>\n<\/tbody>\n<\/table>\n<\/td>\n<\/tr>\n<tr>\n<td class=\"sc-ggqIjW ihJCKE\">Dolby Audio<\/td>\n<td class=\"sc-djVXDX hyYAsv\">\n<table class=\"sc-btwKTd lVIGE\">\n<tbody>\n<tr>\n<td>Sim<\/td>\n<\/tr>\n<\/tbody>\n<\/table>\n<\/td>\n<\/tr>\n<tr>\n<td class=\"sc-ggqIjW ihJCKE\">Sistema Operacional<\/td>\n<td class=\"sc-djVXDX hyYAsv\">\n<table class=\"sc-btwKTd lVIGE\">\n<tbody>\n<tr>\n<td>Roku TV<\/td>\n<\/tr>\n<\/tbody>\n<\/table>\n<\/td>\n<\/tr>\n<tr>\n<td class=\"sc-ggqIjW ihJCKE\">Tamanho da Tela<\/td>\n<td class=\"sc-djVXDX hyYAsv\">\n<table class=\"sc-btwKTd lVIGE\">\n<tbody>\n<tr>\n<td>50 Polegadas.<\/td>\n<\/tr>\n<\/tbody>\n<\/table>\n<\/td>\n<\/tr>\n<tr>\n<td class=\"sc-ggqIjW ihJCKE\">Anatel<\/td>\n<td class=\"sc-djVXDX hyYAsv\">\n<table class=\"sc-btwKTd lVIGE\">\n<tbody>\n<tr>\n<td>015772211928<\/td>\n<\/tr>\n<\/tbody>\n<\/table>\n<\/td>\n<\/tr>\n<tr>\n<td class=\"sc-ggqIjW ihJCKE\">Entrada USB<\/td>\n<td class=\"sc-djVXDX hyYAsv\">\n<table class=\"sc-btwKTd lVIGE\">\n<tbody>\n<tr>\n<td>2<\/td>\n<\/tr>\n<\/tbody>\n<\/table>\n<\/td>\n<\/tr>\n<tr>\n<td class=\"sc-ggqIjW ihJCKE\">Entradas HDMI<\/td>\n<td class=\"sc-djVXDX hyYAsv\">\n<table class=\"sc-btwKTd lVIGE\">\n<tbody>\n<tr>\n<td>3<\/td>\n<\/tr>\n<\/tbody>\n<\/table>\n<\/td>\n<\/tr>\n<tr>\n<td class=\"sc-ggqIjW ihJCKE\">Certifica\u00e7\u00e3o do Inmetro<\/td>\n<td class=\"sc-djVXDX hyYAsv\">\n<table class=\"sc-btwKTd lVIGE\">\n<tbody>\n<tr>\n<td>000403\/2018<\/td>\n<\/tr>\n<\/tbody>\n<\/table>\n<\/td>\n<\/tr>\n<tr>\n<td class=\"sc-ggqIjW ihJCKE\">Informa\u00e7\u00f5es complementares<\/td>\n<td class=\"sc-djVXDX hyYAsv\">\n<table class=\"sc-btwKTd lVIGE\">\n<tbody>\n<tr>\n<td class=\"sc-epRvzc gNpdle\">Aplicativos Pr\u00e9-instalados<\/td>\n<td>Netflix, Disney+, Youtube, Prime V\u00eddeo e Apple TV<\/td>\n<\/tr>\n<tr>\n<td class=\"sc-epRvzc gNpdle\">Assistente Virtual<\/td>\n<td>Google Assistente e Alexa<\/td>\n<\/tr>\n<tr>\n<td class=\"sc-epRvzc gNpdle\">Certificado Homologado pela Anatel N\u00famero<\/td>\n<td>01577-22-11928<\/td>\n<\/tr>\n<tr>\n<td class=\"sc-epRvzc gNpdle\">Certificado Homologado pelo Inmetro N\u00famero<\/td>\n<td>000403\/2018<\/td>\n<\/tr>\n<tr>\n<td class=\"sc-epRvzc gNpdle\">Conectividade<\/td>\n<td>Wifi<\/td>\n<\/tr>\n<tr>\n<td class=\"sc-epRvzc gNpdle\">Conex\u00f5es<\/td>\n<td>3 Entradas HDMI, 2 Entradas USB, 1 Ethernet (LAN), 1 Entrada de antena RF, 1 Sa\u00edda Digital \u00d3ptica<\/td>\n<\/tr>\n<tr>\n<td class=\"sc-epRvzc gNpdle\">Dimens\u00f5es do Produto<\/td>\n<td>64,3 x 111 x 7 cm<\/td>\n<\/tr>\n<tr>\n<td class=\"sc-epRvzc gNpdle\">Marca<\/td>\n<td><a class=\"sc-JrDLc gkEUmz sc-gFnajm hGdeGR sc-gFnajm hGdeGR\" href=\"https:\/\/www.magazineluiza.com.br\/marcas\/philco\/\" data-testid=\"link\">Philco<\/a><\/td>\n<\/tr>\n<tr>\n<td class=\"sc-epRvzc gNpdle\">Modelo<\/td>\n<td>PTV50VA4REGB<\/td>\n<\/tr>\n<tr>\n<td class=\"sc-epRvzc gNpdle\">Painel da Tela<\/td>\n<td>DLED<\/td>\n<\/tr>\n<tr>\n<td class=\"sc-epRvzc gNpdle\">Peso do Produto<\/td>\n<td>8,60kg<\/td>\n<\/tr>\n<tr>\n<td class=\"sc-epRvzc gNpdle\">Polegadas<\/td>\n<td>50<\/td>\n<\/tr>\n<tr>\n<td class=\"sc-epRvzc gNpdle\">Prazo de Garantia<\/td>\n<td>12 meses<\/td>\n<\/tr>\n<tr>\n<td class=\"sc-epRvzc gNpdle\">Processador<\/td>\n<td>Quad Core<\/td>\n<\/tr>\n<tr>\n<td class=\"sc-epRvzc gNpdle\">Resolu\u00e7\u00e3o<\/td>\n<td>4K UHD (3840 X 2160)<\/td>\n<\/tr>\n<tr>\n<td class=\"sc-epRvzc gNpdle\">Sistema Operacional<\/td>\n<td>Roku TV<\/td>\n<\/tr>\n<tr>\n<td class=\"sc-epRvzc gNpdle\">Tecnologia da TV<\/td>\n<td>LED<\/td>\n<\/tr>\n<tr>\n<td class=\"sc-epRvzc gNpdle\">Tipo de Painel<\/td>\n<td>led<\/td>\n<\/tr>\n<tr>\n<td class=\"sc-epRvzc gNpdle\">Tipo de TV<\/td>\n<td>smart tv<\/td>\n<\/tr>\n<\/tbody>\n<\/table>\n<\/td>\n<\/tr>\n<\/tbody>\n<\/table>\n<\/div>\n","protected":false},"excerpt":{"rendered":"<p>Smart TV Philco 50 Polegadas LED 4K Roku TV PTV50VA4REGB Descubra a experi\u00eancia completa de entretenimento com a Smart TV 50 Philco PTV50VA4REGB Roku TV LED! Com resolu\u00e7\u00e3o 4K UHD<\/p>\n","protected":false},"featured_media":12901,"comment_status":"open","ping_status":"closed","template":"","meta":[],"product_brand":[],"product_cat":[228,266],"product_tag":[],"class_list":{"0":"post-12899","1":"product","2":"type-product","3":"status-publish","4":"has-post-thumbnail","6":"product_cat-eletroeletronicos","7":"product_cat-tvs","8":"product_shipping_class-retirar-no-local","10":"first","11":"instock","12":"shipping-taxable","13":"purchasable","14":"product-type-simple"},"_links":{"self":[{"href":"https:\/\/ambrosioeletro.com.br\/v20\/wp-json\/wp\/v2\/product\/12899","targetHints":{"allow":["GET"]}}],"collection":[{"href":"https:\/\/ambrosioeletro.com.br\/v20\/wp-json\/wp\/v2\/product"}],"about":[{"href":"https:\/\/ambrosioeletro.com.br\/v20\/wp-json\/wp\/v2\/types\/product"}],"replies":[{"embeddable":true,"href":"https:\/\/ambrosioeletro.com.br\/v20\/wp-json\/wp\/v2\/comments?post=12899"}],"wp:featuredmedia":[{"embeddable":true,"href":"https:\/\/ambrosioeletro.com.br\/v20\/wp-json\/wp\/v2\/media\/12901"}],"wp:attachment":[{"href":"https:\/\/ambrosioeletro.com.br\/v20\/wp-json\/wp\/v2\/media?parent=12899"}],"wp:term":[{"taxonomy":"product_brand","embeddable":true,"href":"https:\/\/ambrosioeletro.com.br\/v20\/wp-json\/wp\/v2\/product_brand?post=12899"},{"taxonomy":"product_cat","embeddable":true,"href":"https:\/\/ambrosioeletro.com.br\/v20\/wp-json\/wp\/v2\/product_cat?post=12899"},{"taxonomy":"product_tag","embeddable":true,"href":"https:\/\/ambrosioeletro.com.br\/v20\/wp-json\/wp\/v2\/product_tag?post=12899"}],"curies":[{"name":"wp","href":"https:\/\/api.w.org\/{rel}","templated":true}]}}