{"id":13037,"date":"2025-04-12T09:37:24","date_gmt":"2025-04-12T12:37:24","guid":{"rendered":"https:\/\/ambrosioeletro.com.br\/v20\/?post_type=product&#038;p=13037"},"modified":"2026-03-30T09:02:33","modified_gmt":"2026-03-30T12:02:33","slug":"smart-tv-32-lg-hd-lcd-32lr600bpsa-com-alexa-2-hdmi-1-4-usb","status":"publish","type":"product","link":"https:\/\/ambrosioeletro.com.br\/v20\/produto\/smart-tv-32-lg-hd-lcd-32lr600bpsa-com-alexa-2-hdmi-1-4-usb\/","title":{"rendered":"Smart TV 32&#8243; LG HD LCD 32LR600BPSA com Alexa 2 HDMI 1.4 USB"},"content":{"rendered":"<div class=\"sc-iGgWBj hZQAA-D sc-jiPWxV fHHFJO\" data-testid=\"product-detail\"><span class=\"sc-dcJsrY jZKEso\" data-testid=\"product-detail-title\">Smart TV 32&#8243; LG HD LCD 32LR600BPSA com Alexa 2 HDMI 1.4 USB<\/span><\/p>\n<div class=\"sc-iGgWBj jEOEJZ sc-dtjvA-D dCHNQc\" data-testid=\"product-detail-description\">\n<div class=\"sc-iGgWBj eWtIHQ sc-kibuJE gArJfd\" data-testid=\"rich-content-container\">A Smart TV LG 32LR600BPSA de 32&#8243; \u00e9 a escolha ideal para quem busca uma TV com excelente qualidade de imagem e recursos avan\u00e7ados. Com resolu\u00e7\u00e3o HD (1366&#215;768) e 60Hz Nativo de frequ\u00eancia, ela oferece imagens n\u00edtidas e detalhadas, perfeitas para assistir filmes, s\u00e9ries e programas de TV. Al\u00e9m disso, o display LCD garante cores vivas e contrastes intensos, proporcionando uma experi\u00eancia visual mais imersiva. Conta com o sistema operacional webOS 23, que oferece uma interface intuitiva e f\u00e1cil de usar. Ela \u00e9 equipada com o processador AI \u03b15 4K Ger6, que garante imagens mais n\u00edtidas e com cores mais vibrantes. Outro destaque \u00e9 a presen\u00e7a da assistente virtual Alexa, que permite controlar a TV por meio de comandos de voz (requer uso do Smart Magic que deve ser adquirido separadamente). Ainda, possui 2 entradas HDMI e 1 USB, para conectar dispositivos externos. Com ela, voc\u00ea ter\u00e1 uma experi\u00eancia visual incr\u00edvel, com imagens n\u00edtidas, cores vivas e contrastes intensos.<\/div>\n<\/div>\n<\/div>\n<div class=\"sc-iGgWBj eWtIHQ\" data-testid=\"lazyload-container\">\n<div class=\"sc-bpUBKd iMekvN\" data-testid=\"mod-c\"><\/div>\n<\/div>\n<div class=\"sc-iGgWBj hODtov sc-dnTpUO brNduk\">\n<table class=\"sc-iGgWBj iCEidV sc-dBFDNq cBaKYh\">\n<tbody>\n<tr>\n<td class=\"sc-ggqIjW ihJCKE\">Certificado de homologa\u00e7\u00e3o da ANATEL<\/td>\n<td class=\"sc-djVXDX hyYAsv\">\n<table class=\"sc-btwKTd lVIGE\">\n<tbody>\n<tr>\n<td>160752103269<\/td>\n<\/tr>\n<\/tbody>\n<\/table>\n<\/td>\n<\/tr>\n<tr>\n<td class=\"sc-ggqIjW ihJCKE\">Informa\u00e7\u00f5es complementares<\/td>\n<td class=\"sc-djVXDX hyYAsv\">\n<table class=\"sc-btwKTd lVIGE\">\n<tbody>\n<tr>\n<td class=\"sc-epRvzc gNpdle\">Assistente Virtual<\/td>\n<td>Alexa<\/td>\n<\/tr>\n<tr>\n<td class=\"sc-epRvzc gNpdle\">Conectividade<\/td>\n<td>HDMI, USB<\/td>\n<\/tr>\n<tr>\n<td class=\"sc-epRvzc gNpdle\">Conex\u00f5es<\/td>\n<td>2 HDMI e 1 USB<\/td>\n<\/tr>\n<tr>\n<td class=\"sc-epRvzc gNpdle\">Marca<\/td>\n<td><a class=\"sc-JrDLc gkEUmz sc-gFnajm hGdeGR sc-gFnajm hGdeGR\" href=\"https:\/\/www.magazineluiza.com.br\/marcas\/lg\/\" data-testid=\"link\">LG<\/a><\/td>\n<\/tr>\n<tr>\n<td class=\"sc-epRvzc gNpdle\">Modelo<\/td>\n<td>32LR600BPSA<\/td>\n<\/tr>\n<tr>\n<td class=\"sc-epRvzc gNpdle\">Polegadas<\/td>\n<td>32<\/td>\n<\/tr>\n<tr>\n<td class=\"sc-epRvzc gNpdle\">Processador<\/td>\n<td>AI \u03b15 4K Ger6<\/td>\n<\/tr>\n<tr>\n<td class=\"sc-epRvzc gNpdle\">Resolu\u00e7\u00e3o<\/td>\n<td>HD (1366&#215;768)<\/td>\n<\/tr>\n<tr>\n<td class=\"sc-epRvzc gNpdle\">Sistema Operacional<\/td>\n<td>webOS 23<\/td>\n<\/tr>\n<tr>\n<td class=\"sc-epRvzc gNpdle\">Taxa de Atualiza\u00e7\u00e3o da Tela<\/td>\n<td>60Hz<\/td>\n<\/tr>\n<tr>\n<td class=\"sc-epRvzc gNpdle\">Tecnologia da TV<\/td>\n<td>LCD<\/td>\n<\/tr>\n<tr>\n<td class=\"sc-epRvzc gNpdle\">Tipo de Display<\/td>\n<td>lcd<\/td>\n<\/tr>\n<tr>\n<td class=\"sc-epRvzc gNpdle\">Tipo de Painel<\/td>\n<td>lcd<\/td>\n<\/tr>\n<tr>\n<td class=\"sc-epRvzc gNpdle\">Tipo de TV<\/td>\n<td>smart tv<\/td>\n<\/tr>\n<\/tbody>\n<\/table>\n<\/td>\n<\/tr>\n<\/tbody>\n<\/table>\n<\/div>\n","protected":false},"excerpt":{"rendered":"<p>Smart TV 32&#8243; LG HD LCD 32LR600BPSA com Alexa 2 HDMI 1.4 USB A Smart TV LG 32LR600BPSA de 32&#8243; \u00e9 a escolha ideal para quem busca uma TV com<\/p>\n","protected":false},"featured_media":13044,"comment_status":"open","ping_status":"closed","template":"","meta":[],"product_brand":[],"product_cat":[228,266],"product_tag":[],"class_list":{"0":"post-13037","1":"product","2":"type-product","3":"status-publish","4":"has-post-thumbnail","6":"product_cat-eletroeletronicos","7":"product_cat-tvs","9":"first","10":"instock","11":"shipping-taxable","12":"purchasable","13":"product-type-simple"},"_links":{"self":[{"href":"https:\/\/ambrosioeletro.com.br\/v20\/wp-json\/wp\/v2\/product\/13037","targetHints":{"allow":["GET"]}}],"collection":[{"href":"https:\/\/ambrosioeletro.com.br\/v20\/wp-json\/wp\/v2\/product"}],"about":[{"href":"https:\/\/ambrosioeletro.com.br\/v20\/wp-json\/wp\/v2\/types\/product"}],"replies":[{"embeddable":true,"href":"https:\/\/ambrosioeletro.com.br\/v20\/wp-json\/wp\/v2\/comments?post=13037"}],"wp:featuredmedia":[{"embeddable":true,"href":"https:\/\/ambrosioeletro.com.br\/v20\/wp-json\/wp\/v2\/media\/13044"}],"wp:attachment":[{"href":"https:\/\/ambrosioeletro.com.br\/v20\/wp-json\/wp\/v2\/media?parent=13037"}],"wp:term":[{"taxonomy":"product_brand","embeddable":true,"href":"https:\/\/ambrosioeletro.com.br\/v20\/wp-json\/wp\/v2\/product_brand?post=13037"},{"taxonomy":"product_cat","embeddable":true,"href":"https:\/\/ambrosioeletro.com.br\/v20\/wp-json\/wp\/v2\/product_cat?post=13037"},{"taxonomy":"product_tag","embeddable":true,"href":"https:\/\/ambrosioeletro.com.br\/v20\/wp-json\/wp\/v2\/product_tag?post=13037"}],"curies":[{"name":"wp","href":"https:\/\/api.w.org\/{rel}","templated":true}]}}