{"id":13433,"date":"2025-08-07T09:39:40","date_gmt":"2025-08-07T12:39:40","guid":{"rendered":"https:\/\/ambrosioeletro.com.br\/v20\/?post_type=product&#038;p=13433"},"modified":"2026-03-30T16:08:51","modified_gmt":"2026-03-30T19:08:51","slug":"micro-ondas-consul-32-litros-branco-com-menu-facil-cms46ab","status":"publish","type":"product","link":"https:\/\/ambrosioeletro.com.br\/v20\/produto\/micro-ondas-consul-32-litros-branco-com-menu-facil-cms46ab\/","title":{"rendered":"Micro-ondas Consul 32 Litros Branco com Menu F\u00e1cil &#8211; CMS46AB"},"content":{"rendered":"<div class=\"vtex-flex-layout-0-x-flexColChild vtex-flex-layout-0-x-flexColChild--container-product-differentials-pdp pb0\">\n<div class=\"vtex-flex-layout-0-x-flexRow vtex-flex-layout-0-x-flexRow--product-description-pdp\" aria-label=\"Linha de sess\u00e3o\">\n<div class=\"flex mt0 mb0 pt0 pb0    justify-start vtex-flex-layout-0-x-flexRowContent vtex-flex-layout-0-x-flexRowContent--product-description-pdp items-stretch w-100\">\n<div class=\"pr0 items-stretch vtex-flex-layout-0-x-stretchChildrenWidth   flex\">\n<div class=\"vtex-flex-layout-0-x-flexCol vtex-flex-layout-0-x-flexCol--container-product-description-pdp  ml0 mr0 pl0 pr0      flex flex-column h-100 w-100\">\n<div class=\"vtex-flex-layout-0-x-flexColChild vtex-flex-layout-0-x-flexColChild--container-product-description-pdp pb0\">\n<div>\n<div class=\"vtex-rich-text-0-x-container vtex-rich-text-0-x-container--title-product-description-pdp flex tl items-start justify-start t-body c-on-base\">\n<div class=\"vtex-rich-text-0-x-wrapper vtex-rich-text-0-x-wrapper--title-product-description-pdp\">\n<p class=\"lh-copy vtex-rich-text-0-x-paragraph vtex-rich-text-0-x-paragraph--title-product-description-pdp\">Um pouco sobre\u00a0<span class=\"b vtex-rich-text-0-x-strong vtex-rich-text-0-x-strong--title-product-description-pdp\">o produto<\/span><\/p>\n<\/div>\n<\/div>\n<div class=\"vtex-store-components-3-x-productDescriptionContainer\">\n<div class=\"vtex-store-components-3-x-productDescriptionText c-muted-1\">\n<div>O micro-ondas branco Consul 32 litros salva sua rotina. O Menu F\u00e1cil tem 6 receitas do dia a dia no painel para agilizar sua vida, e somente com um toque voc\u00ea aciona a fun\u00e7\u00e3o Tira Odor e reduz o cheiro de comida que fica no interior ap\u00f3s o preparo dos alimentos. Tudo isso sem falar no design, que d\u00e1 um toque de modernidade. Bem pensado, n\u00e9?<\/div>\n<\/div>\n<\/div>\n<\/div>\n<\/div>\n<div class=\"vtex-flex-layout-0-x-flexColChild vtex-flex-layout-0-x-flexColChild--container-product-description-pdp pb0\"><\/div>\n<div class=\"vtex-flex-layout-0-x-flexColChild vtex-flex-layout-0-x-flexColChild--container-product-description-pdp pb0\"><\/div>\n<\/div>\n<\/div>\n<\/div>\n<\/div>\n<\/div>\n<div class=\"vtex-flex-layout-0-x-flexColChild vtex-flex-layout-0-x-flexColChild--container-product-differentials-pdp pb0\">\n<div>\n<div class=\"vtex-flex-layout-0-x-flexRow\" aria-label=\"Linha de sess\u00e3o\">\n<div class=\"flex mt0 mb0 pt0 pb0    justify-start vtex-flex-layout-0-x-flexRowContent items-stretch w-100\">\n<div class=\"pr0 items-stretch vtex-flex-layout-0-x-stretchChildrenWidth   flex\">\n<div class=\"vtex-flex-layout-0-x-flexCol  ml0 mr0 pl0 pr0      flex flex-column h-100 w-100\">\n<div class=\"vtex-flex-layout-0-x-flexColChild pb0\">\n<div id=\"killerFeature\" class=\"consul-pdp-components-0-x-killerFeature mb7\">\n<div class=\"consul-pdp-components-0-x-killerFeature--main-title\">\n<h2 class=\"ma0 whirlpool-styleguide-0-x-whp_styleguide-tagtext consul-pdp-components-0-x-killerFeature-collapsiblehandles-tagtext\" aria-live=\"polite\" aria-label=\"Diferenciais Consul\">Diferenciais\u00a0<strong class=\"ma0 whirlpool-styleguide-0-x-whp_styleguide-strong consul-pdp-components-0-x-killerFeature-collapsiblehandles-tagtext-strong\">Consul<\/strong><\/h2>\n<\/div>\n<div id=\"killerFeature\" class=\"consul-pdp-components-0-x-killerFeature\">\n<div class=\"consul-pdp-components-0-x-killerFeature--box mb6\">\n<div class=\"consul-pdp-components-0-x-killerFeature--box-item mb6 fl\">\n<div class=\"flex flex-row  whirlpool-styleguide-0-x-whp_styleguide-imageTextCard\n      whirlpool-styleguide-0-x-whp_styleguide-imageTextCard--row\"><img decoding=\"async\" class=\"whirlpool-styleguide-0-x-whp_styleguide-imageTextCard-image whirlpool-styleguide-0-x-whp_styleguide-imageTextCard-image--secondarybr\" src=\"https:\/\/consul.vtexassets.com\/arquivos\/Consul_Micro_ondas_CMS46AB_Menu%20F%C3%A1cil_.png\" alt=\"Menu F\u00e1cil\" width=\"100px\" height=\"100px\" crossorigin=\"anonymous\" \/><\/p>\n<div class=\"flex flex-column justify-start whirlpool-styleguide-0-x-whp_styleguide-imageTextCard--texts\">\n<p class=\"ma0 whirlpool-styleguide-0-x-whp_styleguide-tagtext consul-pdp-components-0-x-killerFeature--featureCardTitle\" aria-live=\"polite\" aria-label=\"Menu F\u00e1cil\"><strong class=\"ma0 whirlpool-styleguide-0-x-whp_styleguide-strong consul-pdp-components-0-x-killerFeature--featureCardTitle-strong\">Menu F\u00e1cil<\/strong><\/p>\n<p class=\"ma0 whirlpool-styleguide-0-x-whp_styleguide-tagtext consul-pdp-components-0-x-killerFeature--featureCardTitleContainer\" aria-live=\"polite\" aria-label=\"Neste menu voc\u00ea tem 6 receitas pr\u00e9-programadas, sem precisar ajustar tempo nem pot\u00eancia. Agiliza sua vida e economiza seu tempo!\">Neste menu voc\u00ea tem 6 receitas pr\u00e9-programadas, sem precisar ajustar tempo nem pot\u00eancia. Agiliza sua vida e economiza seu tempo!<\/p>\n<\/div>\n<\/div>\n<\/div>\n<div class=\"consul-pdp-components-0-x-killerFeature--box-item mb6 fl\">\n<div class=\"flex flex-row  whirlpool-styleguide-0-x-whp_styleguide-imageTextCard\n      whirlpool-styleguide-0-x-whp_styleguide-imageTextCard--row\"><img decoding=\"async\" class=\"whirlpool-styleguide-0-x-whp_styleguide-imageTextCard-image whirlpool-styleguide-0-x-whp_styleguide-imageTextCard-image--secondarybr\" src=\"https:\/\/consul.vtexassets.com\/arquivos\/CMS46AB%20-%20Microondas%20Brastemp_Fun%C3%A7%C3%A3o%20Tira%20Odor.png\" alt=\"Fun\u00e7\u00e3o Tira Odor\" width=\"100px\" height=\"100px\" crossorigin=\"anonymous\" \/><\/p>\n<div class=\"flex flex-column justify-start whirlpool-styleguide-0-x-whp_styleguide-imageTextCard--texts\">\n<p class=\"ma0 whirlpool-styleguide-0-x-whp_styleguide-tagtext consul-pdp-components-0-x-killerFeature--featureCardTitle\" aria-live=\"polite\" aria-label=\"Fun\u00e7\u00e3o Tira Odor\"><strong class=\"ma0 whirlpool-styleguide-0-x-whp_styleguide-strong consul-pdp-components-0-x-killerFeature--featureCardTitle-strong\">Fun\u00e7\u00e3o Tira Odor<\/strong><\/p>\n<p class=\"ma0 whirlpool-styleguide-0-x-whp_styleguide-tagtext consul-pdp-components-0-x-killerFeature--featureCardTitleContainer\" aria-live=\"polite\" aria-label=\"Esta fun\u00e7\u00e3o suaviza os odores que ficam no interior do forno ap\u00f3s o preparo dos alimentos. Chega de micro-ondas com cheiro de comida!\">Esta fun\u00e7\u00e3o suaviza os odores que ficam no interior do forno ap\u00f3s o preparo dos alimentos. Chega de micro-ondas com cheiro de comida!<\/p>\n<\/div>\n<\/div>\n<\/div>\n<div class=\"consul-pdp-components-0-x-killerFeature--box-item mb6 fl\">\n<div class=\"flex flex-row  whirlpool-styleguide-0-x-whp_styleguide-imageTextCard\n      whirlpool-styleguide-0-x-whp_styleguide-imageTextCard--row\"><img decoding=\"async\" class=\"whirlpool-styleguide-0-x-whp_styleguide-imageTextCard-image whirlpool-styleguide-0-x-whp_styleguide-imageTextCard-image--secondarybr\" src=\"https:\/\/consul.vtexassets.com\/arquivos\/CMS46AB%20-%20Microondas%20Brastemp_Menu%20Descongelar.png\" alt=\"Menu Descongelar\" width=\"100px\" height=\"100px\" crossorigin=\"anonymous\" \/><\/p>\n<div class=\"flex flex-column justify-start whirlpool-styleguide-0-x-whp_styleguide-imageTextCard--texts\">\n<p class=\"ma0 whirlpool-styleguide-0-x-whp_styleguide-tagtext consul-pdp-components-0-x-killerFeature--featureCardTitle\" aria-live=\"polite\" aria-label=\"Menu Descongelar\"><strong class=\"ma0 whirlpool-styleguide-0-x-whp_styleguide-strong consul-pdp-components-0-x-killerFeature--featureCardTitle-strong\">Menu Descongelar<\/strong><\/p>\n<p class=\"ma0 whirlpool-styleguide-0-x-whp_styleguide-tagtext consul-pdp-components-0-x-killerFeature--featureCardTitleContainer\" aria-live=\"polite\" aria-label=\"Com um toque no bot\u00e3o, voc\u00ea descongela feij\u00e3o, carne e frango. Para outros alimentos basta escolher a programa\u00e7\u00e3o mais adequada.\">Com um toque no bot\u00e3o, voc\u00ea descongela feij\u00e3o, carne e frango. Para outros alimentos basta escolher a programa\u00e7\u00e3o mais adequada.<\/p>\n<\/div>\n<\/div>\n<\/div>\n<div class=\"consul-pdp-components-0-x-killerFeature--box-item mb6 fl\">\n<div class=\"flex flex-row  whirlpool-styleguide-0-x-whp_styleguide-imageTextCard\n      whirlpool-styleguide-0-x-whp_styleguide-imageTextCard--row\"><img decoding=\"async\" class=\"whirlpool-styleguide-0-x-whp_styleguide-imageTextCard-image whirlpool-styleguide-0-x-whp_styleguide-imageTextCard-image--secondarybr\" src=\"https:\/\/consul.vtexassets.com\/arquivos\/CMS46AB%20-%20Microondas%20Brastemp_%20Pot%C3%AAncia.png\" alt=\"10 N\u00edveis de Pot\u00eancia\" width=\"100px\" height=\"100px\" crossorigin=\"anonymous\" \/><\/p>\n<div class=\"flex flex-column justify-start whirlpool-styleguide-0-x-whp_styleguide-imageTextCard--texts\">\n<p class=\"ma0 whirlpool-styleguide-0-x-whp_styleguide-tagtext consul-pdp-components-0-x-killerFeature--featureCardTitle\" aria-live=\"polite\" aria-label=\"10 N\u00edveis de Pot\u00eancia\"><strong class=\"ma0 whirlpool-styleguide-0-x-whp_styleguide-strong consul-pdp-components-0-x-killerFeature--featureCardTitle-strong\">10 N\u00edveis de Pot\u00eancia<\/strong><\/p>\n<p class=\"ma0 whirlpool-styleguide-0-x-whp_styleguide-tagtext consul-pdp-components-0-x-killerFeature--featureCardTitleContainer\" aria-live=\"polite\" aria-label=\"S\u00e3o 10 n\u00edveis de pot\u00eancia para selecionar o ideal para cada receita. Precis\u00e3o no preparo e economia de energia.\">S\u00e3o 10 n\u00edveis de pot\u00eancia para selecionar o ideal para cada receita. Precis\u00e3o no preparo e economia de energia.<\/p>\n<\/div>\n<\/div>\n<\/div>\n<div class=\"consul-pdp-components-0-x-killerFeature--box-item mb6 fl\">\n<div class=\"flex flex-row  whirlpool-styleguide-0-x-whp_styleguide-imageTextCard\n      whirlpool-styleguide-0-x-whp_styleguide-imageTextCard--row\"><img decoding=\"async\" class=\"whirlpool-styleguide-0-x-whp_styleguide-imageTextCard-image whirlpool-styleguide-0-x-whp_styleguide-imageTextCard-image--secondarybr\" src=\"https:\/\/consul.vtexassets.com\/arquivos\/Grande%20capacidade%20interna.png\" alt=\"Grande Capacidade Interna\" width=\"100px\" height=\"100px\" crossorigin=\"anonymous\" \/><\/p>\n<div class=\"flex flex-column justify-start whirlpool-styleguide-0-x-whp_styleguide-imageTextCard--texts\">\n<p class=\"ma0 whirlpool-styleguide-0-x-whp_styleguide-tagtext consul-pdp-components-0-x-killerFeature--featureCardTitle\" aria-live=\"polite\" aria-label=\"Grande Capacidade Interna\"><strong class=\"ma0 whirlpool-styleguide-0-x-whp_styleguide-strong consul-pdp-components-0-x-killerFeature--featureCardTitle-strong\">Grande Capacidade Interna<\/strong><\/p>\n<p class=\"ma0 whirlpool-styleguide-0-x-whp_styleguide-tagtext consul-pdp-components-0-x-killerFeature--featureCardTitleContainer\" aria-live=\"polite\" aria-label=\"O amplo espa\u00e7o interno permite o preparo de receitas de v\u00e1rios tamanhos, para todo tipo de necessidade\">O amplo espa\u00e7o interno permite o preparo de receitas de v\u00e1rios tamanhos, para todo tipo de necessidade<\/p>\n<\/div>\n<\/div>\n<\/div>\n<div class=\"consul-pdp-components-0-x-killerFeature--box-item mb6 fl\">\n<div class=\"flex flex-row  whirlpool-styleguide-0-x-whp_styleguide-imageTextCard\n      whirlpool-styleguide-0-x-whp_styleguide-imageTextCard--row\"><img decoding=\"async\" class=\"whirlpool-styleguide-0-x-whp_styleguide-imageTextCard-image whirlpool-styleguide-0-x-whp_styleguide-imageTextCard-image--secondarybr\" src=\"https:\/\/consul.vtexassets.com\/arquivos\/Microondas%20Consul_Fun%C3%A7%C3%A3o%2030%20segundos.png\" alt=\"Ligar + 30 segundos\" width=\"100px\" height=\"100px\" crossorigin=\"anonymous\" \/><\/p>\n<div class=\"flex flex-column justify-start whirlpool-styleguide-0-x-whp_styleguide-imageTextCard--texts\">\n<p class=\"ma0 whirlpool-styleguide-0-x-whp_styleguide-tagtext consul-pdp-components-0-x-killerFeature--featureCardTitle\" aria-live=\"polite\" aria-label=\"Ligar + 30 segundos\"><strong class=\"ma0 whirlpool-styleguide-0-x-whp_styleguide-strong consul-pdp-components-0-x-killerFeature--featureCardTitle-strong\">Ligar + 30 segundos<\/strong><\/p>\n<p class=\"ma0 whirlpool-styleguide-0-x-whp_styleguide-tagtext consul-pdp-components-0-x-killerFeature--featureCardTitleContainer\" aria-live=\"polite\" aria-label=\"Com esta fun\u00e7\u00e3o voc\u00ea pode adicionar + 30 segundos ao tempo de cozimento, iniciar o funcionamento do forno ap\u00f3s ser programado e tamb\u00e9m retomar uma programa\u00e7\u00e3o interrompida.\">Com esta fun\u00e7\u00e3o voc\u00ea pode adicionar + 30 segundos ao tempo de cozimento, iniciar o funcionamento do forno ap\u00f3s ser programado e tamb\u00e9m retomar uma programa\u00e7\u00e3o interrompida.<\/p>\n<\/div>\n<\/div>\n<\/div>\n<div class=\"consul-pdp-components-0-x-killerFeature--box-item mb6 fl\">\n<div class=\"flex flex-row  whirlpool-styleguide-0-x-whp_styleguide-imageTextCard\n      whirlpool-styleguide-0-x-whp_styleguide-imageTextCard--row\"><img decoding=\"async\" class=\"whirlpool-styleguide-0-x-whp_styleguide-imageTextCard-image whirlpool-styleguide-0-x-whp_styleguide-imageTextCard-image--secondarybr\" src=\"https:\/\/consul.vtexassets.com\/arquivos\/CMS46AB%20-%20Microondas%20Consul_Timer.png\" alt=\"Timer\" width=\"100px\" height=\"100px\" crossorigin=\"anonymous\" \/><\/p>\n<div class=\"flex flex-column justify-start whirlpool-styleguide-0-x-whp_styleguide-imageTextCard--texts\">\n<p class=\"ma0 whirlpool-styleguide-0-x-whp_styleguide-tagtext consul-pdp-components-0-x-killerFeature--featureCardTitle\" aria-live=\"polite\" aria-label=\"Timer\"><strong class=\"ma0 whirlpool-styleguide-0-x-whp_styleguide-strong consul-pdp-components-0-x-killerFeature--featureCardTitle-strong\">Timer<\/strong><\/p>\n<p class=\"ma0 whirlpool-styleguide-0-x-whp_styleguide-tagtext consul-pdp-components-0-x-killerFeature--featureCardTitleContainer\" aria-live=\"polite\" aria-label=\"Use esta fun\u00e7\u00e3o como um temporizador de cozinha. O Timer far\u00e1 uma contagem regressiva e ao final do tempo programado ser\u00e1 emitido um sinal sonoro pelo micro-ondas.\">Use esta fun\u00e7\u00e3o como um temporizador de cozinha. O Timer far\u00e1 uma contagem regressiva e ao final do tempo programado ser\u00e1 emitido um sinal sonoro pelo micro-ondas.<\/p>\n<\/div>\n<\/div>\n<\/div>\n<div class=\"consul-pdp-components-0-x-killerFeature--box-item mb6 fl\">\n<div class=\"flex flex-row  whirlpool-styleguide-0-x-whp_styleguide-imageTextCard\n      whirlpool-styleguide-0-x-whp_styleguide-imageTextCard--row\"><img decoding=\"async\" class=\"whirlpool-styleguide-0-x-whp_styleguide-imageTextCard-image whirlpool-styleguide-0-x-whp_styleguide-imageTextCard-image--secondarybr\" src=\"https:\/\/consul.vtexassets.com\/arquivos\/CMS46AB%20-%20Microondas%20Consul_Mute.png\" alt=\"Fun\u00e7\u00e3o Mute\" width=\"100px\" height=\"100px\" crossorigin=\"anonymous\" \/><\/p>\n<div class=\"flex flex-column justify-start whirlpool-styleguide-0-x-whp_styleguide-imageTextCard--texts\">\n<p class=\"ma0 whirlpool-styleguide-0-x-whp_styleguide-tagtext consul-pdp-components-0-x-killerFeature--featureCardTitle\" aria-live=\"polite\" aria-label=\"Fun\u00e7\u00e3o Mute\"><strong class=\"ma0 whirlpool-styleguide-0-x-whp_styleguide-strong consul-pdp-components-0-x-killerFeature--featureCardTitle-strong\">Fun\u00e7\u00e3o Mute<\/strong><\/p>\n<p class=\"ma0 whirlpool-styleguide-0-x-whp_styleguide-tagtext consul-pdp-components-0-x-killerFeature--featureCardTitleContainer\" aria-live=\"polite\" aria-label=\"Fun\u00e7\u00e3o que permite silenciar os sons e bipes emitidos pelo micro-ondas\">Fun\u00e7\u00e3o que permite silenciar os sons e bipes emitidos pelo micro-ondas<\/p>\n<ul class=\"ma0 pl0 whirlpool-styleguide-0-x-whp_styleguide-list\n    whirlpool-styleguide-0-x-whp_styleguide-list--primary pa0 ma0 undefined flex justify-start \n    flex flex-row list\"><\/p>\n<li class=\"whirlpool-styleguide-0-x-whp_styleguide-list-item pa0 ma0 undefined flex justify-start -item\">\n<div class=\"consul-pdp-components-0-x-measurements-item flex justify-between items-center f5 flex-column mb1 w-100\"><span class=\"consul-pdp-components-0-x-measurements-item-title flex items-center mb2\"><span class=\"ma0 whirlpool-styleguide-0-x-whp_styleguide-tagtext f6 flex items-center consul-pdp-components-0-x-measurements-item-type\" aria-live=\"polite\" aria-label=\"Altura\">Altura<\/span><\/span><span class=\"ma0 whirlpool-styleguide-0-x-whp_styleguide-tagtext f6 flex items-center fw7 consul-pdp-components-0-x-measurements-text\" aria-live=\"polite\" aria-label=\"30,1 cm\">30,1 cm<\/span><\/div>\n<\/li>\n<li class=\"whirlpool-styleguide-0-x-whp_styleguide-list-item pa0 ma0 undefined flex justify-start -item\">\n<div class=\"consul-pdp-components-0-x-measurements-item flex justify-between items-center f5 flex-column mb1 w-100\"><span class=\"consul-pdp-components-0-x-measurements-item-title flex items-center mb2\"><span class=\"ma0 whirlpool-styleguide-0-x-whp_styleguide-tagtext f6 flex items-center consul-pdp-components-0-x-measurements-item-type\" aria-live=\"polite\" aria-label=\"Largura\">Largura<\/span><\/span><span class=\"ma0 whirlpool-styleguide-0-x-whp_styleguide-tagtext f6 flex items-center fw7 consul-pdp-components-0-x-measurements-text\" aria-live=\"polite\" aria-label=\"53,8 cm\">53,8 cm<\/span><\/div>\n<\/li>\n<li class=\"whirlpool-styleguide-0-x-whp_styleguide-list-item pa0 ma0 undefined flex justify-start -item\">\n<div class=\"consul-pdp-components-0-x-measurements-item flex justify-between items-center f5 flex-column mb1 w-100\"><span class=\"consul-pdp-components-0-x-measurements-item-title flex items-center mb2\"><span class=\"ma0 whirlpool-styleguide-0-x-whp_styleguide-tagtext f6 flex items-center consul-pdp-components-0-x-measurements-item-type\" aria-live=\"polite\" aria-label=\"Profundidade\">Profundidade<\/span><\/span><span class=\"ma0 whirlpool-styleguide-0-x-whp_styleguide-tagtext f6 flex items-center fw7 consul-pdp-components-0-x-measurements-text\" aria-live=\"polite\" aria-label=\"43,1 cm\">43,1 cm<\/span><\/div>\n<\/li>\n<li class=\"whirlpool-styleguide-0-x-whp_styleguide-list-item pa0 ma0 undefined flex justify-start -item\">\n<div class=\"consul-pdp-components-0-x-measurements-item flex justify-between items-center f5 flex-column mb1 w-100\"><span class=\"consul-pdp-components-0-x-measurements-item-title flex items-center mb2\"><span class=\"ma0 whirlpool-styleguide-0-x-whp_styleguide-tagtext f6 flex items-center consul-pdp-components-0-x-measurements-item-type\" aria-live=\"polite\" aria-label=\"Peso\">Peso<\/span><\/span><span class=\"ma0 whirlpool-styleguide-0-x-whp_styleguide-tagtext f6 flex items-center fw7 consul-pdp-components-0-x-measurements-text\" aria-live=\"polite\" aria-label=\"16,4 kg\">16,4 kg<\/span><\/div>\n<\/li>\n<\/ul>\n<\/div>\n<\/div>\n<\/div>\n<\/div>\n<\/div>\n<\/div>\n<\/div>\n<\/div>\n<\/div>\n<\/div>\n<\/div>\n<\/div>\n<\/div>\n","protected":false},"excerpt":{"rendered":"<p>Um pouco sobre\u00a0o produto O micro-ondas branco Consul 32 litros salva sua rotina. O Menu F\u00e1cil tem 6 receitas do dia a dia no painel para agilizar sua vida, e<\/p>\n","protected":false},"featured_media":13434,"comment_status":"open","ping_status":"closed","template":"","meta":[],"product_brand":[],"product_cat":[232,226],"product_tag":[],"class_list":{"0":"post-13433","1":"product","2":"type-product","3":"status-publish","4":"has-post-thumbnail","6":"product_cat-cozinha","7":"product_cat-eletrodomesticos","8":"product_shipping_class-retirar-no-local","10":"first","11":"instock","12":"shipping-taxable","13":"purchasable","14":"product-type-simple"},"_links":{"self":[{"href":"https:\/\/ambrosioeletro.com.br\/v20\/wp-json\/wp\/v2\/product\/13433","targetHints":{"allow":["GET"]}}],"collection":[{"href":"https:\/\/ambrosioeletro.com.br\/v20\/wp-json\/wp\/v2\/product"}],"about":[{"href":"https:\/\/ambrosioeletro.com.br\/v20\/wp-json\/wp\/v2\/types\/product"}],"replies":[{"embeddable":true,"href":"https:\/\/ambrosioeletro.com.br\/v20\/wp-json\/wp\/v2\/comments?post=13433"}],"wp:featuredmedia":[{"embeddable":true,"href":"https:\/\/ambrosioeletro.com.br\/v20\/wp-json\/wp\/v2\/media\/13434"}],"wp:attachment":[{"href":"https:\/\/ambrosioeletro.com.br\/v20\/wp-json\/wp\/v2\/media?parent=13433"}],"wp:term":[{"taxonomy":"product_brand","embeddable":true,"href":"https:\/\/ambrosioeletro.com.br\/v20\/wp-json\/wp\/v2\/product_brand?post=13433"},{"taxonomy":"product_cat","embeddable":true,"href":"https:\/\/ambrosioeletro.com.br\/v20\/wp-json\/wp\/v2\/product_cat?post=13433"},{"taxonomy":"product_tag","embeddable":true,"href":"https:\/\/ambrosioeletro.com.br\/v20\/wp-json\/wp\/v2\/product_tag?post=13433"}],"curies":[{"name":"wp","href":"https:\/\/api.w.org\/{rel}","templated":true}]}}