{"id":13476,"date":"2025-08-07T13:08:15","date_gmt":"2025-08-07T16:08:15","guid":{"rendered":"https:\/\/ambrosioeletro.com.br\/v20\/?post_type=product&#038;p=13476"},"modified":"2025-12-18T16:52:00","modified_gmt":"2025-12-18T19:52:00","slug":"micro-ondas-lg-30-litros-prata-limpa-facil-ms3043br","status":"publish","type":"product","link":"https:\/\/ambrosioeletro.com.br\/v20\/produto\/micro-ondas-lg-30-litros-prata-limpa-facil-ms3043br\/","title":{"rendered":"Microondas LG 30 litros Prata Limpa F\u00e1cil (MS3043BR)"},"content":{"rendered":"<table class=\"sc-iGgWBj iCEidV sc-bStcSt emFJXX\">\n<tbody>\n<tr>\n<td class=\"sc-iaJaUu jUTMlm\">Marca<\/td>\n<td class=\"sc-feoqov jEebvX\">\n<table class=\"sc-dOoqMo iwSfwR\">\n<tbody>\n<tr>\n<td><a class=\"sc-JrDLc gkEUmz sc-DWsrX gaOyIa sc-DWsrX gaOyIa\" href=\"https:\/\/www.magazineluiza.com.br\/marcas\/lg\/\" data-testid=\"link\">LG<\/a><\/td>\n<\/tr>\n<\/tbody>\n<\/table>\n<\/td>\n<\/tr>\n<tr>\n<td class=\"sc-iaJaUu jUTMlm\">Refer\u00eancia<\/td>\n<td class=\"sc-feoqov jEebvX\">\n<table class=\"sc-dOoqMo iwSfwR\">\n<tbody>\n<tr>\n<td>MS3043BR.FSLFLGZ<\/td>\n<\/tr>\n<\/tbody>\n<\/table>\n<\/td>\n<\/tr>\n<tr>\n<td class=\"sc-iaJaUu jUTMlm\">Modelo<\/td>\n<td class=\"sc-feoqov jEebvX\">\n<table class=\"sc-dOoqMo iwSfwR\">\n<tbody>\n<tr>\n<td>MS3043BR<\/td>\n<\/tr>\n<\/tbody>\n<\/table>\n<\/td>\n<\/tr>\n<tr>\n<td class=\"sc-iaJaUu jUTMlm\">Capacidade Total<\/td>\n<td class=\"sc-feoqov jEebvX\">\n<table class=\"sc-dOoqMo iwSfwR\">\n<tbody>\n<tr>\n<td>30L<\/td>\n<\/tr>\n<\/tbody>\n<\/table>\n<\/td>\n<\/tr>\n<tr>\n<td class=\"sc-iaJaUu jUTMlm\">Cor<\/td>\n<td class=\"sc-feoqov jEebvX\">\n<table class=\"sc-dOoqMo iwSfwR\">\n<tbody>\n<tr>\n<td>Prata<\/td>\n<\/tr>\n<\/tbody>\n<\/table>\n<\/td>\n<\/tr>\n<tr>\n<td class=\"sc-iaJaUu jUTMlm\">Pot\u00eancia<\/td>\n<td class=\"sc-feoqov jEebvX\">\n<table class=\"sc-dOoqMo iwSfwR\">\n<tbody>\n<tr>\n<td>800W<\/td>\n<\/tr>\n<\/tbody>\n<\/table>\n<\/td>\n<\/tr>\n<tr>\n<td class=\"sc-iaJaUu jUTMlm\">N\u00edveis de Pot\u00eancia<\/td>\n<td class=\"sc-feoqov jEebvX\">\n<table class=\"sc-dOoqMo iwSfwR\">\n<tbody>\n<tr>\n<td>10 n\u00edveis<\/td>\n<\/tr>\n<\/tbody>\n<\/table>\n<\/td>\n<\/tr>\n<tr>\n<td class=\"sc-iaJaUu jUTMlm\">Fun\u00e7\u00f5es<\/td>\n<td class=\"sc-feoqov jEebvX\">\n<table class=\"sc-dOoqMo iwSfwR\">\n<tbody>\n<tr>\n<td>Receitas Pr\u00e9-Programadas, Fun\u00e7\u00e3o Pipoca, Fun\u00e7\u00e3o Manter Aquecido, Descongelamento Ideal<\/td>\n<\/tr>\n<\/tbody>\n<\/table>\n<\/td>\n<\/tr>\n<tr>\n<td class=\"sc-iaJaUu jUTMlm\">Di\u00e2metro do Prato<\/td>\n<td class=\"sc-feoqov jEebvX\">\n<table class=\"sc-dOoqMo iwSfwR\">\n<tbody>\n<tr>\n<td>30,5cm<\/td>\n<\/tr>\n<\/tbody>\n<\/table>\n<\/td>\n<\/tr>\n<tr>\n<td class=\"sc-iaJaUu jUTMlm\">Painel<\/td>\n<td class=\"sc-feoqov jEebvX\">\n<table class=\"sc-dOoqMo iwSfwR\">\n<tbody>\n<tr>\n<td>Touch, com Rel\u00f3gio<\/td>\n<\/tr>\n<\/tbody>\n<\/table>\n<\/td>\n<\/tr>\n<tr>\n<td class=\"sc-iaJaUu jUTMlm\">Efici\u00eancia Energ\u00e9tica<\/td>\n<td class=\"sc-feoqov jEebvX\">\n<table class=\"sc-dOoqMo iwSfwR\">\n<tbody>\n<tr>\n<td>A<\/td>\n<\/tr>\n<\/tbody>\n<\/table>\n<\/td>\n<\/tr>\n<tr>\n<td class=\"sc-iaJaUu jUTMlm\">Voltagem<\/td>\n<td class=\"sc-feoqov jEebvX\">\n<table class=\"sc-dOoqMo iwSfwR\">\n<tbody>\n<tr>\n<td>110V<\/td>\n<\/tr>\n<\/tbody>\n<\/table>\n<\/td>\n<\/tr>\n<tr>\n<td class=\"sc-iaJaUu jUTMlm\">Consumo Aproximado de Energia<\/td>\n<td class=\"sc-feoqov jEebvX\">\n<table class=\"sc-dOoqMo iwSfwR\">\n<tbody>\n<tr>\n<td>54,5<\/td>\n<\/tr>\n<\/tbody>\n<\/table>\n<\/td>\n<\/tr>\n<tr>\n<td class=\"sc-iaJaUu jUTMlm\">Certificado Homologado pelo Inmetro N\u00famero<\/td>\n<td class=\"sc-feoqov jEebvX\">\n<table class=\"sc-dOoqMo iwSfwR\">\n<tbody>\n<tr>\n<td>004941\/2021<\/td>\n<\/tr>\n<\/tbody>\n<\/table>\n<\/td>\n<\/tr>\n<tr>\n<td class=\"sc-iaJaUu jUTMlm\">Peso do Produto<\/td>\n<td class=\"sc-feoqov jEebvX\">\n<table class=\"sc-dOoqMo iwSfwR\">\n<tbody>\n<tr>\n<td>12kg<\/td>\n<\/tr>\n<\/tbody>\n<\/table>\n<\/td>\n<\/tr>\n<tr>\n<td class=\"sc-iaJaUu jUTMlm\">Peso do Produto com Embalagem<\/td>\n<td class=\"sc-feoqov jEebvX\">\n<table class=\"sc-dOoqMo iwSfwR\">\n<tbody>\n<tr>\n<td>15kg<\/td>\n<\/tr>\n<\/tbody>\n<\/table>\n<\/td>\n<\/tr>\n<tr>\n<td class=\"sc-iaJaUu jUTMlm\">Dimens\u00f5es do Produto<\/td>\n<td class=\"sc-feoqov jEebvX\">\n<table class=\"sc-dOoqMo iwSfwR\">\n<tbody>\n<tr>\n<td>Largura 50,8cm Altura 29cm Profundidade 40cm<\/td>\n<\/tr>\n<\/tbody>\n<\/table>\n<\/td>\n<\/tr>\n<tr>\n<td class=\"sc-iaJaUu jUTMlm\">Dimens\u00f5es do Produto com Embalagem<\/td>\n<td class=\"sc-feoqov jEebvX\">\n<table class=\"sc-dOoqMo iwSfwR\">\n<tbody>\n<tr>\n<td>Largura 55,7cm Altura 31cm Profundidade 48,1cm<\/td>\n<\/tr>\n<\/tbody>\n<\/table>\n<\/td>\n<\/tr>\n<tr>\n<td class=\"sc-iaJaUu jUTMlm\">Prazo de Garantia<\/td>\n<td class=\"sc-feoqov jEebvX\">\n<table class=\"sc-dOoqMo iwSfwR\">\n<tbody>\n<tr>\n<td>01 ano (3 meses de garantia legal e mais 9 meses de garantia especial concedida pelo fabricante)<\/td>\n<\/tr>\n<\/tbody>\n<\/table>\n<\/td>\n<\/tr>\n<tr>\n<td class=\"sc-iaJaUu jUTMlm\">Caracter\u00edsticas<\/td>\n<td class=\"sc-feoqov jEebvX\">\n<table class=\"sc-dOoqMo iwSfwR\">\n<tbody>\n<tr>\n<td>Design premium, Limpa F\u00e1cil, Alta capacidade em tamanho compacto<\/td>\n<\/tr>\n<\/tbody>\n<\/table>\n<\/td>\n<\/tr>\n<\/tbody>\n<\/table>\n","protected":false},"excerpt":{"rendered":"<p>Marca LG Refer\u00eancia MS3043BR.FSLFLGZ Modelo MS3043BR Capacidade Total 30L Cor Prata Pot\u00eancia 800W N\u00edveis de Pot\u00eancia 10 n\u00edveis Fun\u00e7\u00f5es Receitas Pr\u00e9-Programadas, Fun\u00e7\u00e3o Pipoca, Fun\u00e7\u00e3o Manter Aquecido, Descongelamento Ideal Di\u00e2metro do<\/p>\n","protected":false},"featured_media":13477,"comment_status":"open","ping_status":"closed","template":"","meta":[],"product_brand":[],"product_cat":[232,226],"product_tag":[],"class_list":{"0":"post-13476","1":"product","2":"type-product","3":"status-publish","4":"has-post-thumbnail","6":"product_cat-cozinha","7":"product_cat-eletrodomesticos","8":"product_shipping_class-retirar-no-local","10":"first","11":"instock","12":"shipping-taxable","13":"purchasable","14":"product-type-simple"},"_links":{"self":[{"href":"https:\/\/ambrosioeletro.com.br\/v20\/wp-json\/wp\/v2\/product\/13476","targetHints":{"allow":["GET"]}}],"collection":[{"href":"https:\/\/ambrosioeletro.com.br\/v20\/wp-json\/wp\/v2\/product"}],"about":[{"href":"https:\/\/ambrosioeletro.com.br\/v20\/wp-json\/wp\/v2\/types\/product"}],"replies":[{"embeddable":true,"href":"https:\/\/ambrosioeletro.com.br\/v20\/wp-json\/wp\/v2\/comments?post=13476"}],"wp:featuredmedia":[{"embeddable":true,"href":"https:\/\/ambrosioeletro.com.br\/v20\/wp-json\/wp\/v2\/media\/13477"}],"wp:attachment":[{"href":"https:\/\/ambrosioeletro.com.br\/v20\/wp-json\/wp\/v2\/media?parent=13476"}],"wp:term":[{"taxonomy":"product_brand","embeddable":true,"href":"https:\/\/ambrosioeletro.com.br\/v20\/wp-json\/wp\/v2\/product_brand?post=13476"},{"taxonomy":"product_cat","embeddable":true,"href":"https:\/\/ambrosioeletro.com.br\/v20\/wp-json\/wp\/v2\/product_cat?post=13476"},{"taxonomy":"product_tag","embeddable":true,"href":"https:\/\/ambrosioeletro.com.br\/v20\/wp-json\/wp\/v2\/product_tag?post=13476"}],"curies":[{"name":"wp","href":"https:\/\/api.w.org\/{rel}","templated":true}]}}