{"id":13897,"date":"2025-10-01T09:42:24","date_gmt":"2025-10-01T12:42:24","guid":{"rendered":"https:\/\/ambrosioeletro.com.br\/v20\/?post_type=product&#038;p=13897"},"modified":"2026-04-01T11:47:42","modified_gmt":"2026-04-01T14:47:42","slug":"fritadeira-air-fryer-britania-baf40a-1500w-4-litros-preto","status":"publish","type":"product","link":"https:\/\/ambrosioeletro.com.br\/v20\/produto\/fritadeira-air-fryer-britania-baf40a-1500w-4-litros-preto\/","title":{"rendered":"Fritadeira Air Fryer Brit\u00e2nia BAF40A &#8211; 1500W, 4 Litros, Preto"},"content":{"rendered":"<div class=\"relative px-md overflow-hidden border-on-surface-8 after:pointer-events-none after:absolute after:bottom-[0] after:left-[0] after:h-[72px] after:w-full after:bg-gradient-to-b after:from-[#FFFFFF00] after:to-[#FFFFFF] md:after:content-none md:px-lg max-md:border-b-thin\" data-testid=\"tab-product-detail\">\n<h2 class=\"text-on-surface-2 font-md-bold md:font-title-large-highlight md:mb-md\" data-testid=\"product-details-title\">Descri\u00e7\u00e3o e ficha t\u00e9cnica<\/h2>\n<div data-testid=\"product-detail\">\n<div class=\"mt-md font-xsm-regular\" data-testid=\"product-detail-description\">Air Fryer Brit\u00e2nia 4L Sem \u00d3leo 1500W Antiaderente BAF40A<\/p>\n<p>Caracteristicas:<\/p>\n<p>Cansado de frituras pesadas e da sujeira na cozinha? A Air Fryer Brit\u00e2nia 4L BAF40A \u00e9 a solu\u00e7\u00e3o perfeita para quem busca uma alimenta\u00e7\u00e3o mais saud\u00e1vel e pr\u00e1tica.<br \/>\nCom 1500W de pot\u00eancia, ela prepara seus alimentos favoritos at\u00e9 80% mais r\u00e1pido, utilizando pouqu\u00edssimo \u00f3leo ou at\u00e9 mesmo nenhum.<br \/>\nA tecnologia Air Flow 360 garante uma coc\u00e7\u00e3o uniforme, deixando tudo crocante por fora e macio por dentro.<br \/>\nSonhe com refei\u00e7\u00f5es crocantes e saborosas, como batatas fritas, frango assado, legumes grelhados e muito mais. O timer de 60 minutos e o controle de temperatura ajust\u00e1vel entre 80\u00b0C e 200\u00b0C te d\u00e3o total controle sobre o preparo dos alimentos.<br \/>\nTudo isso, com a capacidade de 4 litros que acomoda por\u00e7\u00f5es generosas, ideal para o dia a dia da sua fam\u00edlia.<br \/>\nAir Fryer Brit\u00e2nia 4L BAF40A, tenha a sua e experimente uma nova forma de cozinhar! Com ela, voc\u00ea ganha tempo, sa\u00fade e praticidade.<\/p>\n<p>Capacidade da cuba 4 L<br \/>\nTipo de cesto: redondo<br \/>\nPot\u00eancia: 1500W<br \/>\nControle de temperatura: 80\u00b0C \u00ac 200\u00b0C<br \/>\nCesto e cuba com revestimento antiaderente. Cuba com antiaderente base \u00f3leo \/ Fundo remov\u00edvel, base \u00e1gua<br \/>\nLuz indicadora de funcionamento<br \/>\nDesligamento autom\u00e1tico<br \/>\nBase antiderrapante<br \/>\nSistema de prote\u00e7\u00e3o contra sobreaquecimento<br \/>\nPode ser levada \u00e0 lava lou\u00e7as: Sim<br \/>\nComprimento do cabo de alimenta\u00e7\u00e3o: 90 cm exposto<br \/>\nTimer 60 minutos<br \/>\nTipo de acabamento Preto<br \/>\nFundo Remov\u00edvel<br \/>\nLuz Indicadora de Aquecimento.<\/p>\n<p>Especifica\u00e7\u00f5es:<\/p>\n<p>Marca: Brit\u00e2nia<br \/>\nModelo: BAF40A<br \/>\nVoltagem: 110v\/220v<br \/>\nTipo: Sem \u00f3leo<br \/>\nPot\u00eancia (W): 1500W<br \/>\nFun\u00e7\u00e3o timer: Sim<br \/>\nTido de controle: Anal\u00f3gico<br \/>\nCor: Preto<br \/>\nCesto antiaderente: Sim<br \/>\nCapacidade: 4L<br \/>\nControle de temperatura: 80\u00b0C a 200\u00b0C<br \/>\nCesto remov\u00edvel: Sim<br \/>\nAltura do produto 27,5 cm<br \/>\nLargura do produto 32,5 cm<br \/>\nComprimento do produto 33,5 cm<br \/>\nPeso do produto 3,7 kg<\/p><\/div>\n<\/div>\n<\/div>\n<div class=\"hidden border-on-surface-8 md:px-lg md:block md:py-md\" data-testid=\"tab-product-factsheet\">\n<h2 class=\"text-on-surface-2 font-md-bold md:font-title-large-highlight md:mb-md\" data-testid=\"product-factsheet-title\">Ficha T\u00e9cnica<\/h2>\n<div class=\"pt-2xsm\">\n<table class=\"w-full list-none\" data-testid=\"table-factsheet\">\n<tbody>\n<tr class=\"text-on-surface-3 even:bg-surface-container-lower\">\n<td class=\"px-md py-sm align-top font-xsm-bold table-cell w-1\/2\" data-testid=\"table-factsheet-key\">Marca<\/td>\n<td class=\"list-item w-full px-md py-sm align-top font-xsm-regular\"><a class=\"underline hover:text-interaction-default\" href=\"https:\/\/www.magazineluiza.com.br\/marcas\/britania\/\">Brit\u00e2nia<\/a><\/td>\n<\/tr>\n<tr class=\"text-on-surface-3 even:bg-surface-container-lower\">\n<td class=\"px-md py-sm align-top font-xsm-bold table-cell w-1\/2\" data-testid=\"table-factsheet-key\">Modelo<\/td>\n<td class=\"list-item w-full px-md py-sm align-top font-xsm-regular\">BAF40A<\/td>\n<\/tr>\n<tr class=\"text-on-surface-3 even:bg-surface-container-lower\">\n<td class=\"px-md py-sm align-top font-xsm-bold table-cell w-1\/2\" data-testid=\"table-factsheet-key\">Refer\u00eancia<\/td>\n<td class=\"list-item w-full px-md py-sm align-top font-xsm-regular\">BAF40A<\/td>\n<\/tr>\n<tr class=\"text-on-surface-3 even:bg-surface-container-lower\">\n<td class=\"px-md py-sm align-top font-xsm-bold table-cell w-1\/2\" data-testid=\"table-factsheet-key\">Cor<\/td>\n<td class=\"list-item w-full px-md py-sm align-top font-xsm-regular\">Preto<\/td>\n<\/tr>\n<tr class=\"text-on-surface-3 even:bg-surface-container-lower\">\n<td class=\"px-md py-sm align-top font-xsm-bold table-cell w-1\/2\" data-testid=\"table-factsheet-key\">Voltagem<\/td>\n<td class=\"list-item w-full px-md py-sm align-top font-xsm-regular\">110V<\/td>\n<\/tr>\n<tr class=\"text-on-surface-3 even:bg-surface-container-lower\">\n<td class=\"px-md py-sm align-top font-xsm-bold table-cell w-1\/2\" data-testid=\"table-factsheet-key\">Capacidade Total<\/td>\n<td class=\"list-item w-full px-md py-sm align-top font-xsm-regular\">4L<\/td>\n<\/tr>\n<tr class=\"text-on-surface-3 even:bg-surface-container-lower\">\n<td class=\"px-md py-sm align-top font-xsm-bold table-cell w-1\/2\" data-testid=\"table-factsheet-key\">Capacidade do Cesto<\/td>\n<td class=\"list-item w-full px-md py-sm align-top font-xsm-regular\">4L<\/td>\n<\/tr>\n<tr class=\"text-on-surface-3 even:bg-surface-container-lower\">\n<td class=\"px-md py-sm align-top font-xsm-bold table-cell w-1\/2\" data-testid=\"table-factsheet-key\">Cesto de Fritura<\/td>\n<td class=\"list-item w-full px-md py-sm align-top font-xsm-regular\">Sim<\/td>\n<\/tr>\n<tr class=\"text-on-surface-3 even:bg-surface-container-lower\">\n<td class=\"px-md py-sm align-top font-xsm-bold table-cell w-1\/2\" data-testid=\"table-factsheet-key\">Dimens\u00f5es do Produto<\/td>\n<td class=\"list-item w-full px-md py-sm align-top font-xsm-regular\">Altura: 27,5cm Largura: 32,5cm Comprimento: 33,5cm<\/td>\n<\/tr>\n<tr class=\"text-on-surface-3 even:bg-surface-container-lower\">\n<td class=\"px-md py-sm align-top font-xsm-bold table-cell w-1\/2\" data-testid=\"table-factsheet-key\">Formato do Cesto<\/td>\n<td class=\"list-item w-full px-md py-sm align-top font-xsm-regular\">Redondo<\/td>\n<\/tr>\n<tr class=\"text-on-surface-3 even:bg-surface-container-lower\">\n<td class=\"px-md py-sm align-top font-xsm-bold table-cell w-1\/2\" data-testid=\"table-factsheet-key\">Peso do Produto<\/td>\n<td class=\"list-item w-full px-md py-sm align-top font-xsm-regular\">3,7kg<\/td>\n<\/tr>\n<tr class=\"text-on-surface-3 even:bg-surface-container-lower\">\n<td class=\"px-md py-sm align-top font-xsm-bold table-cell w-1\/2\" data-testid=\"table-factsheet-key\">Pot\u00eancia<\/td>\n<td class=\"list-item w-full px-md py-sm align-top font-xsm-regular\">1500W<\/td>\n<\/tr>\n<tr class=\"text-on-surface-3 even:bg-surface-container-lower\">\n<td class=\"px-md py-sm align-top font-xsm-bold table-cell w-1\/2\" data-testid=\"table-factsheet-key\">Temperatura<\/td>\n<td class=\"list-item w-full px-md py-sm align-top font-xsm-regular\">80\u00b0C a 200\u00b0C<\/td>\n<\/tr>\n<tr class=\"text-on-surface-3 even:bg-surface-container-lower\">\n<td class=\"px-md py-sm align-top font-xsm-bold table-cell w-1\/2\" data-testid=\"table-factsheet-key\">Garantia<\/td>\n<td class=\"list-item w-full px-md py-sm align-top font-xsm-regular\">01 ano<\/td>\n<\/tr>\n<\/tbody>\n<\/table>\n<\/div>\n<\/div>\n","protected":false},"excerpt":{"rendered":"<p>Descri\u00e7\u00e3o e ficha t\u00e9cnica Air Fryer Brit\u00e2nia 4L Sem \u00d3leo 1500W Antiaderente BAF40A Caracteristicas: Cansado de frituras pesadas e da sujeira na cozinha? A Air Fryer Brit\u00e2nia 4L BAF40A \u00e9<\/p>\n","protected":false},"featured_media":13898,"comment_status":"open","ping_status":"closed","template":"","meta":[],"product_brand":[],"product_cat":[243,228],"product_tag":[],"class_list":{"0":"post-13897","1":"product","2":"type-product","3":"status-publish","4":"has-post-thumbnail","6":"product_cat-cozinha-moveis","7":"product_cat-eletroeletronicos","8":"product_shipping_class-pac","10":"first","11":"instock","12":"shipping-taxable","13":"purchasable","14":"product-type-simple"},"_links":{"self":[{"href":"https:\/\/ambrosioeletro.com.br\/v20\/wp-json\/wp\/v2\/product\/13897","targetHints":{"allow":["GET"]}}],"collection":[{"href":"https:\/\/ambrosioeletro.com.br\/v20\/wp-json\/wp\/v2\/product"}],"about":[{"href":"https:\/\/ambrosioeletro.com.br\/v20\/wp-json\/wp\/v2\/types\/product"}],"replies":[{"embeddable":true,"href":"https:\/\/ambrosioeletro.com.br\/v20\/wp-json\/wp\/v2\/comments?post=13897"}],"wp:featuredmedia":[{"embeddable":true,"href":"https:\/\/ambrosioeletro.com.br\/v20\/wp-json\/wp\/v2\/media\/13898"}],"wp:attachment":[{"href":"https:\/\/ambrosioeletro.com.br\/v20\/wp-json\/wp\/v2\/media?parent=13897"}],"wp:term":[{"taxonomy":"product_brand","embeddable":true,"href":"https:\/\/ambrosioeletro.com.br\/v20\/wp-json\/wp\/v2\/product_brand?post=13897"},{"taxonomy":"product_cat","embeddable":true,"href":"https:\/\/ambrosioeletro.com.br\/v20\/wp-json\/wp\/v2\/product_cat?post=13897"},{"taxonomy":"product_tag","embeddable":true,"href":"https:\/\/ambrosioeletro.com.br\/v20\/wp-json\/wp\/v2\/product_tag?post=13897"}],"curies":[{"name":"wp","href":"https:\/\/api.w.org\/{rel}","templated":true}]}}