{"id":13900,"date":"2025-10-01T10:12:59","date_gmt":"2025-10-01T13:12:59","guid":{"rendered":"https:\/\/ambrosioeletro.com.br\/v20\/?post_type=product&#038;p=13900"},"modified":"2026-01-12T08:44:48","modified_gmt":"2026-01-12T11:44:48","slug":"smart-tv-samsung-65-crystal-uhd-4k-2025-un65u8100fgxzd","status":"publish","type":"product","link":"https:\/\/ambrosioeletro.com.br\/v20\/produto\/smart-tv-samsung-65-crystal-uhd-4k-2025-un65u8100fgxzd\/","title":{"rendered":"Smart TV Samsung 65&#8243; Crystal UHD 4K 2025 UN65U8100FGXZD"},"content":{"rendered":"<div>\n<div class=\"inpage_selector_specification flix-samsung-new-specs inpage_desktop\" data-module=\"FM00010B\" data-modv=\"1\" data-modtarget=\"FM00010B-xlove\" data-flixtime3=\"1759323376413\">\n<div class=\"inpage_selector_specification inpage_desktop\">\n<div class=\"inpage_block flix-specs flix-hidden2\">\n<div class=\"inpage_block_inner\">\n<div class=\"flix-spec-flex-section\">\n<div class=\"flix-spec-big-title\" role=\"heading\" aria-level=\"3\">Especifica\u00e7\u00f5es<\/div>\n<div class=\"flix-spec-toggle-element\">\n<div class=\"flix-expand-button flixkeycode\" tabindex=\"0\" role=\"button\" data-flix-media=\"Expandir tudo\" aria-label=\"Expandir tudo\" data-expanded=\"false\">Resolu\u00e7\u00e3o<\/div>\n<\/div>\n<\/div>\n<div class=\"inpage_spec-section\">\n<div class=\"inpage_spec-list\">\n<div class=\"flix-li-row-wrapper\" aria-expanded=\"true\">\n<div class=\"li-row\">\n<div class=\"inpage_spec\">\n<div class=\"inpage_desc flix-d-p feature_modular_map_desc\">4K (3,840 x 2,160)<\/div>\n<\/div>\n<ul>\n<li>\n<div class=\"inpage_spec\">\n<div class=\"inpage_h5 flix-d-h6\">HDMI<\/div>\n<div class=\"inpage_desc flix-d-p feature_modular_map_desc\">3<\/div>\n<\/div>\n<\/li>\n<li>\n<div class=\"inpage_spec\">\n<div class=\"inpage_h5 flix-d-h6\">USB<\/div>\n<div class=\"inpage_desc flix-d-p feature_modular_map_desc\">1 x USB-A<\/div>\n<\/div>\n<\/li>\n<\/ul>\n<\/div>\n<\/div>\n<div class=\"inpage_clear\"><\/div>\n<\/div>\n<div class=\"inpage_spec-list\">\n<div class=\"inpage_h4 inpage_tit flixkeycode flix-focus open\" tabindex=\"0\" role=\"button\" aria-label=\"Produto\" aria-expanded=\"true\" data-flix-media=\"Expanded Specs\">Produto<\/div>\n<div class=\"flix-li-row-wrapper\" aria-expanded=\"true\">\n<div class=\"li-row\">\n<ul>\n<li>\n<div class=\"inpage_spec\">\n<div class=\"inpage_h5 flix-d-h6\"><\/div>\n<div class=\"inpage_desc flix-d-p feature_modular_map_desc\">LED<\/div>\n<\/div>\n<\/li>\n<\/ul>\n<\/div>\n<\/div>\n<div class=\"inpage_clear\"><\/div>\n<\/div>\n<div class=\"inpage_spec-list\">\n<div class=\"inpage_h4 inpage_tit flixkeycode open\" tabindex=\"0\" role=\"button\" aria-label=\"Tela\" aria-expanded=\"true\" data-flix-media=\"Expanded Specs\">Tela<\/div>\n<div class=\"flix-li-row-wrapper\" aria-expanded=\"true\">\n<div class=\"li-row\">\n<ul>\n<li>\n<div class=\"inpage_spec\">\n<div class=\"inpage_h5 flix-d-h6\">Tamanho de tela<\/div>\n<div class=\"inpage_desc flix-d-p feature_modular_map_desc\">65&#8243;<\/div>\n<\/div>\n<\/li>\n<li>\n<div class=\"inpage_spec\">\n<div class=\"inpage_h5 flix-d-h6\">Frequ\u00eancia de painel<\/div>\n<div class=\"inpage_desc flix-d-p feature_modular_map_desc\">60Hz<\/div>\n<\/div>\n<\/li>\n<\/ul>\n<\/div>\n<\/div>\n<div class=\"inpage_clear\"><\/div>\n<\/div>\n<div class=\"inpage_spec-list\">\n<div class=\"inpage_h4 inpage_tit flixkeycode open\" tabindex=\"0\" role=\"button\" aria-label=\"V\u00eddeo\" aria-expanded=\"true\" data-flix-media=\"Expanded Specs\">V\u00eddeo<\/div>\n<div class=\"flix-li-row-wrapper\" aria-expanded=\"true\">\n<div class=\"li-row\">\n<ul>\n<li>\n<div class=\"inpage_spec\">\n<div class=\"inpage_h5 flix-d-h6\">Processador<\/div>\n<div class=\"inpage_desc flix-d-p feature_modular_map_desc\">Processador Crystal 4K<\/div>\n<\/div>\n<\/li>\n<li>\n<div class=\"inpage_spec\">\n<div class=\"inpage_h5 flix-d-h6\">HDR (High Dynamic Range)<\/div>\n<div class=\"inpage_desc flix-d-p feature_modular_map_desc\">HDR<\/div>\n<\/div>\n<\/li>\n<li>\n<div class=\"inpage_spec\">\n<div class=\"inpage_h5 flix-d-h6\">HDR 10+<\/div>\n<div class=\"inpage_desc flix-d-p feature_modular_map_desc\">Suporte<\/div>\n<\/div>\n<\/li>\n<li>\n<div class=\"inpage_spec\">\n<div class=\"inpage_h5 flix-d-h6\">Contraste<\/div>\n<div class=\"inpage_desc flix-d-p feature_modular_map_desc\">Mega contraste<\/div>\n<\/div>\n<\/li>\n<\/ul>\n<\/div>\n<div class=\"li-row\">\n<ul>\n<li>\n<div class=\"inpage_spec\">\n<div class=\"inpage_h5 flix-d-h6\">Micro Dimming<\/div>\n<div class=\"inpage_desc flix-d-p feature_modular_map_desc\">Dimeriza\u00e7\u00e3o UHD<\/div>\n<\/div>\n<\/li>\n<li>\n<div class=\"inpage_spec\">\n<div class=\"inpage_h5 flix-d-h6\">Realce de contraste<\/div>\n<div class=\"inpage_desc flix-d-p feature_modular_map_desc\">Sim<\/div>\n<\/div>\n<\/li>\n<li>\n<div class=\"inpage_spec\">\n<div class=\"inpage_h5 flix-d-h6\">Tecnologia Motion<\/div>\n<div class=\"inpage_desc flix-d-p feature_modular_map_desc\">Motion Xcelerator<\/div>\n<\/div>\n<\/li>\n<li>\n<div class=\"inpage_spec\">\n<div class=\"inpage_h5 flix-d-h6\">Upscaling de Imagem<\/div>\n<div class=\"inpage_desc flix-d-p feature_modular_map_desc\">4K Upscaling<\/div>\n<\/div>\n<\/li>\n<\/ul>\n<\/div>\n<div class=\"li-row\">\n<ul>\n<li>\n<div class=\"inpage_spec\">\n<div class=\"inpage_h5 flix-d-h6\">Color Booster<\/div>\n<div class=\"inpage_desc flix-d-p feature_modular_map_desc\">Sim<\/div>\n<\/div>\n<\/li>\n<li>\n<div class=\"inpage_spec\">\n<div class=\"inpage_h5 flix-d-h6\">Modo Filmmaker<\/div>\n<div class=\"inpage_desc flix-d-p feature_modular_map_desc\">Sim<\/div>\n<\/div>\n<\/li>\n<\/ul>\n<\/div>\n<\/div>\n<div class=\"inpage_clear\"><\/div>\n<\/div>\n<div class=\"inpage_spec-list\">\n<div class=\"inpage_h4 inpage_tit flixkeycode open\" tabindex=\"0\" role=\"button\" aria-label=\"\u00c1udio\" aria-expanded=\"true\" data-flix-media=\"Expanded Specs\">\u00c1udio<\/div>\n<div class=\"flix-li-row-wrapper\" aria-expanded=\"true\">\n<div class=\"li-row\">\n<ul>\n<li>\n<div class=\"inpage_spec\">\n<div class=\"inpage_h5 flix-d-h6\">Som em Movimento<\/div>\n<div class=\"inpage_desc flix-d-p feature_modular_map_desc\">Virtual<\/div>\n<\/div>\n<\/li>\n<li>\n<div class=\"inpage_spec\">\n<div class=\"inpage_h5 flix-d-h6\">Q-Symphony<\/div>\n<div class=\"inpage_desc flix-d-p feature_modular_map_desc\">Sim<\/div>\n<\/div>\n<\/li>\n<li>\n<div class=\"inpage_spec\">\n<div class=\"inpage_h5 flix-d-h6\">Pot\u00eancia (RMS)<\/div>\n<div class=\"inpage_desc flix-d-p feature_modular_map_desc\">20W<\/div>\n<\/div>\n<\/li>\n<li>\n<div class=\"inpage_spec\">\n<div class=\"inpage_h5 flix-d-h6\">Canais de \u00c1udio<\/div>\n<div class=\"inpage_desc flix-d-p feature_modular_map_desc\">2CH<\/div>\n<\/div>\n<\/li>\n<\/ul>\n<\/div>\n<div class=\"li-row\">\n<ul>\n<li>\n<div class=\"inpage_spec\">\n<div class=\"inpage_h5 flix-d-h6\">Som adaptativo<\/div>\n<div class=\"inpage_desc flix-d-p feature_modular_map_desc\">Sim<\/div>\n<\/div>\n<\/li>\n<\/ul>\n<\/div>\n<\/div>\n<div class=\"inpage_clear\"><\/div>\n<\/div>\n<div class=\"inpage_spec-list\">\n<div class=\"inpage_h4 inpage_tit flixkeycode open\" tabindex=\"0\" role=\"button\" aria-label=\"Fun\u00e7\u00f5es Smart\" aria-expanded=\"true\" data-flix-media=\"Expanded Specs\">Fun\u00e7\u00f5es Smart<\/div>\n<div class=\"flix-li-row-wrapper\" aria-expanded=\"true\">\n<div class=\"li-row\">\n<ul>\n<li>\n<div class=\"inpage_spec\">\n<div class=\"inpage_h5 flix-d-h6\">Sistema operacional<\/div>\n<div class=\"inpage_desc flix-d-p feature_modular_map_desc\">Smart TV Tizen\u2122<\/div>\n<\/div>\n<\/li>\n<li>\n<div class=\"inpage_spec\">\n<div class=\"inpage_h5 flix-d-h6\">Bixby<\/div>\n<div class=\"inpage_desc flix-d-p feature_modular_map_desc\">Sim (pronto para voz)<\/div>\n<\/div>\n<\/li>\n<li>\n<div class=\"inpage_spec\">\n<div class=\"inpage_h5 flix-d-h6\">Compat\u00edvel com Assistente de Voz<\/div>\n<div class=\"inpage_desc flix-d-p feature_modular_map_desc\">Sim<\/div>\n<\/div>\n<\/li>\n<li>\n<div class=\"inpage_spec\">\n<div class=\"inpage_h5 flix-d-h6\">Alexa integrado<\/div>\n<div class=\"inpage_desc flix-d-p feature_modular_map_desc\">Alexa (Vendido Separadamente)<\/div>\n<\/div>\n<\/li>\n<\/ul>\n<\/div>\n<div class=\"li-row\">\n<ul>\n<li>\n<div class=\"inpage_spec\">\n<div class=\"inpage_h5 flix-d-h6\">Samsung TV Plus<\/div>\n<div class=\"inpage_desc flix-d-p feature_modular_map_desc\">Sim<\/div>\n<\/div>\n<\/li>\n<li>\n<div class=\"inpage_spec\">\n<div class=\"inpage_h5 flix-d-h6\">Navegador (Web Browser)<\/div>\n<div class=\"inpage_desc flix-d-p feature_modular_map_desc\">Sim<\/div>\n<\/div>\n<\/li>\n<li>\n<div class=\"inpage_spec\">\n<div class=\"inpage_h5 flix-d-h6\">Hub SmartThings \/ Hub Matter \/ Funcionalidade IoT-Sensor \/ App de Controle Remoto<\/div>\n<div class=\"inpage_desc flix-d-p feature_modular_map_desc\">Sim<\/div>\n<\/div>\n<\/li>\n<\/ul>\n<\/div>\n<\/div>\n<div class=\"inpage_clear\"><\/div>\n<\/div>\n<div class=\"inpage_spec-list\">\n<div class=\"inpage_h4 inpage_tit flixkeycode open\" tabindex=\"0\" role=\"button\" aria-label=\"Caracter\u00edsticas Smart\" aria-expanded=\"true\" data-flix-media=\"Expanded Specs\">Caracter\u00edsticas Smart<\/div>\n<div class=\"flix-li-row-wrapper\" aria-expanded=\"true\">\n<div class=\"li-row\">\n<ul>\n<li>\n<div class=\"inpage_spec\">\n<div class=\"inpage_h5 flix-d-h6\">Experi\u00eancia Multi Dispositivo<\/div>\n<div class=\"inpage_desc flix-d-p feature_modular_map_desc\">Telefonia para TV, espelhamento de som, TV sem fio ligada<\/div>\n<\/div>\n<\/li>\n<li>\n<div class=\"inpage_spec\">\n<div class=\"inpage_h5 flix-d-h6\">Apple AirPlay<\/div>\n<div class=\"inpage_desc flix-d-p feature_modular_map_desc\">Sim<\/div>\n<\/div>\n<\/li>\n<li>\n<div class=\"inpage_spec\">\n<div class=\"inpage_h5 flix-d-h6\">Daily+<\/div>\n<div class=\"inpage_desc flix-d-p feature_modular_map_desc\">Sim<\/div>\n<\/div>\n<\/li>\n<li>\n<div class=\"inpage_spec\">\n<div class=\"inpage_h5 flix-d-h6\">Storage Share<\/div>\n<div class=\"inpage_desc flix-d-p feature_modular_map_desc\">Sim<\/div>\n<\/div>\n<\/li>\n<\/ul>\n<\/div>\n<div class=\"li-row\">\n<ul>\n<li>\n<div class=\"inpage_spec\">\n<div class=\"inpage_h5 flix-d-h6\">Controle por Gestos<\/div>\n<div class=\"inpage_desc flix-d-p feature_modular_map_desc\">Sim<\/div>\n<\/div>\n<\/li>\n<li>\n<div class=\"inpage_spec\">\n<div class=\"inpage_h5 flix-d-h6\">Compartilhamento de Dados entre Dispositivos<\/div>\n<div class=\"inpage_desc flix-d-p feature_modular_map_desc\">Sim<\/div>\n<\/div>\n<\/li>\n<\/ul>\n<\/div>\n<\/div>\n<div class=\"inpage_clear\"><\/div>\n<\/div>\n<div class=\"inpage_spec-list\">\n<div class=\"inpage_h4 inpage_tit flixkeycode open\" tabindex=\"0\" role=\"button\" aria-label=\"Caracter\u00edsticas Game\" aria-expanded=\"true\" data-flix-media=\"Expanded Specs\">Caracter\u00edsticas Game<\/div>\n<div class=\"flix-li-row-wrapper\" aria-expanded=\"true\">\n<div class=\"li-row\">\n<ul>\n<li>\n<div class=\"inpage_spec\">\n<div class=\"inpage_h5 flix-d-h6\">Auto Game Mode ALLM<\/div>\n<div class=\"inpage_desc flix-d-p feature_modular_map_desc\">Sim<\/div>\n<\/div>\n<\/li>\n<li>\n<div class=\"inpage_spec\">\n<div class=\"inpage_h5 flix-d-h6\">VRR<\/div>\n<div class=\"inpage_desc flix-d-p feature_modular_map_desc\">Sim<\/div>\n<\/div>\n<\/li>\n<li>\n<div class=\"inpage_spec\">\n<div class=\"inpage_h5 flix-d-h6\">HGiG<\/div>\n<div class=\"inpage_desc flix-d-p feature_modular_map_desc\">Sim<\/div>\n<\/div>\n<\/li>\n<li>\n<div class=\"inpage_spec\">\n<div class=\"inpage_h5 flix-d-h6\">Gaming Hub<\/div>\n<div class=\"inpage_desc flix-d-p feature_modular_map_desc\">Sim (Coreia do Sul, Estados Unidos, Canad\u00e1, Brasil, Gr\u00e3-Bretanha, Fran\u00e7a, Alemanha, It\u00e1lia, Espanha, M\u00e9xico e Austr\u00e1lia)<\/div>\n<\/div>\n<\/li>\n<\/ul>\n<\/div>\n<\/div>\n<div class=\"inpage_clear\"><\/div>\n<\/div>\n<div class=\"inpage_spec-list\">\n<div class=\"inpage_h4 inpage_tit flixkeycode open\" tabindex=\"0\" role=\"button\" aria-label=\"Sintonizador &amp; Transmiss\u00e3o\" aria-expanded=\"true\" data-flix-media=\"Expanded Specs\">Sintonizador &amp; Transmiss\u00e3o<\/div>\n<div class=\"flix-li-row-wrapper\" aria-expanded=\"true\">\n<div class=\"li-row\">\n<ul>\n<li>\n<div class=\"inpage_spec\">\n<div class=\"inpage_h5 flix-d-h6\">Transmiss\u00e3o digital<\/div>\n<div class=\"inpage_desc flix-d-p feature_modular_map_desc\">ISDB-T<\/div>\n<\/div>\n<\/li>\n<li>\n<div class=\"inpage_spec\">\n<div class=\"inpage_h5 flix-d-h6\">Sintonizador anal\u00f3gico<\/div>\n<div class=\"inpage_desc flix-d-p feature_modular_map_desc\">Sim (Trinorma)<\/div>\n<\/div>\n<\/li>\n<li>\n<div class=\"inpage_spec\">\n<div class=\"inpage_h5 flix-d-h6\">Data Broadcasting<\/div>\n<div class=\"inpage_desc flix-d-p feature_modular_map_desc\">GINGA<\/div>\n<\/div>\n<\/li>\n<li>\n<div class=\"inpage_spec\">\n<div class=\"inpage_h5 flix-d-h6\">Chave de TV<\/div>\n<div class=\"inpage_desc flix-d-p feature_modular_map_desc\">Sim<\/div>\n<\/div>\n<\/li>\n<\/ul>\n<\/div>\n<\/div>\n<div class=\"inpage_clear\"><\/div>\n<\/div>\n<div class=\"inpage_spec-list\">\n<div class=\"inpage_h4 inpage_tit flixkeycode open\" tabindex=\"0\" role=\"button\" aria-label=\"Conectividade\" aria-expanded=\"true\" data-flix-media=\"Expanded Specs\">Conectividade<\/div>\n<div class=\"flix-li-row-wrapper\" aria-expanded=\"true\">\n<div class=\"li-row\">\n<ul>\n<li>\n<div class=\"inpage_spec\">\n<div class=\"inpage_h5 flix-d-h6\">Wi-Fi<\/div>\n<div class=\"inpage_desc flix-d-p feature_modular_map_desc\">Sim (Wi-Fi 5)<\/div>\n<\/div>\n<\/li>\n<li>\n<div class=\"inpage_spec\">\n<div class=\"inpage_h5 flix-d-h6\">Bluetooth<\/div>\n<div class=\"inpage_desc flix-d-p feature_modular_map_desc\">Sim (BT5.2)<\/div>\n<\/div>\n<\/li>\n<li>\n<div class=\"inpage_spec\">\n<div class=\"inpage_h5 flix-d-h6\">Taxa M\u00e1xima de Input HDMI<\/div>\n<div class=\"inpage_desc flix-d-p feature_modular_map_desc\">4K 60Hz (for HDMI 1\/2\/3)<\/div>\n<\/div>\n<\/li>\n<li>\n<div class=\"inpage_spec\">\n<div class=\"inpage_h5 flix-d-h6\">HDMI (eARC)<\/div>\n<div class=\"inpage_desc flix-d-p feature_modular_map_desc\">eARC\/ARC<\/div>\n<\/div>\n<\/li>\n<\/ul>\n<\/div>\n<div class=\"li-row\">\n<ul>\n<li>\n<div class=\"inpage_spec\">\n<div class=\"inpage_h5 flix-d-h6\">Anynet+ (HDMI-CEC)<\/div>\n<div class=\"inpage_desc flix-d-p feature_modular_map_desc\">Sim<\/div>\n<\/div>\n<\/li>\n<li>\n<div class=\"inpage_spec\">\n<div class=\"inpage_h5 flix-d-h6\">Ethernet (LAN)<\/div>\n<div class=\"inpage_desc flix-d-p feature_modular_map_desc\">1<\/div>\n<\/div>\n<\/li>\n<li>\n<div class=\"inpage_spec\">\n<div class=\"inpage_h5 flix-d-h6\">Entrada de RF (terrestre\/entrada de cabo)<\/div>\n<div class=\"inpage_desc flix-d-p feature_modular_map_desc\">1\/1 (uso comum para terrestre)\/0<\/div>\n<\/div>\n<\/li>\n<\/ul>\n<\/div>\n<\/div>\n<div class=\"inpage_clear\"><\/div>\n<\/div>\n<div class=\"inpage_spec-list\">\n<div class=\"inpage_h4 inpage_tit flixkeycode open\" tabindex=\"0\" role=\"button\" aria-label=\"Design\" aria-expanded=\"true\" data-flix-media=\"Expanded Specs\">Design<\/div>\n<div class=\"flix-li-row-wrapper\" aria-expanded=\"true\">\n<div class=\"li-row\">\n<ul>\n<li>\n<div class=\"inpage_spec\">\n<div class=\"inpage_h5 flix-d-h6\">Design<\/div>\n<div class=\"inpage_desc flix-d-p feature_modular_map_desc\">Slim<\/div>\n<\/div>\n<\/li>\n<li>\n<div class=\"inpage_spec\">\n<div class=\"inpage_h5 flix-d-h6\">Tipo de Borda<\/div>\n<div class=\"inpage_desc flix-d-p feature_modular_map_desc\">3 sem moldura<\/div>\n<\/div>\n<\/li>\n<li>\n<div class=\"inpage_spec\">\n<div class=\"inpage_h5 flix-d-h6\">Cor principal<\/div>\n<div class=\"inpage_desc flix-d-p feature_modular_map_desc\">PRETO<\/div>\n<\/div>\n<\/li>\n<li>\n<div class=\"inpage_spec\">\n<div class=\"inpage_h5 flix-d-h6\">Tipo de suporte<\/div>\n<div class=\"inpage_desc flix-d-p feature_modular_map_desc\">P\u00e9s finos<\/div>\n<\/div>\n<\/li>\n<\/ul>\n<\/div>\n<div class=\"li-row\">\n<ul>\n<li>\n<div class=\"inpage_spec\">\n<div class=\"inpage_h5 flix-d-h6\">Cor da Base\/P\u00e9s<\/div>\n<div class=\"inpage_desc flix-d-p feature_modular_map_desc\">PRETO<\/div>\n<\/div>\n<\/li>\n<\/ul>\n<\/div>\n<\/div>\n<div class=\"inpage_clear\"><\/div>\n<\/div>\n<div class=\"inpage_spec-list\">\n<div class=\"inpage_h4 inpage_tit flixkeycode open\" tabindex=\"0\" role=\"button\" aria-label=\"Outros recursos\" aria-expanded=\"true\" data-flix-media=\"Expanded Specs\">Outros recursos<\/div>\n<div class=\"flix-li-row-wrapper\" aria-expanded=\"true\">\n<div class=\"li-row\">\n<ul>\n<li>\n<div class=\"inpage_spec\">\n<div class=\"inpage_h5 flix-d-h6\">POP incorporado<\/div>\n<div class=\"inpage_desc flix-d-p feature_modular_map_desc\">Sim<\/div>\n<\/div>\n<\/li>\n<li>\n<div class=\"inpage_spec\">\n<div class=\"inpage_h5 flix-d-h6\">EPG<\/div>\n<div class=\"inpage_desc flix-d-p feature_modular_map_desc\">Sim<\/div>\n<\/div>\n<\/li>\n<li>\n<div class=\"inpage_spec\">\n<div class=\"inpage_h5 flix-d-h6\">Controle de IP<\/div>\n<div class=\"inpage_desc flix-d-p feature_modular_map_desc\">Sim<\/div>\n<\/div>\n<\/li>\n<li>\n<div class=\"inpage_spec\">\n<div class=\"inpage_h5 flix-d-h6\">Idioma<\/div>\n<div class=\"inpage_desc flix-d-p feature_modular_map_desc\">Idiomas locais<\/div>\n<\/div>\n<\/li>\n<\/ul>\n<\/div>\n<\/div>\n<div class=\"inpage_clear\"><\/div>\n<\/div>\n<div class=\"inpage_spec-list\">\n<div class=\"inpage_h4 inpage_tit flixkeycode open\" tabindex=\"0\" role=\"button\" aria-label=\"Acessibilidade\" aria-expanded=\"true\" data-flix-media=\"Expanded Specs\">Acessibilidade<\/div>\n<div class=\"flix-li-row-wrapper\" aria-expanded=\"true\">\n<div class=\"li-row\">\n<ul>\n<li>\n<div class=\"inpage_spec\">\n<div class=\"inpage_h5 flix-d-h6\">Guia de Voz<\/div>\n<div class=\"inpage_desc flix-d-p feature_modular_map_desc\">Ingl\u00eas (EUA), Portugu\u00eas (Brasil), Espanhol (Mexico)<\/div>\n<\/div>\n<\/li>\n<li>\n<div class=\"inpage_spec\">\n<div class=\"inpage_h5 flix-d-h6\">Suporte para deficientes visuais<\/div>\n<div class=\"inpage_desc flix-d-p feature_modular_map_desc\">Menu de zoom e texto, alto contraste, SeeColors, invers\u00e3o de cores, escala de cinza, imagem desativada automaticamente<\/div>\n<\/div>\n<\/li>\n<li>\n<div class=\"inpage_spec\">\n<div class=\"inpage_h5 flix-d-h6\">Suporte para deficientes auditivos<\/div>\n<div class=\"inpage_desc flix-d-p feature_modular_map_desc\">Legenda, M\u00faltipla Sa\u00edda de Audio, Zoom em Linguagem de Sinais<\/div>\n<\/div>\n<\/li>\n<li>\n<div class=\"inpage_spec\">\n<div class=\"inpage_h5 flix-d-h6\">Suporte para deficientes motores<\/div>\n<div class=\"inpage_desc flix-d-p feature_modular_map_desc\">Bot\u00e3o de repeti\u00e7\u00e3o em modo lento, App de Controle Remoto<\/div>\n<\/div>\n<\/li>\n<\/ul>\n<\/div>\n<\/div>\n<div class=\"inpage_clear\"><\/div>\n<\/div>\n<div class=\"inpage_spec-list\">\n<div class=\"inpage_h4 inpage_tit flixkeycode open\" tabindex=\"0\" role=\"button\" aria-label=\"Alimenta\u00e7\u00e3o e recursos Eco\" aria-expanded=\"true\" data-flix-media=\"Expanded Specs\">Alimenta\u00e7\u00e3o e recursos Eco<\/div>\n<div class=\"flix-li-row-wrapper\" aria-expanded=\"true\">\n<div class=\"li-row\">\n<ul>\n<li>\n<div class=\"inpage_spec\">\n<div class=\"inpage_h5 flix-d-h6\">Fonte de Alimenta\u00e7\u00e3o<\/div>\n<div class=\"inpage_desc flix-d-p feature_modular_map_desc\">AC100-240V~ 50\/60Hz<\/div>\n<\/div>\n<\/li>\n<li>\n<div class=\"inpage_spec\">\n<div class=\"inpage_h5 flix-d-h6\">Consumo de Energia (M\u00e1ximo)<\/div>\n<div class=\"inpage_desc flix-d-p feature_modular_map_desc\">170 W<\/div>\n<\/div>\n<\/li>\n<li>\n<div class=\"inpage_spec\">\n<div class=\"inpage_h5 flix-d-h6\">Sensor Ecol\u00f3gico<\/div>\n<div class=\"inpage_desc flix-d-p feature_modular_map_desc\">Sim<\/div>\n<\/div>\n<\/li>\n<li>\n<div class=\"inpage_spec\">\n<div class=\"inpage_h5 flix-d-h6\">Desligamento Autom\u00e1tico<\/div>\n<div class=\"inpage_desc flix-d-p feature_modular_map_desc\">Sim<\/div>\n<\/div>\n<\/li>\n<\/ul>\n<\/div>\n<div class=\"li-row\">\n<ul>\n<li>\n<div class=\"inpage_spec\">\n<div class=\"inpage_h5 flix-d-h6\">Economia de energia autom\u00e1tica<\/div>\n<div class=\"inpage_desc flix-d-p feature_modular_map_desc\">Sim<\/div>\n<\/div>\n<\/li>\n<\/ul>\n<\/div>\n<\/div>\n<div class=\"inpage_clear\"><\/div>\n<\/div>\n<div class=\"inpage_spec-list\">\n<div class=\"inpage_h4 inpage_tit flixkeycode open\" tabindex=\"0\" role=\"button\" aria-label=\"Dimens\u00f5es\" aria-expanded=\"true\" data-flix-media=\"Expanded Specs\">Dimens\u00f5es<\/div>\n<div class=\"flix-li-row-wrapper\" aria-expanded=\"true\">\n<div class=\"li-row\">\n<ul>\n<li>\n<div class=\"inpage_spec\">\n<div class=\"inpage_h5 flix-d-h6\">Tamanho da embalagem (LxAxP)<\/div>\n<div class=\"inpage_desc flix-d-p feature_modular_map_desc\">1606 x 950 x 155 mm<\/div>\n<\/div>\n<\/li>\n<li>\n<div class=\"inpage_spec\">\n<div class=\"inpage_h5 flix-d-h6\">Tamanho da TV com suporte (LxAxP)<\/div>\n<div class=\"inpage_desc flix-d-p feature_modular_map_desc\">1452.9 x 879.5 x 267.4 mm<\/div>\n<\/div>\n<\/li>\n<li>\n<div class=\"inpage_spec\">\n<div class=\"inpage_h5 flix-d-h6\">Tamanho da TV sem suporte (LxAxP)<\/div>\n<div class=\"inpage_desc flix-d-p feature_modular_map_desc\">1452.9 x 834 x 60.6 mm<\/div>\n<\/div>\n<\/li>\n<li>\n<div class=\"inpage_spec\">\n<div class=\"inpage_h5 flix-d-h6\">Tamanho da Base\/P\u00e9s (LxP)<\/div>\n<div class=\"inpage_desc flix-d-p feature_modular_map_desc\">1025.5 x 267.4 mm<\/div>\n<\/div>\n<\/li>\n<\/ul>\n<\/div>\n<div class=\"li-row\">\n<ul>\n<li>\n<div class=\"inpage_spec\">\n<div class=\"inpage_h5 flix-d-h6\">Suporte (m\u00ednimo) (WxD)<\/div>\n<div class=\"inpage_desc flix-d-p feature_modular_map_desc\">303.9 x 267.4 mm<\/div>\n<\/div>\n<\/li>\n<li>\n<div class=\"inpage_spec\">\n<div class=\"inpage_h5 flix-d-h6\">Especifica\u00e7\u00e3o para suporte tipo VESA (N\u00e3o incluso)<\/div>\n<div class=\"inpage_desc flix-d-p feature_modular_map_desc\">400 x 300 mm<\/div>\n<\/div>\n<\/li>\n<\/ul>\n<\/div>\n<\/div>\n<div class=\"inpage_clear\"><\/div>\n<\/div>\n<div class=\"inpage_spec-list\">\n<div class=\"inpage_h4 inpage_tit flixkeycode open\" tabindex=\"0\" role=\"button\" aria-label=\"Peso\" aria-expanded=\"true\" data-flix-media=\"Expanded Specs\">Peso<\/div>\n<div class=\"flix-li-row-wrapper\" aria-expanded=\"true\">\n<div class=\"li-row\">\n<ul>\n<li>\n<div class=\"inpage_spec\">\n<div class=\"inpage_h5 flix-d-h6\">Peso Bruto (Kg)<\/div>\n<div class=\"inpage_desc flix-d-p feature_modular_map_desc\">23 kg<\/div>\n<\/div>\n<\/li>\n<li>\n<div class=\"inpage_spec\">\n<div class=\"inpage_h5 flix-d-h6\">Produto com Base (kg)<\/div>\n<div class=\"inpage_desc flix-d-p feature_modular_map_desc\">16.4 kg<\/div>\n<\/div>\n<\/li>\n<li>\n<div class=\"inpage_spec\">\n<div class=\"inpage_h5 flix-d-h6\">Produto sem base (Kg)<\/div>\n<div class=\"inpage_desc flix-d-p feature_modular_map_desc\">15.9 kg<\/div>\n<\/div>\n<\/li>\n<\/ul>\n<\/div>\n<\/div>\n<div class=\"inpage_clear\"><\/div>\n<\/div>\n<div class=\"inpage_spec-list\">\n<div class=\"inpage_h4 inpage_tit flixkeycode open\" tabindex=\"0\" role=\"button\" aria-label=\"Acess\u00f3rios\" aria-expanded=\"true\" data-flix-media=\"Expanded Specs\">Acess\u00f3rios<\/div>\n<div class=\"flix-li-row-wrapper\" aria-expanded=\"true\">\n<div class=\"li-row\">\n<ul>\n<li>\n<div class=\"inpage_spec\">\n<div class=\"inpage_h5 flix-d-h6\">Modelos de controle remoto<\/div>\n<div class=\"inpage_desc flix-d-p feature_modular_map_desc\">TM2240A<\/div>\n<\/div>\n<\/li>\n<li>\n<div class=\"inpage_spec\">\n<div class=\"inpage_h5 flix-d-h6\">Compatibilidade com &#8216;Slim Wall Mount&#8217;<\/div>\n<div class=\"inpage_desc flix-d-p feature_modular_map_desc\">Sim (Vendido Separadamente)<\/div>\n<\/div>\n<\/li>\n<li>\n<div class=\"inpage_spec\">\n<div class=\"inpage_h5 flix-d-h6\">Compatibilidade com &#8216;Suporte Studio&#8217;<\/div>\n<div class=\"inpage_desc flix-d-p feature_modular_map_desc\">Sim (Vendido Separadamente)<\/div>\n<\/div>\n<\/li>\n<li>\n<div class=\"inpage_spec\">\n<div class=\"inpage_h5 flix-d-h6\">Compatibilidade com &#8216;Full Motion Slim Wall Mount (Y22)&#8217;<\/div>\n<div class=\"inpage_desc flix-d-p feature_modular_map_desc\">Sim (Vendido Separadamente)<\/div>\n<\/div>\n<\/li>\n<\/ul>\n<\/div>\n<div class=\"li-row\">\n<ul>\n<li>\n<div class=\"inpage_spec\">\n<div class=\"inpage_h5 flix-d-h6\">Compatibilidade com &#8216;Camera SlimFit&#8217;<\/div>\n<div class=\"inpage_desc flix-d-p feature_modular_map_desc\">Sim (vendido separadamente)<\/div>\n<\/div>\n<\/li>\n<li>\n<div class=\"inpage_spec\">\n<div class=\"inpage_h5 flix-d-h6\">M\u00f3dulo Zigbee<\/div>\n<div class=\"inpage_desc flix-d-p feature_modular_map_desc\">Suporte do hub<\/div>\n<\/div>\n<\/li>\n<li>\n<div class=\"inpage_spec\">\n<div class=\"inpage_h5 flix-d-h6\">Manual do usu\u00e1rio<\/div>\n<div class=\"inpage_desc flix-d-p feature_modular_map_desc\">Sim<\/div>\n<\/div>\n<\/li>\n<li>\n<div class=\"inpage_spec\">\n<div class=\"inpage_h5 flix-d-h6\">Cabo de for\u00e7a<\/div>\n<div class=\"inpage_desc flix-d-p feature_modular_map_desc\">Sim<\/div>\n<\/div>\n<\/li>\n<\/ul>\n<\/div>\n<\/div>\n<div class=\"inpage_clear\"><\/div>\n<\/div>\n<\/div>\n<\/div>\n<\/div>\n<\/div>\n<\/div>\n<\/div>\n<div>\n<div class=\"flix-footnote-module\" data-module=\"FM00011A\" data-modv=\"1\" data-modtarget=\"FM00011A-qvzsr\" data-flixtime3=\"1759323392696\">\n<div class=\"flix-std-container-fluid flix-std-margintop\">\n<div class=\"flix-std-row\">\n<div class=\"inpage_product_assets flix-std-clmn-lg-12\">\n<div class=\"flix-std-content {{sub_inner_class_name}}\"><\/div>\n<\/div>\n<\/div>\n<\/div>\n<\/div>\n<\/div>\n","protected":false},"excerpt":{"rendered":"<p>Especifica\u00e7\u00f5es Resolu\u00e7\u00e3o 4K (3,840 x 2,160) HDMI 3 USB 1 x USB-A Produto LED Tela Tamanho de tela 65&#8243; Frequ\u00eancia de painel 60Hz V\u00eddeo Processador Processador Crystal 4K HDR (High<\/p>\n","protected":false},"featured_media":13905,"comment_status":"open","ping_status":"closed","template":"","meta":[],"product_brand":[],"product_cat":[228,266],"product_tag":[],"class_list":{"0":"post-13900","1":"product","2":"type-product","3":"status-publish","4":"has-post-thumbnail","6":"product_cat-eletroeletronicos","7":"product_cat-tvs","8":"product_shipping_class-pac","10":"first","11":"instock","12":"shipping-taxable","13":"purchasable","14":"product-type-simple"},"_links":{"self":[{"href":"https:\/\/ambrosioeletro.com.br\/v20\/wp-json\/wp\/v2\/product\/13900","targetHints":{"allow":["GET"]}}],"collection":[{"href":"https:\/\/ambrosioeletro.com.br\/v20\/wp-json\/wp\/v2\/product"}],"about":[{"href":"https:\/\/ambrosioeletro.com.br\/v20\/wp-json\/wp\/v2\/types\/product"}],"replies":[{"embeddable":true,"href":"https:\/\/ambrosioeletro.com.br\/v20\/wp-json\/wp\/v2\/comments?post=13900"}],"wp:featuredmedia":[{"embeddable":true,"href":"https:\/\/ambrosioeletro.com.br\/v20\/wp-json\/wp\/v2\/media\/13905"}],"wp:attachment":[{"href":"https:\/\/ambrosioeletro.com.br\/v20\/wp-json\/wp\/v2\/media?parent=13900"}],"wp:term":[{"taxonomy":"product_brand","embeddable":true,"href":"https:\/\/ambrosioeletro.com.br\/v20\/wp-json\/wp\/v2\/product_brand?post=13900"},{"taxonomy":"product_cat","embeddable":true,"href":"https:\/\/ambrosioeletro.com.br\/v20\/wp-json\/wp\/v2\/product_cat?post=13900"},{"taxonomy":"product_tag","embeddable":true,"href":"https:\/\/ambrosioeletro.com.br\/v20\/wp-json\/wp\/v2\/product_tag?post=13900"}],"curies":[{"name":"wp","href":"https:\/\/api.w.org\/{rel}","templated":true}]}}