{"id":13948,"date":"2025-10-06T16:04:19","date_gmt":"2025-10-06T19:04:19","guid":{"rendered":"https:\/\/ambrosioeletro.com.br\/v20\/?post_type=product&#038;p=13948"},"modified":"2025-10-09T11:08:33","modified_gmt":"2025-10-09T14:08:33","slug":"fogao-eletrico-de-mesa-agratto-fm01-cinza-127v","status":"publish","type":"product","link":"https:\/\/ambrosioeletro.com.br\/v20\/produto\/fogao-eletrico-de-mesa-agratto-fm01-cinza-127v\/","title":{"rendered":"Fog\u00e3o El\u00e9trico de Mesa Agratto FM01 Cinza 127v"},"content":{"rendered":"<div class=\"relative px-md overflow-hidden border-on-surface-8 after:pointer-events-none after:absolute after:bottom-[0] after:left-[0] after:h-[72px] after:w-full after:bg-gradient-to-b after:from-[#FFFFFF00] after:to-[#FFFFFF] md:after:content-none md:px-lg max-md:border-b-thin\" data-testid=\"tab-product-detail\">\n<h2 class=\"text-on-surface-2 font-md-bold md:font-title-large-highlight md:mb-md\" data-testid=\"product-details-title\">Descri\u00e7\u00e3o e ficha t\u00e9cnica<\/h2>\n<div data-testid=\"product-detail\">\n<p class=\"mt-2xsm text-on-surface-4 font-xsm-regular\" data-testid=\"product-detail-code\">C\u00f3digo\u00a0gd61dcj47k<\/p>\n<div class=\"mt-md font-xsm-regular\" data-testid=\"product-detail-description\">Fog\u00e3o El\u00e9trico de Mesa Agratto FM01 Cinza 127v O fog\u00e3o el\u00e9trico que vai revolucionar a sua cozinhaO Fog\u00e3o El\u00e9trico de Mesa Agratto FM01 \u00e9 uma escolha ideal para a sua cozinha. Com seu design compacto, ele se adapta perfeitamente \u00e0s suas necessidades, tornando o uso mais f\u00e1cil e conveniente. Basta conect\u00e1-lo \u00e0 tomada e colocar a panela sobre o prato de aquecimento.<\/p>\n<p>Design resistente e f\u00e1cil de limparEsse fog\u00e3o el\u00e9trico apresenta um corpo em a\u00e7o inoxid\u00e1vel, garantindo maior resist\u00eancia e facilidade na hora da limpeza. Ele possui dois pratos de aquecimento feitos em ferro fundido, que aquecem rapidamente e mant\u00eam a temperatura est\u00e1vel durante o preparo das suas receitas.<\/p>\n<p>Versatilidade e controle totalCom 5 n\u00edveis de temperatura dispon\u00edveis, voc\u00ea pode ajustar conforme a necessidade da sua receita. Al\u00e9m disso, o Fog\u00e3o El\u00e9trico de Mesa Agratto FM01 \u00e9 compat\u00edvel com todos os tipos de panelas do mercado, proporcionando versatilidade no seu uso.<\/p>\n<p>Seguran\u00e7a e estabilidadeUma vantagem adicional \u00e9 a seguran\u00e7a e estabilidade oferecidas por esse fog\u00e3o el\u00e9trico. Voc\u00ea n\u00e3o precisa se preocupar com o g\u00e1s, pois ele funciona por meio de resist\u00eancias el\u00e9tricas, garantindo um ambiente seguro na sua cozinha. Com o Fog\u00e3o El\u00e9trico de Mesa Agratto FM01, voc\u00ea ter\u00e1 um fog\u00e3o compacto, pr\u00e1tico e simples, que completa perfeitamente sua cozinha e permite que voc\u00ea prepare as mais deliciosas receitas de forma r\u00e1pida e f\u00e1cil.<\/p>\n<p>Especifica\u00e7\u00f5es t\u00e9cnicas:<br \/>\nPot\u00eancia: 2000W<\/p>\n<p>Voltagem: 127V<\/p>\n<p>Dimens\u00f5es: 500x80x275mm (LxAxP)<br \/>\nRecursos:<br \/>\nF\u00e1cil e Pr\u00e1tico de Usar<\/p>\n<p>Corpo em A\u00e7o Inoxid\u00e1vel<\/p>\n<p>Dois Pratos de Aquecimento<\/p>\n<p>5 N\u00edveis de Temperatura<\/p><\/div>\n<\/div>\n<\/div>\n<div class=\"hidden border-on-surface-8 md:px-lg md:block md:py-md\" data-testid=\"tab-product-factsheet\">\n<h2 class=\"text-on-surface-2 font-md-bold md:font-title-large-highlight md:mb-md\" data-testid=\"product-factsheet-title\">Ficha T\u00e9cnica<\/h2>\n<div class=\"pt-2xsm\">\n<table class=\"w-full list-none\" style=\"height: 474px;\" width=\"345\" data-testid=\"table-factsheet\">\n<tbody>\n<tr class=\"text-on-surface-3 even:bg-surface-container-lower\">\n<td class=\"px-md py-sm align-top font-xsm-bold table-cell w-1\/2\" data-testid=\"table-factsheet-key\">Profundidade (cm)<\/td>\n<td class=\"list-item w-full px-md py-sm align-top font-xsm-regular\">28<\/td>\n<\/tr>\n<tr class=\"text-on-surface-3 even:bg-surface-container-lower\">\n<td class=\"px-md py-sm align-top font-xsm-bold table-cell w-1\/2\" data-testid=\"table-factsheet-key\"><\/td>\n<td class=\"list-item w-full px-md py-sm align-top font-xsm-regular\"><\/td>\n<\/tr>\n<tr class=\"text-on-surface-3 even:bg-surface-container-lower\">\n<td class=\"px-md py-sm align-top font-xsm-bold table-cell w-1\/2\" data-testid=\"table-factsheet-key\"><\/td>\n<td class=\"list-item w-full px-md py-sm align-top font-xsm-regular\"><\/td>\n<\/tr>\n<tr class=\"text-on-surface-3 even:bg-surface-container-lower\">\n<td class=\"px-md py-sm align-top font-xsm-bold table-cell w-1\/2\" data-testid=\"table-factsheet-key\">Tipo de Garantia<\/td>\n<td class=\"list-item w-full px-md py-sm align-top font-xsm-regular\">Garantia do Fabricante<\/td>\n<\/tr>\n<tr class=\"text-on-surface-3 even:bg-surface-container-lower\">\n<td class=\"px-md py-sm align-top font-xsm-bold table-cell w-1\/2\" data-testid=\"table-factsheet-key\">Altura (cm)<\/td>\n<td class=\"list-item w-full px-md py-sm align-top font-xsm-regular\">8<\/td>\n<\/tr>\n<tr class=\"text-on-surface-3 even:bg-surface-container-lower\">\n<td class=\"px-md py-sm align-top font-xsm-bold table-cell w-1\/2\" data-testid=\"table-factsheet-key\">Largura (cm)<\/td>\n<td class=\"list-item w-full px-md py-sm align-top font-xsm-regular\">50<\/td>\n<\/tr>\n<tr class=\"text-on-surface-3 even:bg-surface-container-lower\">\n<td class=\"px-md py-sm align-top font-xsm-bold table-cell w-1\/2\" data-testid=\"table-factsheet-key\">Marca<\/td>\n<td class=\"list-item w-full px-md py-sm align-top font-xsm-regular\"><a class=\"underline hover:text-interaction-default\" href=\"https:\/\/www.magazineluiza.com.br\/marcas\/agratto\/\">Agratto<\/a><\/td>\n<\/tr>\n<tr class=\"text-on-surface-3 even:bg-surface-container-lower\">\n<td class=\"px-md py-sm align-top font-xsm-bold table-cell w-1\/2\" data-testid=\"table-factsheet-key\">Peso (Kg)<\/td>\n<td class=\"list-item w-full px-md py-sm align-top font-xsm-regular\">2.8<\/td>\n<\/tr>\n<tr class=\"text-on-surface-3 even:bg-surface-container-lower\">\n<td class=\"px-md py-sm align-top font-xsm-bold table-cell w-1\/2\" data-testid=\"table-factsheet-key\">Tipo de Alimenta\u00e7\u00e3o<\/td>\n<td class=\"list-item w-full px-md py-sm align-top font-xsm-regular\">El\u00e9trico<\/td>\n<\/tr>\n<tr class=\"text-on-surface-3 even:bg-surface-container-lower\">\n<td class=\"px-md py-sm align-top font-xsm-bold table-cell w-1\/2\" data-testid=\"table-factsheet-key\">Quantiade de Bocas<\/td>\n<td class=\"list-item w-full px-md py-sm align-top font-xsm-regular\">2<\/td>\n<\/tr>\n<tr class=\"text-on-surface-3 even:bg-surface-container-lower\">\n<td class=\"px-md py-sm align-top font-xsm-bold table-cell w-1\/2\" data-testid=\"table-factsheet-key\">Dimens\u00f5es do Produto<\/td>\n<td class=\"list-item w-full px-md py-sm align-top font-xsm-regular\">500x80x275mm (LxAxP)<\/td>\n<\/tr>\n<tr class=\"text-on-surface-3 even:bg-surface-container-lower\">\n<td class=\"px-md py-sm align-top font-xsm-bold table-cell w-1\/2\" data-testid=\"table-factsheet-key\">Marca<\/td>\n<td class=\"list-item w-full px-md py-sm align-top font-xsm-regular\"><a class=\"underline hover:text-interaction-default\" href=\"https:\/\/www.magazineluiza.com.br\/marcas\/agratto\/\">Agratto<\/a><\/td>\n<\/tr>\n<tr class=\"text-on-surface-3 even:bg-surface-container-lower\">\n<td class=\"px-md py-sm align-top font-xsm-bold table-cell w-1\/2\" data-testid=\"table-factsheet-key\">Modelo<\/td>\n<td class=\"list-item w-full px-md py-sm align-top font-xsm-regular\">FM01<\/td>\n<\/tr>\n<tr class=\"text-on-surface-3 even:bg-surface-container-lower\">\n<td class=\"px-md py-sm align-top font-xsm-bold table-cell w-1\/2\" data-testid=\"table-factsheet-key\">Peso do Produto<\/td>\n<td class=\"list-item w-full px-md py-sm align-top font-xsm-regular\">2.8<\/td>\n<\/tr>\n<tr class=\"text-on-surface-3 even:bg-surface-container-lower\">\n<td class=\"px-md py-sm align-top font-xsm-bold table-cell w-1\/2\" data-testid=\"table-factsheet-key\"><\/td>\n<td class=\"list-item w-full px-md py-sm align-top font-xsm-regular\"><\/td>\n<\/tr>\n<tr class=\"text-on-surface-3 even:bg-surface-container-lower\">\n<td class=\"px-md py-sm align-top font-xsm-bold table-cell w-1\/2\" data-testid=\"table-factsheet-key\">Refer\u00eancia<\/td>\n<td class=\"list-item w-full px-md py-sm align-top font-xsm-regular\">FM01<\/td>\n<\/tr>\n<\/tbody>\n<\/table>\n<\/div>\n<\/div>\n","protected":false},"excerpt":{"rendered":"<p>Descri\u00e7\u00e3o e ficha t\u00e9cnica C\u00f3digo\u00a0gd61dcj47k Fog\u00e3o El\u00e9trico de Mesa Agratto FM01 Cinza 127v O fog\u00e3o el\u00e9trico que vai revolucionar a sua cozinhaO Fog\u00e3o El\u00e9trico de Mesa Agratto FM01 \u00e9 uma<\/p>\n","protected":false},"featured_media":13951,"comment_status":"open","ping_status":"closed","template":"","meta":[],"product_brand":[],"product_cat":[15],"product_tag":[],"class_list":{"0":"post-13948","1":"product","2":"type-product","3":"status-publish","4":"has-post-thumbnail","6":"product_cat-produtos","7":"product_shipping_class-pac","9":"first","10":"instock","11":"shipping-taxable","12":"purchasable","13":"product-type-simple"},"_links":{"self":[{"href":"https:\/\/ambrosioeletro.com.br\/v20\/wp-json\/wp\/v2\/product\/13948","targetHints":{"allow":["GET"]}}],"collection":[{"href":"https:\/\/ambrosioeletro.com.br\/v20\/wp-json\/wp\/v2\/product"}],"about":[{"href":"https:\/\/ambrosioeletro.com.br\/v20\/wp-json\/wp\/v2\/types\/product"}],"replies":[{"embeddable":true,"href":"https:\/\/ambrosioeletro.com.br\/v20\/wp-json\/wp\/v2\/comments?post=13948"}],"wp:featuredmedia":[{"embeddable":true,"href":"https:\/\/ambrosioeletro.com.br\/v20\/wp-json\/wp\/v2\/media\/13951"}],"wp:attachment":[{"href":"https:\/\/ambrosioeletro.com.br\/v20\/wp-json\/wp\/v2\/media?parent=13948"}],"wp:term":[{"taxonomy":"product_brand","embeddable":true,"href":"https:\/\/ambrosioeletro.com.br\/v20\/wp-json\/wp\/v2\/product_brand?post=13948"},{"taxonomy":"product_cat","embeddable":true,"href":"https:\/\/ambrosioeletro.com.br\/v20\/wp-json\/wp\/v2\/product_cat?post=13948"},{"taxonomy":"product_tag","embeddable":true,"href":"https:\/\/ambrosioeletro.com.br\/v20\/wp-json\/wp\/v2\/product_tag?post=13948"}],"curies":[{"name":"wp","href":"https:\/\/api.w.org\/{rel}","templated":true}]}}