{"id":14007,"date":"2025-10-09T11:34:58","date_gmt":"2025-10-09T14:34:58","guid":{"rendered":"https:\/\/ambrosioeletro.com.br\/v20\/?post_type=product&#038;p=14007"},"modified":"2026-02-27T17:12:36","modified_gmt":"2026-02-27T20:12:36","slug":"refrigerador-brastemp-frost-free-french-door-554-litros-inox-bro85ak-127-volts","status":"publish","type":"product","link":"https:\/\/ambrosioeletro.com.br\/v20\/produto\/refrigerador-brastemp-frost-free-french-door-554-litros-inox-bro85ak-127-volts\/","title":{"rendered":"Refrigerador Brastemp Frost Free French Door 554 Litros Inox BRO85AK 127 Volts"},"content":{"rendered":"<div class=\"relative px-md overflow-hidden border-on-surface-8 after:pointer-events-none after:absolute after:bottom-[0] after:left-[0] after:h-[72px] after:w-full after:bg-gradient-to-b after:from-[#FFFFFF00] after:to-[#FFFFFF] md:after:content-none md:px-lg max-md:border-b-thin\" data-testid=\"tab-product-detail\">\n<h2 class=\"text-on-surface-2 font-md-bold md:font-title-large-highlight md:mb-md\" data-testid=\"product-details-title\">Descri\u00e7\u00e3o e ficha t\u00e9cnica<\/h2>\n<div data-testid=\"product-detail\">\n<p class=\"mt-2xsm text-on-surface-4 font-xsm-regular\" data-testid=\"product-detail-code\">C\u00f3digo\u00a0adfbdefh26<\/p>\n<div class=\"mt-md font-xsm-regular\" data-testid=\"product-detail-description\">Refrigerador Brastemp Frost Free French Door 554 Litros Inox BRO85AK \u2013 127 VoltsO Refrigerador Brastemp Frost Free French Door 554 Litros Inox BRO85AK \u2013 127 Volts, traz mais tecnologia e sofistica\u00e7\u00e3o para a sua cozinha.<\/p>\n<p>Tecnologia Inverter A+++:<\/p>\n<p>Com a tecnologia inverter A+++, o refrigerador Brastemp economiza at\u00e9 30% de energia e mant\u00e9m a temperatura est\u00e1vel, ajudando na preserva\u00e7\u00e3o dos alimentos. A Tecnologia Inverter A+++, economiza at\u00e9 30% de energia em rela\u00e7\u00e3o a classifica\u00e7\u00e3o energ\u00e9tica A do INMETRO.<\/p>\n<p>Design Premium:<\/p>\n<p>Acabamento Premium com visual sofisticado e minimalista. Puxadores com design elegante e funcional.<\/p>\n<p>Carbon AirFilter:<\/p>\n<p>Tecnologia que filtra o ar e neutraliza odores da sua geladeira.<\/p>\n<p>Acabamento em cor Inox:<\/p>\n<p>Protege sua geladeira da ferrugem e corros\u00e3o com uma camada de zinco e uma pel\u00edcula impermeabilizante aplicadas sobre o a\u00e7o. Material com 3 anos de garantia contra ferrugem e corros\u00e3o na porta da sua geladeira.<\/p>\n<p>Ilumina\u00e7\u00e3o em LED:<\/p>\n<p>Facilita a visibilidade dos alimentos al\u00e9m de consumir menos energia. (1 LED = 1\/3Watt comparado a l\u00e2mpadas incandescentes de 20 a 25 Watts).<\/p>\n<p>Fun\u00e7\u00e3o Turbo Freezer:<\/p>\n<p>Gele alimentos e bebidas mais r\u00e1pido. Com capacidade para at\u00e9 12 garrafas de 600ml ou 32 latas de 350ml.<\/p>\n<p>Painel Touch Black:<\/p>\n<p>Fun\u00e7\u00f5es especiais, controle de temperatura e mais sofistica\u00e7\u00e3o para a sua cozinha.<\/p>\n<p>Ta\u00e7as Nevadas:<\/p>\n<p>Compartimento especial para gelar as ta\u00e7as e manter as bebidas na temperatura ideal ao servir.<\/p>\n<p>Infinity Shelves:<\/p>\n<p>Prateleiras com acabamento Premium, design sofisticado e maior visibilidade dentro do refrigerador.<\/p>\n<p>Fresh Box:<\/p>\n<p>Gaveta com alta capacidade de armazenamento para manter seus alimentos frescos e organizados, com Compartimento Delicates para proteger itens delicados.<\/p>\n<p>Imagem meramente ilustrativa<\/p>\n<\/div>\n<\/div>\n<\/div>\n<div class=\"hidden border-on-surface-8 md:px-lg md:block md:py-md\" data-testid=\"tab-product-factsheet\">\n<h2 class=\"text-on-surface-2 font-md-bold md:font-title-large-highlight md:mb-md\" data-testid=\"product-factsheet-title\">Ficha T\u00e9cnica<\/h2>\n<div class=\"pt-2xsm\">\n<table class=\"w-full list-none\" data-testid=\"table-factsheet\">\n<tbody>\n<tr class=\"text-on-surface-3 even:bg-surface-container-lower\">\n<td class=\"px-md py-sm align-top font-xsm-bold table-cell w-1\/2\" data-testid=\"table-factsheet-key\">garantia (meses)<\/td>\n<td class=\"list-item w-full px-md py-sm align-top font-xsm-regular\">12<\/td>\n<\/tr>\n<tr class=\"text-on-surface-3 even:bg-surface-container-lower\">\n<td class=\"px-md py-sm align-top font-xsm-bold table-cell w-1\/2\" data-testid=\"table-factsheet-key\">especifica\u00e7\u00f5es t\u00e9cnicas<\/td>\n<td class=\"list-item w-full px-md py-sm align-top font-xsm-regular\">Capacidade refrigerador: 377L; Capacidade freezer: 177L; Modelo: BRO85AK; Cor: Inox; Plugue e tomada: 10A; Prateleiras: Prateleiras do freezer e prateleiras de porta em pl\u00e1stico injetado; N\u00edveis de temperatura freezer\/refrigerador: 5<\/td>\n<\/tr>\n<tr class=\"text-on-surface-3 even:bg-surface-container-lower\">\n<td class=\"px-md py-sm align-top font-xsm-bold table-cell w-1\/2\" data-testid=\"table-factsheet-key\">marca<\/td>\n<td class=\"list-item w-full px-md py-sm align-top font-xsm-regular\"><a class=\"underline hover:text-interaction-default\" href=\"https:\/\/www.magazineluiza.com.br\/marcas\/brastemp\/\">Brastemp<\/a><\/td>\n<\/tr>\n<tr class=\"text-on-surface-3 even:bg-surface-container-lower\">\n<td class=\"px-md py-sm align-top font-xsm-bold table-cell w-1\/2\" data-testid=\"table-factsheet-key\">classifica\u00e7\u00e3o energ\u00e9tica<\/td>\n<td class=\"list-item w-full px-md py-sm align-top font-xsm-regular\">A<\/td>\n<\/tr>\n<tr class=\"text-on-surface-3 even:bg-surface-container-lower\">\n<td class=\"px-md py-sm align-top font-xsm-bold table-cell w-1\/2\" data-testid=\"table-factsheet-key\">c\u00f3digo de f\u00e1brica<\/td>\n<td class=\"list-item w-full px-md py-sm align-top font-xsm-regular\">BRO85AKANA<\/td>\n<\/tr>\n<tr class=\"text-on-surface-3 even:bg-surface-container-lower\">\n<td class=\"px-md py-sm align-top font-xsm-bold table-cell w-1\/2\" data-testid=\"table-factsheet-key\">voltagem (v)<\/td>\n<td class=\"list-item w-full px-md py-sm align-top font-xsm-regular\">127 Volts<\/td>\n<\/tr>\n<tr class=\"text-on-surface-3 even:bg-surface-container-lower\">\n<td class=\"px-md py-sm align-top font-xsm-bold table-cell w-1\/2\" data-testid=\"table-factsheet-key\">peso l\u00edquido (kg)<\/td>\n<td class=\"list-item w-full px-md py-sm align-top font-xsm-regular\">100<\/td>\n<\/tr>\n<tr class=\"text-on-surface-3 even:bg-surface-container-lower\">\n<td class=\"px-md py-sm align-top font-xsm-bold table-cell w-1\/2\" data-testid=\"table-factsheet-key\">dimens\u00f5es (a x l x p)<\/td>\n<td class=\"list-item w-full px-md py-sm align-top font-xsm-regular\">186,4 X 83,7 X 79,2<\/td>\n<\/tr>\n<tr class=\"text-on-surface-3 even:bg-surface-container-lower\">\n<td class=\"px-md py-sm align-top font-xsm-bold table-cell w-1\/2\" data-testid=\"table-factsheet-key\">modelo<\/td>\n<td class=\"list-item w-full px-md py-sm align-top font-xsm-regular\">BRO85AK<\/td>\n<\/tr>\n<tr class=\"text-on-surface-3 even:bg-surface-container-lower\">\n<td class=\"px-md py-sm align-top font-xsm-bold table-cell w-1\/2\" data-testid=\"table-factsheet-key\">capacidade total<\/td>\n<td class=\"list-item w-full px-md py-sm align-top font-xsm-regular\">554L<\/td>\n<\/tr>\n<tr class=\"text-on-surface-3 even:bg-surface-container-lower\">\n<td class=\"px-md py-sm align-top font-xsm-bold table-cell w-1\/2\" data-testid=\"table-factsheet-key\">Capacidade L\u00edquida Total<\/td>\n<td class=\"list-item w-full px-md py-sm align-top font-xsm-regular\">554L<\/td>\n<\/tr>\n<tr class=\"text-on-surface-3 even:bg-surface-container-lower\">\n<td class=\"px-md py-sm align-top font-xsm-bold table-cell w-1\/2\" data-testid=\"table-factsheet-key\">Capacidade L\u00edquida do Freezer<\/td>\n<td class=\"list-item w-full px-md py-sm align-top font-xsm-regular\">177L<\/td>\n<\/tr>\n<tr class=\"text-on-surface-3 even:bg-surface-container-lower\">\n<td class=\"px-md py-sm align-top font-xsm-bold table-cell w-1\/2\" data-testid=\"table-factsheet-key\">Capacidade L\u00edquida do Refrigerador<\/td>\n<td class=\"list-item w-full px-md py-sm align-top font-xsm-regular\">377L<\/td>\n<\/tr>\n<tr class=\"text-on-surface-3 even:bg-surface-container-lower\">\n<td class=\"px-md py-sm align-top font-xsm-bold table-cell w-1\/2\" data-testid=\"table-factsheet-key\">Cor<\/td>\n<td class=\"list-item w-full px-md py-sm align-top font-xsm-regular\">Inox<\/td>\n<\/tr>\n<tr class=\"text-on-surface-3 even:bg-surface-container-lower\">\n<td class=\"px-md py-sm align-top font-xsm-bold table-cell w-1\/2\" data-testid=\"table-factsheet-key\">Dimens\u00f5es do Produto<\/td>\n<td class=\"list-item w-full px-md py-sm align-top font-xsm-regular\">186,4 X 83,7 X 79,2<\/td>\n<\/tr>\n<tr class=\"text-on-surface-3 even:bg-surface-container-lower\">\n<td class=\"px-md py-sm align-top font-xsm-bold table-cell w-1\/2\" data-testid=\"table-factsheet-key\">Efici\u00eancia Energ\u00e9tica<\/td>\n<td class=\"list-item w-full px-md py-sm align-top font-xsm-regular\">A<\/td>\n<\/tr>\n<tr class=\"text-on-surface-3 even:bg-surface-container-lower\">\n<td class=\"px-md py-sm align-top font-xsm-bold table-cell w-1\/2\" data-testid=\"table-factsheet-key\">Funcionalidades do Refrigerador<\/td>\n<td class=\"list-item w-full px-md py-sm align-top font-xsm-regular\">Fun\u00e7\u00e3o Turbo Freezer, Painel Touch Black, Ta\u00e7as Nevadas, Infinity Shelves, Fresh Box<\/td>\n<\/tr>\n<tr class=\"text-on-surface-3 even:bg-surface-container-lower\">\n<td class=\"px-md py-sm align-top font-xsm-bold table-cell w-1\/2\" data-testid=\"table-factsheet-key\">Marca<\/td>\n<td class=\"list-item w-full px-md py-sm align-top font-xsm-regular\"><a class=\"underline hover:text-interaction-default\" href=\"https:\/\/www.magazineluiza.com.br\/marcas\/brastemp\/\">Brastemp<\/a><\/td>\n<\/tr>\n<tr class=\"text-on-surface-3 even:bg-surface-container-lower\">\n<td class=\"px-md py-sm align-top font-xsm-bold table-cell w-1\/2\" data-testid=\"table-factsheet-key\">Material<\/td>\n<td class=\"list-item w-full px-md py-sm align-top font-xsm-regular\">Inox<\/td>\n<\/tr>\n<tr class=\"text-on-surface-3 even:bg-surface-container-lower\">\n<td class=\"px-md py-sm align-top font-xsm-bold table-cell w-1\/2\" data-testid=\"table-factsheet-key\">Modelo<\/td>\n<td class=\"list-item w-full px-md py-sm align-top font-xsm-regular\">BRO85AK<\/td>\n<\/tr>\n<tr class=\"text-on-surface-3 even:bg-surface-container-lower\">\n<td class=\"px-md py-sm align-top font-xsm-bold table-cell w-1\/2\" data-testid=\"table-factsheet-key\">N\u00edveis de Temperatura<\/td>\n<td class=\"list-item w-full px-md py-sm align-top font-xsm-regular\">5<\/td>\n<\/tr>\n<tr class=\"text-on-surface-3 even:bg-surface-container-lower\">\n<td class=\"px-md py-sm align-top font-xsm-bold table-cell w-1\/2\" data-testid=\"table-factsheet-key\">Peso do Produto<\/td>\n<td class=\"list-item w-full px-md py-sm align-top font-xsm-regular\">100<\/td>\n<\/tr>\n<tr class=\"text-on-surface-3 even:bg-surface-container-lower\">\n<td class=\"px-md py-sm align-top font-xsm-bold table-cell w-1\/2\" data-testid=\"table-factsheet-key\">Prazo de Garantia<\/td>\n<td class=\"list-item w-full px-md py-sm align-top font-xsm-regular\">12<\/td>\n<\/tr>\n<tr class=\"text-on-surface-3 even:bg-surface-container-lower\">\n<td class=\"px-md py-sm align-top font-xsm-bold table-cell w-1\/2\" data-testid=\"table-factsheet-key\">Quantidade de Portas<\/td>\n<td class=\"list-item w-full px-md py-sm align-top font-xsm-regular\">French Door<\/td>\n<\/tr>\n<tr class=\"text-on-surface-3 even:bg-surface-container-lower\">\n<td class=\"px-md py-sm align-top font-xsm-bold table-cell w-1\/2\" data-testid=\"table-factsheet-key\">Refer\u00eancia<\/td>\n<td class=\"list-item w-full px-md py-sm align-top font-xsm-regular\">BRO85AKANA<\/td>\n<\/tr>\n<tr class=\"text-on-surface-3 even:bg-surface-container-lower\">\n<td class=\"px-md py-sm align-top font-xsm-bold table-cell w-1\/2\" data-testid=\"table-factsheet-key\">Tipo de Degelo<\/td>\n<td class=\"list-item w-full px-md py-sm align-top font-xsm-regular\">Frost Free<\/td>\n<\/tr>\n<tr class=\"text-on-surface-3 even:bg-surface-container-lower\">\n<td class=\"px-md py-sm align-top font-xsm-bold table-cell w-1\/2\" data-testid=\"table-factsheet-key\">Tipo de Geladeira<\/td>\n<td class=\"list-item w-full px-md py-sm align-top font-xsm-regular\">French Door<\/td>\n<\/tr>\n<tr class=\"text-on-surface-3 even:bg-surface-container-lower\">\n<td class=\"px-md py-sm align-top font-xsm-bold table-cell w-1\/2\" data-testid=\"table-factsheet-key\">Tipo de Tomada<\/td>\n<td class=\"list-item w-full px-md py-sm align-top font-xsm-regular\">10A<\/td>\n<\/tr>\n<tr class=\"text-on-surface-3 even:bg-surface-container-lower\">\n<td class=\"px-md py-sm align-top font-xsm-bold table-cell w-1\/2\" data-testid=\"table-factsheet-key\">Voltagem<\/td>\n<td class=\"list-item w-full px-md py-sm align-top font-xsm-regular\">110V<\/td>\n<\/tr>\n<\/tbody>\n<\/table>\n<\/div>\n<\/div>\n","protected":false},"excerpt":{"rendered":"<p>Descri\u00e7\u00e3o e ficha t\u00e9cnica C\u00f3digo\u00a0adfbdefh26 Refrigerador Brastemp Frost Free French Door 554 Litros Inox BRO85AK \u2013 127 VoltsO Refrigerador Brastemp Frost Free French Door 554 Litros Inox BRO85AK \u2013 127<\/p>\n","protected":false},"featured_media":14009,"comment_status":"open","ping_status":"closed","template":"","meta":[],"product_brand":[],"product_cat":[15],"product_tag":[],"class_list":{"0":"post-14007","1":"product","2":"type-product","3":"status-publish","4":"has-post-thumbnail","6":"product_cat-produtos","7":"product_shipping_class-retirar-no-local","9":"first","10":"instock","11":"shipping-taxable","12":"purchasable","13":"product-type-simple"},"_links":{"self":[{"href":"https:\/\/ambrosioeletro.com.br\/v20\/wp-json\/wp\/v2\/product\/14007","targetHints":{"allow":["GET"]}}],"collection":[{"href":"https:\/\/ambrosioeletro.com.br\/v20\/wp-json\/wp\/v2\/product"}],"about":[{"href":"https:\/\/ambrosioeletro.com.br\/v20\/wp-json\/wp\/v2\/types\/product"}],"replies":[{"embeddable":true,"href":"https:\/\/ambrosioeletro.com.br\/v20\/wp-json\/wp\/v2\/comments?post=14007"}],"wp:featuredmedia":[{"embeddable":true,"href":"https:\/\/ambrosioeletro.com.br\/v20\/wp-json\/wp\/v2\/media\/14009"}],"wp:attachment":[{"href":"https:\/\/ambrosioeletro.com.br\/v20\/wp-json\/wp\/v2\/media?parent=14007"}],"wp:term":[{"taxonomy":"product_brand","embeddable":true,"href":"https:\/\/ambrosioeletro.com.br\/v20\/wp-json\/wp\/v2\/product_brand?post=14007"},{"taxonomy":"product_cat","embeddable":true,"href":"https:\/\/ambrosioeletro.com.br\/v20\/wp-json\/wp\/v2\/product_cat?post=14007"},{"taxonomy":"product_tag","embeddable":true,"href":"https:\/\/ambrosioeletro.com.br\/v20\/wp-json\/wp\/v2\/product_tag?post=14007"}],"curies":[{"name":"wp","href":"https:\/\/api.w.org\/{rel}","templated":true}]}}