{"id":14059,"date":"2025-10-13T10:11:40","date_gmt":"2025-10-13T13:11:40","guid":{"rendered":"https:\/\/ambrosioeletro.com.br\/v20\/?post_type=product&#038;p=14059"},"modified":"2026-04-01T13:11:21","modified_gmt":"2026-04-01T16:11:21","slug":"moto-eletrica-infantil-honda-3-rodas-crf-6v-942307-belfix-bel-fix","status":"publish","type":"product","link":"https:\/\/ambrosioeletro.com.br\/v20\/produto\/moto-eletrica-infantil-honda-3-rodas-crf-6v-942307-belfix-bel-fix\/","title":{"rendered":"Moto El\u00e9trica Infantil Honda 3 Rodas CRF 6V 942307 BELFIX &#8211; BEL FIX"},"content":{"rendered":"<div class=\"relative px-md overflow-hidden border-on-surface-8 after:pointer-events-none after:absolute after:bottom-[0] after:left-[0] after:h-[72px] after:w-full after:bg-gradient-to-b after:from-[#FFFFFF00] after:to-[#FFFFFF] md:after:content-none md:px-lg max-md:border-b-thin\" data-testid=\"tab-product-detail\">\n<h2 class=\"text-on-surface-2 font-md-bold md:font-title-large-highlight md:mb-md\" data-testid=\"product-details-title\">Descri\u00e7\u00e3o e ficha t\u00e9cnica<\/h2>\n<div data-testid=\"product-detail\">\n<div class=\"mt-md font-xsm-regular\" data-testid=\"product-detail-description\">\n<p>Moto El\u00e9trica Infantil Honda CRF 450R 6V \u2013 Aventura e Divers\u00e3o em Duas Rodas!<\/p>\n<p>Transforme o sonho do seu pequeno aventureiro em realidade com a Moto El\u00e9trica Infantil Honda CRF 450R 6V! Com design inspirado na ic\u00f4nica moto CRF 450R, este brinquedo traz divers\u00e3o, emo\u00e7\u00e3o e seguran\u00e7a para os pequenos pilotos. A moto \u00e9 ideal para crian\u00e7as de 3 a 5 anos que querem explorar o mundo sobre duas rodas com toda a confian\u00e7a e estilo dos grandes pilotos.<\/p>\n<p>Destaques do Produto:<br \/>\nVelocidade Segura de 2,8 km\/h: A velocidade ideal para garantir que seu filho se divirta com seguran\u00e7a, explorando o ambiente com confian\u00e7a.<br \/>\nRodinhas Laterais de Apoio: Proporcionam maior estabilidade, dando mais seguran\u00e7a para os primeiros momentos de pilotagem.<br \/>\nPedal de Acelera\u00e7\u00e3o e Bot\u00f5es Interativos: Oferece uma experi\u00eancia realista, permitindo que o pequeno pilote como um verdadeiro motociclista.<br \/>\nBateria 6V com Carregador Incluso: Autonomia para muitas aventuras e divers\u00e3o, al\u00e9m de um carregamento r\u00e1pido e f\u00e1cil.<br \/>\nSons Realistas: Sons que imitam uma moto de verdade, trazendo ainda mais divers\u00e3o e realismo para a brincadeira.<br \/>\nEspecifica\u00e7\u00f5es T\u00e9cnicas:<br \/>\nEstrutura: Polipropileno + A\u00e7o com Revestimento Ep\u00f3xi<br \/>\nCapacidade: 1 crian\u00e7a<br \/>\nCor: Preta<br \/>\nLicenciado: Honda<br \/>\nModelo: Moto El\u00e9trica Infantil 3 Rodas CRF 450R Honda 6V<br \/>\nVoltagem: 6V<br \/>\nAssento: Pl\u00e1stico<br \/>\nCarregador: 6V 500mA &#8211; Bivolt<br \/>\nBateria: 6V 4Ah x1<br \/>\nVelocidade: 2,8 km\/h<br \/>\nSons: Sim<br \/>\nAlimenta\u00e7\u00e3o: Energia El\u00e9trica<br \/>\nCarregamento: 8 a 12 horas<br \/>\nManual de Instru\u00e7\u00f5es: Sim<br \/>\nRodas: Polietileno + PVC<br \/>\nApoio para os p\u00e9s: Sim<br \/>\nDimens\u00f5es Aproximadas (C x L x A): 71 cm x 48,5 cm x 40,5 cm<br \/>\nPeso M\u00e1ximo Suportado: 25 kg<br \/>\nIdade Recomendada: 3 a 5 anos<\/p>\n<p>Imagens meramente ilustrativas<br \/>\nGarantia de 3 meses fornecidos pelo fabricante<\/p>\n<\/div>\n<\/div>\n<\/div>\n<div class=\"hidden border-on-surface-8 md:px-lg md:block md:py-md\" data-testid=\"tab-product-factsheet\">\n<h2 class=\"text-on-surface-2 font-md-bold md:font-title-large-highlight md:mb-md\" data-testid=\"product-factsheet-title\">Ficha T\u00e9cnica<\/h2>\n<div class=\"pt-2xsm\">\n<table class=\"w-full list-none\" data-testid=\"table-factsheet\">\n<tbody>\n<tr class=\"text-on-surface-3 even:bg-surface-container-lower\">\n<td class=\"px-md py-sm align-top font-xsm-bold table-cell w-1\/2\" data-testid=\"table-factsheet-key\">Cor<\/td>\n<td class=\"list-item w-full px-md py-sm align-top font-xsm-regular\">Preto<\/td>\n<\/tr>\n<tr class=\"text-on-surface-3 even:bg-surface-container-lower\">\n<td class=\"px-md py-sm align-top font-xsm-bold table-cell w-1\/2\" data-testid=\"table-factsheet-key\">Dimens\u00f5es do Produto<\/td>\n<td class=\"list-item w-full px-md py-sm align-top font-xsm-regular\">71 cm x 48,5 cm x 40,5 cm<\/td>\n<\/tr>\n<tr class=\"text-on-surface-3 even:bg-surface-container-lower\">\n<td class=\"px-md py-sm align-top font-xsm-bold table-cell w-1\/2\" data-testid=\"table-factsheet-key\">Marca<\/td>\n<td class=\"list-item w-full px-md py-sm align-top font-xsm-regular\"><a class=\"underline hover:text-interaction-default\" href=\"https:\/\/www.magazineluiza.com.br\/marcas\/belfix\/\">BELFIX<\/a><\/td>\n<\/tr>\n<tr class=\"text-on-surface-3 even:bg-surface-container-lower\">\n<td class=\"px-md py-sm align-top font-xsm-bold table-cell w-1\/2\" data-testid=\"table-factsheet-key\">Modelo<\/td>\n<td class=\"list-item w-full px-md py-sm align-top font-xsm-regular\">Moto El\u00e9trica Infantil 3 Rodas CRF 450R Honda 6V<\/td>\n<\/tr>\n<tr class=\"text-on-surface-3 even:bg-surface-container-lower\">\n<td class=\"px-md py-sm align-top font-xsm-bold table-cell w-1\/2\" data-testid=\"table-factsheet-key\">Prazo de Garantia<\/td>\n<td class=\"list-item w-full px-md py-sm align-top font-xsm-regular\">3 meses<\/td>\n<\/tr>\n<\/tbody>\n<\/table>\n<\/div>\n<\/div>\n","protected":false},"excerpt":{"rendered":"<p>Descri\u00e7\u00e3o e ficha t\u00e9cnica Moto El\u00e9trica Infantil Honda CRF 450R 6V \u2013 Aventura e Divers\u00e3o em Duas Rodas! Transforme o sonho do seu pequeno aventureiro em realidade com a Moto<\/p>\n","protected":false},"featured_media":14063,"comment_status":"open","ping_status":"closed","template":"","meta":[],"product_brand":[],"product_cat":[15],"product_tag":[],"class_list":{"0":"post-14059","1":"product","2":"type-product","3":"status-publish","4":"has-post-thumbnail","6":"product_cat-produtos","7":"product_shipping_class-retirar-no-local","9":"first","10":"instock","11":"shipping-taxable","12":"purchasable","13":"product-type-simple"},"_links":{"self":[{"href":"https:\/\/ambrosioeletro.com.br\/v20\/wp-json\/wp\/v2\/product\/14059","targetHints":{"allow":["GET"]}}],"collection":[{"href":"https:\/\/ambrosioeletro.com.br\/v20\/wp-json\/wp\/v2\/product"}],"about":[{"href":"https:\/\/ambrosioeletro.com.br\/v20\/wp-json\/wp\/v2\/types\/product"}],"replies":[{"embeddable":true,"href":"https:\/\/ambrosioeletro.com.br\/v20\/wp-json\/wp\/v2\/comments?post=14059"}],"wp:featuredmedia":[{"embeddable":true,"href":"https:\/\/ambrosioeletro.com.br\/v20\/wp-json\/wp\/v2\/media\/14063"}],"wp:attachment":[{"href":"https:\/\/ambrosioeletro.com.br\/v20\/wp-json\/wp\/v2\/media?parent=14059"}],"wp:term":[{"taxonomy":"product_brand","embeddable":true,"href":"https:\/\/ambrosioeletro.com.br\/v20\/wp-json\/wp\/v2\/product_brand?post=14059"},{"taxonomy":"product_cat","embeddable":true,"href":"https:\/\/ambrosioeletro.com.br\/v20\/wp-json\/wp\/v2\/product_cat?post=14059"},{"taxonomy":"product_tag","embeddable":true,"href":"https:\/\/ambrosioeletro.com.br\/v20\/wp-json\/wp\/v2\/product_tag?post=14059"}],"curies":[{"name":"wp","href":"https:\/\/api.w.org\/{rel}","templated":true}]}}