{"id":14181,"date":"2025-11-01T10:09:03","date_gmt":"2025-11-01T13:09:03","guid":{"rendered":"https:\/\/ambrosioeletro.com.br\/v20\/?post_type=product&#038;p=14181"},"modified":"2026-04-02T09:58:18","modified_gmt":"2026-04-02T12:58:18","slug":"cadeira-de-escritorio-diretor-giratoria-preta","status":"publish","type":"product","link":"https:\/\/ambrosioeletro.com.br\/v20\/produto\/cadeira-de-escritorio-diretor-giratoria-preta\/","title":{"rendered":"Cadeira de Escrit\u00f3rio Diretor Girat\u00f3ria Preta"},"content":{"rendered":"<div class=\"relative px-md overflow-hidden border-on-surface-8 after:pointer-events-none after:absolute after:bottom-[0] after:left-[0] after:h-[72px] after:w-full after:bg-gradient-to-b after:from-[#FFFFFF00] after:to-[#FFFFFF] md:after:content-none md:px-lg max-md:border-b-thin\" data-testid=\"tab-product-detail\">\n<h2 class=\"text-on-surface-2 font-md-bold md:font-title-large-highlight md:mb-md\" data-testid=\"product-details-title\">Descri\u00e7\u00e3o e ficha t\u00e9cnica<\/h2>\n<div data-testid=\"product-detail\">\n<div class=\"mt-md font-xsm-regular\" data-testid=\"product-detail-description\">\n<p>Cadeira De Escrit\u00f3rio Secret\u00e1ria Base Preta Com Rodinha Fortt Porto Preta CSF01-PCadeira de Escrit\u00f3rio Secret\u00e1ria Base Preta com Rodinha Fortt Porto Preta &#8211; CSF01-P<\/p>\n<p>A cadeira ideal para qualquer tipo de ambiente<br \/>\nSeja para trabalhar, estudar ou para seu lazer, a cadeira tornou-se um item essencial para o dia a dia. Agora ela n\u00e3o s\u00f3 \u00e9 mais um item de decora\u00e7\u00e3o da casa ou de uso espor\u00e1dico, como tornou-se ferramenta de trabalho ou estudo de uso continuo e di\u00e1rio.<\/p>\n<p>A pandemia nos mostrou que a cadeira passa a ser agora um item crucial para o desenvolvimento de atividades corporativas, pedag\u00f3gica e entretenimento.<br \/>\nMais importante que ser um produto resistente, duradouro e que harmonize com seu ambiente, faz se necess\u00e1rio avaliar o conforto que essa cadeira pode proporcionar. Lembrando, passamos entre 8 a 10 horas sentados nessas mesmas cadeiras, todos os dias. \u00c9 muito importante ent\u00e3o avaliar bem a sua escolha, j\u00e1 que \u00e9 prov\u00e1vel que seja o local que voc\u00ea passe a maior parte do seu dia durante a sua vida.<\/p>\n<p>Perfeita para voc\u00ea<br \/>\nCom recursos como: ajuste de altura, assento e\/ou encosto largo e confort\u00e1vel, a cadeira Fortt proporciona excelente conforto para qualquer biotipo corporal.<\/p>\n<p>Cadeira Girat\u00f3ria<br \/>\nDiferente da cadeira com sua base fixa, a cadeira girat\u00f3ria permite que voc\u00ea gire 360 graus facilitando e trazendo velocidade ao seu deslocamento quando necess\u00e1rio, seja ao redor da mesa no seu ambiente de trabalho ou em sua resid\u00eancia.<\/p>\n<p>Encosto em Tela Mesh<br \/>\nTela Mesh \u00e9 uma palavra estrangeira que foi adaptada para nosso vocabul\u00e1rio. Cadeiras com essa caracter\u00edstica possuem seu revestimento em uma tela de malha filtrante e resistente que traz amplo conforto e durabilidade. Tecendo em dire\u00e7\u00e3o horizontal e ical, a malha fica firme, resistente e dur\u00e1vel. Sua trama \u00e9 realizada fio a fio com di\u00e2metro sim\u00e9trico para a espessura criando um entrela\u00e7ado em teares, na ical e depois na horizontal. Essa t\u00e9cnica utilizada torna a malha firme e resistente.<\/p>\n<p>Limpeza e cuidados.<br \/>\nHigiene e limpeza: esta \u00e9 uma das principais vantagens das cadeiras de tela mesh, devido a facilidade de manter a limpeza em dia. Isso porque o tecido n\u00e3o sofre degrada\u00e7\u00e3o por \u00e1gua, maresia e produtos de limpeza, por exemplo.<\/p>\n<p>Estrutura em Pl\u00e1stico Polipropileno<br \/>\nMas afinal, o que \u00e9 polipropileno? O polipropileno (PP) \u00e9 um termopl\u00e1stico r\u00edgido e semicristalino amplamente utilizado hoje em uma variedade de aplica\u00e7\u00f5es dom\u00e9sticas e industriais.<br \/>\nDiferente dos outros modelos do mercado, a cadeira FORTT utiliza o material da mais alta qualidade, garantindo assim o prolongamento do uso por mais e mais tempo.<br \/>\nAqui est\u00e3o algumas vantagens do pl\u00e1stico propileno: absorve pouca umidade, resistente ao impacto, alta dureza superficial, baixa permeabilidade ao vapor de \u00e1gua, baix\u00edssima condutividade el\u00e9trica, resistente ao atrito, \u00e0 fadiga por \u00e3o e ao entalhe, etc.<\/p>\n<p>Rodinhas<br \/>\nAs rodinhas das cadeiras FORTT proporcionam excelente prote\u00e7\u00e3o ao piso, evitando arranh\u00f5es. Possuem uma resist\u00eancia regular a impacto, e bom deslizamento trazendo efic\u00e1cia e velocidade na sua locomo\u00e7\u00e3o.<\/p>\n<p>Especifica\u00e7\u00f5es:<\/p>\n<p>Linha: Porto<br \/>\nModelo: CSF01-P<br \/>\nBase: Polipropileno<br \/>\nCor: Preto<br \/>\nCategoria: Escrit\u00f3rio<br \/>\nEncosto Reclin\u00e1vel: N\u00e3o<br \/>\nGraus de Inclina\u00e7\u00e3o: sem inclina\u00e7\u00e3o<br \/>\nAjuste de Altura: Sim<br \/>\nDensidade da espuma: 55KG\/m<br \/>\nTecido do Revestimento: Tela Mesh + Tecido<br \/>\nMateriais da Estrutura: Pl\u00e1stico Refor\u00e7ado + Metal<br \/>\nPeso suportado: 120KG<br \/>\nGirat\u00f3ria: Sim<br \/>\nClasse do pist\u00e3o: 2<br \/>\nCom Apoio de Bra\u00e7o: Sim<br \/>\nBra\u00e7o regul\u00e1vel: N\u00e3o<br \/>\nApoio para os P\u00e9s: N\u00e3o<br \/>\nCom Rodas: Sim<br \/>\nMontada: N\u00e3o<br \/>\nTempo M\u00e9dio para Montagem: 30 minutos<br \/>\nMarca: FORTT<br \/>\nPeso: 8KG<\/p>\n<p>Dimens\u00f5es:<\/p>\n<p>Altura M\u00ednima da cadeira: 91cm<br \/>\nAltura m\u00e1xima da cadeira: 101cm<br \/>\nProfundidade do assento: 49cm<br \/>\nLargura do assento: 48cm<br \/>\nAltura do ch\u00e3o ao assento (m\u00ednimo m\u00e1ximo): 35 &#8211; 45cm<br \/>\nAltura do ch\u00e3o ao bra\u00e7o (m\u00ednimo m\u00e1ximo): 55-65cm<br \/>\nAltura do assento ao bra\u00e7o: 13cm<br \/>\nEspessura do assento: 6cm<br \/>\nDist\u00e2ncia entre os bra\u00e7os: 60cm<br \/>\nAltura do Encosto: 51cm<br \/>\nLargura do Encosto: 48cm<\/p>\n<p>Observa\u00e7\u00f5es:<\/p>\n<p>Limpar com pano macio seco ou umedecido com \u00e1gua;<br \/>\n&#8211; O tom da cor do produto pode variar de acordo com lote e\/ou caracter\u00edsticas do seu monitor ou tela;<br \/>\n&#8211; Garantia legal de 90 dias para defeito de fabrica\u00e7\u00e3o;<br \/>\n&#8211; Fotos Meramente ilustrativas.<\/p>\n<p>Modelo:: Porto | Base:: Polipropileno | Cor:: Preto | Categoria:: Escrit\u00f3rio | Enconsto Reclin\u00e1vel:: N\u00e3o | Graus de Inclina\u00e7\u00e3o:: S\/ Inclina\u00e7\u00e3o | Ajuste de Altura:: Sim | Densidade da espuma:: 55KG\/m | Tecido do Revestimento:: Tela Mesh + Tecido | Materiais da Estrutura:: Pl\u00e1stico Refor\u00e7ado + Metal | Peso suportado:: 120KG | Girat\u00f3ria:: Sim | Classe do pist\u00e3o:: 2 | Com Apoio de Bra\u00e7o:: Sim | Bra\u00e7o Regul\u00e1vel:: N\u00e3o | Apoio para os P\u00e9s:: N\u00e3o | Com rodas:: Sim | Montada:: N\u00e3o | Tempo M\u00e9dio para Montagem:: 30 minutos | Marca:: Fortt | Peso do Produto:: 8KG | Depth Front To Back: 49 cm | Fabricante: Fortt | Precisa de baterias ou pilhas (areBatteriesRequired): N\u00e3o | Regulamenta\u00e7\u00f5es aplic\u00e1veis a produtos perigosos (supplierDeclaredDGHZRegulation): N\u00e3o se aplica | Tipo de produto: Cadeira de Escrit\u00f3rio<\/p>\n<\/div>\n<\/div>\n<\/div>\n<div class=\"hidden border-on-surface-8 md:px-lg md:block md:py-md\" data-testid=\"tab-product-factsheet\">\n<h2 class=\"text-on-surface-2 font-md-bold md:font-title-large-highlight md:mb-md\" data-testid=\"product-factsheet-title\">Ficha T\u00e9cnica<\/h2>\n<div class=\"pt-2xsm\">\n<table class=\"w-full list-none\" data-testid=\"table-factsheet\">\n<tbody>\n<tr class=\"text-on-surface-3 even:bg-surface-container-lower\">\n<td class=\"px-md py-sm align-top font-xsm-bold table-cell w-1\/2\" data-testid=\"table-factsheet-key\">16317<\/td>\n<td class=\"list-item w-full px-md py-sm align-top font-xsm-regular\">Blush<\/td>\n<\/tr>\n<tr class=\"text-on-surface-3 even:bg-surface-container-lower\">\n<td class=\"px-md py-sm align-top font-xsm-bold table-cell w-1\/2\" data-testid=\"table-factsheet-key\">Nome do Modelo<\/td>\n<td class=\"list-item w-full px-md py-sm align-top font-xsm-regular\">Fortt<\/td>\n<\/tr>\n<tr class=\"text-on-surface-3 even:bg-surface-container-lower\">\n<td class=\"px-md py-sm align-top font-xsm-bold table-cell w-1\/2\" data-testid=\"table-factsheet-key\">Dimens\u00f5es do Produto<\/td>\n<td class=\"list-item w-full px-md py-sm align-top font-xsm-regular\">Altura M\u00ednima da cadeira: 91cm, Altura m\u00e1xima da cadeira: 101cm, Profundidade do assento: 49cm, Largura do assento: 48cm, Altura do ch\u00e3o ao assento (m\u00ednimo m\u00e1ximo): 35 &#8211; 45cm, Altura do ch\u00e3o ao bra\u00e7o (m\u00ednimo m\u00e1ximo): 55-65cm, Altura do assento ao bra\u00e7o: 13cm, Espessura do assento: 6cm, Dist\u00e2ncia entre os bra\u00e7os: 60cm, Altura do Encosto: 51cm, Largura do Encosto: 48cm<\/td>\n<\/tr>\n<tr class=\"text-on-surface-3 even:bg-surface-container-lower\">\n<td class=\"px-md py-sm align-top font-xsm-bold table-cell w-1\/2\" data-testid=\"table-factsheet-key\">Linha<\/td>\n<td class=\"list-item w-full px-md py-sm align-top font-xsm-regular\">Porto<\/td>\n<\/tr>\n<tr class=\"text-on-surface-3 even:bg-surface-container-lower\">\n<td class=\"px-md py-sm align-top font-xsm-bold table-cell w-1\/2\" data-testid=\"table-factsheet-key\">Marca<\/td>\n<td class=\"list-item w-full px-md py-sm align-top font-xsm-regular\"><a class=\"underline hover:text-interaction-default\" href=\"https:\/\/www.magazineluiza.com.br\/marcas\/fortt\/\">FORTT<\/a><\/td>\n<\/tr>\n<tr class=\"text-on-surface-3 even:bg-surface-container-lower\">\n<td class=\"px-md py-sm align-top font-xsm-bold table-cell w-1\/2\" data-testid=\"table-factsheet-key\">Modelo<\/td>\n<td class=\"list-item w-full px-md py-sm align-top font-xsm-regular\">CSF01-P<\/td>\n<\/tr>\n<tr class=\"text-on-surface-3 even:bg-surface-container-lower\">\n<td class=\"px-md py-sm align-top font-xsm-bold table-cell w-1\/2\" data-testid=\"table-factsheet-key\">Peso do Produto<\/td>\n<td class=\"list-item w-full px-md py-sm align-top font-xsm-regular\">8KG<\/td>\n<\/tr>\n<tr class=\"text-on-surface-3 even:bg-surface-container-lower\">\n<td class=\"px-md py-sm align-top font-xsm-bold table-cell w-1\/2\" data-testid=\"table-factsheet-key\"><\/td>\n<td class=\"list-item w-full px-md py-sm align-top font-xsm-regular\"><\/td>\n<\/tr>\n<\/tbody>\n<\/table>\n<\/div>\n<\/div>\n","protected":false},"excerpt":{"rendered":"<p>Descri\u00e7\u00e3o e ficha t\u00e9cnica Cadeira De Escrit\u00f3rio Secret\u00e1ria Base Preta Com Rodinha Fortt Porto Preta CSF01-PCadeira de Escrit\u00f3rio Secret\u00e1ria Base Preta com Rodinha Fortt Porto Preta &#8211; CSF01-P A cadeira<\/p>\n","protected":false},"featured_media":14183,"comment_status":"open","ping_status":"closed","template":"","meta":[],"product_brand":[],"product_cat":[15],"product_tag":[],"class_list":{"0":"post-14181","1":"product","2":"type-product","3":"status-publish","4":"has-post-thumbnail","6":"product_cat-produtos","7":"product_shipping_class-pac","9":"first","10":"instock","11":"shipping-taxable","12":"purchasable","13":"product-type-simple"},"_links":{"self":[{"href":"https:\/\/ambrosioeletro.com.br\/v20\/wp-json\/wp\/v2\/product\/14181","targetHints":{"allow":["GET"]}}],"collection":[{"href":"https:\/\/ambrosioeletro.com.br\/v20\/wp-json\/wp\/v2\/product"}],"about":[{"href":"https:\/\/ambrosioeletro.com.br\/v20\/wp-json\/wp\/v2\/types\/product"}],"replies":[{"embeddable":true,"href":"https:\/\/ambrosioeletro.com.br\/v20\/wp-json\/wp\/v2\/comments?post=14181"}],"wp:featuredmedia":[{"embeddable":true,"href":"https:\/\/ambrosioeletro.com.br\/v20\/wp-json\/wp\/v2\/media\/14183"}],"wp:attachment":[{"href":"https:\/\/ambrosioeletro.com.br\/v20\/wp-json\/wp\/v2\/media?parent=14181"}],"wp:term":[{"taxonomy":"product_brand","embeddable":true,"href":"https:\/\/ambrosioeletro.com.br\/v20\/wp-json\/wp\/v2\/product_brand?post=14181"},{"taxonomy":"product_cat","embeddable":true,"href":"https:\/\/ambrosioeletro.com.br\/v20\/wp-json\/wp\/v2\/product_cat?post=14181"},{"taxonomy":"product_tag","embeddable":true,"href":"https:\/\/ambrosioeletro.com.br\/v20\/wp-json\/wp\/v2\/product_tag?post=14181"}],"curies":[{"name":"wp","href":"https:\/\/api.w.org\/{rel}","templated":true}]}}