{"id":14231,"date":"2025-11-13T10:19:47","date_gmt":"2025-11-13T13:19:47","guid":{"rendered":"https:\/\/ambrosioeletro.com.br\/v20\/?post_type=product&#038;p=14231"},"modified":"2025-12-18T15:53:24","modified_gmt":"2025-12-18T18:53:24","slug":"geladeira-consul-frost-free-crm50lb-duplex-branca-com-funcao-turbo-iluminacao-em-led-e-filtro-antiodor-410-litros-110v","status":"publish","type":"product","link":"https:\/\/ambrosioeletro.com.br\/v20\/produto\/geladeira-consul-frost-free-crm50lb-duplex-branca-com-funcao-turbo-iluminacao-em-led-e-filtro-antiodor-410-litros-110v\/","title":{"rendered":"Geladeira Consul Frost Free CRM50LB Duplex Branca com Fun\u00e7\u00e3o Turbo, Ilumina\u00e7\u00e3o em LED e Filtro Antiodor 410 litros &#8211; 110V"},"content":{"rendered":"<p>Organiza\u00e7\u00e3o sob medida para o seu dia a dia<br \/>\nA Geladeira Consul Frost Free Duplex Branca de 410 litros combina design inteligente e praticidade. Os compartimentos remov\u00edveis permitem personalizar a organiza\u00e7\u00e3o da porta, acomodando itens de diferentes tamanhos com facilidade. J\u00e1 o Gavet\u00e3o Transparente para frutas e legumes garante organiza\u00e7\u00e3o e visibilidade imediata dos alimentos. Al\u00e9m disso, o Espa\u00e7o Frio oferece um local espec\u00edfico para conservar alimentos frescos que precisam de maior cuidado, assegurando qualidade e sabor.<\/p>\n<p>Tecnologia que facilita e economiza<br \/>\nO Freezer Espa\u00e7oso evita a preocupa\u00e7\u00e3o com espa\u00e7o para seus congelados, enquanto a Fun\u00e7\u00e3o Turbo acelera o resfriamento, mesmo com a geladeira cheia, ideal para ocasi\u00f5es em que rapidez \u00e9 essencial. A ilumina\u00e7\u00e3o em LED n\u00e3o s\u00f3 facilita a visualiza\u00e7\u00e3o interna, como tamb\u00e9m \u00e9 econ\u00f4mica e eficiente. Com efici\u00eancia energ\u00e9tica comprovada, essa geladeira reduz o consumo de energia, proporcionando economia na conta de luz sem comprometer o desempenho.<\/p>\n<p>Sustentabilidade e bem-estar na cozinha<br \/>\nPensando no meio ambiente, a Consul utiliza g\u00e1s ecol\u00f3gico que n\u00e3o agride a camada de oz\u00f4nio, refor\u00e7ando seu compromisso com a sustentabilidade. O Filtro Antiodor elimina odores desagrad\u00e1veis, garantindo frescor e um ambiente interno mais agrad\u00e1vel. Perfeita para quem valoriza praticidade, tecnologia e cuidado com o planeta, essa geladeira \u00e9 a escolha ideal para transformar a rotina e deixar a cozinha ainda mais funcional<\/p>\n<div class=\"css-cs5a0t\">\n<div class=\"dsvia-flex css-rtcfjm\" data-testid=\"dsvia-base-div\">\n<p class=\"dsvia-text css-bqvivw\">Tipo de Degelo<\/p>\n<p><span class=\"css-emfmc0\">Frost Free<\/span><\/p>\n<\/div>\n<\/div>\n<div class=\"css-cs5a0t\">\n<div class=\"dsvia-flex css-rtcfjm\" data-testid=\"dsvia-base-div\">\n<p class=\"dsvia-text css-bqvivw\">Porta revers\u00edvel<\/p>\n<p><span class=\"css-emfmc0\">N\u00e3o<\/span><\/p>\n<\/div>\n<\/div>\n<div class=\"css-cs5a0t\">\n<div class=\"dsvia-flex css-rtcfjm\" data-testid=\"dsvia-base-div\">\n<p class=\"dsvia-text css-bqvivw\">Porta do freezer aproveit\u00e1vel<\/p>\n<p><span class=\"css-emfmc0\">Sim<\/span><\/p>\n<\/div>\n<\/div>\n<div class=\"css-cs5a0t\">\n<div class=\"dsvia-flex css-rtcfjm\" data-testid=\"dsvia-base-div\">\n<p class=\"dsvia-text css-bqvivw\">Dispenser de \u00e1gua<\/p>\n<p><span class=\"css-emfmc0\">N\u00e3o<\/span><\/p>\n<\/div>\n<\/div>\n<div class=\"css-cs5a0t\">\n<div class=\"dsvia-flex css-rtcfjm\" data-testid=\"dsvia-base-div\">\n<p class=\"dsvia-text css-bqvivw\">Dispenser de gelo<\/p>\n<p><span class=\"css-emfmc0\">N\u00e3o<\/span><\/p>\n<\/div>\n<\/div>\n<div class=\"css-cs5a0t\">\n<div class=\"dsvia-flex css-rtcfjm\" data-testid=\"dsvia-base-div\">\n<p class=\"dsvia-text css-bqvivw\">Material da Prateleira do Refrigerador<\/p>\n<p><span class=\"css-emfmc0\">Vidro<\/span><\/p>\n<\/div>\n<\/div>\n<div class=\"css-cs5a0t\">\n<div class=\"dsvia-flex css-rtcfjm\" data-testid=\"dsvia-base-div\">\n<p class=\"dsvia-text css-bqvivw\">Porta-latas<\/p>\n<p><span class=\"css-emfmc0\">N\u00e3o<\/span><\/p>\n<\/div>\n<\/div>\n<div class=\"css-cs5a0t\">\n<div class=\"dsvia-flex css-rtcfjm\" data-testid=\"dsvia-base-div\">\n<p class=\"dsvia-text css-bqvivw\">Caracter\u00edsticas<\/p>\n<p><span class=\"css-emfmc0\">Prateleiras de vidro-Controle de temperatura-Com freezer-Porta em Evox<\/span><\/p>\n<\/div>\n<\/div>\n<div class=\"css-cs5a0t\">\n<div class=\"dsvia-flex css-rtcfjm\" data-testid=\"dsvia-base-div\">\n<p class=\"dsvia-text css-bqvivw\">Controle autom\u00e1tico de temperatura<\/p>\n<p><span class=\"css-emfmc0\">sim, no refrigerador<\/span><\/p>\n<\/div>\n<\/div>\n<div class=\"css-cs5a0t\">\n<div class=\"dsvia-flex css-rtcfjm\" data-testid=\"dsvia-base-div\">\n<p class=\"dsvia-text css-bqvivw\">Porta-garrafa (s)<\/p>\n<p><span class=\"css-emfmc0\">n\u00e3o<\/span><\/p>\n<\/div>\n<\/div>\n<div class=\"css-cs5a0t\">\n<div class=\"dsvia-flex css-rtcfjm\" data-testid=\"dsvia-base-div\">\n<p class=\"dsvia-text css-bqvivw\">Dispenser de lata<\/p>\n<p><span class=\"css-emfmc0\">n\u00e3o<\/span><\/p>\n<\/div>\n<\/div>\n<div class=\"css-cs5a0t\">\n<div class=\"dsvia-flex css-rtcfjm\" data-testid=\"dsvia-base-div\">\n<p class=\"dsvia-text css-bqvivw\">Compartimento para ta\u00e7as<\/p>\n<p><span class=\"css-emfmc0\">n\u00e3o<\/span><\/p>\n<\/div>\n<\/div>\n<div class=\"css-cs5a0t\">\n<div class=\"dsvia-flex css-rtcfjm\" data-testid=\"dsvia-base-div\">\n<p class=\"dsvia-text css-bqvivw\">Prateleira trifase<\/p>\n<p><span class=\"css-emfmc0\">n\u00e3o<\/span><\/p>\n<\/div>\n<\/div>\n<div class=\"css-cs5a0t\">\n<div class=\"dsvia-flex css-rtcfjm\" data-testid=\"dsvia-base-div\">\n<p class=\"dsvia-text css-bqvivw\">Modelo<\/p>\n<p><span class=\"css-emfmc0\">Duplex<\/span><\/p>\n<\/div>\n<\/div>\n<div class=\"css-cs5a0t\">\n<div class=\"dsvia-flex css-rtcfjm\" data-testid=\"dsvia-base-div\">\n<p class=\"dsvia-text css-bqvivw\">Quantidade de Portas<\/p>\n<p><span class=\"css-emfmc0\">2 portas<\/span><\/p>\n<\/div>\n<\/div>\n<div class=\"css-1h51iw\">\n<div class=\"dsvia-flex css-rtcfjm\" data-testid=\"dsvia-base-div\">\n<p class=\"dsvia-text css-bqvivw\">Caracter\u00edsticas Gerais<\/p>\n<p><span class=\"css-emfmc0\"><span class=\"css-emfmc0\">-Freezer Espa\u00e7oso: organize seus congelados com facilidade, sem preocupa\u00e7\u00f5es com espa\u00e7o;<br \/>\n-Compartimentos Remov\u00edveis: flexibilidade para guardar itens maiores na porta;<br \/>\n-Economia de Energia: efici\u00eancia energ\u00e9tica comprovada para reduzir o consumo e os custos;<br \/>\n-Filtro Antiodor: elimina odores desagrad\u00e1veis, garantindo frescor e sabor;<br \/>\n-Ilumina\u00e7\u00e3o em LED: luz econ\u00f4mica que facilita a visualiza\u00e7\u00e3o interna;<br \/>\n-Gavet\u00e3o Transparente: ideal para organizar frutas e legumes com visibilidade r\u00e1pida;<br \/>\n-Fun\u00e7\u00e3o Turbo: resfriamento acelerado para situa\u00e7\u00f5es de alta demanda;<br \/>\n-Espa\u00e7o Frio: \u00e1rea dedicada a alimentos que precisam de maior cuidado e refrigera\u00e7\u00e3o;<br \/>\n-G\u00e1s Ecol\u00f3gico: sustent\u00e1vel e inofensivo \u00e0 camada de oz\u00f4nio;<br \/>\n-Ano de Lan\u00e7amento: 2025.\u00a0 \u00a0 \u00a0 \u00a0 \u00a0 \u00a0 \u00a0 \u00a0 \u00a0 \u00a0 \u00a0 \u00a0 \u00a0 \u00a0 \u00a0 \u00a0 \u00a0 \u00a0 \u00a0 \u00a0 \u00a0 \u00a0 \u00a0 \u00a0 \u00a0 \u00a0 \u00a0 \u00a0 \u00a0 \u00a0 \u00a0 \u00a0 \u00a0 \u00a0 \u00a0 \u00a0 \u00a0 \u00a0 \u00a0 \u00a0 \u00a0 \u00a0 \u00a0 \u00a0 \u00a0 \u00a0 \u00a0 \u00a0 \u00a0 \u00a0 \u00a0 \u00a0 \u00a0 \u00a0 \u00a0 \u00a0 \u00a0 \u00a0 \u00a0 \u00a0 \u00a0 \u00a0 \u00a0 \u00a0 \u00a0 \u00a0 \u00a0 \u00a0 \u00a0 \u00a0 \u00a0 \u00a0 \u00a0 \u00a0 \u00a0 \u00a0 \u00a0 \u00a0 \u00a0 \u00a0 \u00a0 \u00a0 \u00a0 \u00a0 \u00a0 \u00a0 \u00a0 \u00a0 \u00a0 \u00a0 \u00a0 \u00a0 \u00a0 \u00a0 \u00a0 \u00a0 \u00a0 \u00a0 \u00a0 \u00a0 \u00a0 \u00a0 \u00a0 \u00a0 \u00a0 \u00a0 \u00a0 \u00a0 \u00a0 \u00a0 \u00a0 \u00a0 \u00a0 \u00a0 \u00a0 \u00a0 \u00a0 \u00a0 \u00a0 \u00a0 \u00a0 \u00a0 \u00a0 \u00a0 \u00a0 \u00a0 \u00a0 \u00a0 \u00a0 \u00a0 \u00a0 \u00a0 \u00a0 \u00a0 \u00a0 \u00a0 \u00a0 \u00a0 \u00a0 \u00a0 \u00a0 \u00a0 \u00a0 \u00a0 \u00a0 \u00a0 \u00a0 \u00a0 \u00a0 \u00a0<\/span><\/span><\/p>\n<div class=\"css-cs5a0t\">\n<div class=\"dsvia-flex css-rtcfjm\" data-testid=\"dsvia-base-div\">\n<p class=\"dsvia-text css-bqvivw\">Capacidade de armazenagem total (L)<\/p>\n<p><span class=\"css-emfmc0\">410<\/span><\/p>\n<\/div>\n<\/div>\n<div class=\"css-cs5a0t\">\n<div class=\"dsvia-flex css-rtcfjm\" data-testid=\"dsvia-base-div\">\n<p class=\"dsvia-text css-bqvivw\">Consumo (kWh)<\/p>\n<p><span class=\"css-emfmc0\">639 kW\/ano<\/span><\/p>\n<\/div>\n<\/div>\n<div class=\"css-cs5a0t\">\n<div class=\"dsvia-flex css-rtcfjm\" data-testid=\"dsvia-base-div\">\n<p class=\"dsvia-text css-bqvivw\">Capacidade de armazenagem do refrigerador (L)<\/p>\n<p><span class=\"css-emfmc0\">311<\/span><\/p>\n<\/div>\n<\/div>\n<div class=\"css-cs5a0t\">\n<div class=\"dsvia-flex css-rtcfjm\" data-testid=\"dsvia-base-div\">\n<p class=\"dsvia-text css-bqvivw\">Tens\u00e3o\/Voltagem<\/p>\n<p><span class=\"css-emfmc0\">110V-220V<\/span><\/p>\n<\/div>\n<\/div>\n<div class=\"css-cs5a0t\">\n<div class=\"dsvia-flex css-rtcfjm\" data-testid=\"dsvia-base-div\">\n<p class=\"dsvia-text css-bqvivw\">Capacidade de armazenagem do freezer (L)<\/p>\n<p><span class=\"css-emfmc0\">99<\/span><\/p>\n<\/div>\n<\/div>\n<div class=\"css-cs5a0t\">\n<div class=\"dsvia-flex css-rtcfjm\" data-testid=\"dsvia-base-div\">\n<p class=\"dsvia-text css-bqvivw\">Cor<\/p>\n<p><span class=\"css-emfmc0\">Branco<\/span><\/p>\n<\/div>\n<\/div>\n<div class=\"css-cs5a0t\">\n<div class=\"dsvia-flex css-rtcfjm\" data-testid=\"dsvia-base-div\">\n<p class=\"dsvia-text css-bqvivw\">Garantia<\/p>\n<p><span class=\"css-emfmc0\">12 meses<\/span><\/p>\n<\/div>\n<\/div>\n<div class=\"css-cs5a0t\">\n<div class=\"dsvia-flex css-rtcfjm\" data-testid=\"dsvia-base-div\">\n<p class=\"dsvia-text css-bqvivw\">Efici\u00eancia Energ\u00e9tica<\/p>\n<p><span class=\"css-emfmc0\">A+<\/span><\/p>\n<\/div>\n<\/div>\n<div class=\"css-1h51iw\">\n<div class=\"dsvia-flex css-rtcfjm\" data-testid=\"dsvia-base-div\">\n<p class=\"dsvia-text css-bqvivw\">Conte\u00fado da embalagem<\/p>\n<p><span class=\"css-emfmc0\">-Geladeira Consul Frost Free CRM50LB Duplex Branca com Fun\u00e7\u00e3o Turbo, Ilumina\u00e7\u00e3o em LED e Filtro Antiodor &#8211; 410 litros;<br \/>\n-Filtro de ar;<br \/>\n-Guia R\u00e1pido;<br \/>\n-Manual de Instru\u00e7\u00f5es.<br \/>\n<\/span><\/p>\n<\/div>\n<\/div>\n<div class=\"css-cs5a0t\">\n<div class=\"dsvia-flex css-rtcfjm\" data-testid=\"dsvia-base-div\">\n<p class=\"dsvia-text css-bqvivw\">Capacidade total<\/p>\n<p><span class=\"css-emfmc0\">De 401 a 500 litros<\/span><\/p>\n<\/div>\n<\/div>\n<div class=\"css-cs5a0t\">\n<div class=\"dsvia-flex css-rtcfjm\" data-testid=\"dsvia-base-div\">\n<p class=\"dsvia-text css-bqvivw\">Altura<\/p>\n<p><span class=\"css-emfmc0\">De 1,71 a 1,80 m<\/span><\/p>\n<\/div>\n<\/div>\n<div class=\"css-cs5a0t\">\n<div class=\"dsvia-flex css-rtcfjm\" data-testid=\"dsvia-base-div\">\n<p class=\"dsvia-text css-bqvivw\">Largura<\/p>\n<p><span class=\"css-emfmc0\">De 61 a 70,9 cm<\/span><\/p>\n<\/div>\n<\/div>\n<div class=\"css-cs5a0t\">\n<div class=\"dsvia-flex css-rtcfjm\" data-testid=\"dsvia-base-div\">\n<p class=\"dsvia-text css-bqvivw\">Profundidade<\/p>\n<p><span class=\"css-emfmc0\"><span class=\"css-emfmc0\">De 71 a 80,9 cm\u00a0 \u00a0 \u00a0 \u00a0 \u00a0 \u00a0 \u00a0 \u00a0 \u00a0 \u00a0 \u00a0 \u00a0 \u00a0 \u00a0 \u00a0 \u00a0 \u00a0 \u00a0 \u00a0 \u00a0 \u00a0 \u00a0 \u00a0 \u00a0 \u00a0 \u00a0 \u00a0 \u00a0 \u00a0 \u00a0 \u00a0 \u00a0 \u00a0 \u00a0 \u00a0 \u00a0 \u00a0 \u00a0 \u00a0 \u00a0 \u00a0 \u00a0 \u00a0 \u00a0 \u00a0 \u00a0 \u00a0 \u00a0 \u00a0 \u00a0 \u00a0 \u00a0 \u00a0 \u00a0 \u00a0 \u00a0 \u00a0 \u00a0 \u00a0 \u00a0 \u00a0 \u00a0 \u00a0 \u00a0 \u00a0 \u00a0 \u00a0 \u00a0 \u00a0 \u00a0 \u00a0 \u00a0 \u00a0 \u00a0 \u00a0 \u00a0 \u00a0 \u00a0 \u00a0 \u00a0 \u00a0 \u00a0 \u00a0 \u00a0 \u00a0 \u00a0 \u00a0 \u00a0 \u00a0 \u00a0 \u00a0 \u00a0 \u00a0 \u00a0 \u00a0 \u00a0 \u00a0 \u00a0 \u00a0 \u00a0 \u00a0 \u00a0 \u00a0 \u00a0 \u00a0 \u00a0 \u00a0 \u00a0 \u00a0 \u00a0 \u00a0 \u00a0 \u00a0 \u00a0 \u00a0 \u00a0 \u00a0 \u00a0 \u00a0 \u00a0 \u00a0 \u00a0 \u00a0 \u00a0 \u00a0 \u00a0 \u00a0 \u00a0 \u00a0 \u00a0 \u00a0 \u00a0 \u00a0 \u00a0 \u00a0 \u00a0 \u00a0 \u00a0 \u00a0 \u00a0 \u00a0 \u00a0 \u00a0 \u00a0 \u00a0 \u00a0 \u00a0 \u00a0 \u00a0 \u00a0 \u00a0 \u00a0 \u00a0 \u00a0 \u00a0 \u00a0 \u00a0 \u00a0 \u00a0 \u00a0 \u00a0<\/span><\/span><\/p>\n<div class=\"css-cs5a0t\">\n<div class=\"dsvia-flex css-rtcfjm\" data-testid=\"dsvia-base-div\">\n<p class=\"dsvia-text css-bqvivw\">\n<\/div>\n<\/div>\n<\/div>\n<\/div>\n<\/div>\n<\/div>\n","protected":false},"excerpt":{"rendered":"<p>Organiza\u00e7\u00e3o sob medida para o seu dia a dia A Geladeira Consul Frost Free Duplex Branca de 410 litros combina design inteligente e praticidade. Os compartimentos remov\u00edveis permitem personalizar a<\/p>\n","protected":false},"featured_media":14233,"comment_status":"open","ping_status":"closed","template":"","meta":[],"product_brand":[],"product_cat":[232,228],"product_tag":[],"class_list":{"0":"post-14231","1":"product","2":"type-product","3":"status-publish","4":"has-post-thumbnail","6":"product_cat-cozinha","7":"product_cat-eletroeletronicos","8":"product_shipping_class-retirar-no-local","10":"first","11":"instock","12":"shipping-taxable","13":"purchasable","14":"product-type-simple"},"_links":{"self":[{"href":"https:\/\/ambrosioeletro.com.br\/v20\/wp-json\/wp\/v2\/product\/14231","targetHints":{"allow":["GET"]}}],"collection":[{"href":"https:\/\/ambrosioeletro.com.br\/v20\/wp-json\/wp\/v2\/product"}],"about":[{"href":"https:\/\/ambrosioeletro.com.br\/v20\/wp-json\/wp\/v2\/types\/product"}],"replies":[{"embeddable":true,"href":"https:\/\/ambrosioeletro.com.br\/v20\/wp-json\/wp\/v2\/comments?post=14231"}],"wp:featuredmedia":[{"embeddable":true,"href":"https:\/\/ambrosioeletro.com.br\/v20\/wp-json\/wp\/v2\/media\/14233"}],"wp:attachment":[{"href":"https:\/\/ambrosioeletro.com.br\/v20\/wp-json\/wp\/v2\/media?parent=14231"}],"wp:term":[{"taxonomy":"product_brand","embeddable":true,"href":"https:\/\/ambrosioeletro.com.br\/v20\/wp-json\/wp\/v2\/product_brand?post=14231"},{"taxonomy":"product_cat","embeddable":true,"href":"https:\/\/ambrosioeletro.com.br\/v20\/wp-json\/wp\/v2\/product_cat?post=14231"},{"taxonomy":"product_tag","embeddable":true,"href":"https:\/\/ambrosioeletro.com.br\/v20\/wp-json\/wp\/v2\/product_tag?post=14231"}],"curies":[{"name":"wp","href":"https:\/\/api.w.org\/{rel}","templated":true}]}}