{"id":14249,"date":"2025-11-13T11:44:57","date_gmt":"2025-11-13T14:44:57","guid":{"rendered":"https:\/\/ambrosioeletro.com.br\/v20\/?post_type=product&#038;p=14249"},"modified":"2026-04-22T10:22:35","modified_gmt":"2026-04-22T13:22:35","slug":"cadeira-para-mesa-de-jantar-ilheus-mdf-linho-palha-leifer-moveis","status":"publish","type":"product","link":"https:\/\/ambrosioeletro.com.br\/v20\/produto\/cadeira-para-mesa-de-jantar-ilheus-mdf-linho-palha-leifer-moveis\/","title":{"rendered":"Cadeira para Mesa de Jantar Ilh\u00e9us MDF Linho Palha Leifer M\u00f3veis"},"content":{"rendered":"<div class=\"relative px-md overflow-hidden border-on-surface-8 after:pointer-events-none after:absolute after:bottom-[0] after:left-[0] after:h-[72px] after:w-full after:bg-gradient-to-b after:from-[#FFFFFF00] after:to-[#FFFFFF] md:after:content-none md:px-lg max-md:border-b-thin\" data-testid=\"tab-product-detail\">\n<h2 class=\"text-on-surface-2 font-md-bold md:font-title-large-highlight md:mb-md\" data-testid=\"product-details-title\">Descri\u00e7\u00e3o e ficha t\u00e9cnica<\/h2>\n<div data-testid=\"product-detail\">\n<p class=\"mt-2xsm text-on-surface-4 font-xsm-regular\" data-testid=\"product-detail-code\">C\u00f3digo\u00a0bh61e82b8h<\/p>\n<div class=\"mt-md font-xsm-regular\" data-testid=\"product-detail-description\">\n<p>Cadeira para Mesa de Jantar Ilh\u00e9us MDF Linho Palha \u2013 Leifer M\u00f3veis<\/p>\n<p>Tenha uma sala de jantar elegante e desfrute dos melhores momentos com estilo e sofistica\u00e7\u00e3o! Apresentamos a Cadeira para Mesa de Jantar Ilh\u00e9us, desenvolvida pela Leifer M\u00f3veis. Possui um lindo design com encosto bordado, tecido de alta qualidade e aplique superior em MDF. Confira mais detalhes e deixe sua sala de jantar ainda mais elegante!<\/p>\n<p>Caracter\u00edsticas:<br \/>\n&#8211; Estrutura em MDF<br \/>\n&#8211; Estofamento em tecido<br \/>\n&#8211; Encosto bordado<br \/>\n&#8211; Suporta at\u00e9 120 KG sem impacto<br \/>\n&#8211; Aplique superior em MDF<br \/>\n&#8211;\u00a0Enchimento do assento Espuma D-16<br \/>\n&#8211;\u00a0Enchimento do Encosto Espuma D-23<br \/>\n&#8211; Lindo design<\/p>\n<p>Dimens\u00f5es totais:<br \/>\nAltura: 100cm<br \/>\nLargura: 44cm<br \/>\nProfundidade: 61cm<\/p>\n<p>&#8211; N\u00e3o realizamos a montagem ou instala\u00e7\u00e3o do produto, por\u00e9m acompanha manual de instru\u00e7\u00f5es.<br \/>\n&#8211; Toda mercadoria segue segurada contra qualquer sinistro, em caso de anormalidade, recuse.<br \/>\n&#8211; Conferir a quantidade de volumes.<br \/>\n&#8211; As caixas ou pacotes possuem identifica\u00e7\u00e3o com o nome, cidade e quantidades de volumes relativos \u00e0 compra para confer\u00eancia do recebedor.<\/p>\n<\/div>\n<\/div>\n<\/div>\n<div class=\"hidden border-on-surface-8 md:px-lg md:block md:py-md\" data-testid=\"tab-product-factsheet\">\n<h2 class=\"text-on-surface-2 font-md-bold md:font-title-large-highlight md:mb-md\" data-testid=\"product-factsheet-title\">Ficha T\u00e9cnica<\/h2>\n<div class=\"pt-2xsm\">\n<table class=\"w-full list-none\" data-testid=\"table-factsheet\">\n<tbody>\n<tr class=\"text-on-surface-3 even:bg-surface-container-lower\">\n<td class=\"px-md py-sm align-top font-xsm-bold table-cell w-1\/2\" data-testid=\"table-factsheet-key\">Ambiente<\/td>\n<td class=\"list-item w-full px-md py-sm align-top font-xsm-regular\">Sala de Jantar<\/td>\n<\/tr>\n<tr class=\"text-on-surface-3 even:bg-surface-container-lower\">\n<td class=\"px-md py-sm align-top font-xsm-bold table-cell w-1\/2\" data-testid=\"table-factsheet-key\">Caracter\u00edsticas do Assento<\/td>\n<td class=\"list-item w-full px-md py-sm align-top font-xsm-regular\">Espuma D-16<\/td>\n<\/tr>\n<tr class=\"text-on-surface-3 even:bg-surface-container-lower\">\n<td class=\"px-md py-sm align-top font-xsm-bold table-cell w-1\/2\" data-testid=\"table-factsheet-key\">Cor<\/td>\n<td class=\"list-item w-full px-md py-sm align-top font-xsm-regular\">Palha<\/td>\n<\/tr>\n<tr class=\"text-on-surface-3 even:bg-surface-container-lower\">\n<td class=\"px-md py-sm align-top font-xsm-bold table-cell w-1\/2\" data-testid=\"table-factsheet-key\">Dimens\u00f5es do Produto<\/td>\n<td class=\"list-item w-full px-md py-sm align-top font-xsm-regular\">Altura: 100cm, Largura: 44cm, Profundidade: 61cm<\/td>\n<\/tr>\n<tr class=\"text-on-surface-3 even:bg-surface-container-lower\">\n<td class=\"px-md py-sm align-top font-xsm-bold table-cell w-1\/2\" data-testid=\"table-factsheet-key\">Encosto<\/td>\n<td class=\"list-item w-full px-md py-sm align-top font-xsm-regular\">bordado<\/td>\n<\/tr>\n<tr class=\"text-on-surface-3 even:bg-surface-container-lower\">\n<td class=\"px-md py-sm align-top font-xsm-bold table-cell w-1\/2\" data-testid=\"table-factsheet-key\">Marca<\/td>\n<td class=\"list-item w-full px-md py-sm align-top font-xsm-regular\"><a class=\"underline hover:text-interaction-default\" href=\"https:\/\/www.magazineluiza.com.br\/marcas\/leifer-moveis\/\">Leifer M\u00f3veis<\/a><\/td>\n<\/tr>\n<tr class=\"text-on-surface-3 even:bg-surface-container-lower\">\n<td class=\"px-md py-sm align-top font-xsm-bold table-cell w-1\/2\" data-testid=\"table-factsheet-key\">Material da Estrutura<\/td>\n<td class=\"list-item w-full px-md py-sm align-top font-xsm-regular\">MDF<\/td>\n<\/tr>\n<tr class=\"text-on-surface-3 even:bg-surface-container-lower\">\n<td class=\"px-md py-sm align-top font-xsm-bold table-cell w-1\/2\" data-testid=\"table-factsheet-key\">Material do Assento<\/td>\n<td class=\"list-item w-full px-md py-sm align-top font-xsm-regular\">Espuma<\/td>\n<\/tr>\n<tr class=\"text-on-surface-3 even:bg-surface-container-lower\">\n<td class=\"px-md py-sm align-top font-xsm-bold table-cell w-1\/2\" data-testid=\"table-factsheet-key\">Modelo<\/td>\n<td class=\"list-item w-full px-md py-sm align-top font-xsm-regular\">Ilh\u00e9us<\/td>\n<\/tr>\n<tr class=\"text-on-surface-3 even:bg-surface-container-lower\">\n<td class=\"px-md py-sm align-top font-xsm-bold table-cell w-1\/2\" data-testid=\"table-factsheet-key\">Revestimento<\/td>\n<td class=\"list-item w-full px-md py-sm align-top font-xsm-regular\">Linho<\/td>\n<\/tr>\n<\/tbody>\n<\/table>\n<\/div>\n<\/div>\n","protected":false},"excerpt":{"rendered":"<p>Descri\u00e7\u00e3o e ficha t\u00e9cnica C\u00f3digo\u00a0bh61e82b8h Cadeira para Mesa de Jantar Ilh\u00e9us MDF Linho Palha \u2013 Leifer M\u00f3veis Tenha uma sala de jantar elegante e desfrute dos melhores momentos com estilo<\/p>\n","protected":false},"featured_media":14250,"comment_status":"open","ping_status":"closed","template":"","meta":[],"product_brand":[],"product_cat":[15],"product_tag":[],"class_list":{"0":"post-14249","1":"product","2":"type-product","3":"status-publish","4":"has-post-thumbnail","6":"product_cat-produtos","7":"product_shipping_class-retirar-no-local","9":"first","10":"instock","11":"shipping-taxable","12":"purchasable","13":"product-type-simple"},"_links":{"self":[{"href":"https:\/\/ambrosioeletro.com.br\/v20\/wp-json\/wp\/v2\/product\/14249","targetHints":{"allow":["GET"]}}],"collection":[{"href":"https:\/\/ambrosioeletro.com.br\/v20\/wp-json\/wp\/v2\/product"}],"about":[{"href":"https:\/\/ambrosioeletro.com.br\/v20\/wp-json\/wp\/v2\/types\/product"}],"replies":[{"embeddable":true,"href":"https:\/\/ambrosioeletro.com.br\/v20\/wp-json\/wp\/v2\/comments?post=14249"}],"wp:featuredmedia":[{"embeddable":true,"href":"https:\/\/ambrosioeletro.com.br\/v20\/wp-json\/wp\/v2\/media\/14250"}],"wp:attachment":[{"href":"https:\/\/ambrosioeletro.com.br\/v20\/wp-json\/wp\/v2\/media?parent=14249"}],"wp:term":[{"taxonomy":"product_brand","embeddable":true,"href":"https:\/\/ambrosioeletro.com.br\/v20\/wp-json\/wp\/v2\/product_brand?post=14249"},{"taxonomy":"product_cat","embeddable":true,"href":"https:\/\/ambrosioeletro.com.br\/v20\/wp-json\/wp\/v2\/product_cat?post=14249"},{"taxonomy":"product_tag","embeddable":true,"href":"https:\/\/ambrosioeletro.com.br\/v20\/wp-json\/wp\/v2\/product_tag?post=14249"}],"curies":[{"name":"wp","href":"https:\/\/api.w.org\/{rel}","templated":true}]}}